
{"id":2507,"date":"2021-02-17T18:06:19","date_gmt":"2021-02-17T17:06:19","guid":{"rendered":"https:\/\/artkeeping.com\/product\/jeu-de-memoire-barcelone\/"},"modified":"2021-02-17T18:06:19","modified_gmt":"2021-02-17T17:06:19","slug":"jeu-de-memoire-barcelone","status":"publish","type":"product","link":"https:\/\/artkeeping.com\/fr\/produit\/jeu-de-memoire-barcelone\/","title":{"rendered":"Jeu de M\u00e9moire Barcelone"},"content":{"rendered":"<p>Jeu de m\u00e9moire Photo Twin\u00ae.<\/p>\n<p>Comprend 40 pi\u00e8ces (20 images diff\u00e9rentes) de 50&#215;50 mm.<\/p>\n","protected":false},"excerpt":{"rendered":"<p>Jeu de m\u00e9moire sur la ville de Barcelone. Il contient 20 images (40 cartes) repr\u00e9sentant diff\u00e9rentes \u0153uvres et structures embl\u00e9matiques de la ville.<\/p>\n","protected":false},"featured_media":688,"comment_status":"open","ping_status":"closed","template":"","meta":[],"product_brand":[],"product_cat":[188],"product_tag":[219,198,199],"class_list":{"0":"post-2507","1":"product","2":"type-product","3":"status-publish","4":"has-post-thumbnail","6":"product_cat-jeux-de-memoire-fr","7":"product_tag-barcelone","8":"product_tag-entertainment-fr","9":"product_tag-memory-game-fr","10":"product_shipping_class-expedition-standard","12":"first","13":"instock","14":"taxable","15":"shipping-taxable","16":"purchasable","17":"product-type-simple"},"_links":{"self":[{"href":"https:\/\/artkeeping.com\/fr\/wp-json\/wp\/v2\/product\/2507","targetHints":{"allow":["GET"]}}],"collection":[{"href":"https:\/\/artkeeping.com\/fr\/wp-json\/wp\/v2\/product"}],"about":[{"href":"https:\/\/artkeeping.com\/fr\/wp-json\/wp\/v2\/types\/product"}],"replies":[{"embeddable":true,"href":"https:\/\/artkeeping.com\/fr\/wp-json\/wp\/v2\/comments?post=2507"}],"wp:featuredmedia":[{"embeddable":true,"href":"https:\/\/artkeeping.com\/fr\/wp-json\/wp\/v2\/media\/688"}],"wp:attachment":[{"href":"https:\/\/artkeeping.com\/fr\/wp-json\/wp\/v2\/media?parent=2507"}],"wp:term":[{"taxonomy":"product_brand","embeddable":true,"href":"https:\/\/artkeeping.com\/fr\/wp-json\/wp\/v2\/product_brand?post=2507"},{"taxonomy":"product_cat","embeddable":true,"href":"https:\/\/artkeeping.com\/fr\/wp-json\/wp\/v2\/product_cat?post=2507"},{"taxonomy":"product_tag","embeddable":true,"href":"https:\/\/artkeeping.com\/fr\/wp-json\/wp\/v2\/product_tag?post=2507"}],"curies":[{"name":"wp","href":"https:\/\/api.w.org\/{rel}","templated":true}]}}