
{"id":2503,"date":"2021-02-17T18:30:31","date_gmt":"2021-02-17T17:30:31","guid":{"rendered":"https:\/\/artkeeping.com\/product\/jeu-de-memoire-paul-gauguin\/"},"modified":"2021-02-17T18:30:31","modified_gmt":"2021-02-17T17:30:31","slug":"jeu-de-memoire-paul-gauguin","status":"publish","type":"product","link":"https:\/\/artkeeping.com\/fr\/produit\/jeu-de-memoire-paul-gauguin\/","title":{"rendered":"Jeu de M\u00e9moire Paul Gauguin"},"content":{"rendered":"<p>Jeu de m\u00e9moire Photo Twin\u00ae.<\/p>\n<p>Comprend 40 pi\u00e8ces (20 images diff\u00e9rentes) de 50&#215;50 mm.<\/p>\n","protected":false},"excerpt":{"rendered":"<p>Jeu de m\u00e9moire sur Paul Gauguin. Il contient 20 images (40 cartes) repr\u00e9sentant diff\u00e9rentes \u0153uvres de l&rsquo;artiste.<\/p>\n","protected":false},"featured_media":704,"comment_status":"open","ping_status":"closed","template":"","meta":[],"product_brand":[],"product_cat":[188],"product_tag":[197,198,199,215],"class_list":{"0":"post-2503","1":"product","2":"type-product","3":"status-publish","4":"has-post-thumbnail","6":"product_cat-jeux-de-memoire-fr","7":"product_tag-art-en-fr","8":"product_tag-entertainment-fr","9":"product_tag-memory-game-fr","10":"product_tag-paul-gauguin-fr","11":"product_shipping_class-expedition-standard","13":"first","14":"instock","15":"taxable","16":"shipping-taxable","17":"purchasable","18":"product-type-simple"},"_links":{"self":[{"href":"https:\/\/artkeeping.com\/fr\/wp-json\/wp\/v2\/product\/2503","targetHints":{"allow":["GET"]}}],"collection":[{"href":"https:\/\/artkeeping.com\/fr\/wp-json\/wp\/v2\/product"}],"about":[{"href":"https:\/\/artkeeping.com\/fr\/wp-json\/wp\/v2\/types\/product"}],"replies":[{"embeddable":true,"href":"https:\/\/artkeeping.com\/fr\/wp-json\/wp\/v2\/comments?post=2503"}],"wp:featuredmedia":[{"embeddable":true,"href":"https:\/\/artkeeping.com\/fr\/wp-json\/wp\/v2\/media\/704"}],"wp:attachment":[{"href":"https:\/\/artkeeping.com\/fr\/wp-json\/wp\/v2\/media?parent=2503"}],"wp:term":[{"taxonomy":"product_brand","embeddable":true,"href":"https:\/\/artkeeping.com\/fr\/wp-json\/wp\/v2\/product_brand?post=2503"},{"taxonomy":"product_cat","embeddable":true,"href":"https:\/\/artkeeping.com\/fr\/wp-json\/wp\/v2\/product_cat?post=2503"},{"taxonomy":"product_tag","embeddable":true,"href":"https:\/\/artkeeping.com\/fr\/wp-json\/wp\/v2\/product_tag?post=2503"}],"curies":[{"name":"wp","href":"https:\/\/api.w.org\/{rel}","templated":true}]}}