
{"id":2499,"date":"2021-02-17T18:42:16","date_gmt":"2021-02-17T17:42:16","guid":{"rendered":"https:\/\/artkeeping.com\/product\/jeu-de-memoire-de-peinture-espagnole\/"},"modified":"2021-02-17T18:42:16","modified_gmt":"2021-02-17T17:42:16","slug":"jeu-de-memoire-de-peinture-espagnole","status":"publish","type":"product","link":"https:\/\/artkeeping.com\/fr\/produit\/jeu-de-memoire-de-peinture-espagnole\/","title":{"rendered":"Jeu de m\u00e9moire de peinture espagnole"},"content":{"rendered":"<p>Jeu de m\u00e9moire Photo Twin\u00ae.<\/p>\n<p>Comprend 40 pi\u00e8ces (20 images diff\u00e9rentes) de 50&#215;50 mm.<\/p>\n","protected":false},"excerpt":{"rendered":"<p>Jeu de m\u00e9moire sur diverses \u0153uvres de la peinture espagnole. Il contient 20 images (40 cartes) repr\u00e9sentant diff\u00e9rentes \u0153uvres de divers artistes espagnols.<\/p>\n","protected":false},"featured_media":720,"comment_status":"open","ping_status":"closed","template":"","meta":[],"product_brand":[],"product_cat":[188],"product_tag":[197,198,211,199],"class_list":{"0":"post-2499","1":"product","2":"type-product","3":"status-publish","4":"has-post-thumbnail","6":"product_cat-jeux-de-memoire-fr","7":"product_tag-art-en-fr","8":"product_tag-entertainment-fr","9":"product_tag-histoire","10":"product_tag-memory-game-fr","11":"product_shipping_class-expedition-standard","13":"first","14":"instock","15":"taxable","16":"shipping-taxable","17":"purchasable","18":"product-type-simple"},"_links":{"self":[{"href":"https:\/\/artkeeping.com\/fr\/wp-json\/wp\/v2\/product\/2499","targetHints":{"allow":["GET"]}}],"collection":[{"href":"https:\/\/artkeeping.com\/fr\/wp-json\/wp\/v2\/product"}],"about":[{"href":"https:\/\/artkeeping.com\/fr\/wp-json\/wp\/v2\/types\/product"}],"replies":[{"embeddable":true,"href":"https:\/\/artkeeping.com\/fr\/wp-json\/wp\/v2\/comments?post=2499"}],"wp:featuredmedia":[{"embeddable":true,"href":"https:\/\/artkeeping.com\/fr\/wp-json\/wp\/v2\/media\/720"}],"wp:attachment":[{"href":"https:\/\/artkeeping.com\/fr\/wp-json\/wp\/v2\/media?parent=2499"}],"wp:term":[{"taxonomy":"product_brand","embeddable":true,"href":"https:\/\/artkeeping.com\/fr\/wp-json\/wp\/v2\/product_brand?post=2499"},{"taxonomy":"product_cat","embeddable":true,"href":"https:\/\/artkeeping.com\/fr\/wp-json\/wp\/v2\/product_cat?post=2499"},{"taxonomy":"product_tag","embeddable":true,"href":"https:\/\/artkeeping.com\/fr\/wp-json\/wp\/v2\/product_tag?post=2499"}],"curies":[{"name":"wp","href":"https:\/\/api.w.org\/{rel}","templated":true}]}}