
{"id":2497,"date":"2021-02-17T18:46:07","date_gmt":"2021-02-17T17:46:07","guid":{"rendered":"https:\/\/artkeeping.com\/product\/jeu-de-memoire-joaquin-sorolla\/"},"modified":"2024-07-09T01:47:37","modified_gmt":"2024-07-09T00:47:37","slug":"jeu-de-memoire-joaquin-sorolla","status":"publish","type":"product","link":"https:\/\/artkeeping.com\/fr\/produit\/jeu-de-memoire-joaquin-sorolla\/","title":{"rendered":"Jeu de M\u00e9moire Joaqu\u00edn Sorolla"},"content":{"rendered":"<p>Jeu de m\u00e9moire Photo Twin\u00ae.<\/p>\n<p>Contient 40 cartes (20 images diff\u00e9rentes) de 50&#215;50 mm.<\/p>\n","protected":false},"excerpt":{"rendered":"<p>Jeu de m\u00e9moire sur Joaqu\u00edn Sorolla. Il contient 20 images (40 cartes) repr\u00e9sentant diff\u00e9rentes \u0153uvres de l&rsquo;artiste.<\/p>\n","protected":false},"featured_media":728,"comment_status":"open","ping_status":"closed","template":"","meta":[],"product_brand":[],"product_cat":[188],"product_tag":[197,198,209,199],"class_list":{"0":"post-2497","1":"product","2":"type-product","3":"status-publish","4":"has-post-thumbnail","6":"product_cat-jeux-de-memoire-fr","7":"product_tag-art-en-fr","8":"product_tag-entertainment-fr","9":"product_tag-joaquin-sorolla-fr","10":"product_tag-memory-game-fr","11":"product_shipping_class-expedition-standard","13":"first","14":"instock","15":"taxable","16":"shipping-taxable","17":"purchasable","18":"product-type-simple"},"_links":{"self":[{"href":"https:\/\/artkeeping.com\/fr\/wp-json\/wp\/v2\/product\/2497","targetHints":{"allow":["GET"]}}],"collection":[{"href":"https:\/\/artkeeping.com\/fr\/wp-json\/wp\/v2\/product"}],"about":[{"href":"https:\/\/artkeeping.com\/fr\/wp-json\/wp\/v2\/types\/product"}],"replies":[{"embeddable":true,"href":"https:\/\/artkeeping.com\/fr\/wp-json\/wp\/v2\/comments?post=2497"}],"wp:featuredmedia":[{"embeddable":true,"href":"https:\/\/artkeeping.com\/fr\/wp-json\/wp\/v2\/media\/728"}],"wp:attachment":[{"href":"https:\/\/artkeeping.com\/fr\/wp-json\/wp\/v2\/media?parent=2497"}],"wp:term":[{"taxonomy":"product_brand","embeddable":true,"href":"https:\/\/artkeeping.com\/fr\/wp-json\/wp\/v2\/product_brand?post=2497"},{"taxonomy":"product_cat","embeddable":true,"href":"https:\/\/artkeeping.com\/fr\/wp-json\/wp\/v2\/product_cat?post=2497"},{"taxonomy":"product_tag","embeddable":true,"href":"https:\/\/artkeeping.com\/fr\/wp-json\/wp\/v2\/product_tag?post=2497"}],"curies":[{"name":"wp","href":"https:\/\/api.w.org\/{rel}","templated":true}]}}