
{"id":2487,"date":"2021-02-17T12:25:31","date_gmt":"2021-02-17T11:25:31","guid":{"rendered":"https:\/\/artkeeping.com\/product\/ours-polaire-layerart\/"},"modified":"2021-03-22T18:02:42","modified_gmt":"2021-03-22T17:02:42","slug":"ours-polaire-layerart","status":"publish","type":"product","link":"https:\/\/artkeeping.com\/fr\/produit\/ours-polaire-layerart\/","title":{"rendered":"Ours Polaire Layerart"},"content":{"rendered":"<p>Pi\u00e8ces num\u00e9rot\u00e9es pour un assemblage pratique et facile \u00e0 suivre. Instructions en ligne avec images \u00e9tape par \u00e9tape.<\/p>\n<p>Il comprend tout le mat\u00e9riel n\u00e9cessaire pour pouvoir terminer l&rsquo;assemblage.<\/p>\n<ul>\n<li>167 pi\u00e8ces qui composent la structure.<\/li>\n<li>Supports int\u00e9rieurs en bois.<\/li>\n<li>Adh\u00e9sifs personnalis\u00e9s pour les pi\u00e8ces qui en ont besoin.<\/li>\n<\/ul>\n<p><\/p>\n<p>Carton et bois \u00e9cologiques:<\/p>\n<ul>\n<li>Recyclable et biod\u00e9gradable.<\/li>\n<li>\u00c9cologique et durable.<\/li>\n<li>Il provient de bois \u00e0 croissance rapide.<\/li>\n<\/ul>\n<p><br data-mce-bogus=\"1\"><\/p>\n<p>D\u00e9tails du produit:<\/p>\n<table style=\"height: 38px;\" width=\"537\" data-mce-style=\"height: 38px;\" class=\"mce-item-table\">\n<thead>\n<tr>\n<th>Base<\/th>\n<th>Hauteur<\/th>\n<th>Nombre de pi\u00e8ces<\/th>\n<th>Difficult\u00e9*<\/th>\n<th>Temps de montage<\/th>\n<\/tr>\n<\/thead>\n<tbody>\n<tr>\n<td>40 x 11 cm<\/td>\n<td>23 cm<\/td>\n<td>167 piezas<\/td>\n<td>2\/3<\/td>\n<td>1h45m &#8211; 2h<\/td>\n<\/tr>\n<\/tbody>\n<\/table>\n<p><\/p>\n<p>*Des difficult\u00e9s:<\/p>\n<p>1\/3 &#8211; Ne contient pas (ou a peu) de petites pi\u00e8ces et ne contient g\u00e9n\u00e9ralement pas de branches.<\/p>\n<p>2\/3 &#8211; Ne contient pas (ou peu) de petites pi\u00e8ces. Il contient une ou plusieurs branches.<\/p>\n<p>3\/3 &#8211; Contient de petites pi\u00e8ces (d\u00e9licates) et une ou plusieurs branches.<\/p>\n","protected":false},"excerpt":{"rendered":"<p>D\u00e9coupe en carton 3D d&rsquo;un ours polaire.<\/p>\n<p>Comprend 167 pi\u00e8ces num\u00e9rot\u00e9es pour un assemblage pratique et facile \u00e0 suivre.<\/p>\n","protected":false},"featured_media":672,"comment_status":"open","ping_status":"closed","template":"","meta":[],"product_brand":[],"product_cat":[186],"product_tag":[202,158,203,204],"class_list":{"0":"post-2487","1":"product","2":"type-product","3":"status-publish","4":"has-post-thumbnail","6":"product_cat-layerart-fr","7":"product_tag-carton-fr","8":"product_tag-layerart-fr","9":"product_tag-ours","10":"product_tag-ours-polaire","11":"product_shipping_class-expedition-standard","13":"first","14":"instock","15":"featured","16":"taxable","17":"shipping-taxable","18":"purchasable","19":"product-type-simple"},"_links":{"self":[{"href":"https:\/\/artkeeping.com\/fr\/wp-json\/wp\/v2\/product\/2487","targetHints":{"allow":["GET"]}}],"collection":[{"href":"https:\/\/artkeeping.com\/fr\/wp-json\/wp\/v2\/product"}],"about":[{"href":"https:\/\/artkeeping.com\/fr\/wp-json\/wp\/v2\/types\/product"}],"replies":[{"embeddable":true,"href":"https:\/\/artkeeping.com\/fr\/wp-json\/wp\/v2\/comments?post=2487"}],"wp:featuredmedia":[{"embeddable":true,"href":"https:\/\/artkeeping.com\/fr\/wp-json\/wp\/v2\/media\/672"}],"wp:attachment":[{"href":"https:\/\/artkeeping.com\/fr\/wp-json\/wp\/v2\/media?parent=2487"}],"wp:term":[{"taxonomy":"product_brand","embeddable":true,"href":"https:\/\/artkeeping.com\/fr\/wp-json\/wp\/v2\/product_brand?post=2487"},{"taxonomy":"product_cat","embeddable":true,"href":"https:\/\/artkeeping.com\/fr\/wp-json\/wp\/v2\/product_cat?post=2487"},{"taxonomy":"product_tag","embeddable":true,"href":"https:\/\/artkeeping.com\/fr\/wp-json\/wp\/v2\/product_tag?post=2487"}],"curies":[{"name":"wp","href":"https:\/\/api.w.org\/{rel}","templated":true}]}}