
{"id":4474,"date":"2021-05-04T11:39:54","date_gmt":"2021-05-04T10:39:54","guid":{"rendered":"https:\/\/artkeeping.com\/?page_id=4474"},"modified":"2021-05-13T13:00:41","modified_gmt":"2021-05-13T12:00:41","slug":"art-keeping","status":"publish","type":"page","link":"https:\/\/artkeeping.com\/fr\/","title":{"rendered":"Art Keeping"},"content":{"rendered":"\n<div class=\"slider-wrapper relative\" id=\"slider-1281554959\" >\n    <div class=\"slider slider-nav-circle slider-nav-large slider-nav-light slider-style-normal\"\n        data-flickity-options='{\n            \"cellAlign\": \"center\",\n            \"imagesLoaded\": true,\n            \"lazyLoad\": 1,\n            \"freeScroll\": false,\n            \"wrapAround\": true,\n            \"autoPlay\": 6000,\n            \"pauseAutoPlayOnHover\" : true,\n            \"prevNextButtons\": true,\n            \"contain\" : true,\n            \"adaptiveHeight\" : true,\n            \"dragThreshold\" : 10,\n            \"percentPosition\": true,\n            \"pageDots\": true,\n            \"rightToLeft\": false,\n            \"draggable\": true,\n            \"selectedAttraction\": 0.1,\n            \"parallax\" : 0,\n            \"friction\": 0.6        }'\n        >\n        \n\n\n  <div class=\"banner has-hover\" id=\"banner-1095287864\">\n          <div class=\"banner-inner fill\">\n        <div class=\"banner-bg fill\" >\n            <img loading=\"lazy\" decoding=\"async\" width=\"1300\" height=\"368\" src=\"https:\/\/artkeeping.com\/wp-content\/uploads\/2021\/04\/memorycanal.jpg\" class=\"bg attachment-original size-original\" alt=\"\" \/>                                    \n                    <\/div>\n\t\t\n        <div class=\"banner-layers container\">\n            <div class=\"fill banner-link\"><\/div>            \n\n   <div id=\"text-box-618311158\" class=\"text-box banner-layer x0 md-x0 lg-x0 y95 md-y95 lg-y95 res-text\">\n                     <div data-animate=\"fadeInLeft\">           <div class=\"text-box-content text \">\n              \n              <div class=\"text-inner text-left\">\n                  \n\n<p><b>\u00a1FAITES-EN UNE R\u00c9ALIT\u00c9!<\/b><\/p>\n<h1>Cr\u00e9ateurs de merchandising culturel:<\/h1>\n<p style=\"font-size: 2vh;\">Vous r\u00eavez, nous cr\u00e9ons et produisons votre r\u00eave<\/p>\n<a href=\"\/fr\/contact\/\" class=\"button primary is-gradient\" style=\"border-radius:6px;\">\n\t\t<span>CONTACTEZ-NOUS<\/span>\n\t<\/a>\n\n\n\n              <\/div>\n           <\/div>\n       <\/div>                     \n<style>\n#text-box-618311158 .text-box-content {\n  background-color: rgba(255, 255, 255, 0);\n  font-size: 100%;\n}\n#text-box-618311158 .text-inner {\n  padding: 30px 30px 30px 30px;\n}\n#text-box-618311158 {\n  width: 90%;\n}\n@media (min-width:550px) {\n  #text-box-618311158 {\n    width: 77%;\n  }\n}\n<\/style>\n    <\/div>\n \n\n        <\/div>\n      <\/div>\n\n            \n<style>\n#banner-1095287864 {\n  padding-top: 637px;\n}\n#banner-1095287864 .banner-bg img {\n  object-position: 87% 59%;\n}\n<\/style>\n  <\/div>\n\n\n\n     <\/div>\n\n     <div class=\"loading-spin dark large centered\"><\/div>\n\n\t<\/div>\n\n\n<div class=\"message-box relative dark\" style=\"padding-top:35px;padding-bottom:35px;\"><div class=\"message-box-bg-image bg-fill fill\" style=\"background-image:url(https:\/\/artkeeping.com\/wp-content\/uploads\/2021\/02\/bg2.jpg);\"><\/div><div class=\"message-box-bg-overlay bg-fill fill\" style=\"background-color:rgba(255, 255, 255, 0);\"><\/div><div class=\"container relative\"><div class=\"inner last-reset\">\n\n\t<div id=\"text-50438574\" class=\"text\">\n\t\t\n\n<h2 class=\"uppercase\" style=\"text-align: center;\">Nous sommes <span style=\"color: #1c488a;\">Art Keeping<\/span><\/h2>\n<p class=\"uppercase\" style=\"text-align: center;\">NOUS CROYONS <span style=\"color: #1c488a;\">EN CE QUE NOUS FAISONS<\/span><\/p>\n\t\t\n<style>\n#text-50438574 {\n  font-size: 1.75rem;\n  line-height: 2.5;\n  text-align: center;\n  color: rgb(102, 102, 102);\n}\n#text-50438574 > * {\n  color: rgb(102, 102, 102);\n}\n<\/style>\n\t<\/div>\n\t\n\n<\/div><\/div><\/div>\n\n\t<section class=\"section\" id=\"section_407448359\">\n\t\t<div class=\"section-bg fill\" >\n\t\t\t\t\t\t\t\t\t\n\t\t\t\n\n\t\t<\/div>\n\n\t\t\n\n\t\t<div class=\"section-content relative\">\n\t\t\t\n\n<div class=\"row row-large align-center row-divided\"  id=\"row-1172086065\">\n\n\n\t<div id=\"col-830390314\" class=\"col medium-4 large-4\"  >\n\t\t\t\t<div class=\"col-inner\"  >\n\t\t\t\n\t\t\t\n\n\n\t<a class=\"plain\" href=\"\/fr\/aimants\/\" >\t<div class=\"icon-box featured-box img.attachment-medium.size-medium-home icon-box-center text-center is-large\"  style=\"margin:0px 0px 0px 0px;\">\n\t\t\t\t\t<div class=\"icon-box-img has-icon-bg\" style=\"width: 600px\">\n\t\t\t\t<div class=\"icon\">\n\t\t\t\t\t<div class=\"icon-inner\" style=\"border-width:2px;\">\n\t\t\t\t\t\t<img loading=\"lazy\" decoding=\"async\" width=\"800\" height=\"800\" src=\"https:\/\/artkeeping.com\/wp-content\/uploads\/2021\/03\/pack-magnets-resinados-redondos-thumbs_PNG-800x800.png\" class=\"attachment-medium size-medium\" alt=\"Pack Magnets Resinados\" srcset=\"https:\/\/artkeeping.com\/wp-content\/uploads\/2021\/03\/pack-magnets-resinados-redondos-thumbs_PNG-800x800.png 800w, https:\/\/artkeeping.com\/wp-content\/uploads\/2021\/03\/pack-magnets-resinados-redondos-thumbs_PNG-560x560.png 560w, https:\/\/artkeeping.com\/wp-content\/uploads\/2021\/03\/pack-magnets-resinados-redondos-thumbs_PNG-768x768.png 768w, https:\/\/artkeeping.com\/wp-content\/uploads\/2021\/03\/pack-magnets-resinados-redondos-thumbs_PNG-300x300.png 300w, https:\/\/artkeeping.com\/wp-content\/uploads\/2021\/03\/pack-magnets-resinados-redondos-thumbs_PNG-100x100.png 100w, https:\/\/artkeeping.com\/wp-content\/uploads\/2021\/03\/pack-magnets-resinados-redondos-thumbs_PNG.png 1357w\" sizes=\"auto, (max-width: 800px) 100vw, 800px\" \/>\t\t\t\t\t<\/div>\n\t\t\t\t<\/div>\n\t\t\t<\/div>\n\t\t\t\t<div class=\"icon-box-text last-reset\">\n\t\t\t\t\t\t\t\t\t\n\n<h2><span style=\"font-size: 80%;\">Aimants <\/span><\/h2>\n<p class=\"p1\">Grande vari\u00e9t\u00e9 de formats et de designs d&rsquo;aimants: flexibles, avec goutte de polyur\u00e9thane, m\u00e9thacrylate, feuilles pr\u00e9d\u00e9coup\u00e9es, packs d&rsquo;aimants combinant des tailles, tableaux magn\u00e9tiques&#8230; Choisissez le plus adapt\u00e9 pour vous.<\/p>\n\n\t\t<\/div>\n\t<\/div>\n\t<\/a>\n\t\n\n\t\t<\/div>\n\t\t\t\t\t<\/div>\n\n\t\n\n\t<div id=\"col-1338517054\" class=\"col medium-4 large-4\"  >\n\t\t\t\t<div class=\"col-inner\"  >\n\t\t\t\n\t\t\t\n\n\n\t<a class=\"plain\" href=\"\/fr\/gommes-effacer\/\" >\t<div class=\"icon-box featured-box icon-box-center text-center is-large\"  style=\"margin:0px 0px 0px 0px;\">\n\t\t\t\t\t<div class=\"icon-box-img has-icon-bg\" style=\"width: 578px\">\n\t\t\t\t<div class=\"icon\">\n\t\t\t\t\t<div class=\"icon-inner\" style=\"border-width:2px;\">\n\t\t\t\t\t\t<img loading=\"lazy\" decoding=\"async\" width=\"800\" height=\"800\" src=\"https:\/\/artkeeping.com\/wp-content\/uploads\/2021\/03\/mini_gomas3D_PNG-800x800.png\" class=\"attachment-medium size-medium\" alt=\"Gomas de Borrar 3D\" srcset=\"https:\/\/artkeeping.com\/wp-content\/uploads\/2021\/03\/mini_gomas3D_PNG-800x800.png 800w, https:\/\/artkeeping.com\/wp-content\/uploads\/2021\/03\/mini_gomas3D_PNG-560x560.png 560w, https:\/\/artkeeping.com\/wp-content\/uploads\/2021\/03\/mini_gomas3D_PNG-768x768.png 768w, https:\/\/artkeeping.com\/wp-content\/uploads\/2021\/03\/mini_gomas3D_PNG-300x300.png 300w, https:\/\/artkeeping.com\/wp-content\/uploads\/2021\/03\/mini_gomas3D_PNG-100x100.png 100w, https:\/\/artkeeping.com\/wp-content\/uploads\/2021\/03\/mini_gomas3D_PNG.png 1357w\" sizes=\"auto, (max-width: 800px) 100vw, 800px\" \/>\t\t\t\t\t<\/div>\n\t\t\t\t<\/div>\n\t\t\t<\/div>\n\t\t\t\t<div class=\"icon-box-text last-reset\">\n\t\t\t\t\t\t\t\t\t\n\n<h2><span style=\"font-size: 80%;\">Gommes 3D<\/span><\/h2>\n<p class=\"p1\">Gomme 3D et rectangulaires exclusives et originales, celles d&rsquo;une vie! Laissez-nous cr\u00e9er votre silhouette, ou choisissez parmi plus de 50 mod\u00e8les que nous avons, un souvenir ind\u00e9l\u00e9bile!<\/p>\n\n\t\t<\/div>\n\t<\/div>\n\t<\/a>\n\t\n\n\t\t<\/div>\n\t\t\t\t\t<\/div>\n\n\t\n\n\t<div id=\"col-2043586479\" class=\"col medium-4 large-4\"  >\n\t\t\t\t<div class=\"col-inner\"  >\n\t\t\t\n\t\t\t\n\n\n\t<a class=\"plain\" href=\"\/fr\/jeux-en-famille\/\" >\t<div class=\"icon-box featured-box icon-box-center text-center is-large\"  style=\"margin:0px 0px 0 0px;\">\n\t\t\t\t\t<div class=\"icon-box-img has-icon-bg\" style=\"width: 600px\">\n\t\t\t\t<div class=\"icon\">\n\t\t\t\t\t<div class=\"icon-inner\" style=\"border-width:2px;\">\n\t\t\t\t\t\t<img loading=\"lazy\" decoding=\"async\" width=\"800\" height=\"800\" src=\"https:\/\/artkeeping.com\/wp-content\/uploads\/2021\/03\/memory_Gen_PNG-800x800.png\" class=\"attachment-medium size-medium\" alt=\"Juegos de memoria\" srcset=\"https:\/\/artkeeping.com\/wp-content\/uploads\/2021\/03\/memory_Gen_PNG-800x800.png 800w, https:\/\/artkeeping.com\/wp-content\/uploads\/2021\/03\/memory_Gen_PNG-1400x1400.png 1400w, https:\/\/artkeeping.com\/wp-content\/uploads\/2021\/03\/memory_Gen_PNG-560x560.png 560w, https:\/\/artkeeping.com\/wp-content\/uploads\/2021\/03\/memory_Gen_PNG-768x768.png 768w, https:\/\/artkeeping.com\/wp-content\/uploads\/2021\/03\/memory_Gen_PNG-1536x1536.png 1536w, https:\/\/artkeeping.com\/wp-content\/uploads\/2021\/03\/memory_Gen_PNG-300x300.png 300w, https:\/\/artkeeping.com\/wp-content\/uploads\/2021\/03\/memory_Gen_PNG-100x100.png 100w, https:\/\/artkeeping.com\/wp-content\/uploads\/2021\/03\/memory_Gen_PNG.png 1905w\" sizes=\"auto, (max-width: 800px) 100vw, 800px\" \/>\t\t\t\t\t<\/div>\n\t\t\t\t<\/div>\n\t\t\t<\/div>\n\t\t\t\t<div class=\"icon-box-text last-reset\">\n\t\t\t\t\t\t\t\t\t\n\n<h2><span style=\"font-size: 80%;\">Jeux de soci\u00e9t\u00e9<\/span><\/h2>\n<p class=\"p1\">Jeux de m\u00e9moire et puzzles pour toute la famille. Choisissez entre plusieurs mesures et nombre de pi\u00e8ces. Personnalisez-les avec les images de votre mus\u00e9e, entreprise ou avec vos photos les plus repr\u00e9sentatives.<\/p>\n\n\t\t<\/div>\n\t<\/div>\n\t<\/a>\n\t\n\n\t\t<\/div>\n\t\t\t\t\t<\/div>\n\n\t\n\n<\/div>\n<div class=\"row row-large align-center row-divided\"  id=\"row-1049583102\">\n\n\n\t<div id=\"col-1868418023\" class=\"col medium-4 large-4\"  >\n\t\t\t\t<div class=\"col-inner\"  >\n\t\t\t\n\t\t\t\n\n\n\t<a class=\"plain\" href=\"\/fr\/porte-cles\/\" >\t<div class=\"icon-box featured-box icon-box-center text-center is-large\"  style=\"margin:0px 0px 0px 0px;\">\n\t\t\t\t\t<div class=\"icon-box-img has-icon-bg\" style=\"width: 600px\">\n\t\t\t\t<div class=\"icon\">\n\t\t\t\t\t<div class=\"icon-inner\" style=\"border-width:2px;\">\n\t\t\t\t\t\t<img loading=\"lazy\" decoding=\"async\" width=\"800\" height=\"800\" src=\"https:\/\/artkeeping.com\/wp-content\/uploads\/2021\/03\/llaveros_gen_PNG-800x800.png\" class=\"attachment-medium size-medium\" alt=\"Llaveros resinados\" srcset=\"https:\/\/artkeeping.com\/wp-content\/uploads\/2021\/03\/llaveros_gen_PNG-800x800.png 800w, https:\/\/artkeeping.com\/wp-content\/uploads\/2021\/03\/llaveros_gen_PNG-560x560.png 560w, https:\/\/artkeeping.com\/wp-content\/uploads\/2021\/03\/llaveros_gen_PNG-768x768.png 768w, https:\/\/artkeeping.com\/wp-content\/uploads\/2021\/03\/llaveros_gen_PNG-300x300.png 300w, https:\/\/artkeeping.com\/wp-content\/uploads\/2021\/03\/llaveros_gen_PNG-100x100.png 100w, https:\/\/artkeeping.com\/wp-content\/uploads\/2021\/03\/llaveros_gen_PNG.png 1357w\" sizes=\"auto, (max-width: 800px) 100vw, 800px\" \/>\t\t\t\t\t<\/div>\n\t\t\t\t<\/div>\n\t\t\t<\/div>\n\t\t\t\t<div class=\"icon-box-text last-reset\">\n\t\t\t\t\t\t\t\t\t\n\n<h2><span style=\"font-size: 80%;\">Porte-cl\u00e9s <\/span><\/h2>\n<p class=\"p1\">Mod\u00e8les et finitions infinies: bois, goutte polyur\u00e9thane, m\u00e9tallique &#8230; enti\u00e8rement personnalisable des deux c\u00f4t\u00e9s. Pratiques et r\u00e9sistants, nous les fabriquons dans toutes les tailles et formes. La meilleure publicit\u00e9 dans votre poche!<\/p>\n\n\t\t<\/div>\n\t<\/div>\n\t<\/a>\n\t\n\n\t\t<\/div>\n\t\t\t\t\t<\/div>\n\n\t\n\n\t<div id=\"col-1312697906\" class=\"col medium-4 large-4\"  >\n\t\t\t\t<div class=\"col-inner\"  >\n\t\t\t\n\t\t\t\n\n\n\t<a class=\"plain\" href=\"\/fr\/carton-3d\/\" >\t<div class=\"icon-box featured-box icon-box-center text-center is-large\"  style=\"margin:0px 0px 0px 0px;\">\n\t\t\t\t\t<div class=\"icon-box-img has-icon-bg\" style=\"width: 600px\">\n\t\t\t\t<div class=\"icon\">\n\t\t\t\t\t<div class=\"icon-inner\" style=\"border-width:2px;\">\n\t\t\t\t\t\t<img loading=\"lazy\" decoding=\"async\" width=\"800\" height=\"800\" src=\"https:\/\/artkeeping.com\/wp-content\/uploads\/2021\/03\/Layerart_produts_PNG-800x800.png\" class=\"attachment-medium size-medium\" alt=\"\" srcset=\"https:\/\/artkeeping.com\/wp-content\/uploads\/2021\/03\/Layerart_produts_PNG-800x800.png 800w, https:\/\/artkeeping.com\/wp-content\/uploads\/2021\/03\/Layerart_produts_PNG-560x560.png 560w, https:\/\/artkeeping.com\/wp-content\/uploads\/2021\/03\/Layerart_produts_PNG-768x768.png 768w, https:\/\/artkeeping.com\/wp-content\/uploads\/2021\/03\/Layerart_produts_PNG-300x300.png 300w, https:\/\/artkeeping.com\/wp-content\/uploads\/2021\/03\/Layerart_produts_PNG-100x100.png 100w, https:\/\/artkeeping.com\/wp-content\/uploads\/2021\/03\/Layerart_produts_PNG.png 1181w\" sizes=\"auto, (max-width: 800px) 100vw, 800px\" \/>\t\t\t\t\t<\/div>\n\t\t\t\t<\/div>\n\t\t\t<\/div>\n\t\t\t\t<div class=\"icon-box-text last-reset\">\n\t\t\t\t\t\t\t\t\t\n\n<h2><span style=\"font-size: 80%;\">Layerart &#8211; 3D Puzzles<\/span><\/h2>\n<p class=\"p1\">Puzzles en carton 3D qui forment des personnages d\u00e9coratifs. Pr\u00e9sent\u00e9 en feuilles num\u00e9rot\u00e9es pour faciliter l&rsquo;assemblage et sans avoir besoin de colle (comprennent tous les supports et adh\u00e9sifs n\u00e9cessaires). Nous avons plusieurs mod\u00e8les, mais nous pouvons \u00e9galement concevoir votre propre figurine.<\/p>\n\n\t\t<\/div>\n\t<\/div>\n\t<\/a>\n\t\n\n\t\t<\/div>\n\t\t\t\t\t<\/div>\n\n\t\n\n\t<div id=\"col-1987298148\" class=\"col medium-4 large-4\"  >\n\t\t\t\t<div class=\"col-inner\"  >\n\t\t\t\n\t\t\t\n\n\n\t<a class=\"plain\" href=\"\/fr\/autres-produits\/\" >\t<div class=\"icon-box featured-box icon-box-center text-center is-large\"  style=\"margin:0px 0px 0px 0px;\">\n\t\t\t\t\t<div class=\"icon-box-img has-icon-bg\" style=\"width: 600px\">\n\t\t\t\t<div class=\"icon\">\n\t\t\t\t\t<div class=\"icon-inner\" style=\"border-width:2px;\">\n\t\t\t\t\t\t<img loading=\"lazy\" decoding=\"async\" width=\"800\" height=\"800\" src=\"https:\/\/artkeeping.com\/wp-content\/uploads\/2021\/03\/OtrosProductos_PNG-800x800.png\" class=\"attachment-medium size-medium\" alt=\"Productos ArtKeeping\" srcset=\"https:\/\/artkeeping.com\/wp-content\/uploads\/2021\/03\/OtrosProductos_PNG-800x800.png 800w, https:\/\/artkeeping.com\/wp-content\/uploads\/2021\/03\/OtrosProductos_PNG-1400x1400.png 1400w, https:\/\/artkeeping.com\/wp-content\/uploads\/2021\/03\/OtrosProductos_PNG-560x560.png 560w, https:\/\/artkeeping.com\/wp-content\/uploads\/2021\/03\/OtrosProductos_PNG-768x768.png 768w, https:\/\/artkeeping.com\/wp-content\/uploads\/2021\/03\/OtrosProductos_PNG-1536x1536.png 1536w, https:\/\/artkeeping.com\/wp-content\/uploads\/2021\/03\/OtrosProductos_PNG-300x300.png 300w, https:\/\/artkeeping.com\/wp-content\/uploads\/2021\/03\/OtrosProductos_PNG-100x100.png 100w, https:\/\/artkeeping.com\/wp-content\/uploads\/2021\/03\/OtrosProductos_PNG.png 1905w\" sizes=\"auto, (max-width: 800px) 100vw, 800px\" \/>\t\t\t\t\t<\/div>\n\t\t\t\t<\/div>\n\t\t\t<\/div>\n\t\t\t\t<div class=\"icon-box-text last-reset\">\n\t\t\t\t\t\t\t\t\t\n\n<h2><span style=\"font-size: 80%;\">Beaucoup plus!<\/span><\/h2>\n<p class=\"p1\">Miroirs, badges, sous-verres, r\u00e8gles, \u00e9tiquettes \u00e0 bagages, carcasses pour t\u00e9l\u00e9phones portables &#8230; et tout ce que vous souhaitez personnaliser! Avec diff\u00e9rentes pr\u00e9sentations et tailles. Et si vous avez une id\u00e9e, partagez-la avec nous pour qu&rsquo;elle devienne r\u00e9alit\u00e9! Choisissez le gadget que vous aimez le plus.<\/p>\n\n\t\t<\/div>\n\t<\/div>\n\t<\/a>\n\t\n\n\t\t<\/div>\n\t\t\t\t\t<\/div>\n\n\t\n\n<\/div>\n\n\t\t<\/div>\n\n\t\t\n<style>\n#section_407448359 {\n  padding-top: 30px;\n  padding-bottom: 30px;\n  background-color: rgb(255, 255, 255);\n}\n<\/style>\n\t<\/section>\n\t\n\n\t<section class=\"section\" id=\"section_1465163446\">\n\t\t<div class=\"section-bg fill\" >\n\t\t\t\t\t\t\t\t\t<div class=\"section-bg-overlay absolute fill\"><\/div>\n\t\t\t\n\t<div class=\"is-border\"\n\t\tstyle=\"border-width:1px 0px 1px 0px;\">\n\t<\/div>\n\n\t\t<\/div>\n\n\t\t\n\n\t\t<div class=\"section-content relative\">\n\t\t\t\n\n<div class=\"container section-title-container\" ><h3 class=\"section-title section-title-bold-center\"><b aria-hidden=\"true\"><\/b><span class=\"section-title-main\" style=\"font-size:108%;\">Tous les processus de production sont r\u00e9alis\u00e9s dans nos installations<\/span><b aria-hidden=\"true\"><\/b><\/h3><\/div>\n\n\t<div id=\"gap-534206820\" class=\"gap-element clearfix\" style=\"display:block; height:auto;\">\n\t\t\n<style>\n#gap-534206820 {\n  padding-top: 30px;\n}\n<\/style>\n\t<\/div>\n\t\n\n<div class=\"row row-large align-middle\"  id=\"row-1890088424\">\n\n\n\t<div id=\"col-846317100\" class=\"col medium-6 small-12 large-6\"  >\n\t\t\t\t<div class=\"col-inner\"  >\n\t\t\t\n\t\t\t\n\n\t<div class=\"img has-hover x md-x lg-x y md-y lg-y\" id=\"image_1276825074\">\n\t\t\t\t\t\t\t\t<div class=\"img-inner box-shadow-2 dark\" >\n\t\t\t<img loading=\"lazy\" decoding=\"async\" width=\"500\" height=\"360\" src=\"https:\/\/artkeeping.com\/wp-content\/uploads\/2021\/03\/digitall-gotaderesina.jpg\" class=\"attachment-large size-large\" alt=\"Gota Resina\" srcset=\"https:\/\/artkeeping.com\/wp-content\/uploads\/2021\/03\/digitall-gotaderesina.jpg 500w, https:\/\/artkeeping.com\/wp-content\/uploads\/2021\/03\/digitall-gotaderesina-300x216.jpg 300w\" sizes=\"auto, (max-width: 500px) 100vw, 500px\" \/>\t\t\t\t\t\t\n\t\t\t\t\t<\/div>\n\t\t\t\t\t\t\t\t\n<style>\n#image_1276825074 {\n  width: 100%;\n}\n<\/style>\n\t<\/div>\n\t\n\n\n\t\t<\/div>\n\t\t\t\t\t<\/div>\n\n\t\n\n\t<div id=\"col-744149248\" class=\"col medium-6 small-12 large-6\"  >\n\t\t\t\t<div class=\"col-inner text-left\"  >\n\t\t\t\n\t\t\t\n\n<h2 class=\"uppercase\">Application de gouttes de polyur\u00e9thane<\/h2>\n<p>Nous disposons d&rsquo;une salle blanche avec des machines \u00e0 r\u00e9siner sur une grande vari\u00e9t\u00e9 de mat\u00e9riaux avec une finition de haute qualit\u00e9.<\/p>\n\n\t\t<\/div>\n\t\t\t\t\t<\/div>\n\n\t\n\n<\/div>\n\n\t\t<\/div>\n\n\t\t\n<style>\n#section_1465163446 {\n  padding-top: 60px;\n  padding-bottom: 60px;\n  background-color: rgb(193, 193, 193);\n}\n#section_1465163446 .section-bg-overlay {\n  background-color: rgba(255, 255, 255, 0.85);\n}\n<\/style>\n\t<\/section>\n\t\n\n\t<section class=\"section\" id=\"section_197878669\">\n\t\t<div class=\"section-bg fill\" >\n\t\t\t\t\t\t\t\t\t<div class=\"section-bg-overlay absolute fill\"><\/div>\n\t\t\t\n\n\t\t<\/div>\n\n\t\t\n\n\t\t<div class=\"section-content relative\">\n\t\t\t\n\n<div class=\"row row-large align-middle\"  id=\"row-594260850\">\n\n\n\t<div id=\"col-409522057\" class=\"col medium-6 small-12 large-6\"  >\n\t\t\t\t<div class=\"col-inner text-left\"  >\n\t\t\t\n\t\t\t\n\n<h2 class=\"uppercase\">coupe num\u00e9rique<\/h2>\n<p>Nous coupons et gravons avec nos propres machines de d\u00e9coupe num\u00e9rique et laser pour nous assurer que le r\u00e9sultat est imbattable.<\/p>\n\n\t\t<\/div>\n\t\t\t\t\t<\/div>\n\n\t\n\n\t<div id=\"col-1266645573\" class=\"col medium-6 small-12 large-6\"  >\n\t\t\t\t<div class=\"col-inner\"  >\n\t\t\t\n\t\t\t\n\n\t<div class=\"img has-hover x md-x lg-x y md-y lg-y\" id=\"image_91120556\">\n\t\t\t\t\t\t\t\t<div class=\"img-inner box-shadow-2 dark\" >\n\t\t\t<img loading=\"lazy\" decoding=\"async\" width=\"647\" height=\"439\" src=\"https:\/\/artkeeping.com\/wp-content\/uploads\/2021\/03\/fot_cal2.jpg\" class=\"attachment-large size-large\" alt=\"M\u00e1quina corte\" srcset=\"https:\/\/artkeeping.com\/wp-content\/uploads\/2021\/03\/fot_cal2.jpg 647w, https:\/\/artkeeping.com\/wp-content\/uploads\/2021\/03\/fot_cal2-300x204.jpg 300w\" sizes=\"auto, (max-width: 647px) 100vw, 647px\" \/>\t\t\t\t\t\t\n\t\t\t\t\t<\/div>\n\t\t\t\t\t\t\t\t\n<style>\n#image_91120556 {\n  width: 100%;\n}\n<\/style>\n\t<\/div>\n\t\n\n\n\t\t<\/div>\n\t\t\t\t\t<\/div>\n\n\t\n\n<\/div>\n\n\t\t<\/div>\n\n\t\t\n<style>\n#section_197878669 {\n  padding-top: 60px;\n  padding-bottom: 60px;\n  background-color: rgb(255, 255, 255);\n}\n#section_197878669 .section-bg-overlay {\n  background-color: rgba(255, 255, 255, 0.85);\n}\n<\/style>\n\t<\/section>\n\t\n\n\t<section class=\"section\" id=\"section_2137394433\">\n\t\t<div class=\"section-bg fill\" >\n\t\t\t\t\t\t\t\t\t\n\t\t\t\n\n\t\t<\/div>\n\n\t\t\n\n\t\t<div class=\"section-content relative\">\n\t\t\t\n\n<div class=\"row\"  id=\"row-113420998\">\n\n\n\t<div id=\"col-281333579\" class=\"col small-12 large-12\"  >\n\t\t\t\t<div class=\"col-inner\"  >\n\t\t\t\n\t\t\t\n\n<div class=\"container section-title-container\" ><h3 class=\"section-title section-title-center\"><b aria-hidden=\"true\"><\/b><span class=\"section-title-main\" >CONTACTEZ-NOUS<\/span><b aria-hidden=\"true\"><\/b><\/h3><\/div>\n\n\n<div class=\"wpcf7 no-js\" id=\"wpcf7-f4534-o1\" lang=\"fr-FR\" dir=\"ltr\" data-wpcf7-id=\"4534\">\n<div class=\"screen-reader-response\"><p role=\"status\" aria-live=\"polite\" aria-atomic=\"true\"><\/p> <ul><\/ul><\/div>\n<form action=\"\/fr\/wp-json\/wp\/v2\/pages\/4474#wpcf7-f4534-o1\" method=\"post\" class=\"wpcf7-form init\" aria-label=\"Formulaire de contact\" novalidate=\"novalidate\" data-status=\"init\">\n<fieldset class=\"hidden-fields-container\"><input type=\"hidden\" name=\"_wpcf7\" value=\"4534\" \/><input type=\"hidden\" name=\"_wpcf7_version\" value=\"6.1.5\" \/><input type=\"hidden\" name=\"_wpcf7_locale\" value=\"fr_FR\" \/><input type=\"hidden\" name=\"_wpcf7_unit_tag\" value=\"wpcf7-f4534-o1\" \/><input type=\"hidden\" name=\"_wpcf7_container_post\" value=\"0\" \/><input type=\"hidden\" name=\"_wpcf7_posted_data_hash\" value=\"\" \/><input type=\"hidden\" name=\"_wpcf7_recaptcha_response\" value=\"\" \/>\n<\/fieldset>\n<div class=\"form-flat\">\n\t<p><span class=\"wpcf7-form-control-wrap\" data-name=\"your-name\"><input size=\"40\" maxlength=\"400\" class=\"wpcf7-form-control wpcf7-text wpcf7-validates-as-required\" aria-required=\"true\" aria-invalid=\"false\" placeholder=\"Nom (obligatoire)\" value=\"\" type=\"text\" name=\"your-name\" \/><\/span>\n\t<\/p>\n\t<p><span class=\"wpcf7-form-control-wrap\" data-name=\"your-email\"><input size=\"40\" maxlength=\"400\" class=\"wpcf7-form-control wpcf7-email wpcf7-validates-as-required wpcf7-text wpcf7-validates-as-email\" aria-required=\"true\" aria-invalid=\"false\" placeholder=\"Email (obligatoire)\" value=\"\" type=\"email\" name=\"your-email\" \/><\/span>\n\t<\/p>\n\t<p><span class=\"wpcf7-form-control-wrap\" data-name=\"your-message\"><textarea cols=\"40\" rows=\"10\" maxlength=\"2000\" class=\"wpcf7-form-control wpcf7-textarea\" aria-invalid=\"false\" placeholder=\"Message (obligatoire)\" name=\"your-message\"><\/textarea><\/span>\n\t<\/p>\n\t<p><input class=\"wpcf7-form-control wpcf7-submit has-spinner button\" type=\"submit\" value=\"Envoyez votre demande\" \/>\n\t<\/p>\n<\/div><div class=\"wpcf7-response-output\" aria-hidden=\"true\"><\/div>\n<\/form>\n<\/div>\n\n\n\n\t\t<\/div>\n\t\t\t\t\t<\/div>\n\n\t\n\n<\/div>\n\n\t\t<\/div>\n\n\t\t\n<style>\n#section_2137394433 {\n  padding-top: 30px;\n  padding-bottom: 30px;\n}\n<\/style>\n\t<\/section>\n\t\n\n","protected":false},"excerpt":{"rendered":"","protected":false},"author":2,"featured_media":568,"parent":0,"menu_order":1,"comment_status":"closed","ping_status":"closed","template":"page-blank.php","meta":{"footnotes":""},"class_list":["post-4474","page","type-page","status-publish","has-post-thumbnail","hentry"],"_links":{"self":[{"href":"https:\/\/artkeeping.com\/fr\/wp-json\/wp\/v2\/pages\/4474","targetHints":{"allow":["GET"]}}],"collection":[{"href":"https:\/\/artkeeping.com\/fr\/wp-json\/wp\/v2\/pages"}],"about":[{"href":"https:\/\/artkeeping.com\/fr\/wp-json\/wp\/v2\/types\/page"}],"author":[{"embeddable":true,"href":"https:\/\/artkeeping.com\/fr\/wp-json\/wp\/v2\/users\/2"}],"replies":[{"embeddable":true,"href":"https:\/\/artkeeping.com\/fr\/wp-json\/wp\/v2\/comments?post=4474"}],"version-history":[{"count":10,"href":"https:\/\/artkeeping.com\/fr\/wp-json\/wp\/v2\/pages\/4474\/revisions"}],"predecessor-version":[{"id":5404,"href":"https:\/\/artkeeping.com\/fr\/wp-json\/wp\/v2\/pages\/4474\/revisions\/5404"}],"wp:featuredmedia":[{"embeddable":true,"href":"https:\/\/artkeeping.com\/fr\/wp-json\/wp\/v2\/media\/568"}],"wp:attachment":[{"href":"https:\/\/artkeeping.com\/fr\/wp-json\/wp\/v2\/media?parent=4474"}],"curies":[{"name":"wp","href":"https:\/\/api.w.org\/{rel}","templated":true}]}}