
{"id":4397,"date":"2021-05-04T11:02:59","date_gmt":"2021-05-04T10:02:59","guid":{"rendered":"https:\/\/artkeeping.com\/?page_id=4397"},"modified":"2021-05-19T09:29:18","modified_gmt":"2021-05-19T08:29:18","slug":"produits-musees","status":"publish","type":"page","link":"https:\/\/artkeeping.com\/fr\/produits-musees\/","title":{"rendered":"Produits Mus\u00e9es"},"content":{"rendered":"\n\n  <div class=\"banner has-hover\" id=\"banner-1049949293\">\n          <div class=\"banner-inner fill\">\n        <div class=\"banner-bg fill\" >\n            <img loading=\"lazy\" decoding=\"async\" width=\"1020\" height=\"739\" src=\"https:\/\/artkeeping.com\/wp-content\/uploads\/2021\/04\/LandingPage-1-1400x1014.jpg\" class=\"bg attachment-large size-large\" alt=\"\" \/>                                    \n                    <\/div>\n\t\t\n        <div class=\"banner-layers container\">\n            <div class=\"fill banner-link\"><\/div>            \n\n   <div id=\"text-box-2105281757\" class=\"text-box banner-layer x0 md-x0 lg-x0 y5 md-y10 lg-y10 res-text\">\n                     <div data-animate=\"fadeInUp\">           <div class=\"text-box-content text \">\n              \n              <div class=\"text-inner text-center\">\n                  \n\n\t<div id=\"text-1299569677\" class=\"text inline-block\">\n\t\t\n\n<h2><span style=\"font-size: 3.1vw;\"><b>Produits originaux pour les boutiques du mus\u00e9e<\/b><\/span><\/h2>\n<p><span style=\"font-size: 2vw;\">Merchandising personnalis\u00e9 et unique inspir\u00e9 des \u0153uvres d&rsquo;art<\/span><\/p>\n\t\t\n<style>\n#text-1299569677 {\n  font-size: 0.75rem;\n  color: #446084;\n}\n#text-1299569677 > * {\n  color: #446084;\n}\n<\/style>\n\t<\/div>\n\t\n<div class=\"is-divider divider clearfix\" style=\"margin-top:0.1em;margin-bottom:0.1em;max-width:13500px;background-color:rgba(0, 0, 0, 0);\"><\/div>\n\n<a href=\"\/fr\/contact\/\" class=\"button primary\" style=\"border-radius:16px;\">\n\t\t<span>Nous contacter<\/span>\n\t<\/a>\n\n\n\n              <\/div>\n           <\/div>\n       <\/div>                     \n<style>\n#text-box-2105281757 {\n  margin: -16px 0px 0px -5px;\n  width: 52%;\n}\n#text-box-2105281757 .text-inner {\n  padding: 10px 0px 10px 0px;\n}\n#text-box-2105281757 .text-box-content {\n  border-radius: 299px;\n  font-size: 128%;\n}\n@media (min-width:550px) {\n  #text-box-2105281757 {\n    margin: -23px 0px 0px -42px;\n    width: 62%;\n  }\n}\n@media (min-width:850px) {\n  #text-box-2105281757 {\n    margin: 0px 0px 0px -102px;\n  }\n}\n<\/style>\n    <\/div>\n \n\n        <\/div>\n      <\/div>\n\n            \n<style>\n#banner-1049949293 {\n  padding-top: 70%;\n  background-color: #FFF;\n}\n<\/style>\n  <\/div>\n\n\n\n\t<section class=\"section\" id=\"section_800986898\">\n\t\t<div class=\"section-bg fill\" >\n\t\t\t\t\t\t\t\t\t\n\t\t\t\n\n\t\t<\/div>\n\n\t\t\n\n\t\t<div class=\"section-content relative\">\n\t\t\t\n\n<div class=\"container section-title-container\" style=\"margin-top:25px;\"><h3 class=\"section-title section-title-center\"><b aria-hidden=\"true\"><\/b><span class=\"section-title-main\" >Qu'on offre?<\/span><b aria-hidden=\"true\"><\/b><\/h3><\/div>\n\n<div class=\"row row-large align-center row-divided\"  id=\"row-804645749\">\n\n\n\t<div id=\"col-1146475958\" class=\"col medium-4 large-4\"  >\n\t\t\t\t<div class=\"col-inner\"  >\n\t\t\t\n\t\t\t\n\n\n\t<a class=\"plain\" href=\"\/fr\/aimants\/\" target=\"_blank\" rel=\"noopener\" >\t<div class=\"icon-box featured-box img.attachment-medium.size-medium-home icon-box-center text-center is-large\"  style=\"margin:0px 0px 0px 0px;\">\n\t\t\t\t\t<div class=\"icon-box-img has-icon-bg\" style=\"width: 600px\">\n\t\t\t\t<div class=\"icon\">\n\t\t\t\t\t<div class=\"icon-inner\" style=\"border-width:2px;\">\n\t\t\t\t\t\t<img loading=\"lazy\" decoding=\"async\" width=\"800\" height=\"800\" src=\"https:\/\/artkeeping.com\/wp-content\/uploads\/2021\/03\/pack-magnets-resinados-redondos-thumbs_PNG-800x800.png\" class=\"attachment-medium size-medium\" alt=\"Pack Magnets Resinados\" srcset=\"https:\/\/artkeeping.com\/wp-content\/uploads\/2021\/03\/pack-magnets-resinados-redondos-thumbs_PNG-800x800.png 800w, https:\/\/artkeeping.com\/wp-content\/uploads\/2021\/03\/pack-magnets-resinados-redondos-thumbs_PNG-560x560.png 560w, https:\/\/artkeeping.com\/wp-content\/uploads\/2021\/03\/pack-magnets-resinados-redondos-thumbs_PNG-768x768.png 768w, https:\/\/artkeeping.com\/wp-content\/uploads\/2021\/03\/pack-magnets-resinados-redondos-thumbs_PNG-300x300.png 300w, https:\/\/artkeeping.com\/wp-content\/uploads\/2021\/03\/pack-magnets-resinados-redondos-thumbs_PNG-100x100.png 100w, https:\/\/artkeeping.com\/wp-content\/uploads\/2021\/03\/pack-magnets-resinados-redondos-thumbs_PNG.png 1357w\" sizes=\"auto, (max-width: 800px) 100vw, 800px\" \/>\t\t\t\t\t<\/div>\n\t\t\t\t<\/div>\n\t\t\t<\/div>\n\t\t\t\t<div class=\"icon-box-text last-reset\">\n\t\t\t\t\t\t\t\t\t\n\n<h2><span style=\"font-size: 80%;\">Aimants<\/span><\/h2>\n<p class=\"p1\">Vari\u00e9t\u00e9 de formats et packs d&rsquo;aimants: flexibles, avec goutte de polyur\u00e9thane, m\u00e9thacrylate, en feuilles pr\u00e9d\u00e9coup\u00e9es, packs d&rsquo;aimants combinant des tailles, tableaux magn\u00e9tiques&#8230; Dans le m\u00eame gadget vous pouvez avoir diff\u00e9rentes images!<\/p>\n\n\t\t<\/div>\n\t<\/div>\n\t<\/a>\n\t\n\n\t\t<\/div>\n\t\t\t\t\t<\/div>\n\n\t\n\n\t<div id=\"col-293749528\" class=\"col medium-4 large-4\"  >\n\t\t\t\t<div class=\"col-inner\"  >\n\t\t\t\n\t\t\t\n\n\n\t<a class=\"plain\" href=\"\/fr\/gommes-effacer\/\" target=\"_blank\" rel=\"noopener\" >\t<div class=\"icon-box featured-box icon-box-center text-center is-large\"  style=\"margin:0px 0px 0px 0px;\">\n\t\t\t\t\t<div class=\"icon-box-img has-icon-bg\" style=\"width: 578px\">\n\t\t\t\t<div class=\"icon\">\n\t\t\t\t\t<div class=\"icon-inner\" style=\"border-width:2px;\">\n\t\t\t\t\t\t<img loading=\"lazy\" decoding=\"async\" width=\"800\" height=\"800\" src=\"https:\/\/artkeeping.com\/wp-content\/uploads\/2021\/03\/mini_gomas3D_PNG-800x800.png\" class=\"attachment-medium size-medium\" alt=\"Gomas de Borrar 3D\" srcset=\"https:\/\/artkeeping.com\/wp-content\/uploads\/2021\/03\/mini_gomas3D_PNG-800x800.png 800w, https:\/\/artkeeping.com\/wp-content\/uploads\/2021\/03\/mini_gomas3D_PNG-560x560.png 560w, https:\/\/artkeeping.com\/wp-content\/uploads\/2021\/03\/mini_gomas3D_PNG-768x768.png 768w, https:\/\/artkeeping.com\/wp-content\/uploads\/2021\/03\/mini_gomas3D_PNG-300x300.png 300w, https:\/\/artkeeping.com\/wp-content\/uploads\/2021\/03\/mini_gomas3D_PNG-100x100.png 100w, https:\/\/artkeeping.com\/wp-content\/uploads\/2021\/03\/mini_gomas3D_PNG.png 1357w\" sizes=\"auto, (max-width: 800px) 100vw, 800px\" \/>\t\t\t\t\t<\/div>\n\t\t\t\t<\/div>\n\t\t\t<\/div>\n\t\t\t\t<div class=\"icon-box-text last-reset\">\n\t\t\t\t\t\t\t\t\t\n\n<h2><span style=\"font-size: 80%;\">Gommes 3D, trouvez votre design!<\/span><\/h2>\n<p class=\"p1\">Gommes 3D et rectangulaires exclusives et originales, celles d&rsquo;une vie! Laissez-nous cr\u00e9er votre figurine ou choisissez parmi un large assortiment des 50 autres mod\u00e8les que nous avons.<\/p>\n\n\t\t<\/div>\n\t<\/div>\n\t<\/a>\n\t\n\n\t\t<\/div>\n\t\t\t\t\t<\/div>\n\n\t\n\n\t<div id=\"col-1261414313\" class=\"col medium-4 large-4\"  >\n\t\t\t\t<div class=\"col-inner\"  >\n\t\t\t\n\t\t\t\n\n\n\t<a class=\"plain\" href=\"\/fr\/jeux-en-famille\/\" target=\"_blank\" rel=\"noopener\" >\t<div class=\"icon-box featured-box icon-box-center text-center is-large\"  style=\"margin:0px 0px 0 0px;\">\n\t\t\t\t\t<div class=\"icon-box-img has-icon-bg\" style=\"width: 600px\">\n\t\t\t\t<div class=\"icon\">\n\t\t\t\t\t<div class=\"icon-inner\" style=\"border-width:2px;\">\n\t\t\t\t\t\t<img loading=\"lazy\" decoding=\"async\" width=\"800\" height=\"800\" src=\"https:\/\/artkeeping.com\/wp-content\/uploads\/2021\/03\/memory_Gen_PNG-800x800.png\" class=\"attachment-medium size-medium\" alt=\"Juegos de memoria\" srcset=\"https:\/\/artkeeping.com\/wp-content\/uploads\/2021\/03\/memory_Gen_PNG-800x800.png 800w, https:\/\/artkeeping.com\/wp-content\/uploads\/2021\/03\/memory_Gen_PNG-1400x1400.png 1400w, https:\/\/artkeeping.com\/wp-content\/uploads\/2021\/03\/memory_Gen_PNG-560x560.png 560w, https:\/\/artkeeping.com\/wp-content\/uploads\/2021\/03\/memory_Gen_PNG-768x768.png 768w, https:\/\/artkeeping.com\/wp-content\/uploads\/2021\/03\/memory_Gen_PNG-1536x1536.png 1536w, https:\/\/artkeeping.com\/wp-content\/uploads\/2021\/03\/memory_Gen_PNG-300x300.png 300w, https:\/\/artkeeping.com\/wp-content\/uploads\/2021\/03\/memory_Gen_PNG-100x100.png 100w, https:\/\/artkeeping.com\/wp-content\/uploads\/2021\/03\/memory_Gen_PNG.png 1905w\" sizes=\"auto, (max-width: 800px) 100vw, 800px\" \/>\t\t\t\t\t<\/div>\n\t\t\t\t<\/div>\n\t\t\t<\/div>\n\t\t\t\t<div class=\"icon-box-text last-reset\">\n\t\t\t\t\t\t\t\t\t\n\n<h2><span style=\"font-size: 80%;\">Jeux de soci\u00e9t\u00e9 avec les \u0153uvres d&rsquo;art les plus m\u00e9morables<\/span><\/h2>\n<p class=\"p1\">Jeux de m\u00e9moire et puzzles avec les images les plus repr\u00e9sentatives de votre mus\u00e9e ou galerie d&rsquo;art. Choisissez entre plusieurs mesures et nombre de pi\u00e8ces et personnalisez-les. Nous avons \u00e9galement un large \u00e9ventail de grands artistes dans notre collection.<\/p>\n\n\t\t<\/div>\n\t<\/div>\n\t<\/a>\n\t\n\n\t\t<\/div>\n\t\t\t\t\t<\/div>\n\n\t\n\n<\/div>\n<div class=\"row row-large align-center row-divided\"  id=\"row-1864787321\">\n\n\n\t<div id=\"col-1719326768\" class=\"col medium-4 large-4\"  >\n\t\t\t\t<div class=\"col-inner\"  >\n\t\t\t\n\t\t\t\n\n\n\t<a class=\"plain\" href=\"\/fr\/porte-cles\/\" target=\"_blank\" rel=\"noopener\" >\t<div class=\"icon-box featured-box icon-box-center text-center is-large\"  style=\"margin:0px 0px 0px 0px;\">\n\t\t\t\t\t<div class=\"icon-box-img has-icon-bg\" style=\"width: 600px\">\n\t\t\t\t<div class=\"icon\">\n\t\t\t\t\t<div class=\"icon-inner\" style=\"border-width:2px;\">\n\t\t\t\t\t\t<img loading=\"lazy\" decoding=\"async\" width=\"800\" height=\"800\" src=\"https:\/\/artkeeping.com\/wp-content\/uploads\/2021\/03\/llaveros_gen_PNG-800x800.png\" class=\"attachment-medium size-medium\" alt=\"Llaveros resinados\" srcset=\"https:\/\/artkeeping.com\/wp-content\/uploads\/2021\/03\/llaveros_gen_PNG-800x800.png 800w, https:\/\/artkeeping.com\/wp-content\/uploads\/2021\/03\/llaveros_gen_PNG-560x560.png 560w, https:\/\/artkeeping.com\/wp-content\/uploads\/2021\/03\/llaveros_gen_PNG-768x768.png 768w, https:\/\/artkeeping.com\/wp-content\/uploads\/2021\/03\/llaveros_gen_PNG-300x300.png 300w, https:\/\/artkeeping.com\/wp-content\/uploads\/2021\/03\/llaveros_gen_PNG-100x100.png 100w, https:\/\/artkeeping.com\/wp-content\/uploads\/2021\/03\/llaveros_gen_PNG.png 1357w\" sizes=\"auto, (max-width: 800px) 100vw, 800px\" \/>\t\t\t\t\t<\/div>\n\t\t\t\t<\/div>\n\t\t\t<\/div>\n\t\t\t\t<div class=\"icon-box-text last-reset\">\n\t\t\t\t\t\t\t\t\t\n\n<h2><span style=\"font-size: 80%;\">Porte-cl\u00e9s, toujours avec vous<\/span><\/h2>\n<p class=\"p1\">Mod\u00e8les et finitions infinies: bois, goutte polyur\u00e9thane, m\u00e9tallique &#8230; enti\u00e8rement personnalisable des deux c\u00f4t\u00e9s. Pratiques et r\u00e9sistants, nous les fabriquons dans toutes les tailles et formes, s&rsquo;adaptant \u00e0 tous les styles.<\/p>\n\n\t\t<\/div>\n\t<\/div>\n\t<\/a>\n\t\n\n\t\t<\/div>\n\t\t\t\t\t<\/div>\n\n\t\n\n\t<div id=\"col-145040421\" class=\"col medium-4 large-4\"  >\n\t\t\t\t<div class=\"col-inner\"  >\n\t\t\t\n\t\t\t\n\n\n\t<a class=\"plain\" href=\"\/fr\/carton-3d\/\" target=\"_blank\" rel=\"noopener\" >\t<div class=\"icon-box featured-box icon-box-center text-center is-large\"  style=\"margin:0px 0px 0px 0px;\">\n\t\t\t\t\t<div class=\"icon-box-img has-icon-bg\" style=\"width: 600px\">\n\t\t\t\t<div class=\"icon\">\n\t\t\t\t\t<div class=\"icon-inner\" style=\"border-width:2px;\">\n\t\t\t\t\t\t<img loading=\"lazy\" decoding=\"async\" width=\"800\" height=\"800\" src=\"https:\/\/artkeeping.com\/wp-content\/uploads\/2021\/03\/Layerart_produts_PNG-800x800.png\" class=\"attachment-medium size-medium\" alt=\"\" srcset=\"https:\/\/artkeeping.com\/wp-content\/uploads\/2021\/03\/Layerart_produts_PNG-800x800.png 800w, https:\/\/artkeeping.com\/wp-content\/uploads\/2021\/03\/Layerart_produts_PNG-560x560.png 560w, https:\/\/artkeeping.com\/wp-content\/uploads\/2021\/03\/Layerart_produts_PNG-768x768.png 768w, https:\/\/artkeeping.com\/wp-content\/uploads\/2021\/03\/Layerart_produts_PNG-300x300.png 300w, https:\/\/artkeeping.com\/wp-content\/uploads\/2021\/03\/Layerart_produts_PNG-100x100.png 100w, https:\/\/artkeeping.com\/wp-content\/uploads\/2021\/03\/Layerart_produts_PNG.png 1181w\" sizes=\"auto, (max-width: 800px) 100vw, 800px\" \/>\t\t\t\t\t<\/div>\n\t\t\t\t<\/div>\n\t\t\t<\/div>\n\t\t\t\t<div class=\"icon-box-text last-reset\">\n\t\t\t\t\t\t\t\t\t\n\n<h2><span style=\"font-size: 80%;\">Layerart &#8211; Puzzles 3D, demandez-nous la sculpture qui vous repr\u00e9sente le mieux<\/span><\/h2>\n<p class=\"p1\">Puzzles en carton 3D qui forment des personnages d\u00e9coratifs. Pr\u00e9sent\u00e9 en feuilles num\u00e9rot\u00e9es pour faciliter l&rsquo;assemblage et sans avoir besoin de colle (comprennent tous les supports et adh\u00e9sifs n\u00e9cessaires). Nous avons plusieurs mod\u00e8les, mais nous pouvons \u00e9galement concevoir votre propre figurine.<\/p>\n\n\t\t<\/div>\n\t<\/div>\n\t<\/a>\n\t\n\n\t\t<\/div>\n\t\t\t\t\t<\/div>\n\n\t\n\n\t<div id=\"col-1946502543\" class=\"col medium-4 large-4\"  >\n\t\t\t\t<div class=\"col-inner\"  >\n\t\t\t\n\t\t\t\n\n\n\t<a class=\"plain\" href=\"\/fr\/autres-produits\/\" target=\"_blank\" rel=\"noopener\" >\t<div class=\"icon-box featured-box icon-box-center text-center is-large\"  style=\"margin:0px 0px 0px 0px;\">\n\t\t\t\t\t<div class=\"icon-box-img has-icon-bg\" style=\"width: 600px\">\n\t\t\t\t<div class=\"icon\">\n\t\t\t\t\t<div class=\"icon-inner\" style=\"border-width:2px;\">\n\t\t\t\t\t\t<img loading=\"lazy\" decoding=\"async\" width=\"800\" height=\"800\" src=\"https:\/\/artkeeping.com\/wp-content\/uploads\/2021\/03\/OtrosProductos_PNG-800x800.png\" class=\"attachment-medium size-medium\" alt=\"Productos ArtKeeping\" srcset=\"https:\/\/artkeeping.com\/wp-content\/uploads\/2021\/03\/OtrosProductos_PNG-800x800.png 800w, https:\/\/artkeeping.com\/wp-content\/uploads\/2021\/03\/OtrosProductos_PNG-1400x1400.png 1400w, https:\/\/artkeeping.com\/wp-content\/uploads\/2021\/03\/OtrosProductos_PNG-560x560.png 560w, https:\/\/artkeeping.com\/wp-content\/uploads\/2021\/03\/OtrosProductos_PNG-768x768.png 768w, https:\/\/artkeeping.com\/wp-content\/uploads\/2021\/03\/OtrosProductos_PNG-1536x1536.png 1536w, https:\/\/artkeeping.com\/wp-content\/uploads\/2021\/03\/OtrosProductos_PNG-300x300.png 300w, https:\/\/artkeeping.com\/wp-content\/uploads\/2021\/03\/OtrosProductos_PNG-100x100.png 100w, https:\/\/artkeeping.com\/wp-content\/uploads\/2021\/03\/OtrosProductos_PNG.png 1905w\" sizes=\"auto, (max-width: 800px) 100vw, 800px\" \/>\t\t\t\t\t<\/div>\n\t\t\t\t<\/div>\n\t\t\t<\/div>\n\t\t\t\t<div class=\"icon-box-text last-reset\">\n\t\t\t\t\t\t\t\t\t\n\n<h2><span style=\"font-size: 80%;\">Beaucoup plus!<\/span><\/h2>\n<p class=\"p1\">Miroirs, badges, sous-verres, r\u00e8gles, \u00e9tiquettes \u00e0 bagages, \u00e9tuis pour t\u00e9l\u00e9phones portables &#8230; et tout ce que vous souhaitez personnaliser! Avec diff\u00e9rentes pr\u00e9sentations et tailles. Si vous avez une id\u00e9e, dites-nous de la r\u00e9aliser!<\/p>\n\n\t\t<\/div>\n\t<\/div>\n\t<\/a>\n\t\n\n\t\t<\/div>\n\t\t\t\t\t<\/div>\n\n\t\n\n<\/div>\n\n\t\t<\/div>\n\n\t\t\n<style>\n#section_800986898 {\n  padding-top: 30px;\n  padding-bottom: 30px;\n  background-color: rgb(245, 245, 245);\n}\n<\/style>\n\t<\/section>\n\t\n\n\t<section class=\"section\" id=\"section_519418323\">\n\t\t<div class=\"section-bg fill\" >\n\t\t\t\t\t\t\t\t\t\n\t\t\t\n\n\t\t<\/div>\n\n\t\t\n\n\t\t<div class=\"section-content relative\">\n\t\t\t\n\n<div class=\"row\"  id=\"row-1902901423\">\n\n\n\t<div id=\"col-31988716\" class=\"col small-12 large-12\"  >\n\t\t\t\t<div class=\"col-inner\"  >\n\t\t\t\n\t\t\t\n\n<div class=\"container section-title-container\" ><h3 class=\"section-title section-title-normal\"><b aria-hidden=\"true\"><\/b><span class=\"section-title-main\" >Contactez-nous<\/span><b aria-hidden=\"true\"><\/b><\/h3><\/div>\n\n\n<div class=\"wpcf7 no-js\" id=\"wpcf7-f4534-o1\" lang=\"fr-FR\" dir=\"ltr\" data-wpcf7-id=\"4534\">\n<div class=\"screen-reader-response\"><p role=\"status\" aria-live=\"polite\" aria-atomic=\"true\"><\/p> <ul><\/ul><\/div>\n<form action=\"\/fr\/wp-json\/wp\/v2\/pages\/4397#wpcf7-f4534-o1\" method=\"post\" class=\"wpcf7-form init\" aria-label=\"Formulaire de contact\" novalidate=\"novalidate\" data-status=\"init\">\n<fieldset class=\"hidden-fields-container\"><input type=\"hidden\" name=\"_wpcf7\" value=\"4534\" \/><input type=\"hidden\" name=\"_wpcf7_version\" value=\"6.1.5\" \/><input type=\"hidden\" name=\"_wpcf7_locale\" value=\"fr_FR\" \/><input type=\"hidden\" name=\"_wpcf7_unit_tag\" value=\"wpcf7-f4534-o1\" \/><input type=\"hidden\" name=\"_wpcf7_container_post\" value=\"0\" \/><input type=\"hidden\" name=\"_wpcf7_posted_data_hash\" value=\"\" \/><input type=\"hidden\" name=\"_wpcf7_recaptcha_response\" value=\"\" \/>\n<\/fieldset>\n<div class=\"form-flat\">\n\t<p><span class=\"wpcf7-form-control-wrap\" data-name=\"your-name\"><input size=\"40\" maxlength=\"400\" class=\"wpcf7-form-control wpcf7-text wpcf7-validates-as-required\" aria-required=\"true\" aria-invalid=\"false\" placeholder=\"Nom (obligatoire)\" value=\"\" type=\"text\" name=\"your-name\" \/><\/span>\n\t<\/p>\n\t<p><span class=\"wpcf7-form-control-wrap\" data-name=\"your-email\"><input size=\"40\" maxlength=\"400\" class=\"wpcf7-form-control wpcf7-email wpcf7-validates-as-required wpcf7-text wpcf7-validates-as-email\" aria-required=\"true\" aria-invalid=\"false\" placeholder=\"Email (obligatoire)\" value=\"\" type=\"email\" name=\"your-email\" \/><\/span>\n\t<\/p>\n\t<p><span class=\"wpcf7-form-control-wrap\" data-name=\"your-message\"><textarea cols=\"40\" rows=\"10\" maxlength=\"2000\" class=\"wpcf7-form-control wpcf7-textarea\" aria-invalid=\"false\" placeholder=\"Message (obligatoire)\" name=\"your-message\"><\/textarea><\/span>\n\t<\/p>\n\t<p><input class=\"wpcf7-form-control wpcf7-submit has-spinner button\" type=\"submit\" value=\"Envoyez votre demande\" \/>\n\t<\/p>\n<\/div><div class=\"wpcf7-response-output\" aria-hidden=\"true\"><\/div>\n<\/form>\n<\/div>\n\n\n\n\t\t<\/div>\n\t\t\t\t\t<\/div>\n\n\t\n\n<\/div>\n\n\t\t<\/div>\n\n\t\t\n<style>\n#section_519418323 {\n  padding-top: 30px;\n  padding-bottom: 30px;\n}\n<\/style>\n\t<\/section>\n\t\n\n","protected":false},"excerpt":{"rendered":"","protected":false},"author":2,"featured_media":0,"parent":0,"menu_order":0,"comment_status":"closed","ping_status":"closed","template":"page-header-on-scroll.php","meta":{"footnotes":""},"class_list":["post-4397","page","type-page","status-publish","hentry"],"_links":{"self":[{"href":"https:\/\/artkeeping.com\/fr\/wp-json\/wp\/v2\/pages\/4397","targetHints":{"allow":["GET"]}}],"collection":[{"href":"https:\/\/artkeeping.com\/fr\/wp-json\/wp\/v2\/pages"}],"about":[{"href":"https:\/\/artkeeping.com\/fr\/wp-json\/wp\/v2\/types\/page"}],"author":[{"embeddable":true,"href":"https:\/\/artkeeping.com\/fr\/wp-json\/wp\/v2\/users\/2"}],"replies":[{"embeddable":true,"href":"https:\/\/artkeeping.com\/fr\/wp-json\/wp\/v2\/comments?post=4397"}],"version-history":[{"count":6,"href":"https:\/\/artkeeping.com\/fr\/wp-json\/wp\/v2\/pages\/4397\/revisions"}],"predecessor-version":[{"id":5520,"href":"https:\/\/artkeeping.com\/fr\/wp-json\/wp\/v2\/pages\/4397\/revisions\/5520"}],"wp:attachment":[{"href":"https:\/\/artkeeping.com\/fr\/wp-json\/wp\/v2\/media?parent=4397"}],"curies":[{"name":"wp","href":"https:\/\/api.w.org\/{rel}","templated":true}]}}