
{"id":4329,"date":"2021-05-04T10:28:53","date_gmt":"2021-05-04T09:28:53","guid":{"rendered":"https:\/\/artkeeping.com\/?page_id=4329"},"modified":"2021-09-07T15:37:28","modified_gmt":"2021-09-07T14:37:28","slug":"nefertiti","status":"publish","type":"page","link":"https:\/\/artkeeping.com\/fr\/nefertiti\/","title":{"rendered":"Nefertiti"},"content":{"rendered":"\n  <div class=\"banner-grid-wrapper\">\n  <div id=\"banner-grid-2035680535\" class=\"banner-grid row row-grid row-collapse row-box-shadow-4 row-box-shadow-3-hover row-full-width\" data-packery-options=\"\">\n                      \n\n<div class=\"col grid-col large-6 grid-col-1\" ><div class=\"col-inner\">\n\n\n  <div class=\"banner has-hover bg-zoom\" id=\"banner-1822175216\">\n          <div class=\"banner-inner fill\">\n        <div class=\"banner-bg fill\" >\n            <img loading=\"lazy\" decoding=\"async\" width=\"800\" height=\"800\" src=\"https:\/\/artkeeping.com\/wp-content\/uploads\/2021\/02\/Nefertiti_Base_edit-800x800.jpg\" class=\"bg attachment-large size-large\" alt=\"Carton N\u00e9fertiti\" \/>                        <div class=\"overlay\"><\/div>            \n                    <\/div>\n\t\t\n        <div class=\"banner-layers container\">\n            <a class=\"fill\" href=\"#caracteristicas\"><div class=\"fill banner-link\"><\/div><\/a>            \n\n   <div id=\"text-box-2066522116\" class=\"text-box banner-layer x5 md-x5 lg-x5 y60 md-y60 lg-y60 res-text\">\n       <div class=\"hover-bounce\">              <div data-animate=\"fadeInRight\">           <div class=\"text-box-content text dark\">\n              \n              <div class=\"text-inner text-left\">\n                  \n\n\t<div id=\"text-735531453\" class=\"text\">\n\t\t\n\n<h1 class=\"uppercase\"><span style=\"font-size: 3.5vh; line-height: 1vh; letter-spacing: 0.1vw;\"><strong><a style=\"color: inherit;\" href=\"#caracteristicas\">N\u00e9fertiti<\/a><\/strong><\/span><\/h1>\n<p class=\"uppercase\"><span style=\"font-size: 2vh;\"><strong><a style=\"color: inherit;\" href=\"#caracteristicas\">Layerart &#8211; Puzzle 3d<\/a><a style=\"color: inherit;\" href=\"#caracteristicas\"><\/a><\/strong><\/span><\/p>\n\t\t\n<style>\n#text-735531453 {\n  text-align: left;\n  color: rgb(28, 72, 138);\n}\n#text-735531453 > * {\n  color: rgb(28, 72, 138);\n}\n<\/style>\n\t<\/div>\n\t\n\n              <\/div>\n           <\/div>\n       <\/div>              <\/div>       \n<style>\n#text-box-2066522116 {\n  width: 67%;\n}\n#text-box-2066522116 .text-box-content {\n  font-size: 100%;\n}\n@media (min-width:550px) {\n  #text-box-2066522116 {\n    width: 67%;\n  }\n}\n@media (min-width:850px) {\n  #text-box-2066522116 {\n    width: 43%;\n  }\n}\n<\/style>\n    <\/div>\n \n   <div id=\"text-box-955815489\" class=\"text-box banner-layer x5 md-x5 lg-x5 y75 md-y75 lg-y75 res-text\">\n       <div class=\"hover-bounce\">              <div data-animate=\"fadeInRight\">           <div class=\"text-box-content text dark\">\n              \n              <div class=\"text-inner text-left\">\n                  \n\n<a href=\"#contacto\" class=\"button primary is-outline is-larger expand\" style=\"border-radius:12px;\">\n\t\t<span>Demander un budget<\/span>\n\t<\/a>\n\n\n<a href=\"\/fr\/produit\/nefertiti-layerart\/\" class=\"button primary is-outline is-larger expand\" style=\"border-radius:12px;\">\n\t\t<span>aller \u00e0 la boutique<\/span>\n\t<\/a>\n\n\n\n              <\/div>\n           <\/div>\n       <\/div>              <\/div>       \n<style>\n#text-box-955815489 {\n  width: 31%;\n}\n#text-box-955815489 .text-box-content {\n  font-size: 100%;\n}\n<\/style>\n    <\/div>\n \n\n        <\/div>\n      <\/div>\n\n            \n<style>\n#banner-1822175216 {\n  padding-top: 500px;\n}\n#banner-1822175216 .overlay {\n  background-color: rgba(0, 0, 0, 0);\n}\n#banner-1822175216 .banner-bg img {\n  object-position: 34% 54%;\n}\n<\/style>\n  <\/div>\n\n\n\n<\/div><\/div>\n<div class=\"col grid-col large-6 grid-col-1\" ><div class=\"col-inner\">\n\n\n  <div class=\"banner has-hover bg-zoom\" id=\"banner-1158129777\">\n          <div class=\"banner-inner fill\">\n        <div class=\"banner-bg fill\" >\n            <img loading=\"lazy\" decoding=\"async\" width=\"800\" height=\"800\" src=\"https:\/\/artkeeping.com\/wp-content\/uploads\/2021\/02\/nefer_var-800x800.jpg\" class=\"bg attachment-large size-large\" alt=\"Carton N\u00e9fertiti\" \/>                                    \n                    <\/div>\n\t\t\n        <div class=\"banner-layers container\">\n            <a class=\"fill\" href=\"#caracteristicas\"><div class=\"fill banner-link\"><\/div><\/a>            \n\n   <div id=\"text-box-963230385\" class=\"text-box banner-layer x50 md-x50 lg-x50 y5 md-y5 lg-y5 res-text\">\n       <div class=\"hover-bounce\">                         <div class=\"text-box-content text \">\n              \n              <div class=\"text-inner text-left\">\n                  \n\n\t<div id=\"text-2231267962\" class=\"text\">\n\t\t\n\n<p class=\"uppercase\"><span style=\"font-size: 1.9vh;\"><strong><a style=\"color: inherit;\" href=\"#presentacion\">Avec des pi\u00e8ces num\u00e9rot\u00e9es pour un assemblage pratique et facile \u00e0 suivre!<\/strong><\/span><\/p>\n\t\t\n<style>\n#text-2231267962 {\n  text-align: center;\n  color: rgb(28, 72, 138);\n}\n#text-2231267962 > * {\n  color: rgb(28, 72, 138);\n}\n<\/style>\n\t<\/div>\n\t\n\n              <\/div>\n           <\/div>\n                     <\/div>       \n<style>\n#text-box-963230385 {\n  width: 100%;\n}\n#text-box-963230385 .text-box-content {\n  font-size: 100%;\n}\n<\/style>\n    <\/div>\n \n\n        <\/div>\n      <\/div>\n\n            \n<style>\n#banner-1158129777 {\n  padding-top: 500px;\n}\n#banner-1158129777 .banner-bg img {\n  object-position: 42% 34%;\n}\n<\/style>\n  <\/div>\n\n\n\n<\/div><\/div>\n\n            <\/div>\n    <style>\n    #banner-grid-2035680535 .grid-col-1{height: 630px}\n    #banner-grid-2035680535 .grid-col-1-2{height: 315px}\n    #banner-grid-2035680535 .grid-col-1-3{height:210px}\n    #banner-grid-2035680535 .grid-col-2-3{height: 420px}\n    #banner-grid-2035680535 .grid-col-1-4{height: 157.5px}\n    #banner-grid-2035680535 .grid-col-3-4{height: 472.5px}\n\n\n    \n    \n\n  <\/style>\n    <\/div>\n  \n<div class=\"row\"  id=\"row-931829813\">\n\n\n\t<div id=\"col-1327345001\" class=\"col small-12 large-12\"  >\n\t\t\t\t<div class=\"col-inner text-center\"  >\n\t\t\t\n\t\t\t\n\n<a href=\"\/es\/contacto\" class=\"button primary is-larger reveal-icon\" style=\"border-radius:99px;\">\n\t\t<span>CONTACTEZ-NOUS<\/span>\n\t<i class=\"icon-angle-right\" aria-hidden=\"true\"><\/i><\/a>\n\n\n<a href=\"\/es\/elements\/pages\/catalogo\/\" class=\"button primary is-outline is-larger reveal-icon\" style=\"border-radius:99px;\">\n\t\t<span>Voire catalogue<\/span>\n\t<i class=\"icon-angle-right\" aria-hidden=\"true\"><\/i><\/a>\n\n\n\n\t\t<\/div>\n\t\t\t\t\n<style>\n#col-1327345001 > .col-inner {\n  margin: 22px 0px -26px 0px;\n}\n<\/style>\n\t<\/div>\n\n\t\n\n<\/div>\n<span class=\"scroll-to\" data-label=\"Scroll to: #caracteristicas\" data-bullet=\"true\" data-link=\"#caracteristicas\" data-title=\"Caracter\u00edsticas\"><a name=\"caracteristicas\"><\/a><\/span>\n\n\n\t<section class=\"section\" id=\"section_1092858534\">\n\t\t<div class=\"section-bg fill\" >\n\t\t\t\t\t\t\t\t\t<div class=\"section-bg-overlay absolute fill\"><\/div>\n\t\t\t\n\t<div class=\"is-border\"\n\t\tstyle=\"border-width:0px 0px 0px 0px;\">\n\t<\/div>\n\n\t\t<\/div>\n\n\t\t\n\n\t\t<div class=\"section-content relative\">\n\t\t\t\n\n<div class=\"container section-title-container\" style=\"margin-top:20px;\"><h2 class=\"section-title section-title-center\"><b aria-hidden=\"true\"><\/b><span class=\"section-title-main\" >Fonctionnalit\u00e9s<\/span><b aria-hidden=\"true\"><\/b><\/h2><\/div>\n\n<div class=\"row row-large align-middle\"  id=\"row-1270860913\">\n\n\n\t<div id=\"col-555986434\" class=\"col medium-9 small-12 large-9\"  >\n\t\t\t\t<div class=\"col-inner text-left\"  >\n\t\t\t\n\t\t\t\n\n<p style=\"margin-bottom: 1.5vh\"><span style=\"font-size: 2.3vh; line-height: 1vh;\"><strong>\u2212Instructions avec photos: facile \u00e0 assembler<\/strong><\/span><\/p>\n<hr\/ style=\"margin-bottom: 1.5vh; margin-top: 1.5vh;\">\n<p style=\"margin-bottom: 1.5vh\"><span style=\"font-size: 2.3vh; line-height: 1vh;\"><strong>\u2212 Carton solide et durable<\/strong><\/span><\/p>\n<hr\/ style=\"margin-bottom: 1.5vh; margin-top: 1.5vh;\">\n<p style=\"margin-bottom: 1.5vh\"><span style=\"font-size: 2.3vh; line-height: 1vh;\"><strong>\u2212 Mat\u00e9riau \u00e9cologique<\/strong><\/span><\/p>\n<p style=\"padding-left: 40px; line-height: 2vh; margin-bottom: 1vh\"><span style=\"font-size: 2vh;\">&gt; Recyclable et biodegradable<\/span><\/p>\n<p style=\"padding-left: 40px; line-height: 2vh; margin-bottom: 1vh\"><span style=\"font-size: 2vh;\">&gt; \u00c9cologique et durable<\/span><\/p>\n<p style=\"padding-left: 40px; line-height: 2vh; margin-bottom: 1vh\"><span style=\"font-size: 2vh;\">&gt; Il vient de bois \u00e0 croissance rapide<\/span><\/p>\n<hr\/ style=\"margin-bottom: 1.5vh; margin-top: 1.5vh;\">\n\n\t\t<\/div>\n\t\t\t\t\t<\/div>\n\n\t\n\n\t<div id=\"col-923854770\" class=\"col medium-3 small-12 large-3\"  >\n\t\t\t\t<div class=\"col-inner\" style=\"background-color:rgb(255, 255, 255);\" >\n\t\t\t\n\t\t\t\n\n\t<div class=\"img has-hover x md-x lg-x y md-y lg-y\" id=\"image_511775862\">\n\t\t\t\t\t\t\t\t<div class=\"img-inner image-zoom box-shadow-3 dark\" >\n\t\t\t<img loading=\"lazy\" decoding=\"async\" width=\"593\" height=\"1400\" src=\"https:\/\/artkeeping.com\/wp-content\/uploads\/2021\/03\/Nefertiti_reglaRET-593x1400.jpg\" class=\"attachment-large size-large\" alt=\"Carton N\u00e9fertiti\" srcset=\"https:\/\/artkeeping.com\/wp-content\/uploads\/2021\/03\/Nefertiti_reglaRET-593x1400.jpg 593w, https:\/\/artkeeping.com\/wp-content\/uploads\/2021\/03\/Nefertiti_reglaRET-339x800.jpg 339w, https:\/\/artkeeping.com\/wp-content\/uploads\/2021\/03\/Nefertiti_reglaRET-768x1814.jpg 768w, https:\/\/artkeeping.com\/wp-content\/uploads\/2021\/03\/Nefertiti_reglaRET-650x1536.jpg 650w, https:\/\/artkeeping.com\/wp-content\/uploads\/2021\/03\/Nefertiti_reglaRET-867x2048.jpg 867w, https:\/\/artkeeping.com\/wp-content\/uploads\/2021\/03\/Nefertiti_reglaRET-300x709.jpg 300w, https:\/\/artkeeping.com\/wp-content\/uploads\/2021\/03\/Nefertiti_reglaRET-scaled.jpg 1084w\" sizes=\"auto, (max-width: 593px) 100vw, 593px\" \/>\t\t\t\t\t\t\n\t\t\t\t\t<\/div>\n\t\t\t\t\t\t\t\t\n<style>\n#image_511775862 {\n  width: 100%;\n}\n<\/style>\n\t<\/div>\n\t\n\n\n\t\t<\/div>\n\t\t\t\t\n<style>\n#col-923854770 > .col-inner {\n  border-radius: 49px;\n}\n<\/style>\n\t<\/div>\n\n\t\n\n<\/div>\n<span class=\"scroll-to\" data-label=\"Scroll to: #presentacion\" data-bullet=\"true\" data-link=\"#presentacion\" data-title=\"Presentaci\u00f3n\"><a name=\"presentacion\"><\/a><\/span>\n\n\n\t\t<\/div>\n\n\t\t\n<style>\n#section_1092858534 {\n  padding-top: 0px;\n  padding-bottom: 0px;\n  min-height: 0px;\n}\n#section_1092858534 .section-bg-overlay {\n  background-color: rgba(255, 255, 255, 0.85);\n}\n<\/style>\n\t<\/section>\n\t\n\n\t<section class=\"section\" id=\"section_1087070248\">\n\t\t<div class=\"section-bg fill\" >\n\t\t\t\t\t\t\t\t\t<div class=\"section-bg-overlay absolute fill\"><\/div>\n\t\t\t\n\n\t\t<\/div>\n\n\t\t\n\n\t\t<div class=\"section-content relative\">\n\t\t\t\n\n<div class=\"container section-title-container\" style=\"margin-top:0px;\"><h2 class=\"section-title section-title-center\"><b aria-hidden=\"true\"><\/b><span class=\"section-title-main\" >Pr\u00e9sentation<\/span><b aria-hidden=\"true\"><\/b><\/h2><\/div>\n\n<div class=\"row row-large align-middle\"  id=\"row-911413335\">\n\n\n\t<div id=\"col-1739135341\" class=\"col small-12 large-12\"  >\n\t\t\t\t<div class=\"col-inner text-left\"  >\n\t\t\t\n\t\t\t\n\n<p style=\"margin-bottom: 1.5vh\"><strong><span style=\"font-size: 2.3vh; line-height: 1vh;\">\u2212 Tri\u00e9 par feuille dans une bo\u00eete en carton avec \u00e9tiquette<\/span><\/strong><\/p>\n\n\t\t<\/div>\n\t\t\t\t\t<\/div>\n\n\t\n\n<\/div>\n<div class=\"row row-large align-middle\"  id=\"row-261837088\">\n\n\n\t<div id=\"col-196849699\" class=\"col small-12 large-12\"  >\n\t\t\t\t<div class=\"col-inner\"  >\n\t\t\t\n\t\t\t\n\n\t<div class=\"img has-hover x md-x lg-x y md-y lg-y\" id=\"image_180290153\">\n\t\t\t\t\t\t\t\t<div class=\"img-inner dark\" >\n\t\t\t<img loading=\"lazy\" decoding=\"async\" width=\"1020\" height=\"753\" src=\"https:\/\/artkeeping.com\/wp-content\/uploads\/2021\/03\/Nefertiti_CajaRET-1400x1033.jpg\" class=\"attachment-large size-large\" alt=\"Carton N\u00e9fertiti\" srcset=\"https:\/\/artkeeping.com\/wp-content\/uploads\/2021\/03\/Nefertiti_CajaRET-1400x1033.jpg 1400w, https:\/\/artkeeping.com\/wp-content\/uploads\/2021\/03\/Nefertiti_CajaRET-800x590.jpg 800w, https:\/\/artkeeping.com\/wp-content\/uploads\/2021\/03\/Nefertiti_CajaRET-768x567.jpg 768w, https:\/\/artkeeping.com\/wp-content\/uploads\/2021\/03\/Nefertiti_CajaRET-1536x1133.jpg 1536w, https:\/\/artkeeping.com\/wp-content\/uploads\/2021\/03\/Nefertiti_CajaRET-2048x1511.jpg 2048w, https:\/\/artkeeping.com\/wp-content\/uploads\/2021\/03\/Nefertiti_CajaRET-300x221.jpg 300w\" sizes=\"auto, (max-width: 1020px) 100vw, 1020px\" \/>\t\t\t\t\t\t\n\t\t\t\t\t<\/div>\n\t\t\t\t\t\t\t\t\n<style>\n#image_180290153 {\n  width: 100%;\n}\n<\/style>\n\t<\/div>\n\t\n\n\n\t\t<\/div>\n\t\t\t\t\t<\/div>\n\n\t\n\n<\/div>\n\n\t\t<\/div>\n\n\t\t\n<style>\n#section_1087070248 {\n  padding-top: 30px;\n  padding-bottom: 30px;\n  min-height: 0px;\n  background-color: rgb(193, 193, 193);\n}\n#section_1087070248 .section-bg-overlay {\n  background-color: rgba(255, 255, 255, 0.85);\n}\n<\/style>\n\t<\/section>\n\t\n<span class=\"scroll-to\" data-label=\"Scroll to: #dimensiones\" data-bullet=\"true\" data-link=\"#dimensiones\" data-title=\"Dimensiones\"><a name=\"dimensiones\"><\/a><\/span>\n\n\n\t<section class=\"section\" id=\"section_954195401\">\n\t\t<div class=\"section-bg fill\" >\n\t\t\t\t\t\t\t\t\t\n\t\t\t\n\n\t\t<\/div>\n\n\t\t\n\n\t\t<div class=\"section-content relative\">\n\t\t\t\n\n<div class=\"container section-title-container\" style=\"margin-top:27px;\"><h2 class=\"section-title section-title-center\"><b aria-hidden=\"true\"><\/b><span class=\"section-title-main\" >Dimensions<\/span><b aria-hidden=\"true\"><\/b><\/h2><\/div>\n\n<div class=\"row\"  id=\"row-855299826\">\n\n\n\t<div id=\"col-463089245\" class=\"col small-12 large-12\"  >\n\t\t\t\t<div class=\"col-inner\"  >\n\t\t\t\n\t\t\t\n\n\t<div id=\"text-2851360116\" class=\"text\">\n\t\t\n\n<table>\n<thead>\n<tr>\n<th>Base<\/th>\n<th>Le taille<\/th>\n<th>N\u00ba Pieces<\/th>\n<\/tr>\n<\/thead>\n<tbody>\n<tr>\n<td>13,5 x 20 cm<\/td>\n<td>\n<p>28 cm<\/p>\n<\/td>\n<td>113 pieces<\/td>\n<\/tr>\n<\/tbody>\n<\/table>\n\t\t\n<style>\n#text-2851360116 {\n  font-size: 1.25rem;\n  line-height: 1;\n}\n<\/style>\n\t<\/div>\n\t\n\n\t\t<\/div>\n\t\t\t\t\t<\/div>\n\n\t\n\n<\/div>\n\n\t\t<\/div>\n\n\t\t\n<style>\n#section_954195401 {\n  padding-top: 30px;\n  padding-bottom: 30px;\n}\n<\/style>\n\t<\/section>\n\t\n<span class=\"scroll-to\" data-label=\"Scroll to: #contacto\" data-bullet=\"true\" data-link=\"#contacto\" data-title=\"Contacto\"><a name=\"contacto\"><\/a><\/span>\n\n\n\t<section class=\"section\" id=\"section_858644687\">\n\t\t<div class=\"section-bg fill\" >\n\t\t\t\t\t\t\t\t\t<div class=\"section-bg-overlay absolute fill\"><\/div>\n\t\t\t\n\t<div class=\"is-border\"\n\t\tstyle=\"border-width:1px 0px 1px 0px;\">\n\t<\/div>\n\n\t\t<\/div>\n\n\t\t\n\n\t\t<div class=\"section-content relative\">\n\t\t\t\n\n<div class=\"row row-large align-center\"  id=\"row-462123237\">\n\n\n\t<div id=\"col-1612865143\" class=\"col medium-9 small-12 large-9\"  >\n\t\t\t\t<div class=\"col-inner text-center\"  >\n\t\t\t\n\t\t\t\n\n<h2 class=\"uppercase\"><span style=\"font-size: 100%;\">CONTACTEZ-NOUS!<\/span><\/h2>\n\n\t\t<\/div>\n\t\t\t\t\t<\/div>\n\n\t\n\n\t<div id=\"col-529758035\" class=\"col small-12 large-12\"  >\n\t\t\t\t<div class=\"col-inner\"  >\n\t\t\t\n\t\t\t\n\n\n<div class=\"wpcf7 no-js\" id=\"wpcf7-f4534-o1\" lang=\"fr-FR\" dir=\"ltr\" data-wpcf7-id=\"4534\">\n<div class=\"screen-reader-response\"><p role=\"status\" aria-live=\"polite\" aria-atomic=\"true\"><\/p> <ul><\/ul><\/div>\n<form action=\"\/fr\/wp-json\/wp\/v2\/pages\/4329#wpcf7-f4534-o1\" method=\"post\" class=\"wpcf7-form init\" aria-label=\"Formulaire de contact\" novalidate=\"novalidate\" data-status=\"init\">\n<fieldset class=\"hidden-fields-container\"><input type=\"hidden\" name=\"_wpcf7\" value=\"4534\" \/><input type=\"hidden\" name=\"_wpcf7_version\" value=\"6.1.5\" \/><input type=\"hidden\" name=\"_wpcf7_locale\" value=\"fr_FR\" \/><input type=\"hidden\" name=\"_wpcf7_unit_tag\" value=\"wpcf7-f4534-o1\" \/><input type=\"hidden\" name=\"_wpcf7_container_post\" value=\"0\" \/><input type=\"hidden\" name=\"_wpcf7_posted_data_hash\" value=\"\" \/><input type=\"hidden\" name=\"_wpcf7_recaptcha_response\" value=\"\" \/>\n<\/fieldset>\n<div class=\"form-flat\">\n\t<p><span class=\"wpcf7-form-control-wrap\" data-name=\"your-name\"><input size=\"40\" maxlength=\"400\" class=\"wpcf7-form-control wpcf7-text wpcf7-validates-as-required\" aria-required=\"true\" aria-invalid=\"false\" placeholder=\"Nom (obligatoire)\" value=\"\" type=\"text\" name=\"your-name\" \/><\/span>\n\t<\/p>\n\t<p><span class=\"wpcf7-form-control-wrap\" data-name=\"your-email\"><input size=\"40\" maxlength=\"400\" class=\"wpcf7-form-control wpcf7-email wpcf7-validates-as-required wpcf7-text wpcf7-validates-as-email\" aria-required=\"true\" aria-invalid=\"false\" placeholder=\"Email (obligatoire)\" value=\"\" type=\"email\" name=\"your-email\" \/><\/span>\n\t<\/p>\n\t<p><span class=\"wpcf7-form-control-wrap\" data-name=\"your-message\"><textarea cols=\"40\" rows=\"10\" maxlength=\"2000\" class=\"wpcf7-form-control wpcf7-textarea\" aria-invalid=\"false\" placeholder=\"Message (obligatoire)\" name=\"your-message\"><\/textarea><\/span>\n\t<\/p>\n\t<p><input class=\"wpcf7-form-control wpcf7-submit has-spinner button\" type=\"submit\" value=\"Envoyez votre demande\" \/>\n\t<\/p>\n<\/div><div class=\"wpcf7-response-output\" aria-hidden=\"true\"><\/div>\n<\/form>\n<\/div>\n\n\n\n\t\t<\/div>\n\t\t\t\t\t<\/div>\n\n\t\n\n<\/div>\n\n\t\t<\/div>\n\n\t\t\n<style>\n#section_858644687 {\n  padding-top: 60px;\n  padding-bottom: 60px;\n  background-color: rgb(207, 207, 207);\n}\n#section_858644687 .section-bg-overlay {\n  background-color: rgba(255, 255, 255, 0.85);\n}\n<\/style>\n\t<\/section>\n\t\n\n","protected":false},"excerpt":{"rendered":"","protected":false},"author":2,"featured_media":0,"parent":0,"menu_order":0,"comment_status":"closed","ping_status":"closed","template":"page-blank.php","meta":{"footnotes":""},"class_list":["post-4329","page","type-page","status-publish","hentry"],"_links":{"self":[{"href":"https:\/\/artkeeping.com\/fr\/wp-json\/wp\/v2\/pages\/4329","targetHints":{"allow":["GET"]}}],"collection":[{"href":"https:\/\/artkeeping.com\/fr\/wp-json\/wp\/v2\/pages"}],"about":[{"href":"https:\/\/artkeeping.com\/fr\/wp-json\/wp\/v2\/types\/page"}],"author":[{"embeddable":true,"href":"https:\/\/artkeeping.com\/fr\/wp-json\/wp\/v2\/users\/2"}],"replies":[{"embeddable":true,"href":"https:\/\/artkeeping.com\/fr\/wp-json\/wp\/v2\/comments?post=4329"}],"version-history":[{"count":6,"href":"https:\/\/artkeeping.com\/fr\/wp-json\/wp\/v2\/pages\/4329\/revisions"}],"predecessor-version":[{"id":5620,"href":"https:\/\/artkeeping.com\/fr\/wp-json\/wp\/v2\/pages\/4329\/revisions\/5620"}],"wp:attachment":[{"href":"https:\/\/artkeeping.com\/fr\/wp-json\/wp\/v2\/media?parent=4329"}],"curies":[{"name":"wp","href":"https:\/\/api.w.org\/{rel}","templated":true}]}}