
{"id":4327,"date":"2021-05-04T10:27:56","date_gmt":"2021-05-04T09:27:56","guid":{"rendered":"https:\/\/artkeeping.com\/?page_id=4327"},"modified":"2021-05-13T12:55:22","modified_gmt":"2021-05-13T11:55:22","slug":"nos-produits","status":"publish","type":"page","link":"https:\/\/artkeeping.com\/fr\/nos-produits\/","title":{"rendered":"Nos produits"},"content":{"rendered":"\n\n\t<section class=\"section\" id=\"section_93695794\">\n\t\t<div class=\"section-bg fill\" >\n\t\t\t<img loading=\"lazy\" decoding=\"async\" width=\"1637\" height=\"500\" src=\"https:\/\/artkeeping.com\/wp-content\/uploads\/2021\/02\/slider_home1.png\" class=\"bg attachment- size-\" alt=\"\" \/>\t\t\t\t\t\t<div class=\"section-bg-overlay absolute fill\"><\/div>\n\t\t\t\n\n\t\t<\/div>\n\n\t\t\n\n\t\t<div class=\"section-content relative\">\n\t\t\t\n\n  <div class=\"banner-grid-wrapper\">\n  <div id=\"banner-grid-1974165758\" class=\"banner-grid row row-grid row-small row-box-shadow-1\" data-packery-options=\"\">\n                      \n\n<div class=\"col grid-col small-13 large-8 grid-col-1-2\" ><div class=\"col-inner\">\n\n\n  <div class=\"banner has-hover bg-zoom\" id=\"banner-473683688\">\n          <div class=\"banner-inner fill\">\n        <div class=\"banner-bg fill\" >\n            <img loading=\"lazy\" decoding=\"async\" width=\"1020\" height=\"406\" src=\"https:\/\/artkeeping.com\/wp-content\/uploads\/2021\/02\/pack-magnets-resinados-3.png\" class=\"bg attachment-large size-large\" alt=\"PACK DE MAGNETS RESINADOS\" \/>                                    \n                    <\/div>\n\t\t\n        <div class=\"banner-layers container\">\n            <a class=\"fill\" href=\"\/fr\/aimants\/\"><div class=\"fill banner-link\"><\/div><\/a>            \n\n   <div id=\"text-box-358067682\" class=\"text-box banner-layer x50 md-x50 lg-x50 y50 md-y50 lg-y50 res-text\">\n                     <div data-animate=\"fadeInLeft\">           <div class=\"text-box-content text dark\">\n              \n              <div class=\"text-inner text-left\">\n                  \n\n\t<div id=\"text-2971605255\" class=\"text\">\n\t\t\n\n<h2><strong>AIMANTS PERSONNALIS\u00c9S<\/strong>&nbsp;<\/h2>\n\t\t\n<style>\n#text-2971605255 {\n  color: rgb(255,255,255);\n}\n#text-2971605255 > * {\n  color: rgb(255,255,255);\n}\n<\/style>\n\t<\/div>\n\t\n<a href=\"\/fr\/aimants\/\" class=\"button white is-bevel is-larger\" style=\"border-radius:38px;\">\n\t\t<span>Plus d'infos<\/span>\n\t<\/a>\n\n\n\n              <\/div>\n           <\/div>\n       <\/div>                     \n<style>\n#text-box-358067682 {\n  width: 90%;\n}\n#text-box-358067682 .text-box-content {\n  font-size: 102%;\n}\n@media (min-width:550px) {\n  #text-box-358067682 {\n    width: 65%;\n  }\n}\n<\/style>\n    <\/div>\n \n\n        <\/div>\n      <\/div>\n\n            \n<style>\n#banner-473683688 {\n  padding-top: 500px;\n}\n#banner-473683688 .banner-bg img {\n  object-position: 32% 58%;\n}\n<\/style>\n  <\/div>\n\n\n\n<\/div><\/div>\n<div class=\"col grid-col small-13 large-4 grid-col-2-3\" ><div class=\"col-inner\">\n\n\n  <div class=\"banner has-hover bg-zoom\" id=\"banner-1794229920\">\n          <div class=\"banner-inner fill\">\n        <div class=\"banner-bg fill\" >\n            <img loading=\"lazy\" decoding=\"async\" width=\"800\" height=\"319\" src=\"https:\/\/artkeeping.com\/wp-content\/uploads\/2021\/02\/llaveros-con-gota-de-resina-3-800x319.png\" class=\"bg attachment-medium size-medium\" alt=\"LLAVEROS CON RESINA\" \/>                        <div class=\"overlay\"><\/div>            \n                    <\/div>\n\t\t\n        <div class=\"banner-layers container\">\n            <a class=\"fill\" href=\"\/fr\/porte-cles\/\"><div class=\"fill banner-link\"><\/div><\/a>            \n\n   <div id=\"text-box-1541508839\" class=\"text-box banner-layer x50 md-x50 lg-x50 y50 md-y50 lg-y50 res-text\">\n                                <div class=\"text-box-content text dark\">\n              \n              <div class=\"text-inner text-center\">\n                  \n\n\t<div id=\"text-1235497391\" class=\"text\">\n\t\t\n\n<h2><strong>Porte-cl\u00e9s<\/strong><\/h2>\n\t\t\n<style>\n#text-1235497391 {\n  text-align: center;\n}\n<\/style>\n\t<\/div>\n\t\n<a href=\"\/fr\/porte-cles\/\" class=\"button white is-gloss is-xxlarge\" style=\"border-radius:99px;\">\n\t\t<span>Plus d'infos<\/span>\n\t<\/a>\n\n\n\n              <\/div>\n           <\/div>\n                            \n<style>\n#text-box-1541508839 {\n  width: 67%;\n}\n#text-box-1541508839 .text-box-content {\n  font-size: 100%;\n}\n<\/style>\n    <\/div>\n \n\n        <\/div>\n      <\/div>\n\n            \n<style>\n#banner-1794229920 {\n  padding-top: 500px;\n}\n#banner-1794229920 .overlay {\n  background-color: rgba(0, 0, 0, 0.16);\n}\n#banner-1794229920 .banner-bg img {\n  object-position: 47% 55%;\n}\n<\/style>\n  <\/div>\n\n\n\n<\/div><\/div>\n<div class=\"col grid-col small-15 large-4 grid-col-1-2\" ><div class=\"col-inner\">\n\n\n  <div class=\"banner has-hover bg-zoom\" id=\"banner-556239770\">\n          <div class=\"banner-inner fill\">\n        <div class=\"banner-bg fill\" >\n            <img loading=\"lazy\" decoding=\"async\" width=\"800\" height=\"319\" src=\"https:\/\/artkeeping.com\/wp-content\/uploads\/2021\/02\/gomas-de-borrar-3D-4-800x319.png\" class=\"bg attachment-medium size-medium\" alt=\"GOMAS DE BORRAR 3D\" \/>                                    \n                    <\/div>\n\t\t\n        <div class=\"banner-layers container\">\n            <a class=\"fill\" href=\"\/fr\/gommes-effacer\/\"><div class=\"fill banner-link\"><\/div><\/a>            \n\n   <div id=\"text-box-1045061174\" class=\"text-box banner-layer x95 md-x95 lg-x95 y75 md-y75 lg-y75 res-text\">\n                     <div data-animate=\"fadeInLeft\">           <div class=\"text-box-content text \">\n              \n              <div class=\"text-inner text-left\">\n                  \n\n\t<div id=\"text-3342740079\" class=\"text\">\n\t\t\n\n<h2><strong>Gommes \u00e0 effacer<\/strong><\/h2>\n\t\t\n<style>\n#text-3342740079 {\n  color: rgb(0,0,0);\n}\n#text-3342740079 > * {\n  color: rgb(0,0,0);\n}\n<\/style>\n\t<\/div>\n\t\n<a href=\"\/fr\/gommes-effacer\/\" class=\"button white is-gloss is-xxlarge\" style=\"border-radius:99px;\">\n\t\t<span>Plus d'infos<\/span>\n\t<\/a>\n\n\n\n              <\/div>\n           <\/div>\n       <\/div>                     \n<style>\n#text-box-1045061174 {\n  width: 60%;\n}\n#text-box-1045061174 .text-box-content {\n  font-size: 100%;\n}\n@media (min-width:550px) {\n  #text-box-1045061174 {\n    width: 82%;\n  }\n}\n<\/style>\n    <\/div>\n \n\n        <\/div>\n      <\/div>\n\n            \n<style>\n#banner-556239770 {\n  padding-top: 500px;\n}\n#banner-556239770 .banner-bg img {\n  object-position: 66% 22%;\n}\n<\/style>\n  <\/div>\n\n\n\n<\/div><\/div>\n<div class=\"col grid-col small-13 large-4 grid-col-1-2\" ><div class=\"col-inner\">\n\n\n  <div class=\"banner has-hover bg-zoom\" id=\"banner-1366232447\">\n          <div class=\"banner-inner fill\">\n        <div class=\"banner-bg fill\" >\n            <img loading=\"lazy\" decoding=\"async\" width=\"800\" height=\"319\" src=\"https:\/\/artkeeping.com\/wp-content\/uploads\/2021\/02\/juego-de-memoria-6-800x319.png\" class=\"bg attachment-medium size-medium\" alt=\"JUEGOS DE MEMORIA PHOTO TWIN\u00ae\" \/>                                    \n                    <\/div>\n\t\t\n        <div class=\"banner-layers container\">\n            <a class=\"fill\" href=\"\/fr\/jeux-en-famille\/\"><div class=\"fill banner-link\"><\/div><\/a>            \n\n   <div id=\"text-box-1362086359\" class=\"text-box banner-layer x100 md-x100 lg-x100 y50 md-y50 lg-y50 res-text\">\n                                <div class=\"text-box-content text dark\">\n              \n              <div class=\"text-inner text-left\">\n                  \n\n<h2><strong>Jeux en Famille<\/strong><\/h2>\n<a href=\"\/fr\/jeux-en-famille\/\" class=\"button white is-gloss is-xxlarge\" style=\"border-radius:99px;\">\n\t\t<span>Plus d'infos<\/span>\n\t<\/a>\n\n\n\n              <\/div>\n           <\/div>\n                            \n<style>\n#text-box-1362086359 {\n  width: 80%;\n}\n#text-box-1362086359 .text-box-content {\n  font-size: 100%;\n}\n<\/style>\n    <\/div>\n \n\n        <\/div>\n      <\/div>\n\n            \n<style>\n#banner-1366232447 {\n  padding-top: 500px;\n}\n<\/style>\n  <\/div>\n\n\n\n<\/div><\/div>\n<div class=\"col grid-col small-15 large-4 grid-col-1-3\" ><div class=\"col-inner\">\n\n\n  <div class=\"banner has-hover bg-zoom\" id=\"banner-2061699709\">\n          <div class=\"banner-inner fill\">\n        <div class=\"banner-bg fill\" >\n            <img loading=\"lazy\" decoding=\"async\" width=\"800\" height=\"800\" src=\"https:\/\/artkeeping.com\/wp-content\/uploads\/2021\/03\/Layerart_produts_PNG-800x800.png\" class=\"bg attachment-medium size-medium\" alt=\"\" \/>                        <div class=\"overlay\"><\/div>            \n                    <\/div>\n\t\t\n        <div class=\"banner-layers container\">\n            <a class=\"fill\" href=\"\/fr\/carton-3d\/\"><div class=\"fill banner-link\"><\/div><\/a>            \n\n   <div id=\"text-box-1046651923\" class=\"text-box banner-layer x50 md-x50 lg-x50 y85 md-y85 lg-y85 res-text\">\n                                <div class=\"text-box-content text dark text-shadow-2\">\n              \n              <div class=\"text-inner text-left\">\n                  \n\n<h2><strong>Layerart &#8211; Carton 3D<\/strong><\/h2>\n<a href=\"\/fr\/carton-3d\/\" class=\"button white is-gloss is-xxlarge\" style=\"border-radius:99px;\">\n\t\t<span>Plus d'infos<\/span>\n\t<\/a>\n\n\n\n              <\/div>\n           <\/div>\n                            \n<style>\n#text-box-1046651923 {\n  width: 79%;\n}\n#text-box-1046651923 .text-box-content {\n  font-size: 100%;\n}\n<\/style>\n    <\/div>\n \n\n        <\/div>\n      <\/div>\n\n            \n<style>\n#banner-2061699709 {\n  padding-top: 500px;\n  background-color: rgb(255,255,255);\n}\n#banner-2061699709 .overlay {\n  background-color: rgba(0, 0, 0, 0.09);\n}\n#banner-2061699709 .banner-bg img {\n  object-position: 37% 59%;\n}\n<\/style>\n  <\/div>\n\n\n\n<\/div><\/div>\n<div class=\"col grid-col small-15 large-12 grid-col-1-2\" ><div class=\"col-inner\">\n\n\n  <div class=\"banner has-hover bg-zoom\" id=\"banner-2145795802\">\n          <div class=\"banner-inner fill\">\n        <div class=\"banner-bg fill\" >\n            <img loading=\"lazy\" decoding=\"async\" width=\"800\" height=\"800\" src=\"https:\/\/artkeeping.com\/wp-content\/uploads\/2021\/03\/OtrosProductos-800x800.jpg\" class=\"bg attachment-medium size-medium\" alt=\"Productos ArtKeeping\" \/>                        <div class=\"overlay\"><\/div>            \n                    <\/div>\n\t\t\n        <div class=\"banner-layers container\">\n            <a class=\"fill\" href=\"\/fr\/autres-produits\/\"><div class=\"fill banner-link\"><\/div><\/a>            \n\n   <div id=\"text-box-268876262\" class=\"text-box banner-layer x5 md-x5 lg-x5 y90 md-y90 lg-y90 res-text\">\n                                <div class=\"text-box-content text dark\">\n              \n              <div class=\"text-inner text-left\">\n                  \n\n\t<div id=\"text-1263802358\" class=\"text\">\n\t\t\n\n<h2><strong>Autres Produits<\/strong><\/h2>\n\t\t\n<style>\n#text-1263802358 {\n  font-size: 0.75rem;\n  color: rgb(0,0,0);\n}\n#text-1263802358 > * {\n  color: rgb(0,0,0);\n}\n<\/style>\n\t<\/div>\n\t\n<a href=\"\/fr\/autres-produits\/\" class=\"button white is-gloss\" style=\"border-radius:99px;\">\n\t\t<span>Plus d'infos<\/span>\n\t<\/a>\n\n\n\n              <\/div>\n           <\/div>\n                            \n<style>\n#text-box-268876262 {\n  width: 79%;\n}\n#text-box-268876262 .text-box-content {\n  font-size: 100%;\n}\n<\/style>\n    <\/div>\n \n\n        <\/div>\n      <\/div>\n\n            \n<style>\n#banner-2145795802 {\n  padding-top: 500px;\n}\n#banner-2145795802 .overlay {\n  background-color: rgba(0, 0, 0, 0.09);\n}\n#banner-2145795802 .banner-bg img {\n  object-position: 40% 51%;\n}\n<\/style>\n  <\/div>\n\n\n\n<\/div><\/div>\n\n            <\/div>\n    <style>\n    #banner-grid-1974165758 .grid-col-1{height: 666px}\n    #banner-grid-1974165758 .grid-col-1-2{height: 333px}\n    #banner-grid-1974165758 .grid-col-1-3{height:222px}\n    #banner-grid-1974165758 .grid-col-2-3{height: 444px}\n    #banner-grid-1974165758 .grid-col-1-4{height: 166.5px}\n    #banner-grid-1974165758 .grid-col-3-4{height: 499.5px}\n\n\n    \n    \n\n  <\/style>\n    <\/div>\n  \n\n\t\t<\/div>\n\n\t\t\n<style>\n#section_93695794 {\n  padding-top: 30px;\n  padding-bottom: 30px;\n  background-color: rgb(255, 255, 255);\n}\n#section_93695794 .section-bg-overlay {\n  background-color: rgba(255, 255, 255, 0.62);\n}\n<\/style>\n\t<\/section>\n\t\n\n\t<section class=\"section\" id=\"section_1378314728\">\n\t\t<div class=\"section-bg fill\" >\n\t\t\t\t\t\t\t\t\t\n\t\t\t\n\t<div class=\"is-border\"\n\t\tstyle=\"border-color:rgba(0, 0, 0, 0.05);border-width:1px 0px 0px 0px;\">\n\t<\/div>\n\n\t\t<\/div>\n\n\t\t\n\n\t\t<div class=\"section-content relative\">\n\t\t\t\n\n<div class=\"row\"  id=\"row-1061648559\">\n\n\n\t<div id=\"col-126687680\" class=\"col medium-4 small-12 large-4\"  >\n\t\t\t\t<div class=\"col-inner\"  >\n\t\t\t\n\t\t\t\n\n<h3>DESIGN PERSONNALIS\u00c9<\/h3>\n<p>Nos produits sont uniques. Chacun des projets d\u00e9velopp\u00e9s est cr\u00e9\u00e9 \u00e0 partir d&rsquo;une id\u00e9e originale et fabriqu\u00e9e exclusivement pour nos clients.<\/p>\n\n\t\t<\/div>\n\t\t\t\t\t<\/div>\n\n\t\n\n\t<div id=\"col-576592424\" class=\"col medium-4 small-12 large-4\"  >\n\t\t\t\t<div class=\"col-inner\"  >\n\t\t\t\n\t\t\t\n\n<h3>NOTRE SCEAU DE QUALIT\u00c9<\/h3>\n<p>Tous les produits Art Keeping sont approuv\u00e9s avec la garantie de qualit\u00e9 requise par l&rsquo;Union europ\u00e9enne, bas\u00e9e sur la norme UNE-EN 71-3 sur la s\u00e9curit\u00e9 des jouets et des mati\u00e8res premi\u00e8res exemptes de mati\u00e8res lourdes.<\/p>\n\n\t\t<\/div>\n\t\t\t\t\t<\/div>\n\n\t\n\n\t<div id=\"col-162369306\" class=\"col medium-4 small-12 large-4\"  >\n\t\t\t\t<div class=\"col-inner\"  >\n\t\t\t\n\t\t\t\n\n<h3>FLEXIBILIT\u00c9 ET AGILIT\u00c9<\/h3>\n<p>Art Keeping dispose de la derni\u00e8re technique de production num\u00e9rique qui nous permet d&rsquo;offrir une plus grande agilit\u00e9 dans la fabrication et de s&rsquo;adapter aux d\u00e9lais du client sans surco\u00fbt.<\/p>\n\n\t\t<\/div>\n\t\t\t\t\t<\/div>\n\n\t\n\n<\/div>\n\n\t\t<\/div>\n\n\t\t\n<style>\n#section_1378314728 {\n  padding-top: 30px;\n  padding-bottom: 30px;\n  background-color: rgb(246, 246, 246);\n}\n<\/style>\n\t<\/section>\n\t\n\n\t<section class=\"section\" id=\"section_1101184087\">\n\t\t<div class=\"section-bg fill\" >\n\t\t\t\t\t\t\t\t\t\n\t\t\t\n\t<div class=\"is-border\"\n\t\tstyle=\"border-color:rgba(0, 0, 0, 0.05);border-width:1px 0px 0px 0px;\">\n\t<\/div>\n\n\t\t<\/div>\n\n\t\t\n\n\t\t<div class=\"section-content relative\">\n\t\t\t\n\n<div class=\"row\"  id=\"row-1869620891\">\n\n\n\t<div id=\"col-1307607570\" class=\"col medium-4 small-12 large-4\"  >\n\t\t\t\t<div class=\"col-inner\"  >\n\t\t\t\n\t\t\t\n\n<h3 class=\"bold uppercase\">PROPRE PRODUCTION<\/h3>\n<p>Tous nos produits sont de notre propre fabrication, avec des machines \u00e0 la pointe de la technique et des mat\u00e9riaux de haute qualit\u00e9.<\/p>\n\n\t\t<\/div>\n\t\t\t\t\t<\/div>\n\n\t\n\n\t<div id=\"col-962168842\" class=\"col medium-4 small-12 large-4\"  >\n\t\t\t\t<div class=\"col-inner\"  >\n\t\t\t\n\t\t\t\n\n<h3>PRODUITS EXCLUSIFS<\/h3>\n<p>Art Keeping dispose d&rsquo;une grande \u00e9quipe de cr\u00e9atifs et de designers qui \u00e9tudient les besoins de nos clients et personnalisent les produits selon leurs sp\u00e9cifications.<\/p>\n\n\t\t<\/div>\n\t\t\t\t\t<\/div>\n\n\t\n\n\t<div id=\"col-198743313\" class=\"col medium-4 small-12 large-4\"  >\n\t\t\t\t<div class=\"col-inner\"  >\n\t\t\t\n\t\t\t\n\n<h3>PRODUITS STANDARD<\/h3>\n<p>De plus, nous avons une large gamme de r\u00e9f\u00e9rences et de produits en stock avec une disponibilit\u00e9 imm\u00e9diate pour tout besoin d&rsquo;urgence ou promotionnel.<\/p>\n\n\t\t<\/div>\n\t\t\t\t\t<\/div>\n\n\t\n\n<\/div>\n\n\t\t<\/div>\n\n\t\t\n<style>\n#section_1101184087 {\n  padding-top: 30px;\n  padding-bottom: 30px;\n  background-color: rgb(246, 246, 246);\n}\n<\/style>\n\t<\/section>\n\t\n\n","protected":false},"excerpt":{"rendered":"","protected":false},"author":2,"featured_media":0,"parent":0,"menu_order":0,"comment_status":"closed","ping_status":"closed","template":"page-blank.php","meta":{"footnotes":""},"class_list":["post-4327","page","type-page","status-publish","hentry"],"_links":{"self":[{"href":"https:\/\/artkeeping.com\/fr\/wp-json\/wp\/v2\/pages\/4327","targetHints":{"allow":["GET"]}}],"collection":[{"href":"https:\/\/artkeeping.com\/fr\/wp-json\/wp\/v2\/pages"}],"about":[{"href":"https:\/\/artkeeping.com\/fr\/wp-json\/wp\/v2\/types\/page"}],"author":[{"embeddable":true,"href":"https:\/\/artkeeping.com\/fr\/wp-json\/wp\/v2\/users\/2"}],"replies":[{"embeddable":true,"href":"https:\/\/artkeeping.com\/fr\/wp-json\/wp\/v2\/comments?post=4327"}],"version-history":[{"count":8,"href":"https:\/\/artkeeping.com\/fr\/wp-json\/wp\/v2\/pages\/4327\/revisions"}],"predecessor-version":[{"id":5402,"href":"https:\/\/artkeeping.com\/fr\/wp-json\/wp\/v2\/pages\/4327\/revisions\/5402"}],"wp:attachment":[{"href":"https:\/\/artkeeping.com\/fr\/wp-json\/wp\/v2\/media?parent=4327"}],"curies":[{"name":"wp","href":"https:\/\/api.w.org\/{rel}","templated":true}]}}