
{"id":4323,"date":"2021-05-04T07:54:42","date_gmt":"2021-05-04T06:54:42","guid":{"rendered":"https:\/\/artkeeping.com\/?page_id=4323"},"modified":"2021-05-13T13:08:31","modified_gmt":"2021-05-13T12:08:31","slug":"qui-sommes-nous","status":"publish","type":"page","link":"https:\/\/artkeeping.com\/fr\/qui-sommes-nous\/","title":{"rendered":"Qui sommes-nous?"},"content":{"rendered":"\n<div class=\"container section-title-container\" ><h2 class=\"section-title section-title-normal\"><b aria-hidden=\"true\"><\/b><span class=\"section-title-main\" >\u00c0 propos de nous<\/span><b aria-hidden=\"true\"><\/b><\/h2><\/div>\n\n\n\t<section class=\"section\" id=\"section_1003093286\">\n\t\t<div class=\"section-bg fill\" >\n\t\t\t\t\t\t\t\t\t<div class=\"section-bg-overlay absolute fill\"><\/div>\n\t\t\t\n\n\t\t<\/div>\n\n\t\t\n\n\t\t<div class=\"section-content relative\">\n\t\t\t\n\n<div class=\"row row-collapse row-full-width align-middle\"  id=\"row-2120698946\">\n\n\n\t<div id=\"col-1088665179\" class=\"col medium-6 small-12 large-6\"  >\n\t\t\t\t<div class=\"col-inner text-center\"  >\n\t\t\t\n\t\t\t\n\n<p>&nbsp;<\/p>\n<h2>Nous sommes Art Keeping<\/h2>\n<p>Chez Art Keeping, nous fabriquons depuis plus de 20 ans des produits personnalis\u00e9s pour les boutiques de mus\u00e9es, les offices de tourisme et le merchandising commercial, ainsi que pour les clients qui ont besoin de personnaliser leur produit promotionnel.<\/p>\n<p>Qualit\u00e9, flexibilit\u00e9 de la production est une large vari\u00e9t\u00e9 de formats pour r\u00e9pondre \u00e0 tous les besoins de nos clients.<\/p>\n\n\t\t<\/div>\n\t\t\t\t\n<style>\n#col-1088665179 > .col-inner {\n  padding: 10% 10% 10% 10%;\n  max-width: 520px;\n}\n<\/style>\n\t<\/div>\n\n\t\n\n\t<div id=\"col-260012096\" class=\"col medium-6 small-12 large-6\"  >\n\t\t\t\t<div class=\"col-inner\"  >\n\t\t\t\n\t\t\t\n\n\t<div class=\"img has-hover x md-x lg-x y md-y lg-y\" id=\"image_2134102869\">\n\t\t\t\t\t\t\t\t<div class=\"img-inner dark\" >\n\t\t\t<img loading=\"lazy\" decoding=\"async\" width=\"1020\" height=\"289\" src=\"https:\/\/artkeeping.com\/wp-content\/uploads\/2021\/04\/dados-1400x396.jpg\" class=\"attachment-large size-large\" alt=\"\" srcset=\"https:\/\/artkeeping.com\/wp-content\/uploads\/2021\/04\/dados-1400x396.jpg 1400w, https:\/\/artkeeping.com\/wp-content\/uploads\/2021\/04\/dados-800x226.jpg 800w, https:\/\/artkeeping.com\/wp-content\/uploads\/2021\/04\/dados-768x217.jpg 768w, https:\/\/artkeeping.com\/wp-content\/uploads\/2021\/04\/dados-1536x434.jpg 1536w, https:\/\/artkeeping.com\/wp-content\/uploads\/2021\/04\/dados-2048x579.jpg 2048w, https:\/\/artkeeping.com\/wp-content\/uploads\/2021\/04\/dados-300x85.jpg 300w\" sizes=\"auto, (max-width: 1020px) 100vw, 1020px\" \/>\t\t\t\t\t\t\n\t\t\t\t\t<\/div>\n\t\t\t\t\t\t\t\t\n<style>\n#image_2134102869 {\n  width: 100%;\n}\n<\/style>\n\t<\/div>\n\t\n\n\n\t\t<\/div>\n\t\t\t\t\t<\/div>\n\n\t\n\n<\/div>\n\n\t\t<\/div>\n\n\t\t\n<style>\n#section_1003093286 {\n  padding-top: 0px;\n  padding-bottom: 0px;\n  background-color: rgb(247, 247, 247);\n}\n#section_1003093286 .section-bg-overlay {\n  background-color: rgba(255, 255, 255, 0.85);\n}\n<\/style>\n\t<\/section>\n\t\n\n\t<section class=\"section\" id=\"section_111969667\">\n\t\t<div class=\"section-bg fill\" >\n\t\t\t\t\t\t\t\t\t<div class=\"section-bg-overlay absolute fill\"><\/div>\n\t\t\t\n\n\t\t<\/div>\n\n\t\t\n\n\t\t<div class=\"section-content relative\">\n\t\t\t\n\n<div class=\"row row-collapse row-full-width align-middle\"  id=\"row-1372622400\">\n\n\n\t<div id=\"col-907807685\" class=\"col medium-6 small-12 large-6\"  >\n\t\t\t\t<div class=\"col-inner\"  >\n\t\t\t\n\t\t\t\n\n\t<div class=\"img has-hover x md-x lg-x y md-y lg-y\" id=\"image_218834679\">\n\t\t\t\t\t\t\t\t<div class=\"img-inner dark\" >\n\t\t\t<img loading=\"lazy\" decoding=\"async\" width=\"1020\" height=\"682\" src=\"https:\/\/artkeeping.com\/wp-content\/uploads\/2021\/04\/gomas-1-1400x936.jpg\" class=\"attachment-large size-large\" alt=\"\" srcset=\"https:\/\/artkeeping.com\/wp-content\/uploads\/2021\/04\/gomas-1-1400x936.jpg 1400w, https:\/\/artkeeping.com\/wp-content\/uploads\/2021\/04\/gomas-1-800x535.jpg 800w, https:\/\/artkeeping.com\/wp-content\/uploads\/2021\/04\/gomas-1-768x513.jpg 768w, https:\/\/artkeeping.com\/wp-content\/uploads\/2021\/04\/gomas-1-1536x1027.jpg 1536w, https:\/\/artkeeping.com\/wp-content\/uploads\/2021\/04\/gomas-1-300x201.jpg 300w, https:\/\/artkeeping.com\/wp-content\/uploads\/2021\/04\/gomas-1.jpg 1969w\" sizes=\"auto, (max-width: 1020px) 100vw, 1020px\" \/>\t\t\t\t\t\t\n\t\t\t\t\t<\/div>\n\t\t\t\t\t\t\t\t\n<style>\n#image_218834679 {\n  width: 100%;\n}\n<\/style>\n\t<\/div>\n\t\n\n\n\t\t<\/div>\n\t\t\t\t\t<\/div>\n\n\t\n\n\t<div id=\"col-814098487\" class=\"col medium-6 small-12 large-6\"  >\n\t\t\t\t<div class=\"col-inner text-center\"  >\n\t\t\t\n\t\t\t\n\n<p>&nbsp;<\/p>\n<h2>Design personnalis\u00e9<\/h2>\n<p>Nos produits sont uniques. Chacun des projets est cr\u00e9\u00e9 \u00e0 partir d&rsquo;une id\u00e9e originale et fabriqu\u00e9e exclusivement pour nos clients..<\/p>\n<p> Art Keeping a une grande \u00e9quipe de designers cr\u00e9atifs qui \u00e9tudie les besoins de nos clients et personnalisent les produits selon leurs sp\u00e9cifications.&nbsp;<\/p>\n\n\t\t<\/div>\n\t\t\t\t\n<style>\n#col-814098487 > .col-inner {\n  padding: 10% 10% 10% 10%;\n  max-width: 520px;\n}\n<\/style>\n\t<\/div>\n\n\t\n\n<\/div>\n\n\t\t<\/div>\n\n\t\t\n<style>\n#section_111969667 {\n  padding-top: 0px;\n  padding-bottom: 0px;\n  background-color: rgb(247, 247, 247);\n}\n#section_111969667 .section-bg-overlay {\n  background-color: rgba(255, 255, 255, 0.85);\n}\n<\/style>\n\t<\/section>\n\t\n\n\t<section class=\"section\" id=\"section_447169503\">\n\t\t<div class=\"section-bg fill\" >\n\t\t\t\t\t\t\t\t\t<div class=\"section-bg-overlay absolute fill\"><\/div>\n\t\t\t\n\n\t\t<\/div>\n\n\t\t\n\n\t\t<div class=\"section-content relative\">\n\t\t\t\n\n<div class=\"row row-collapse row-full-width align-middle\"  id=\"row-485520661\">\n\n\n\t<div id=\"col-607638886\" class=\"col medium-6 small-12 large-6\"  >\n\t\t\t\t<div class=\"col-inner text-center\"  >\n\t\t\t\n\t\t\t\n\n<p>&nbsp;<\/p>\n<h2>Flexibilit\u00e9 et agilit\u00e9<\/h2>\n<p class=\"p1\">Art Keeping utilise la derni\u00e8re technique dans la production digitale qui peut offrir une plus grande flexibilit\u00e9 dans la fabrication et s\u2019adapter aux d\u00e9lais du client sans frais suppl\u00e9mentaires.<\/p>\n\n\t\t<\/div>\n\t\t\t\t\n<style>\n#col-607638886 > .col-inner {\n  padding: 10% 10% 10% 10%;\n  max-width: 520px;\n}\n<\/style>\n\t<\/div>\n\n\t\n\n\t<div id=\"col-1701756381\" class=\"col medium-6 small-12 large-6\"  >\n\t\t\t\t<div class=\"col-inner\"  >\n\t\t\t\n\t\t\t\n\n\t<div class=\"img has-hover x md-x lg-x y md-y lg-y\" id=\"image_1876309378\">\n\t\t\t\t\t\t\t\t<div class=\"img-inner dark\" >\n\t\t\t<img loading=\"lazy\" decoding=\"async\" width=\"1020\" height=\"682\" src=\"https:\/\/artkeeping.com\/wp-content\/uploads\/2021\/04\/DSC_0892.jpg\" class=\"attachment-large size-large\" alt=\"\" srcset=\"https:\/\/artkeeping.com\/wp-content\/uploads\/2021\/04\/DSC_0892.jpg 1024w, https:\/\/artkeeping.com\/wp-content\/uploads\/2021\/04\/DSC_0892-800x535.jpg 800w, https:\/\/artkeeping.com\/wp-content\/uploads\/2021\/04\/DSC_0892-768x514.jpg 768w, https:\/\/artkeeping.com\/wp-content\/uploads\/2021\/04\/DSC_0892-300x201.jpg 300w\" sizes=\"auto, (max-width: 1020px) 100vw, 1020px\" \/>\t\t\t\t\t\t\n\t\t\t\t\t<\/div>\n\t\t\t\t\t\t\t\t\n<style>\n#image_1876309378 {\n  width: 100%;\n}\n<\/style>\n\t<\/div>\n\t\n\n\n\t\t<\/div>\n\t\t\t\t\n<style>\n#col-1701756381 > .col-inner {\n  padding: 16px 0px 0px 0px;\n}\n<\/style>\n\t<\/div>\n\n\t\n\n<\/div>\n\n\t\t<\/div>\n\n\t\t\n<style>\n#section_447169503 {\n  padding-top: 0px;\n  padding-bottom: 0px;\n}\n#section_447169503 .section-bg-overlay {\n  background-color: rgba(255, 255, 255, 0.85);\n}\n<\/style>\n\t<\/section>\n\t\n\n\t<section class=\"section\" id=\"section_1511887675\">\n\t\t<div class=\"section-bg fill\" >\n\t\t\t\t\t\t\t\t\t<div class=\"section-bg-overlay absolute fill\"><\/div>\n\t\t\t\n\n\t\t<\/div>\n\n\t\t\n\n\t\t<div class=\"section-content relative\">\n\t\t\t\n\n<div class=\"row row-collapse row-full-width align-middle\"  id=\"row-1227315919\">\n\n\n\t<div id=\"col-49897798\" class=\"col medium-6 small-12 large-6\"  >\n\t\t\t\t<div class=\"col-inner\"  >\n\t\t\t\n\t\t\t\n\n\t<div class=\"img has-hover x md-x lg-x y md-y lg-y\" id=\"image_1033009117\">\n\t\t\t\t\t\t\t\t<div class=\"img-inner dark\" >\n\t\t\t<img loading=\"lazy\" decoding=\"async\" width=\"424\" height=\"427\" src=\"https:\/\/artkeeping.com\/wp-content\/uploads\/2021\/04\/gota-resina1.png\" class=\"attachment-large size-large\" alt=\"\" srcset=\"https:\/\/artkeeping.com\/wp-content\/uploads\/2021\/04\/gota-resina1.png 424w, https:\/\/artkeeping.com\/wp-content\/uploads\/2021\/04\/gota-resina1-300x302.png 300w, https:\/\/artkeeping.com\/wp-content\/uploads\/2021\/04\/gota-resina1-100x100.png 100w\" sizes=\"auto, (max-width: 424px) 100vw, 424px\" \/>\t\t\t\t\t\t\n\t\t\t\t\t<\/div>\n\t\t\t\t\t\t\t\t\n<style>\n#image_1033009117 {\n  width: 100%;\n}\n<\/style>\n\t<\/div>\n\t\n\n\n\t\t<\/div>\n\t\t\t\t\t<\/div>\n\n\t\n\n\t<div id=\"col-1326804310\" class=\"col medium-6 small-12 large-6\"  >\n\t\t\t\t<div class=\"col-inner text-center\"  >\n\t\t\t\n\t\t\t\n\n<p>&nbsp;<\/p>\n<h2>Notre qualit\u00e9 seal<\/h2>\n<p>Tous nos produits sont de notre propre fabrication, avec des machines \u00e0 la pointe de la technique et des mat\u00e9riaux de haute qualit\u00e9.<\/p>\n<p>Notre fabrication est certifi\u00e9e avec la garantie de qualit\u00e9 exig\u00e9e par l&rsquo;Union europ\u00e9enne, bas\u00e9e sur la norme UNE-EN 71-3, et la goutte de polyur\u00e9thane sans mercure conform\u00e9ment au r\u00e8glement europ\u00e9en 1907\/2006 (REACh) R\u00e9sines hautes performances certifi\u00e9es pour les tests SAE J1960-89 (4000 heures sans aucune coloration de surface ni changement de couleur.<\/p>\n\n\t\t<\/div>\n\t\t\t\t\n<style>\n#col-1326804310 > .col-inner {\n  padding: 10% 10% 10% 10%;\n  max-width: 520px;\n}\n<\/style>\n\t<\/div>\n\n\t\n\n<\/div>\n\n\t\t<\/div>\n\n\t\t\n<style>\n#section_1511887675 {\n  padding-top: 0px;\n  padding-bottom: 0px;\n  background-color: rgb(247, 247, 247);\n}\n#section_1511887675 .section-bg-overlay {\n  background-color: rgba(255, 255, 255, 0.85);\n}\n<\/style>\n\t<\/section>\n\t\n\n","protected":false},"excerpt":{"rendered":"","protected":false},"author":2,"featured_media":3978,"parent":0,"menu_order":0,"comment_status":"closed","ping_status":"closed","template":"","meta":{"footnotes":""},"class_list":["post-4323","page","type-page","status-publish","has-post-thumbnail","hentry"],"_links":{"self":[{"href":"https:\/\/artkeeping.com\/fr\/wp-json\/wp\/v2\/pages\/4323","targetHints":{"allow":["GET"]}}],"collection":[{"href":"https:\/\/artkeeping.com\/fr\/wp-json\/wp\/v2\/pages"}],"about":[{"href":"https:\/\/artkeeping.com\/fr\/wp-json\/wp\/v2\/types\/page"}],"author":[{"embeddable":true,"href":"https:\/\/artkeeping.com\/fr\/wp-json\/wp\/v2\/users\/2"}],"replies":[{"embeddable":true,"href":"https:\/\/artkeeping.com\/fr\/wp-json\/wp\/v2\/comments?post=4323"}],"version-history":[{"count":9,"href":"https:\/\/artkeeping.com\/fr\/wp-json\/wp\/v2\/pages\/4323\/revisions"}],"predecessor-version":[{"id":5407,"href":"https:\/\/artkeeping.com\/fr\/wp-json\/wp\/v2\/pages\/4323\/revisions\/5407"}],"wp:featuredmedia":[{"embeddable":true,"href":"https:\/\/artkeeping.com\/fr\/wp-json\/wp\/v2\/media\/3978"}],"wp:attachment":[{"href":"https:\/\/artkeeping.com\/fr\/wp-json\/wp\/v2\/media?parent=4323"}],"curies":[{"name":"wp","href":"https:\/\/api.w.org\/{rel}","templated":true}]}}