
{"id":2262,"date":"2021-03-15T16:41:25","date_gmt":"2021-03-15T15:41:25","guid":{"rendered":"https:\/\/artkeeping.com\/politicas-de-envios\/"},"modified":"2021-03-23T17:51:28","modified_gmt":"2021-03-23T16:51:28","slug":"politicas-de-envios","status":"publish","type":"page","link":"https:\/\/artkeeping.com\/fr\/politicas-de-envios\/","title":{"rendered":"Politiques d&rsquo;Exp\u00e9dition"},"content":{"rendered":"\n<p class=\"has-medium-font-size\"><strong>Politiques d&rsquo;Exp\u00e9dition<\/strong><\/p>\n\n\n\n<p><strong><em>Quels sont les d\u00e9lais d&rsquo;ex\u00e9cution?<\/em><\/strong><\/p>\n\n\n\n<p><em>En\u00a0<\/em><strong><em><a href=\"\/\">artkeeping.com<\/a><\/em><\/strong><em>\u00a0Nous nous engageons \u00e0 fournir les produits dans les plus brefs d\u00e9lais. Lorsque vous effectuez un achat sur notre portail Web, vous pouvez vous retrouver dans trois situations diff\u00e9rentes:<\/em><\/p>\n\n\n\n<p><em>&#8211;\u00a0<strong>Produit (s) en stock: <\/strong>Le d\u00e9lai de livraison estim\u00e9 est de 2 \u00e0 5 jours ouvr\u00e9s, \u00e0 compter de la confirmation de commande.<\/em><\/p>\n\n\n\n<p><em>&#8211;\u00a0<strong>Produit (s) en faible stock: <\/strong>Le d\u00e9lai de livraison estim\u00e9 est compris entre 2 et 8 jours ouvrables, \u00e0 compter de la confirmation de celui-ci. Si le d\u00e9lai de livraison est plus long, nous contacterons le client pour l&rsquo;informer \u00e0 tout moment de l&rsquo;\u00e9tat de sa (ses) commande (s).<\/em><\/p>\n\n\n\n<p><em>&#8211;\u00a0<strong>Produit (s) en rupture de stock: <\/strong>Nous n&rsquo;autorisons pas l&rsquo;achat de produit (s) qui se trouvent dans cette situation. M\u00eame ainsi, il se peut qu&rsquo;en l&rsquo;absence de mise \u00e0 jour du Stock, le client puisse acheter un ou des articles en rupture de stock. Dans ces circonstances, le d\u00e9lai de livraison sera d\u00e9termin\u00e9 par le fournisseur du ou des articles. Dans le cas o\u00f9 cela d\u00e9passe 10 jours ouvrables, nous informerons le (s) client (s) afin qu&rsquo;ils puissent d\u00e9cider ce qu&rsquo;ils veulent faire de leur commande et ils auront toujours la possibilit\u00e9 d&rsquo;annuler la commande et un remboursement int\u00e9gral du montant pay\u00e9. .<\/em><\/p>\n\n\n\n<p><em>Si pour une raison quelconque la date de livraison doit \u00eatre retard\u00e9e, nous vous contacterons pour vous en informer.<\/em><\/p>\n\n\n\n<p><em>Une fois la commande pass\u00e9e, il n&rsquo;est pas permis de modifier l&rsquo;adresse de livraison, sauf si le client en supporte les frais et que cela soit express\u00e9ment accept\u00e9 par les deux parties.<\/em><\/p>\n\n\n\n<p><em style=\"\"><b>Quel est le co\u00fbt d&rsquo;exp\u00e9dition?<\/b><\/em><\/p>\n\n\n\n<p><em>Le prix de chaque produit sera clairement d\u00e9termin\u00e9 sur le site Internet. Le prix et les conditions des produits propos\u00e9s peuvent varier, mais dans tous les cas, le prix et les conditions qui existaient lors de la passation de la commande pr\u00e9vaudront toujours pour le Client. Le client sera toujours inform\u00e9 du prix total de la commande (TVA, taxes et frais de livraison inclus) avant de proc\u00e9der \u00e0 son achat.<\/em><\/p>\n\n\n\n<p><em style=\"\"><b>Puis-je suivre la commande?<\/b><\/em><\/p>\n\n\n\n<p><em>Desde <strong><a href=\"https:\/\/artkeeping.com\/\">artkeeping.com<\/a><\/strong> nous travaillons avec plusieurs soci\u00e9t\u00e9s de transport externes pour garantir le meilleur prix d&rsquo;exp\u00e9dition en fonction de la zone dans laquelle se trouve le Client.<\/em><\/p>\n\n\n\n<p><em>En g\u00e9n\u00e9ral, la plupart des transporteurs fournissent aux clients un num\u00e9ro de r\u00e9f\u00e9rence qui leur permettra de suivre les exp\u00e9ditions \u00e0 partir du site Web de cette soci\u00e9t\u00e9. Ces informations seront disponibles pour l&rsquo;utilisateur une fois qu&rsquo;elles auront \u00e9t\u00e9 collect\u00e9es par le transporteur et que la marchandise sera scann\u00e9e dans l&rsquo;entrep\u00f4t de colis.<\/em><\/p>\n\n\n\n<p><em><strong>Que se passe-t-il si je ne suis pas \u00e0 l&rsquo;adresse que j&rsquo;ai indiqu\u00e9e lorsque le transporteur doit livrer la commande, ou si elle n&rsquo;arrive pas?<\/strong><\/em><\/p>\n\n\n\n<p><em>Lorsque vous traitez avec des entreprises de transport externes, <em><strong><em><a href=\"https:\/\/artkeeping.com\/\">artkeeping.com<\/a><\/em><\/strong><\/em> n&rsquo;a plus le contr\u00f4le sur eux une fois que le transporteur r\u00e9cup\u00e8re le colis. Toute information ou demande requise \u00e0 son sujet doit \u00eatre adress\u00e9e directement au transporteur.<\/em><\/p>\n\n\n\n<p><strong><em>Si vous avez besoin de plus d&rsquo;informations, n&rsquo;h\u00e9sitez pas \u00e0 nous contacter via:<\/em><\/strong><\/p>\n\n\n\n<p><strong><em>T\u00c9l\u00c9PHONE<\/em><\/strong><\/p>\n\n\n\n<p><em>(+34) 93 485 66 50<\/em><\/p>\n\n\n\n<p><em>Du lundi au vendredi de 10h00 \u00e0 14h00<\/em><\/p>\n\n\n\n<p><em>Art Keeping, s.l.<br>C\/ Joan Mir\u00f3 21<br>08930 Sant Adri\u00e0 de Bes\u00f2s<br>Barcelona<\/em><\/p>\n","protected":false},"excerpt":{"rendered":"<p>Politiques d&rsquo;Exp\u00e9dition Quels sont les d\u00e9lais d&rsquo;ex\u00e9cution? En\u00a0artkeeping.com\u00a0Nous nous engageons \u00e0 fournir les produits dans les plus brefs d\u00e9lais. Lorsque vous effectuez un achat sur notre portail Web, vous pouvez vous retrouver dans trois situations diff\u00e9rentes: &#8211;\u00a0Produit (s) en stock: Le d\u00e9lai de livraison estim\u00e9 est de 2 \u00e0 5 jours ouvr\u00e9s, \u00e0 compter de [&#8230;]\n","protected":false},"author":2,"featured_media":0,"parent":0,"menu_order":0,"comment_status":"closed","ping_status":"closed","template":"","meta":{"footnotes":""},"class_list":["post-2262","page","type-page","status-publish","hentry"],"_links":{"self":[{"href":"https:\/\/artkeeping.com\/fr\/wp-json\/wp\/v2\/pages\/2262","targetHints":{"allow":["GET"]}}],"collection":[{"href":"https:\/\/artkeeping.com\/fr\/wp-json\/wp\/v2\/pages"}],"about":[{"href":"https:\/\/artkeeping.com\/fr\/wp-json\/wp\/v2\/types\/page"}],"author":[{"embeddable":true,"href":"https:\/\/artkeeping.com\/fr\/wp-json\/wp\/v2\/users\/2"}],"replies":[{"embeddable":true,"href":"https:\/\/artkeeping.com\/fr\/wp-json\/wp\/v2\/comments?post=2262"}],"version-history":[{"count":8,"href":"https:\/\/artkeeping.com\/fr\/wp-json\/wp\/v2\/pages\/2262\/revisions"}],"predecessor-version":[{"id":2585,"href":"https:\/\/artkeeping.com\/fr\/wp-json\/wp\/v2\/pages\/2262\/revisions\/2585"}],"wp:attachment":[{"href":"https:\/\/artkeeping.com\/fr\/wp-json\/wp\/v2\/media?parent=2262"}],"curies":[{"name":"wp","href":"https:\/\/api.w.org\/{rel}","templated":true}]}}