
{"id":2259,"date":"2021-03-05T07:41:31","date_gmt":"2021-03-05T06:41:31","guid":{"rendered":"https:\/\/artkeeping.com\/politica-de-cookies\/"},"modified":"2021-03-23T17:43:07","modified_gmt":"2021-03-23T16:43:07","slug":"politica-de-cookies","status":"publish","type":"page","link":"https:\/\/artkeeping.com\/fr\/politica-de-cookies\/","title":{"rendered":"Politique de cookies"},"content":{"rendered":"\n<p class=\"has-medium-font-size\"><strong>Politique de cookies<\/strong><\/p>\n\n\n\n<p><em>Au cours de vos visites sur nos pages, artkeeping.com peut utiliser des cookies, de petits fichiers de donn\u00e9es qui sont stock\u00e9s dans le syst\u00e8me de l&rsquo;utilisateur, qui permettent \u00e0 l&rsquo;utilisateur de personnaliser et de faciliter la navigation du site Web, et qui sont associ\u00e9s \u00e0 un utilisateur anonyme sans les donn\u00e9es personnelles en sont d\u00e9duites.<\/em><\/p>\n\n\n\n<p><strong><em>Ces cookies ne contiennent pas d&rsquo;informations confidentielles vous concernant<\/em><\/strong><em>.<\/em><\/p>\n\n\n\n<p><em>Vous pouvez d\u00e9sactiver les cookies dans les param\u00e8tres de votre navigateur. Cette d\u00e9sactivation des cookies n&#8217;emp\u00eache pas l&rsquo;utilisateur d&rsquo;acc\u00e9der au contenu du site Web, bien qu&rsquo;il soit possible que vous ne puissiez pas acc\u00e9der \u00e0 l&rsquo;une des sections de notre site Web.<\/em><\/p>\n\n\n\n<p><em>Pour plus d&rsquo;informations sur la fa\u00e7on de bloquer l&rsquo;utilisation des cookies via le navigateur Chrome, consultez:\u00a0<a rel=\"noreferrer noopener\" href=\"https:\/\/support.google.com\/chrome\/answer\/95647?hl=es%20\" target=\"_blank\">https:\/\/support.google.com\/chrome\/answer\/95647?hl=es<\/a><\/em><\/p>\n\n\n\n<p><em>Pour plus d&rsquo;informations sur la fa\u00e7on de bloquer l&rsquo;utilisation des cookies via le navigateur Firefox \u00e0 l&rsquo;adresse:\u00a0<a rel=\"noreferrer noopener\" href=\"https:\/\/support.mozilla.org\/es\/kb\/habilitar-y-deshabilitar-cookies-que-los-sitios-we\" target=\"_blank\">https:\/\/support.mozilla.org\/es\/kb\/habilitar-y-deshabilitar-cookies-que-los-sitios-we<\/a><\/em><\/p>\n\n\n\n<p><em>Pour plus d&rsquo;informations sur la fa\u00e7on de bloquer l&rsquo;utilisation des cookies via le navigateur Internet Explorer, \u00e0 l&rsquo;adresse:\u00a0<a rel=\"noreferrer noopener\" href=\"https:\/\/windows.microsoft.com\/es-es\/windows7\/how-to-manage-cookies-in-internet-explorer-9\" target=\"_blank\">http:\/\/windows.microsoft.com\/es-es\/windows7\/how-to-manage-cookies-in-internet-explorer-9<\/a><\/em><\/p>\n\n\n\n<p><em>Pour plus d&rsquo;informations sur la fa\u00e7on de bloquer l&rsquo;utilisation des cookies via le navigateur Safari, \u00e0 l&rsquo;adresse:\u00a0<a rel=\"noreferrer noopener\" href=\"https:\/\/support.apple.com\/kb\/HT1677?viewlocale=es_ES\" target=\"_blank\">https:\/\/support.apple.com\/kb\/HT1677?viewlocale=es_ES<\/a><\/em><\/p>\n","protected":false},"excerpt":{"rendered":"<p>Politique de cookies Au cours de vos visites sur nos pages, artkeeping.com peut utiliser des cookies, de petits fichiers de donn\u00e9es qui sont stock\u00e9s dans le syst\u00e8me de l&rsquo;utilisateur, qui permettent \u00e0 l&rsquo;utilisateur de personnaliser et de faciliter la navigation du site Web, et qui sont associ\u00e9s \u00e0 un utilisateur anonyme sans les donn\u00e9es personnelles [&#8230;]\n","protected":false},"author":3,"featured_media":0,"parent":0,"menu_order":0,"comment_status":"closed","ping_status":"closed","template":"","meta":{"footnotes":""},"class_list":["post-2259","page","type-page","status-publish","hentry"],"_links":{"self":[{"href":"https:\/\/artkeeping.com\/fr\/wp-json\/wp\/v2\/pages\/2259","targetHints":{"allow":["GET"]}}],"collection":[{"href":"https:\/\/artkeeping.com\/fr\/wp-json\/wp\/v2\/pages"}],"about":[{"href":"https:\/\/artkeeping.com\/fr\/wp-json\/wp\/v2\/types\/page"}],"author":[{"embeddable":true,"href":"https:\/\/artkeeping.com\/fr\/wp-json\/wp\/v2\/users\/3"}],"replies":[{"embeddable":true,"href":"https:\/\/artkeeping.com\/fr\/wp-json\/wp\/v2\/comments?post=2259"}],"version-history":[{"count":2,"href":"https:\/\/artkeeping.com\/fr\/wp-json\/wp\/v2\/pages\/2259\/revisions"}],"predecessor-version":[{"id":2575,"href":"https:\/\/artkeeping.com\/fr\/wp-json\/wp\/v2\/pages\/2259\/revisions\/2575"}],"wp:attachment":[{"href":"https:\/\/artkeeping.com\/fr\/wp-json\/wp\/v2\/media?parent=2259"}],"curies":[{"name":"wp","href":"https:\/\/api.w.org\/{rel}","templated":true}]}}