
{"id":2256,"date":"2021-03-05T07:40:07","date_gmt":"2021-03-05T06:40:07","guid":{"rendered":"https:\/\/artkeeping.com\/politica-de-privacidad\/"},"modified":"2021-03-23T17:41:08","modified_gmt":"2021-03-23T16:41:08","slug":"politica-de-privacidad","status":"publish","type":"page","link":"https:\/\/artkeeping.com\/fr\/politica-de-privacidad\/","title":{"rendered":"Politique de confidentialit\u00e9"},"content":{"rendered":"\n<p class=\"has-medium-font-size\"><strong>Politique de confidentialit\u00e9<\/strong><\/p>\n\n\n\n<p><em>Les donn\u00e9es personnelles que vous nous fournissez seront trait\u00e9es dans un fichier aux fins, entre autres hypoth\u00e8ses qui peuvent \u00eatre pr\u00e9cis\u00e9es dans chaque cas, de r\u00e9pondre aux demandes que vous nous faites, de vous transmettre les informations demand\u00e9es, ainsi que, le cas \u00e9ch\u00e9ant, g\u00e9rer votre acc\u00e8s \u00e0 certains services ou fonctionnalit\u00e9s du site Web, par Art Keeping sl., dont le si\u00e8ge social est sis C \/ Joan Mir\u00f3 21 &#8211; 08930 Sant Adri\u00e0 de Bes\u00f2s, en tant que responsable du fichier. Art Keeping sl. s&rsquo;engage \u00e0 respecter la confidentialit\u00e9 des informations personnelles et \u00e0 garantir l&rsquo;exercice de ses droits d&rsquo;acc\u00e8s, de rectification, annulation et opposition, qui peuvent \u00eatre exerc\u00e9s au moyen d&rsquo;une communication \u00e9crite adress\u00e9e \u00e0 l&rsquo;adresse pr\u00e9alablement indiqu\u00e9e \u00e0 l&rsquo;attention du Comit\u00e9 LOPD, ou en envoyant un e-mail \u00e0\u00a0<a href=\"mailto:info@marcoestil.es\">i<\/a><a href=\"mailto:info@artkeeping.com\">nfo@<\/a><a href=\"mailto:info@marcoestil.es\" class=\"rank-math-link\">artkeeping.com <\/a>Si n\u00e9cessaire, pour r\u00e9pondre \u00e0 votre demande, nous pouvons exiger la fourniture d&rsquo;une photocopie de votre carte d&rsquo;identit\u00e9, passeport ou autre document valide qui vous identifie.<\/em><\/p>\n\n\n\n<p><em>En acceptant cette politique de confidentialit\u00e9, vous consentez \u00e0 l&rsquo;utilisation des cookies utilis\u00e9s sur ce site Web et qui sont d\u00e9crits dans la section correspondante.<\/em><\/p>\n\n\n\n<p><em><em>Art Keeping, s.l.<\/em><br>C\/ Joan Mir\u00f3 21<br>08930 Sant Adri\u00e0 de Bes\u00f2s<\/em><br>Barcelona. Espa\u00f1a<em><br>Tel: 93 485 665 0<\/em><\/p>\n","protected":false},"excerpt":{"rendered":"<p>Politique de confidentialit\u00e9 Les donn\u00e9es personnelles que vous nous fournissez seront trait\u00e9es dans un fichier aux fins, entre autres hypoth\u00e8ses qui peuvent \u00eatre pr\u00e9cis\u00e9es dans chaque cas, de r\u00e9pondre aux demandes que vous nous faites, de vous transmettre les informations demand\u00e9es, ainsi que, le cas \u00e9ch\u00e9ant, g\u00e9rer votre acc\u00e8s \u00e0 certains services ou fonctionnalit\u00e9s du [&#8230;]\n","protected":false},"author":3,"featured_media":0,"parent":0,"menu_order":0,"comment_status":"closed","ping_status":"closed","template":"","meta":{"footnotes":""},"class_list":["post-2256","page","type-page","status-publish","hentry"],"_links":{"self":[{"href":"https:\/\/artkeeping.com\/fr\/wp-json\/wp\/v2\/pages\/2256","targetHints":{"allow":["GET"]}}],"collection":[{"href":"https:\/\/artkeeping.com\/fr\/wp-json\/wp\/v2\/pages"}],"about":[{"href":"https:\/\/artkeeping.com\/fr\/wp-json\/wp\/v2\/types\/page"}],"author":[{"embeddable":true,"href":"https:\/\/artkeeping.com\/fr\/wp-json\/wp\/v2\/users\/3"}],"replies":[{"embeddable":true,"href":"https:\/\/artkeeping.com\/fr\/wp-json\/wp\/v2\/comments?post=2256"}],"version-history":[{"count":3,"href":"https:\/\/artkeeping.com\/fr\/wp-json\/wp\/v2\/pages\/2256\/revisions"}],"predecessor-version":[{"id":2573,"href":"https:\/\/artkeeping.com\/fr\/wp-json\/wp\/v2\/pages\/2256\/revisions\/2573"}],"wp:attachment":[{"href":"https:\/\/artkeeping.com\/fr\/wp-json\/wp\/v2\/media?parent=2256"}],"curies":[{"name":"wp","href":"https:\/\/api.w.org\/{rel}","templated":true}]}}