
{"id":530,"date":"2021-02-17T18:42:16","date_gmt":"2021-02-17T17:42:16","guid":{"rendered":"https:\/\/artkeeping.com\/?post_type=product&#038;p=530"},"modified":"2026-01-16T10:14:48","modified_gmt":"2026-01-16T09:14:48","slug":"juego-de-memoria-pintura-espanola","status":"publish","type":"product","link":"https:\/\/artkeeping.com\/es\/producto\/juego-de-memoria-pintura-espanola\/","title":{"rendered":"Juego de Memoria Pintura Espa\u00f1ola"},"content":{"rendered":"<p>Juego de Memoria Photo Twin\u00ae.<\/p>\n<p>Incluye pinturas de varios artistas espa\u00f1oles reconocidos como Goya, Vel\u00e1zquez, Murillo, El Bosco&#8230;<\/p>\n<p>Contiene 40 fichas (20 im\u00e1genes distintas) de 50x50mm.<\/p>\n","protected":false},"excerpt":{"rendered":"<p>Juego de Memoria sobre varias obras de la pintura Espa\u00f1ola. Contiene 20 im\u00e1genes (40 fichas) representando distintas obras de varios artistas espa\u00f1oles.<\/p>\n","protected":false},"featured_media":531,"comment_status":"open","ping_status":"closed","template":"","meta":[],"product_brand":[],"product_cat":[78],"product_tag":[86,83,95,82],"class_list":{"0":"post-530","1":"product","2":"type-product","3":"status-publish","4":"has-post-thumbnail","6":"product_cat-juegos-de-memoria","7":"product_tag-arte","8":"product_tag-entretenimiento","9":"product_tag-historia","10":"product_tag-juego-memoria","11":"product_shipping_class-envio-estandar","13":"first","14":"instock","15":"taxable","16":"shipping-taxable","17":"purchasable","18":"product-type-simple"},"_links":{"self":[{"href":"https:\/\/artkeeping.com\/es\/wp-json\/wp\/v2\/product\/530","targetHints":{"allow":["GET"]}}],"collection":[{"href":"https:\/\/artkeeping.com\/es\/wp-json\/wp\/v2\/product"}],"about":[{"href":"https:\/\/artkeeping.com\/es\/wp-json\/wp\/v2\/types\/product"}],"replies":[{"embeddable":true,"href":"https:\/\/artkeeping.com\/es\/wp-json\/wp\/v2\/comments?post=530"}],"wp:featuredmedia":[{"embeddable":true,"href":"https:\/\/artkeeping.com\/es\/wp-json\/wp\/v2\/media\/531"}],"wp:attachment":[{"href":"https:\/\/artkeeping.com\/es\/wp-json\/wp\/v2\/media?parent=530"}],"wp:term":[{"taxonomy":"product_brand","embeddable":true,"href":"https:\/\/artkeeping.com\/es\/wp-json\/wp\/v2\/product_brand?post=530"},{"taxonomy":"product_cat","embeddable":true,"href":"https:\/\/artkeeping.com\/es\/wp-json\/wp\/v2\/product_cat?post=530"},{"taxonomy":"product_tag","embeddable":true,"href":"https:\/\/artkeeping.com\/es\/wp-json\/wp\/v2\/product_tag?post=530"}],"curies":[{"name":"wp","href":"https:\/\/api.w.org\/{rel}","templated":true}]}}