
{"id":510,"date":"2021-02-17T15:51:51","date_gmt":"2021-02-17T14:51:51","guid":{"rendered":"https:\/\/artkeeping.com\/?post_type=product&#038;p=510"},"modified":"2024-10-28T19:47:13","modified_gmt":"2024-10-28T18:47:13","slug":"nefertiti-layerart","status":"publish","type":"product","link":"https:\/\/artkeeping.com\/es\/producto\/nefertiti-layerart\/","title":{"rendered":"Nefertiti Layerart"},"content":{"rendered":"<p>Piezas numeradas para un montaje c\u00f3modo y f\u00e1cil de seguir. Instrucciones on-line con im\u00e1genes paso a paso.<\/p>\n<p>Incluye todos los materiales necesarios para poder finalizar el montaje:<\/p>\n<ul>\n<li>113 piezas que forman la estructura.<\/li>\n<li>Soportes de madera interiores.<\/li>\n<li>Adhesivos a medida para las piezas que los necesitan.<\/li>\n<\/ul>\n<p>&nbsp;<\/p>\n<p>Cart\u00f3n y madera Eco-Friendly:<\/p>\n<ul>\n<li>Reciclable y biodegradable.<\/li>\n<li>Ecol\u00f3gico y sostenible.<\/li>\n<li>Provienen de maderas de crecimiento r\u00e1pido.<\/li>\n<\/ul>\n<p>&nbsp;<\/p>\n<p>Detalles del producto:<\/p>\n<table style=\"height: 56px;\" width=\"418\">\n<thead>\n<tr>\n<th>Base<\/th>\n<th>\u00a0Altura<\/th>\n<th>N\u00ba de piezas<\/th>\n<th>Dificultad*<\/th>\n<th>Tiempo de montaje<\/th>\n<\/tr>\n<\/thead>\n<tbody>\n<tr>\n<td>13,5 x 20 cm<\/td>\n<td>28 cm<\/td>\n<td>113 piezas<\/td>\n<td>1\/3<\/td>\n<td>1h15m &#8211; 1h30m<\/td>\n<\/tr>\n<\/tbody>\n<\/table>\n<p>&nbsp;<\/p>\n<p>*Dificultades:<\/p>\n<p>1\/3 &#8211; No contiene (o tiene pocas) piezas peque\u00f1as y no suele contener ramificaciones.<\/p>\n<p>2\/3 &#8211; No contiene (o tiene pocas) piezas peque\u00f1as. Contiene una o varias ramificaciones.<\/p>\n<p>3\/3 &#8211; Contiene piezas peque\u00f1as (delicadas) y una o m\u00e1s ramificaciones.<\/p>\n","protected":false},"excerpt":{"rendered":"<p>Figura de cart\u00f3n en 3D de la reina Nefertiti.<\/p>\n<p>Incluye 113 piezas numeradas para un montaje c\u00f3modo y f\u00e1cil de seguir.<\/p>\n","protected":false},"featured_media":511,"comment_status":"open","ping_status":"closed","template":"","meta":[],"product_brand":[],"product_cat":[70],"product_tag":[77,71,79,80],"class_list":{"0":"post-510","1":"product","2":"type-product","3":"status-publish","4":"has-post-thumbnail","6":"product_cat-layerart","7":"product_tag-carton","8":"product_tag-layerart","9":"product_tag-nefertiti","10":"product_tag-reina","11":"product_shipping_class-envio-estandar","13":"first","14":"instock","15":"featured","16":"taxable","17":"shipping-taxable","18":"purchasable","19":"product-type-simple"},"_links":{"self":[{"href":"https:\/\/artkeeping.com\/es\/wp-json\/wp\/v2\/product\/510","targetHints":{"allow":["GET"]}}],"collection":[{"href":"https:\/\/artkeeping.com\/es\/wp-json\/wp\/v2\/product"}],"about":[{"href":"https:\/\/artkeeping.com\/es\/wp-json\/wp\/v2\/types\/product"}],"replies":[{"embeddable":true,"href":"https:\/\/artkeeping.com\/es\/wp-json\/wp\/v2\/comments?post=510"}],"wp:featuredmedia":[{"embeddable":true,"href":"https:\/\/artkeeping.com\/es\/wp-json\/wp\/v2\/media\/511"}],"wp:attachment":[{"href":"https:\/\/artkeeping.com\/es\/wp-json\/wp\/v2\/media?parent=510"}],"wp:term":[{"taxonomy":"product_brand","embeddable":true,"href":"https:\/\/artkeeping.com\/es\/wp-json\/wp\/v2\/product_brand?post=510"},{"taxonomy":"product_cat","embeddable":true,"href":"https:\/\/artkeeping.com\/es\/wp-json\/wp\/v2\/product_cat?post=510"},{"taxonomy":"product_tag","embeddable":true,"href":"https:\/\/artkeeping.com\/es\/wp-json\/wp\/v2\/product_tag?post=510"}],"curies":[{"name":"wp","href":"https:\/\/api.w.org\/{rel}","templated":true}]}}