
{"id":506,"date":"2021-02-17T13:25:48","date_gmt":"2021-02-17T12:25:48","guid":{"rendered":"https:\/\/artkeeping.com\/?post_type=product&#038;p=506"},"modified":"2026-01-16T10:14:30","modified_gmt":"2026-01-16T09:14:30","slug":"calavera-layerart","status":"publish","type":"product","link":"https:\/\/artkeeping.com\/es\/producto\/calavera-layerart\/","title":{"rendered":"Calavera Layerart"},"content":{"rendered":"<p>Piezas numeradas para un montaje c\u00f3modo y f\u00e1cil de seguir. Instrucciones on-line con im\u00e1genes paso a paso.<\/p>\n<p>Incluye todos los materiales necesarios para poder finalizar el montaje.<\/p>\n<ul>\n<li>121 piezas que forman la estructura.<\/li>\n<li>Soportes de madera interiores.<\/li>\n<li>Adhesivos a medida para las piezas que los necesitan.<\/li>\n<\/ul>\n<p>&nbsp;<\/p>\n<p>Cart\u00f3n y madera Eco-Friendly:<\/p>\n<ul>\n<li>Reciclable y biodegradable.<\/li>\n<li>Ecol\u00f3gico y sostenible.<\/li>\n<li>Provienen de maderas de crecimiento r\u00e1pido.<\/li>\n<\/ul>\n<p>&nbsp;<\/p>\n<p>Detalles del producto:<\/p>\n<table style=\"height: 35px;\" width=\"548\">\n<thead>\n<tr>\n<th>Base<\/th>\n<th>\u00a0Altura<\/th>\n<th>N\u00ba de piezas<\/th>\n<th>Dificultad*<\/th>\n<th>Tiempo de montaje<\/th>\n<\/tr>\n<\/thead>\n<tbody>\n<tr>\n<td>23 x 13,5 cm<\/td>\n<td>16,5 cm<\/td>\n<td>121 piezas<\/td>\n<td>3\/3<\/td>\n<td>1h30m &#8211; 2h<\/td>\n<\/tr>\n<\/tbody>\n<\/table>\n<p>&nbsp;<\/p>\n<p>*Dificultades:<\/p>\n<p>1\/3 &#8211; No contiene (o tiene pocas) piezas peque\u00f1as y no suele contener ramificaciones.<\/p>\n<p>2\/3 &#8211; No contiene (o tiene pocas) piezas peque\u00f1as. Contiene una o varias ramificaciones.<\/p>\n<p>3\/3 &#8211; Contiene piezas peque\u00f1as (delicadas) y una o m\u00e1s ramificaciones.<\/p>\n","protected":false},"excerpt":{"rendered":"<p>Figura de cart\u00f3n en 3D de una calavera.<\/p>\n<p>Incluye 121 piezas numeradas para un montaje c\u00f3modo y f\u00e1cil de seguir.<\/p>\n","protected":false},"featured_media":507,"comment_status":"open","ping_status":"closed","template":"","meta":[],"product_brand":[],"product_cat":[70],"product_tag":[76,77,71],"class_list":{"0":"post-506","1":"product","2":"type-product","3":"status-publish","4":"has-post-thumbnail","6":"product_cat-layerart","7":"product_tag-calavera","8":"product_tag-carton","9":"product_tag-layerart","11":"first","12":"instock","13":"featured","14":"taxable","15":"shipping-taxable","16":"purchasable","17":"product-type-simple"},"_links":{"self":[{"href":"https:\/\/artkeeping.com\/es\/wp-json\/wp\/v2\/product\/506","targetHints":{"allow":["GET"]}}],"collection":[{"href":"https:\/\/artkeeping.com\/es\/wp-json\/wp\/v2\/product"}],"about":[{"href":"https:\/\/artkeeping.com\/es\/wp-json\/wp\/v2\/types\/product"}],"replies":[{"embeddable":true,"href":"https:\/\/artkeeping.com\/es\/wp-json\/wp\/v2\/comments?post=506"}],"wp:featuredmedia":[{"embeddable":true,"href":"https:\/\/artkeeping.com\/es\/wp-json\/wp\/v2\/media\/507"}],"wp:attachment":[{"href":"https:\/\/artkeeping.com\/es\/wp-json\/wp\/v2\/media?parent=506"}],"wp:term":[{"taxonomy":"product_brand","embeddable":true,"href":"https:\/\/artkeeping.com\/es\/wp-json\/wp\/v2\/product_brand?post=506"},{"taxonomy":"product_cat","embeddable":true,"href":"https:\/\/artkeeping.com\/es\/wp-json\/wp\/v2\/product_cat?post=506"},{"taxonomy":"product_tag","embeddable":true,"href":"https:\/\/artkeeping.com\/es\/wp-json\/wp\/v2\/product_tag?post=506"}],"curies":[{"name":"wp","href":"https:\/\/api.w.org\/{rel}","templated":true}]}}