
{"id":53,"date":"2016-02-18T15:10:52","date_gmt":"2016-02-18T15:10:52","guid":{"rendered":"http:\/\/flatsome.dev\/?page_id=4041"},"modified":"2022-03-14T17:18:03","modified_gmt":"2022-03-14T16:18:03","slug":"simple-corporate","status":"publish","type":"page","link":"https:\/\/artkeeping.com\/es\/","title":{"rendered":"Art Keeping"},"content":{"rendered":"\n<div class=\"slider-wrapper relative\" id=\"slider-661056503\" >\n    <div class=\"slider slider-nav-circle slider-nav-large slider-nav-light slider-style-normal\"\n        data-flickity-options='{\n            \"cellAlign\": \"center\",\n            \"imagesLoaded\": true,\n            \"lazyLoad\": 1,\n            \"freeScroll\": false,\n            \"wrapAround\": true,\n            \"autoPlay\": 6000,\n            \"pauseAutoPlayOnHover\" : true,\n            \"prevNextButtons\": true,\n            \"contain\" : true,\n            \"adaptiveHeight\" : true,\n            \"dragThreshold\" : 10,\n            \"percentPosition\": true,\n            \"pageDots\": true,\n            \"rightToLeft\": false,\n            \"draggable\": true,\n            \"selectedAttraction\": 0.1,\n            \"parallax\" : 0,\n            \"friction\": 0.6        }'\n        >\n        \n\n\n  <div class=\"banner has-hover\" id=\"banner-1165738905\">\n          <div class=\"banner-inner fill\">\n        <div class=\"banner-bg fill\" >\n            <img loading=\"lazy\" decoding=\"async\" width=\"1300\" height=\"368\" src=\"https:\/\/artkeeping.com\/wp-content\/uploads\/2021\/04\/memorycanal.jpg\" class=\"bg attachment-original size-original\" alt=\"\" \/>                                    \n                    <\/div>\n\t\t\n        <div class=\"banner-layers container\">\n            <div class=\"fill banner-link\"><\/div>            \n\n   <div id=\"text-box-186814982\" class=\"text-box banner-layer x0 md-x0 lg-x0 y95 md-y95 lg-y95 res-text\">\n                     <div data-animate=\"fadeInLeft\">           <div class=\"text-box-content text \">\n              \n              <div class=\"text-inner text-left\">\n                  \n\n<p><b>\u00a1HAZLO REALIDAD!<\/b><\/p>\n<h1>Creadores de Merchandising Cultural:<\/h1>\n<p style=\"font-size: 2vh;\">Nos adaptamos a tus necesidades, \u00a1Cu\u00e9ntanos tu idea!<\/p>\n<a href=\"\/es\/contacto\/\" class=\"button primary is-gradient\" style=\"border-radius:6px;\">\n\t\t<span>Contacta con nosotros<\/span>\n\t<\/a>\n\n\n\n              <\/div>\n           <\/div>\n       <\/div>                     \n<style>\n#text-box-186814982 .text-box-content {\n  background-color: rgba(255, 255, 255, 0);\n  font-size: 100%;\n}\n#text-box-186814982 .text-inner {\n  padding: 30px 30px 30px 30px;\n}\n#text-box-186814982 {\n  width: 90%;\n}\n@media (min-width:550px) {\n  #text-box-186814982 {\n    width: 77%;\n  }\n}\n<\/style>\n    <\/div>\n \n\n        <\/div>\n      <\/div>\n\n            \n<style>\n#banner-1165738905 {\n  padding-top: 637px;\n}\n#banner-1165738905 .banner-bg img {\n  object-position: 87% 59%;\n}\n<\/style>\n  <\/div>\n\n\n\n     <\/div>\n\n     <div class=\"loading-spin dark large centered\"><\/div>\n\n\t<\/div>\n\n\n<div class=\"message-box relative dark\" style=\"padding-top:35px;padding-bottom:35px;\"><div class=\"message-box-bg-image bg-fill fill\" style=\"background-image:url(https:\/\/artkeeping.com\/wp-content\/uploads\/2021\/02\/bg2.jpg);\"><\/div><div class=\"message-box-bg-overlay bg-fill fill\" style=\"background-color:rgba(255, 255, 255, 0);\"><\/div><div class=\"container relative\"><div class=\"inner last-reset\">\n\n\t<div id=\"text-2194542328\" class=\"text\">\n\t\t\n\n<h2 class=\"uppercase\" style=\"text-align: center;\">Somos <span style=\"color: #1c488a;\">Art Keeping<\/span><\/h2>\n<p class=\"uppercase\" style=\"text-align: center;\">Creemos en <span style=\"color: #1c488a;\">lo que hacemos.<\/span><\/p>\n\t\t\n<style>\n#text-2194542328 {\n  font-size: 1.75rem;\n  line-height: 2.5;\n  text-align: center;\n  color: rgb(102, 102, 102);\n}\n#text-2194542328 > * {\n  color: rgb(102, 102, 102);\n}\n<\/style>\n\t<\/div>\n\t\n\n<\/div><\/div><\/div>\n\n\t<section class=\"section\" id=\"section_748642206\">\n\t\t<div class=\"section-bg fill\" >\n\t\t\t\t\t\t\t\t\t\n\t\t\t\n\n\t\t<\/div>\n\n\t\t\n\n\t\t<div class=\"section-content relative\">\n\t\t\t\n\n<div class=\"row row-large align-center row-divided\"  id=\"row-1742597233\">\n\n\n\t<div id=\"col-2028984173\" class=\"col medium-4 large-4\"  >\n\t\t\t\t<div class=\"col-inner\"  >\n\t\t\t\n\t\t\t\n\n\n\t<a class=\"plain\" href=\"\/es\/imanes\/\" >\t<div class=\"icon-box featured-box img.attachment-medium.size-medium-home icon-box-center text-center is-large\"  style=\"margin:0px 0px 0px 0px;\">\n\t\t\t\t\t<div class=\"icon-box-img has-icon-bg\" style=\"width: 600px\">\n\t\t\t\t<div class=\"icon\">\n\t\t\t\t\t<div class=\"icon-inner\" style=\"border-width:2px;\">\n\t\t\t\t\t\t<img loading=\"lazy\" decoding=\"async\" width=\"800\" height=\"800\" src=\"https:\/\/artkeeping.com\/wp-content\/uploads\/2021\/03\/pack-magnets-resinados-redondos-thumbs_PNG-800x800.png\" class=\"attachment-medium size-medium\" alt=\"Pack Magnets Resinados\" srcset=\"https:\/\/artkeeping.com\/wp-content\/uploads\/2021\/03\/pack-magnets-resinados-redondos-thumbs_PNG-800x800.png 800w, https:\/\/artkeeping.com\/wp-content\/uploads\/2021\/03\/pack-magnets-resinados-redondos-thumbs_PNG-560x560.png 560w, https:\/\/artkeeping.com\/wp-content\/uploads\/2021\/03\/pack-magnets-resinados-redondos-thumbs_PNG-768x768.png 768w, https:\/\/artkeeping.com\/wp-content\/uploads\/2021\/03\/pack-magnets-resinados-redondos-thumbs_PNG-300x300.png 300w, https:\/\/artkeeping.com\/wp-content\/uploads\/2021\/03\/pack-magnets-resinados-redondos-thumbs_PNG-100x100.png 100w, https:\/\/artkeeping.com\/wp-content\/uploads\/2021\/03\/pack-magnets-resinados-redondos-thumbs_PNG.png 1357w\" sizes=\"auto, (max-width: 800px) 100vw, 800px\" \/>\t\t\t\t\t<\/div>\n\t\t\t\t<\/div>\n\t\t\t<\/div>\n\t\t\t\t<div class=\"icon-box-text last-reset\">\n\t\t\t\t\t\t\t\t\t\n\n<h2><span style=\"font-size: 80%;\">Imanes Personalizados<\/span><\/h2>\n<p class=\"p1\">Gran variedad de formatos y dise\u00f1os de imanes: flexibles, con gota de poliuretano, de metacrilato, l\u00e1minas troqueladas, packs de imanes combinando tama\u00f1os, pizarras magn\u00e9ticas\u2026 Elige el m\u00e1s adecuado para ti.<\/p>\n\n\t\t<\/div>\n\t<\/div>\n\t<\/a>\n\t\n\n\t\t<\/div>\n\t\t\t\t\t<\/div>\n\n\t\n\n\t<div id=\"col-15546627\" class=\"col medium-4 large-4\"  >\n\t\t\t\t<div class=\"col-inner\"  >\n\t\t\t\n\t\t\t\n\n\n\t<a class=\"plain\" href=\"\/es\/gomas-de-borrar\/\" >\t<div class=\"icon-box featured-box icon-box-center text-center is-large\"  style=\"margin:0px 0px 0px 0px;\">\n\t\t\t\t\t<div class=\"icon-box-img has-icon-bg\" style=\"width: 578px\">\n\t\t\t\t<div class=\"icon\">\n\t\t\t\t\t<div class=\"icon-inner\" style=\"border-width:2px;\">\n\t\t\t\t\t\t<img loading=\"lazy\" decoding=\"async\" width=\"800\" height=\"800\" src=\"https:\/\/artkeeping.com\/wp-content\/uploads\/2021\/03\/mini_gomas3D_PNG-800x800.png\" class=\"attachment-medium size-medium\" alt=\"Gomas de Borrar 3D\" srcset=\"https:\/\/artkeeping.com\/wp-content\/uploads\/2021\/03\/mini_gomas3D_PNG-800x800.png 800w, https:\/\/artkeeping.com\/wp-content\/uploads\/2021\/03\/mini_gomas3D_PNG-560x560.png 560w, https:\/\/artkeeping.com\/wp-content\/uploads\/2021\/03\/mini_gomas3D_PNG-768x768.png 768w, https:\/\/artkeeping.com\/wp-content\/uploads\/2021\/03\/mini_gomas3D_PNG-300x300.png 300w, https:\/\/artkeeping.com\/wp-content\/uploads\/2021\/03\/mini_gomas3D_PNG-100x100.png 100w, https:\/\/artkeeping.com\/wp-content\/uploads\/2021\/03\/mini_gomas3D_PNG.png 1357w\" sizes=\"auto, (max-width: 800px) 100vw, 800px\" \/>\t\t\t\t\t<\/div>\n\t\t\t\t<\/div>\n\t\t\t<\/div>\n\t\t\t\t<div class=\"icon-box-text last-reset\">\n\t\t\t\t\t\t\t\t\t\n\n<h2><span style=\"font-size: 80%;\">Gomas de borrar 3D<\/span><\/h2>\n<p class=\"p1\">Exclusivas y originales gomas de borrar 3D y rectangulares, las de toda la vida! D\u00e9janos crear tu figura, o escoge entre m\u00e1s de los 50 modelos de los que disponemos, un recuerdo imborrable!<\/p>\n\n\t\t<\/div>\n\t<\/div>\n\t<\/a>\n\t\n\n\t\t<\/div>\n\t\t\t\t\t<\/div>\n\n\t\n\n\t<div id=\"col-1651862053\" class=\"col medium-4 large-4\"  >\n\t\t\t\t<div class=\"col-inner\"  >\n\t\t\t\n\t\t\t\n\n\n\t<a class=\"plain\" href=\"\/es\/juegos-de-mesa\/\" >\t<div class=\"icon-box featured-box icon-box-center text-center is-large\"  style=\"margin:0px 0px 0 0px;\">\n\t\t\t\t\t<div class=\"icon-box-img has-icon-bg\" style=\"width: 600px\">\n\t\t\t\t<div class=\"icon\">\n\t\t\t\t\t<div class=\"icon-inner\" style=\"border-width:2px;\">\n\t\t\t\t\t\t<img loading=\"lazy\" decoding=\"async\" width=\"800\" height=\"800\" src=\"https:\/\/artkeeping.com\/wp-content\/uploads\/2021\/03\/memory_Gen_PNG-800x800.png\" class=\"attachment-medium size-medium\" alt=\"Juegos de memoria\" srcset=\"https:\/\/artkeeping.com\/wp-content\/uploads\/2021\/03\/memory_Gen_PNG-800x800.png 800w, https:\/\/artkeeping.com\/wp-content\/uploads\/2021\/03\/memory_Gen_PNG-1400x1400.png 1400w, https:\/\/artkeeping.com\/wp-content\/uploads\/2021\/03\/memory_Gen_PNG-560x560.png 560w, https:\/\/artkeeping.com\/wp-content\/uploads\/2021\/03\/memory_Gen_PNG-768x768.png 768w, https:\/\/artkeeping.com\/wp-content\/uploads\/2021\/03\/memory_Gen_PNG-1536x1536.png 1536w, https:\/\/artkeeping.com\/wp-content\/uploads\/2021\/03\/memory_Gen_PNG-300x300.png 300w, https:\/\/artkeeping.com\/wp-content\/uploads\/2021\/03\/memory_Gen_PNG-100x100.png 100w, https:\/\/artkeeping.com\/wp-content\/uploads\/2021\/03\/memory_Gen_PNG.png 1905w\" sizes=\"auto, (max-width: 800px) 100vw, 800px\" \/>\t\t\t\t\t<\/div>\n\t\t\t\t<\/div>\n\t\t\t<\/div>\n\t\t\t\t<div class=\"icon-box-text last-reset\">\n\t\t\t\t\t\t\t\t\t\n\n<h2><span style=\"font-size: 80%;\">Juegos de mesa<\/span><\/h2>\n<p class=\"p1\">Juegos de memoria y puzzles para toda la familia. Escoge entre varias medidas y n\u00famero de piezas. Personal\u00edzalos con las im\u00e1genes de tu museo, empresa, o con tus fotos m\u00e1s representativas.<\/p>\n\n\t\t<\/div>\n\t<\/div>\n\t<\/a>\n\t\n\n\t\t<\/div>\n\t\t\t\t\t<\/div>\n\n\t\n\n<\/div>\n<div class=\"row row-large align-center row-divided\"  id=\"row-1325945978\">\n\n\n\t<div id=\"col-1725621924\" class=\"col medium-4 large-4\"  >\n\t\t\t\t<div class=\"col-inner\"  >\n\t\t\t\n\t\t\t\n\n\n\t<a class=\"plain\" href=\"\/es\/llaveros\/\" >\t<div class=\"icon-box featured-box icon-box-center text-center is-large\"  style=\"margin:0px 0px 0px 0px;\">\n\t\t\t\t\t<div class=\"icon-box-img has-icon-bg\" style=\"width: 600px\">\n\t\t\t\t<div class=\"icon\">\n\t\t\t\t\t<div class=\"icon-inner\" style=\"border-width:2px;\">\n\t\t\t\t\t\t<img loading=\"lazy\" decoding=\"async\" width=\"800\" height=\"800\" src=\"https:\/\/artkeeping.com\/wp-content\/uploads\/2021\/03\/llaveros_gen_PNG-800x800.png\" class=\"attachment-medium size-medium\" alt=\"Llaveros resinados\" srcset=\"https:\/\/artkeeping.com\/wp-content\/uploads\/2021\/03\/llaveros_gen_PNG-800x800.png 800w, https:\/\/artkeeping.com\/wp-content\/uploads\/2021\/03\/llaveros_gen_PNG-560x560.png 560w, https:\/\/artkeeping.com\/wp-content\/uploads\/2021\/03\/llaveros_gen_PNG-768x768.png 768w, https:\/\/artkeeping.com\/wp-content\/uploads\/2021\/03\/llaveros_gen_PNG-300x300.png 300w, https:\/\/artkeeping.com\/wp-content\/uploads\/2021\/03\/llaveros_gen_PNG-100x100.png 100w, https:\/\/artkeeping.com\/wp-content\/uploads\/2021\/03\/llaveros_gen_PNG.png 1357w\" sizes=\"auto, (max-width: 800px) 100vw, 800px\" \/>\t\t\t\t\t<\/div>\n\t\t\t\t<\/div>\n\t\t\t<\/div>\n\t\t\t\t<div class=\"icon-box-text last-reset\">\n\t\t\t\t\t\t\t\t\t\n\n<h2><span style=\"font-size: 80%;\">Llaveros personalizados<\/span><\/h2>\n<p class=\"p1\">Un sinf\u00edn de modelos y acabados: madera, con gota de poliuretano, met\u00e1licos\u2026 totalmente personalizables en ambos lados. Pr\u00e1cticos y resistentes, los fabricamos en cualquier medida y forma. La mejor publicidad en tu bolsillo!<\/p>\n\n\t\t<\/div>\n\t<\/div>\n\t<\/a>\n\t\n\n\t\t<\/div>\n\t\t\t\t\t<\/div>\n\n\t\n\n\t<div id=\"col-73320693\" class=\"col medium-4 large-4\"  >\n\t\t\t\t<div class=\"col-inner\"  >\n\t\t\t\n\t\t\t\n\n\n\t<a class=\"plain\" href=\"\/es\/layerarts\/\" >\t<div class=\"icon-box featured-box icon-box-center text-center is-large\"  style=\"margin:0px 0px 0px 0px;\">\n\t\t\t\t\t<div class=\"icon-box-img has-icon-bg\" style=\"width: 600px\">\n\t\t\t\t<div class=\"icon\">\n\t\t\t\t\t<div class=\"icon-inner\" style=\"border-width:2px;\">\n\t\t\t\t\t\t<img loading=\"lazy\" decoding=\"async\" width=\"800\" height=\"800\" src=\"https:\/\/artkeeping.com\/wp-content\/uploads\/2021\/03\/Layerart_produts_PNG-800x800.png\" class=\"attachment-medium size-medium\" alt=\"\" srcset=\"https:\/\/artkeeping.com\/wp-content\/uploads\/2021\/03\/Layerart_produts_PNG-800x800.png 800w, https:\/\/artkeeping.com\/wp-content\/uploads\/2021\/03\/Layerart_produts_PNG-560x560.png 560w, https:\/\/artkeeping.com\/wp-content\/uploads\/2021\/03\/Layerart_produts_PNG-768x768.png 768w, https:\/\/artkeeping.com\/wp-content\/uploads\/2021\/03\/Layerart_produts_PNG-300x300.png 300w, https:\/\/artkeeping.com\/wp-content\/uploads\/2021\/03\/Layerart_produts_PNG-100x100.png 100w, https:\/\/artkeeping.com\/wp-content\/uploads\/2021\/03\/Layerart_produts_PNG.png 1181w\" sizes=\"auto, (max-width: 800px) 100vw, 800px\" \/>\t\t\t\t\t<\/div>\n\t\t\t\t<\/div>\n\t\t\t<\/div>\n\t\t\t\t<div class=\"icon-box-text last-reset\">\n\t\t\t\t\t\t\t\t\t\n\n<h2><span style=\"font-size: 80%;\">Layerart &#8211; 3D Puzzles<\/span><\/h2>\n<p class=\"p1\">Puzzles en 3D de cart\u00f3n que forman figuras decorativas. Presentados en l\u00e1minas numeradas para facilitar su montaje y sin necesidad de pegamento (incluye todos los soportes y adhesivos necesarios). Disponemos de varios modelos, pero tambi\u00e9n podemos dise\u00f1ar tu propia figura.<\/p>\n\n\t\t<\/div>\n\t<\/div>\n\t<\/a>\n\t\n\n\t\t<\/div>\n\t\t\t\t\t<\/div>\n\n\t\n\n\t<div id=\"col-486183154\" class=\"col medium-4 large-4\"  >\n\t\t\t\t<div class=\"col-inner\"  >\n\t\t\t\n\t\t\t\n\n\n\t<a class=\"plain\" href=\"\/es\/otros\/\" >\t<div class=\"icon-box featured-box icon-box-center text-center is-large\"  style=\"margin:0px 0px 0px 0px;\">\n\t\t\t\t\t<div class=\"icon-box-img has-icon-bg\" style=\"width: 600px\">\n\t\t\t\t<div class=\"icon\">\n\t\t\t\t\t<div class=\"icon-inner\" style=\"border-width:2px;\">\n\t\t\t\t\t\t<img loading=\"lazy\" decoding=\"async\" width=\"800\" height=\"800\" src=\"https:\/\/artkeeping.com\/wp-content\/uploads\/2021\/03\/OtrosProductos_PNG-800x800.png\" class=\"attachment-medium size-medium\" alt=\"Productos ArtKeeping\" srcset=\"https:\/\/artkeeping.com\/wp-content\/uploads\/2021\/03\/OtrosProductos_PNG-800x800.png 800w, https:\/\/artkeeping.com\/wp-content\/uploads\/2021\/03\/OtrosProductos_PNG-1400x1400.png 1400w, https:\/\/artkeeping.com\/wp-content\/uploads\/2021\/03\/OtrosProductos_PNG-560x560.png 560w, https:\/\/artkeeping.com\/wp-content\/uploads\/2021\/03\/OtrosProductos_PNG-768x768.png 768w, https:\/\/artkeeping.com\/wp-content\/uploads\/2021\/03\/OtrosProductos_PNG-1536x1536.png 1536w, https:\/\/artkeeping.com\/wp-content\/uploads\/2021\/03\/OtrosProductos_PNG-300x300.png 300w, https:\/\/artkeeping.com\/wp-content\/uploads\/2021\/03\/OtrosProductos_PNG-100x100.png 100w, https:\/\/artkeeping.com\/wp-content\/uploads\/2021\/03\/OtrosProductos_PNG.png 1905w\" sizes=\"auto, (max-width: 800px) 100vw, 800px\" \/>\t\t\t\t\t<\/div>\n\t\t\t\t<\/div>\n\t\t\t<\/div>\n\t\t\t\t<div class=\"icon-box-text last-reset\">\n\t\t\t\t\t\t\t\t\t\n\n<h2><span style=\"font-size: 80%;\">Y mucho m\u00e1s!<\/span><\/h2>\n<p class=\"p1\">Espejos, chapas, posavasos, reglas, etiquetas para maletas, carcasas para m\u00f3vil\u2026y todo lo que quieras personalizar! Con diferentes presentaciones y tama\u00f1os. Y si tienes una idea, comp\u00e1rtela con nosotros para hacerla realidad! Escoge el gadget que m\u00e1s te guste.<\/p>\n\n\t\t<\/div>\n\t<\/div>\n\t<\/a>\n\t\n\n\t\t<\/div>\n\t\t\t\t\t<\/div>\n\n\t\n\n<\/div>\n\n\t\t<\/div>\n\n\t\t\n<style>\n#section_748642206 {\n  padding-top: 30px;\n  padding-bottom: 30px;\n  background-color: rgb(255, 255, 255);\n}\n<\/style>\n\t<\/section>\n\t\n\n\t<section class=\"section\" id=\"section_721010734\">\n\t\t<div class=\"section-bg fill\" >\n\t\t\t\t\t\t\t\t\t<div class=\"section-bg-overlay absolute fill\"><\/div>\n\t\t\t\n\t<div class=\"is-border\"\n\t\tstyle=\"border-width:1px 0px 1px 0px;\">\n\t<\/div>\n\n\t\t<\/div>\n\n\t\t\n\n\t\t<div class=\"section-content relative\">\n\t\t\t\n\n<div class=\"container section-title-container\" ><h3 class=\"section-title section-title-bold-center\"><b aria-hidden=\"true\"><\/b><span class=\"section-title-main\" style=\"font-size:108%;\">Todos los procesos de producci\u00f3n se realizan en nuestras instalaciones<\/span><b aria-hidden=\"true\"><\/b><\/h3><\/div>\n\n\t<div id=\"gap-248576003\" class=\"gap-element clearfix\" style=\"display:block; height:auto;\">\n\t\t\n<style>\n#gap-248576003 {\n  padding-top: 30px;\n}\n<\/style>\n\t<\/div>\n\t\n\n<div class=\"row row-large align-middle\"  id=\"row-1731756648\">\n\n\n\t<div id=\"col-1850562382\" class=\"col medium-6 small-12 large-6\"  >\n\t\t\t\t<div class=\"col-inner\"  >\n\t\t\t\n\t\t\t\n\n\t<div class=\"img has-hover x md-x lg-x y md-y lg-y\" id=\"image_856024628\">\n\t\t\t\t\t\t\t\t<div class=\"img-inner box-shadow-2 dark\" >\n\t\t\t<img loading=\"lazy\" decoding=\"async\" width=\"500\" height=\"360\" src=\"https:\/\/artkeeping.com\/wp-content\/uploads\/2021\/03\/digitall-gotaderesina.jpg\" class=\"attachment-large size-large\" alt=\"Gota Resina\" srcset=\"https:\/\/artkeeping.com\/wp-content\/uploads\/2021\/03\/digitall-gotaderesina.jpg 500w, https:\/\/artkeeping.com\/wp-content\/uploads\/2021\/03\/digitall-gotaderesina-300x216.jpg 300w\" sizes=\"auto, (max-width: 500px) 100vw, 500px\" \/>\t\t\t\t\t\t\n\t\t\t\t\t<\/div>\n\t\t\t\t\t\t\t\t\n<style>\n#image_856024628 {\n  width: 100%;\n}\n<\/style>\n\t<\/div>\n\t\n\n\n\t\t<\/div>\n\t\t\t\t\t<\/div>\n\n\t\n\n\t<div id=\"col-754089556\" class=\"col medium-6 small-12 large-6\"  >\n\t\t\t\t<div class=\"col-inner text-left\"  >\n\t\t\t\n\t\t\t\n\n<h2 class=\"uppercase\">Aplicaci\u00f3n de gota de poliuretano<\/h2>\n<p>Disponemos de una sala blanca con maquinaria para resinar sobre una gran variedad de materiales con un acabado de gran calidad.<\/p>\n\n\t\t<\/div>\n\t\t\t\t\t<\/div>\n\n\t\n\n<\/div>\n\n\t\t<\/div>\n\n\t\t\n<style>\n#section_721010734 {\n  padding-top: 60px;\n  padding-bottom: 60px;\n  background-color: rgb(193, 193, 193);\n}\n#section_721010734 .section-bg-overlay {\n  background-color: rgba(255, 255, 255, 0.85);\n}\n<\/style>\n\t<\/section>\n\t\n\n\t<section class=\"section\" id=\"section_653867057\">\n\t\t<div class=\"section-bg fill\" >\n\t\t\t\t\t\t\t\t\t<div class=\"section-bg-overlay absolute fill\"><\/div>\n\t\t\t\n\n\t\t<\/div>\n\n\t\t\n\n\t\t<div class=\"section-content relative\">\n\t\t\t\n\n<div class=\"row row-large align-middle\"  id=\"row-1738619620\">\n\n\n\t<div id=\"col-170891051\" class=\"col medium-6 small-12 large-6\"  >\n\t\t\t\t<div class=\"col-inner text-left\"  >\n\t\t\t\n\t\t\t\n\n<h2 class=\"uppercase\">Corte Digital<\/h2>\n<p>Cortamos y grabamos con nuestras propias m\u00e1quinas de corte num\u00e9rico y l\u00e1ser para asegurarnos de que el resultado sea inmejorable.<\/p>\n\n\t\t<\/div>\n\t\t\t\t\t<\/div>\n\n\t\n\n\t<div id=\"col-389302073\" class=\"col medium-6 small-12 large-6\"  >\n\t\t\t\t<div class=\"col-inner\"  >\n\t\t\t\n\t\t\t\n\n\t<div class=\"img has-hover x md-x lg-x y md-y lg-y\" id=\"image_170792896\">\n\t\t\t\t\t\t\t\t<div class=\"img-inner box-shadow-2 dark\" >\n\t\t\t<img loading=\"lazy\" decoding=\"async\" width=\"647\" height=\"439\" src=\"https:\/\/artkeeping.com\/wp-content\/uploads\/2021\/03\/fot_cal2.jpg\" class=\"attachment-large size-large\" alt=\"M\u00e1quina corte\" srcset=\"https:\/\/artkeeping.com\/wp-content\/uploads\/2021\/03\/fot_cal2.jpg 647w, https:\/\/artkeeping.com\/wp-content\/uploads\/2021\/03\/fot_cal2-300x204.jpg 300w\" sizes=\"auto, (max-width: 647px) 100vw, 647px\" \/>\t\t\t\t\t\t\n\t\t\t\t\t<\/div>\n\t\t\t\t\t\t\t\t\n<style>\n#image_170792896 {\n  width: 100%;\n}\n<\/style>\n\t<\/div>\n\t\n\n\n\t\t<\/div>\n\t\t\t\t\t<\/div>\n\n\t\n\n<\/div>\n\n\t\t<\/div>\n\n\t\t\n<style>\n#section_653867057 {\n  padding-top: 60px;\n  padding-bottom: 60px;\n  background-color: rgb(255, 255, 255);\n}\n#section_653867057 .section-bg-overlay {\n  background-color: rgba(255, 255, 255, 0.85);\n}\n<\/style>\n\t<\/section>\n\t\n\n\t<section class=\"section\" id=\"section_1627746419\">\n\t\t<div class=\"section-bg fill\" >\n\t\t\t\t\t\t\t\t\t\n\t\t\t\n\n\t\t<\/div>\n\n\t\t\n\n\t\t<div class=\"section-content relative\">\n\t\t\t\n\n<div class=\"row\"  id=\"row-323241193\">\n\n\n\t<div id=\"col-1198870640\" class=\"col small-12 large-12\"  >\n\t\t\t\t<div class=\"col-inner\"  >\n\t\t\t\n\t\t\t\n\n<div class=\"container section-title-container\" ><h3 class=\"section-title section-title-center\"><b aria-hidden=\"true\"><\/b><span class=\"section-title-main\" >Contacta con Nosotros<\/span><b aria-hidden=\"true\"><\/b><\/h3><\/div>\n\n\n<div class=\"wpcf7 no-js\" id=\"wpcf7-f11-o1\" lang=\"es-ES\" dir=\"ltr\" data-wpcf7-id=\"11\">\n<div class=\"screen-reader-response\"><p role=\"status\" aria-live=\"polite\" aria-atomic=\"true\"><\/p> <ul><\/ul><\/div>\n<form action=\"\/es\/wp-json\/wp\/v2\/pages\/53#wpcf7-f11-o1\" method=\"post\" class=\"wpcf7-form init\" aria-label=\"Formulario de contacto\" novalidate=\"novalidate\" data-status=\"init\">\n<fieldset class=\"hidden-fields-container\"><input type=\"hidden\" name=\"_wpcf7\" value=\"11\" \/><input type=\"hidden\" name=\"_wpcf7_version\" value=\"6.1.5\" \/><input type=\"hidden\" name=\"_wpcf7_locale\" value=\"es_ES\" \/><input type=\"hidden\" name=\"_wpcf7_unit_tag\" value=\"wpcf7-f11-o1\" \/><input type=\"hidden\" name=\"_wpcf7_container_post\" value=\"0\" \/><input type=\"hidden\" name=\"_wpcf7_posted_data_hash\" value=\"\" \/><input type=\"hidden\" name=\"_wpcf7_recaptcha_response\" value=\"\" \/>\n<\/fieldset>\n<div class=\"form-flat\">\n\t<p><span class=\"wpcf7-form-control-wrap\" data-name=\"your-name\"><input size=\"40\" maxlength=\"400\" class=\"wpcf7-form-control wpcf7-text wpcf7-validates-as-required\" aria-required=\"true\" aria-invalid=\"false\" placeholder=\"Nombre (requerido)\" value=\"\" type=\"text\" name=\"your-name\" \/><\/span>\n\t<\/p>\n\t<p><span class=\"wpcf7-form-control-wrap\" data-name=\"your-email\"><input size=\"40\" maxlength=\"400\" class=\"wpcf7-form-control wpcf7-email wpcf7-validates-as-required wpcf7-text wpcf7-validates-as-email\" aria-required=\"true\" aria-invalid=\"false\" placeholder=\"Email (requerido)\" value=\"\" type=\"email\" name=\"your-email\" \/><\/span>\n\t<\/p>\n\t<p><span class=\"wpcf7-form-control-wrap\" data-name=\"your-message\"><textarea cols=\"40\" rows=\"10\" maxlength=\"2000\" class=\"wpcf7-form-control wpcf7-textarea\" aria-invalid=\"false\" placeholder=\"Mensaje (requerido)\" name=\"your-message\"><\/textarea><\/span>\n\t<\/p>\n\n\t<p><input class=\"wpcf7-form-control wpcf7-submit has-spinner button\" type=\"submit\" value=\"Envia tu consulta\" \/>\n\t<\/p>\n<\/div><div class=\"wpcf7-response-output\" aria-hidden=\"true\"><\/div>\n<\/form>\n<\/div>\n\n\n\n\t\t<\/div>\n\t\t\t\t\t<\/div>\n\n\t\n\n<\/div>\n\n\t\t<\/div>\n\n\t\t\n<style>\n#section_1627746419 {\n  padding-top: 30px;\n  padding-bottom: 30px;\n}\n<\/style>\n\t<\/section>\n\t\n","protected":false},"excerpt":{"rendered":"","protected":false},"author":1,"featured_media":15,"parent":68,"menu_order":1,"comment_status":"closed","ping_status":"closed","template":"page-blank.php","meta":{"footnotes":""},"class_list":["post-53","page","type-page","status-publish","has-post-thumbnail","hentry"],"_links":{"self":[{"href":"https:\/\/artkeeping.com\/es\/wp-json\/wp\/v2\/pages\/53","targetHints":{"allow":["GET"]}}],"collection":[{"href":"https:\/\/artkeeping.com\/es\/wp-json\/wp\/v2\/pages"}],"about":[{"href":"https:\/\/artkeeping.com\/es\/wp-json\/wp\/v2\/types\/page"}],"author":[{"embeddable":true,"href":"https:\/\/artkeeping.com\/es\/wp-json\/wp\/v2\/users\/1"}],"replies":[{"embeddable":true,"href":"https:\/\/artkeeping.com\/es\/wp-json\/wp\/v2\/comments?post=53"}],"version-history":[{"count":42,"href":"https:\/\/artkeeping.com\/es\/wp-json\/wp\/v2\/pages\/53\/revisions"}],"predecessor-version":[{"id":4567,"href":"https:\/\/artkeeping.com\/es\/wp-json\/wp\/v2\/pages\/53\/revisions\/4567"}],"up":[{"embeddable":true,"href":"https:\/\/artkeeping.com\/es\/wp-json\/wp\/v2\/pages\/68"}],"wp:featuredmedia":[{"embeddable":true,"href":"https:\/\/artkeeping.com\/es\/wp-json\/wp\/v2\/media\/15"}],"wp:attachment":[{"href":"https:\/\/artkeeping.com\/es\/wp-json\/wp\/v2\/media?parent=53"}],"curies":[{"name":"wp","href":"https:\/\/api.w.org\/{rel}","templated":true}]}}