
{"id":3915,"date":"2021-04-26T16:26:32","date_gmt":"2021-04-26T15:26:32","guid":{"rendered":"https:\/\/artkeeping.com\/?page_id=3915"},"modified":"2021-05-07T10:55:57","modified_gmt":"2021-05-07T09:55:57","slug":"nosotros","status":"publish","type":"page","link":"https:\/\/artkeeping.com\/es\/nosotros\/","title":{"rendered":"Nosotros"},"content":{"rendered":"\n<div class=\"container section-title-container\" ><h2 class=\"section-title section-title-normal\"><b aria-hidden=\"true\"><\/b><span class=\"section-title-main\" >Sobre Nosotros<\/span><b aria-hidden=\"true\"><\/b><\/h2><\/div>\n\n\n\t<section class=\"section\" id=\"section_322459143\">\n\t\t<div class=\"section-bg fill\" >\n\t\t\t\t\t\t\t\t\t<div class=\"section-bg-overlay absolute fill\"><\/div>\n\t\t\t\n\n\t\t<\/div>\n\n\t\t\n\n\t\t<div class=\"section-content relative\">\n\t\t\t\n\n<div class=\"row row-collapse row-full-width align-middle\"  id=\"row-402528320\">\n\n\n\t<div id=\"col-2084436910\" class=\"col medium-6 small-12 large-6\"  >\n\t\t\t\t<div class=\"col-inner text-center\"  >\n\t\t\t\n\t\t\t\n\n<p>&nbsp;<\/p>\n<h2>Somos Art Keeping<\/h2>\n<p>En Art Keeping llevamos m\u00e1s de 20 a\u00f1os fabricando productos personalizados para tiendas de museos, oficinas de turismo y merchandising empresarial, as\u00ed como para clientes que necesitan personalizar su producto promocional.<\/p>\n<p>Calidad, amplia flexibilidad de producci\u00f3n y gran variedad de formatos para satisfacer cualquier necesidad de nuestros clientes.<\/p>\n\n\t\t<\/div>\n\t\t\t\t\n<style>\n#col-2084436910 > .col-inner {\n  padding: 10% 10% 10% 10%;\n  max-width: 520px;\n}\n<\/style>\n\t<\/div>\n\n\t\n\n\t<div id=\"col-1162932099\" class=\"col medium-6 small-12 large-6\"  >\n\t\t\t\t<div class=\"col-inner\"  >\n\t\t\t\n\t\t\t\n\n\t<div class=\"img has-hover x md-x lg-x y md-y lg-y\" id=\"image_1639018147\">\n\t\t\t\t\t\t\t\t<div class=\"img-inner dark\" >\n\t\t\t<img loading=\"lazy\" decoding=\"async\" width=\"1020\" height=\"289\" src=\"https:\/\/artkeeping.com\/wp-content\/uploads\/2021\/04\/dados-1400x396.jpg\" class=\"attachment-large size-large\" alt=\"\" srcset=\"https:\/\/artkeeping.com\/wp-content\/uploads\/2021\/04\/dados-1400x396.jpg 1400w, https:\/\/artkeeping.com\/wp-content\/uploads\/2021\/04\/dados-800x226.jpg 800w, https:\/\/artkeeping.com\/wp-content\/uploads\/2021\/04\/dados-768x217.jpg 768w, https:\/\/artkeeping.com\/wp-content\/uploads\/2021\/04\/dados-1536x434.jpg 1536w, https:\/\/artkeeping.com\/wp-content\/uploads\/2021\/04\/dados-2048x579.jpg 2048w, https:\/\/artkeeping.com\/wp-content\/uploads\/2021\/04\/dados-300x85.jpg 300w\" sizes=\"auto, (max-width: 1020px) 100vw, 1020px\" \/>\t\t\t\t\t\t\n\t\t\t\t\t<\/div>\n\t\t\t\t\t\t\t\t\n<style>\n#image_1639018147 {\n  width: 100%;\n}\n<\/style>\n\t<\/div>\n\t\n\n\n\t\t<\/div>\n\t\t\t\t\t<\/div>\n\n\t\n\n<\/div>\n\n\t\t<\/div>\n\n\t\t\n<style>\n#section_322459143 {\n  padding-top: 0px;\n  padding-bottom: 0px;\n  background-color: rgb(247, 247, 247);\n}\n#section_322459143 .section-bg-overlay {\n  background-color: rgba(255, 255, 255, 0.85);\n}\n<\/style>\n\t<\/section>\n\t\n\n\t<section class=\"section\" id=\"section_963399417\">\n\t\t<div class=\"section-bg fill\" >\n\t\t\t\t\t\t\t\t\t<div class=\"section-bg-overlay absolute fill\"><\/div>\n\t\t\t\n\n\t\t<\/div>\n\n\t\t\n\n\t\t<div class=\"section-content relative\">\n\t\t\t\n\n<div class=\"row row-collapse row-full-width align-middle\"  id=\"row-337467673\">\n\n\n\t<div id=\"col-1294613732\" class=\"col medium-6 small-12 large-6\"  >\n\t\t\t\t<div class=\"col-inner\"  >\n\t\t\t\n\t\t\t\n\n\t<div class=\"img has-hover x md-x lg-x y md-y lg-y\" id=\"image_1488370166\">\n\t\t\t\t\t\t\t\t<div class=\"img-inner dark\" >\n\t\t\t<img loading=\"lazy\" decoding=\"async\" width=\"1020\" height=\"682\" src=\"https:\/\/artkeeping.com\/wp-content\/uploads\/2021\/04\/gomas-1-1400x936.jpg\" class=\"attachment-large size-large\" alt=\"\" srcset=\"https:\/\/artkeeping.com\/wp-content\/uploads\/2021\/04\/gomas-1-1400x936.jpg 1400w, https:\/\/artkeeping.com\/wp-content\/uploads\/2021\/04\/gomas-1-800x535.jpg 800w, https:\/\/artkeeping.com\/wp-content\/uploads\/2021\/04\/gomas-1-768x513.jpg 768w, https:\/\/artkeeping.com\/wp-content\/uploads\/2021\/04\/gomas-1-1536x1027.jpg 1536w, https:\/\/artkeeping.com\/wp-content\/uploads\/2021\/04\/gomas-1-300x201.jpg 300w, https:\/\/artkeeping.com\/wp-content\/uploads\/2021\/04\/gomas-1.jpg 1969w\" sizes=\"auto, (max-width: 1020px) 100vw, 1020px\" \/>\t\t\t\t\t\t\n\t\t\t\t\t<\/div>\n\t\t\t\t\t\t\t\t\n<style>\n#image_1488370166 {\n  width: 100%;\n}\n<\/style>\n\t<\/div>\n\t\n\n\n\t\t<\/div>\n\t\t\t\t\t<\/div>\n\n\t\n\n\t<div id=\"col-1031235512\" class=\"col medium-6 small-12 large-6\"  >\n\t\t\t\t<div class=\"col-inner text-center\"  >\n\t\t\t\n\t\t\t\n\n<p>&nbsp;<\/p>\n<h2>Dise\u00f1o personalizado<\/h2>\n<p>Nuestros productos son \u00fanicos. Todos y cada uno de los proyectos desarrollados est\u00e1n creados a partir de una idea original y fabricados en exclusiva para nuestros clientes.<\/p>\n<p> Art Keeping cuenta con un gran equipo de dise\u00f1adores creativos que estudian las necesidades de nuestros clientes y personalizan los productos seg\u00fan sus especificaciones.&nbsp;<\/p>\n\n\t\t<\/div>\n\t\t\t\t\n<style>\n#col-1031235512 > .col-inner {\n  padding: 10% 10% 10% 10%;\n  max-width: 520px;\n}\n<\/style>\n\t<\/div>\n\n\t\n\n<\/div>\n\n\t\t<\/div>\n\n\t\t\n<style>\n#section_963399417 {\n  padding-top: 0px;\n  padding-bottom: 0px;\n  background-color: rgb(247, 247, 247);\n}\n#section_963399417 .section-bg-overlay {\n  background-color: rgba(255, 255, 255, 0.85);\n}\n<\/style>\n\t<\/section>\n\t\n\n\t<section class=\"section\" id=\"section_1675088996\">\n\t\t<div class=\"section-bg fill\" >\n\t\t\t\t\t\t\t\t\t<div class=\"section-bg-overlay absolute fill\"><\/div>\n\t\t\t\n\n\t\t<\/div>\n\n\t\t\n\n\t\t<div class=\"section-content relative\">\n\t\t\t\n\n<div class=\"row row-collapse row-full-width align-middle\"  id=\"row-1060646861\">\n\n\n\t<div id=\"col-2013948442\" class=\"col medium-6 small-12 large-6\"  >\n\t\t\t\t<div class=\"col-inner text-center\"  >\n\t\t\t\n\t\t\t\n\n<p>&nbsp;<\/p>\n<h2>Flexibilidad y agilidad<\/h2>\n<p class=\"p1\">Art Keeping dispone de la \u00faltima tecnolog\u00eda en producci\u00f3n digital que permite ofrecer una mayor agilidad en la fabricaci\u00f3n y adaptarnos a los plazos del cliente sin coste a\u00f1adido.<\/p>\n\n\t\t<\/div>\n\t\t\t\t\n<style>\n#col-2013948442 > .col-inner {\n  padding: 10% 10% 10% 10%;\n  max-width: 520px;\n}\n<\/style>\n\t<\/div>\n\n\t\n\n\t<div id=\"col-1037365911\" class=\"col medium-6 small-12 large-6\"  >\n\t\t\t\t<div class=\"col-inner\"  >\n\t\t\t\n\t\t\t\n\n\t<div class=\"img has-hover x md-x lg-x y md-y lg-y\" id=\"image_1360104593\">\n\t\t\t\t\t\t\t\t<div class=\"img-inner dark\" >\n\t\t\t<img loading=\"lazy\" decoding=\"async\" width=\"1020\" height=\"682\" src=\"https:\/\/artkeeping.com\/wp-content\/uploads\/2021\/04\/DSC_0892.jpg\" class=\"attachment-large size-large\" alt=\"\" srcset=\"https:\/\/artkeeping.com\/wp-content\/uploads\/2021\/04\/DSC_0892.jpg 1024w, https:\/\/artkeeping.com\/wp-content\/uploads\/2021\/04\/DSC_0892-800x535.jpg 800w, https:\/\/artkeeping.com\/wp-content\/uploads\/2021\/04\/DSC_0892-768x514.jpg 768w, https:\/\/artkeeping.com\/wp-content\/uploads\/2021\/04\/DSC_0892-300x201.jpg 300w\" sizes=\"auto, (max-width: 1020px) 100vw, 1020px\" \/>\t\t\t\t\t\t\n\t\t\t\t\t<\/div>\n\t\t\t\t\t\t\t\t\n<style>\n#image_1360104593 {\n  width: 100%;\n}\n<\/style>\n\t<\/div>\n\t\n\n\n\t\t<\/div>\n\t\t\t\t\n<style>\n#col-1037365911 > .col-inner {\n  padding: 16px 0px 0px 0px;\n}\n<\/style>\n\t<\/div>\n\n\t\n\n<\/div>\n\n\t\t<\/div>\n\n\t\t\n<style>\n#section_1675088996 {\n  padding-top: 0px;\n  padding-bottom: 0px;\n}\n#section_1675088996 .section-bg-overlay {\n  background-color: rgba(255, 255, 255, 0.85);\n}\n<\/style>\n\t<\/section>\n\t\n\n\t<section class=\"section\" id=\"section_79335543\">\n\t\t<div class=\"section-bg fill\" >\n\t\t\t\t\t\t\t\t\t<div class=\"section-bg-overlay absolute fill\"><\/div>\n\t\t\t\n\n\t\t<\/div>\n\n\t\t\n\n\t\t<div class=\"section-content relative\">\n\t\t\t\n\n<div class=\"row row-collapse row-full-width align-middle\"  id=\"row-1790765669\">\n\n\n\t<div id=\"col-1880748530\" class=\"col medium-6 small-12 large-6\"  >\n\t\t\t\t<div class=\"col-inner\"  >\n\t\t\t\n\t\t\t\n\n\t<div class=\"img has-hover x md-x lg-x y md-y lg-y\" id=\"image_204054297\">\n\t\t\t\t\t\t\t\t<div class=\"img-inner dark\" >\n\t\t\t<img loading=\"lazy\" decoding=\"async\" width=\"424\" height=\"427\" src=\"https:\/\/artkeeping.com\/wp-content\/uploads\/2021\/04\/gota-resina1.png\" class=\"attachment-large size-large\" alt=\"\" srcset=\"https:\/\/artkeeping.com\/wp-content\/uploads\/2021\/04\/gota-resina1.png 424w, https:\/\/artkeeping.com\/wp-content\/uploads\/2021\/04\/gota-resina1-300x302.png 300w, https:\/\/artkeeping.com\/wp-content\/uploads\/2021\/04\/gota-resina1-100x100.png 100w\" sizes=\"auto, (max-width: 424px) 100vw, 424px\" \/>\t\t\t\t\t\t\n\t\t\t\t\t<\/div>\n\t\t\t\t\t\t\t\t\n<style>\n#image_204054297 {\n  width: 100%;\n}\n<\/style>\n\t<\/div>\n\t\n\n\n\t\t<\/div>\n\t\t\t\t\t<\/div>\n\n\t\n\n\t<div id=\"col-1961113031\" class=\"col medium-6 small-12 large-6\"  >\n\t\t\t\t<div class=\"col-inner text-center\"  >\n\t\t\t\n\t\t\t\n\n<p>&nbsp;<\/p>\n<h2>Sello de calidad<\/h2>\n<p>Todos nuestros productos son de fabricaci\u00f3n propia, con maquinaria de \u00faltima generaci\u00f3n y con materiales de gran calidad.<\/p>\n<p>Nuestra fabricaci\u00f3n est\u00e1 homologada con la garant\u00eda de calidad exigida por la Uni\u00f3n Europea, en base a la norma UNE-EN 71-3, y la gota de poliuretano libre de mercurio conforme con el Reglamento Europeo 1907\/2006 (REACh) Resinas de alto rendimiento homologadas para los test SAE J1960-89 (4000 horas sin ning\u00fan manchado superficial o cambio de color<\/p>\n\n\t\t<\/div>\n\t\t\t\t\n<style>\n#col-1961113031 > .col-inner {\n  padding: 10% 10% 10% 10%;\n  max-width: 520px;\n}\n<\/style>\n\t<\/div>\n\n\t\n\n<\/div>\n\n\t\t<\/div>\n\n\t\t\n<style>\n#section_79335543 {\n  padding-top: 0px;\n  padding-bottom: 0px;\n  background-color: rgb(247, 247, 247);\n}\n#section_79335543 .section-bg-overlay {\n  background-color: rgba(255, 255, 255, 0.85);\n}\n<\/style>\n\t<\/section>\n\t\n\n","protected":false},"excerpt":{"rendered":"","protected":false},"author":4,"featured_media":3975,"parent":0,"menu_order":0,"comment_status":"closed","ping_status":"closed","template":"","meta":{"footnotes":""},"class_list":["post-3915","page","type-page","status-publish","has-post-thumbnail","hentry"],"_links":{"self":[{"href":"https:\/\/artkeeping.com\/es\/wp-json\/wp\/v2\/pages\/3915","targetHints":{"allow":["GET"]}}],"collection":[{"href":"https:\/\/artkeeping.com\/es\/wp-json\/wp\/v2\/pages"}],"about":[{"href":"https:\/\/artkeeping.com\/es\/wp-json\/wp\/v2\/types\/page"}],"author":[{"embeddable":true,"href":"https:\/\/artkeeping.com\/es\/wp-json\/wp\/v2\/users\/4"}],"replies":[{"embeddable":true,"href":"https:\/\/artkeeping.com\/es\/wp-json\/wp\/v2\/comments?post=3915"}],"version-history":[{"count":14,"href":"https:\/\/artkeeping.com\/es\/wp-json\/wp\/v2\/pages\/3915\/revisions"}],"predecessor-version":[{"id":4695,"href":"https:\/\/artkeeping.com\/es\/wp-json\/wp\/v2\/pages\/3915\/revisions\/4695"}],"wp:featuredmedia":[{"embeddable":true,"href":"https:\/\/artkeeping.com\/es\/wp-json\/wp\/v2\/media\/3975"}],"wp:attachment":[{"href":"https:\/\/artkeeping.com\/es\/wp-json\/wp\/v2\/media?parent=3915"}],"curies":[{"name":"wp","href":"https:\/\/api.w.org\/{rel}","templated":true}]}}