
{"id":3734,"date":"2021-04-20T17:16:02","date_gmt":"2021-04-20T16:16:02","guid":{"rendered":"https:\/\/artkeeping.com\/?page_id=3734"},"modified":"2021-05-13T12:55:51","modified_gmt":"2021-05-13T11:55:51","slug":"nuestros-productos","status":"publish","type":"page","link":"https:\/\/artkeeping.com\/es\/nuestros-productos\/","title":{"rendered":"Nuestros Productos"},"content":{"rendered":"\n\n\t<section class=\"section\" id=\"section_1464116366\">\n\t\t<div class=\"section-bg fill\" >\n\t\t\t<img loading=\"lazy\" decoding=\"async\" width=\"1637\" height=\"500\" src=\"https:\/\/artkeeping.com\/wp-content\/uploads\/2021\/02\/slider_home1.png\" class=\"bg attachment- size-\" alt=\"\" \/>\t\t\t\t\t\t<div class=\"section-bg-overlay absolute fill\"><\/div>\n\t\t\t\n\n\t\t<\/div>\n\n\t\t\n\n\t\t<div class=\"section-content relative\">\n\t\t\t\n\n  <div class=\"banner-grid-wrapper\">\n  <div id=\"banner-grid-479996847\" class=\"banner-grid row row-grid row-small row-box-shadow-1\" data-packery-options=\"\">\n                      \n\n<div class=\"col grid-col small-13 large-8 grid-col-1-2\" ><div class=\"col-inner\">\n\n\n  <div class=\"banner has-hover bg-zoom\" id=\"banner-1670465591\">\n          <div class=\"banner-inner fill\">\n        <div class=\"banner-bg fill\" >\n            <img loading=\"lazy\" decoding=\"async\" width=\"1020\" height=\"406\" src=\"https:\/\/artkeeping.com\/wp-content\/uploads\/2021\/02\/pack-magnets-resinados-3.png\" class=\"bg attachment-large size-large\" alt=\"PACK DE MAGNETS RESINADOS\" \/>                                    \n                    <\/div>\n\t\t\n        <div class=\"banner-layers container\">\n            <a class=\"fill\" href=\"\/es\/imanes\/\"><div class=\"fill banner-link\"><\/div><\/a>            \n\n   <div id=\"text-box-641050493\" class=\"text-box banner-layer x50 md-x50 lg-x50 y50 md-y50 lg-y50 res-text\">\n                     <div data-animate=\"fadeInLeft\">           <div class=\"text-box-content text dark\">\n              \n              <div class=\"text-inner text-left\">\n                  \n\n\t<div id=\"text-696268359\" class=\"text\">\n\t\t\n\n<h2><strong>Imanes personalizados<\/strong>&nbsp;<\/h2>\n\t\t\n<style>\n#text-696268359 {\n  color: rgb(255,255,255);\n}\n#text-696268359 > * {\n  color: rgb(255,255,255);\n}\n<\/style>\n\t<\/div>\n\t\n<a href=\"\/es\/imanes\/\" class=\"button white is-bevel is-larger\" style=\"border-radius:38px;\">\n\t\t<span>Mas info...<\/span>\n\t<\/a>\n\n\n\n              <\/div>\n           <\/div>\n       <\/div>                     \n<style>\n#text-box-641050493 {\n  width: 90%;\n}\n#text-box-641050493 .text-box-content {\n  font-size: 102%;\n}\n@media (min-width:550px) {\n  #text-box-641050493 {\n    width: 65%;\n  }\n}\n<\/style>\n    <\/div>\n \n\n        <\/div>\n      <\/div>\n\n            \n<style>\n#banner-1670465591 {\n  padding-top: 500px;\n}\n#banner-1670465591 .banner-bg img {\n  object-position: 32% 58%;\n}\n<\/style>\n  <\/div>\n\n\n\n<\/div><\/div>\n<div class=\"col grid-col small-13 large-4 grid-col-2-3\" ><div class=\"col-inner\">\n\n\n  <div class=\"banner has-hover bg-zoom\" id=\"banner-1369625547\">\n          <div class=\"banner-inner fill\">\n        <div class=\"banner-bg fill\" >\n            <img loading=\"lazy\" decoding=\"async\" width=\"800\" height=\"319\" src=\"https:\/\/artkeeping.com\/wp-content\/uploads\/2021\/02\/llaveros-con-gota-de-resina-3-800x319.png\" class=\"bg attachment-medium size-medium\" alt=\"LLAVEROS CON RESINA\" \/>                        <div class=\"overlay\"><\/div>            \n                    <\/div>\n\t\t\n        <div class=\"banner-layers container\">\n            <a class=\"fill\" href=\"\/es\/llaveros\/\"><div class=\"fill banner-link\"><\/div><\/a>            \n\n   <div id=\"text-box-778686234\" class=\"text-box banner-layer x50 md-x50 lg-x50 y50 md-y50 lg-y50 res-text\">\n                                <div class=\"text-box-content text dark\">\n              \n              <div class=\"text-inner text-center\">\n                  \n\n\t<div id=\"text-2604791101\" class=\"text\">\n\t\t\n\n<h2><strong>Llaveros<\/strong><\/h2>\n\t\t\n<style>\n#text-2604791101 {\n  text-align: center;\n}\n<\/style>\n\t<\/div>\n\t\n<a href=\"\/es\/llaveros\/\" class=\"button white is-gloss is-xxlarge\" style=\"border-radius:99px;\">\n\t\t<span>M\u00c1S INFO...<\/span>\n\t<\/a>\n\n\n\n              <\/div>\n           <\/div>\n                            \n<style>\n#text-box-778686234 {\n  width: 67%;\n}\n#text-box-778686234 .text-box-content {\n  font-size: 100%;\n}\n<\/style>\n    <\/div>\n \n\n        <\/div>\n      <\/div>\n\n            \n<style>\n#banner-1369625547 {\n  padding-top: 500px;\n}\n#banner-1369625547 .overlay {\n  background-color: rgba(0, 0, 0, 0.16);\n}\n#banner-1369625547 .banner-bg img {\n  object-position: 47% 55%;\n}\n<\/style>\n  <\/div>\n\n\n\n<\/div><\/div>\n<div class=\"col grid-col small-15 large-4 grid-col-1-2\" ><div class=\"col-inner\">\n\n\n  <div class=\"banner has-hover bg-zoom\" id=\"banner-442156217\">\n          <div class=\"banner-inner fill\">\n        <div class=\"banner-bg fill\" >\n            <img loading=\"lazy\" decoding=\"async\" width=\"800\" height=\"319\" src=\"https:\/\/artkeeping.com\/wp-content\/uploads\/2021\/02\/gomas-de-borrar-3D-4-800x319.png\" class=\"bg attachment-medium size-medium\" alt=\"GOMAS DE BORRAR 3D\" \/>                                    \n                    <\/div>\n\t\t\n        <div class=\"banner-layers container\">\n            <a class=\"fill\" href=\"\/es\/gomas-de-borrar\/\"><div class=\"fill banner-link\"><\/div><\/a>            \n\n   <div id=\"text-box-1441224073\" class=\"text-box banner-layer x100 md-x100 lg-x100 y75 md-y75 lg-y75 res-text\">\n                     <div data-animate=\"fadeInLeft\">           <div class=\"text-box-content text \">\n              \n              <div class=\"text-inner text-left\">\n                  \n\n\t<div id=\"text-3136598395\" class=\"text\">\n\t\t\n\n<h2><strong>Gomas de borrar<\/strong><\/h2>\n\t\t\n<style>\n#text-3136598395 {\n  color: rgb(0,0,0);\n}\n#text-3136598395 > * {\n  color: rgb(0,0,0);\n}\n<\/style>\n\t<\/div>\n\t\n<a href=\"\/es\/gomas-de-borrar\/\" class=\"button white is-gloss is-xxlarge\" style=\"border-radius:99px;\">\n\t\t<span>MAS INFO...<\/span>\n\t<\/a>\n\n\n\n              <\/div>\n           <\/div>\n       <\/div>                     \n<style>\n#text-box-1441224073 {\n  width: 60%;\n}\n#text-box-1441224073 .text-box-content {\n  font-size: 100%;\n}\n@media (min-width:550px) {\n  #text-box-1441224073 {\n    width: 82%;\n  }\n}\n<\/style>\n    <\/div>\n \n\n        <\/div>\n      <\/div>\n\n            \n<style>\n#banner-442156217 {\n  padding-top: 500px;\n}\n#banner-442156217 .banner-bg img {\n  object-position: 66% 22%;\n}\n<\/style>\n  <\/div>\n\n\n\n<\/div><\/div>\n<div class=\"col grid-col small-13 large-4 grid-col-1-2\" ><div class=\"col-inner\">\n\n\n  <div class=\"banner has-hover bg-zoom\" id=\"banner-1741388468\">\n          <div class=\"banner-inner fill\">\n        <div class=\"banner-bg fill\" >\n            <img loading=\"lazy\" decoding=\"async\" width=\"800\" height=\"319\" src=\"https:\/\/artkeeping.com\/wp-content\/uploads\/2021\/02\/juego-de-memoria-6-800x319.png\" class=\"bg attachment-medium size-medium\" alt=\"JUEGOS DE MEMORIA PHOTO TWIN\u00ae\" \/>                                    \n                    <\/div>\n\t\t\n        <div class=\"banner-layers container\">\n            <a class=\"fill\" href=\"\/es\/juegos-de-mesa\/\"><div class=\"fill banner-link\"><\/div><\/a>            \n\n   <div id=\"text-box-1833320996\" class=\"text-box banner-layer x100 md-x100 lg-x100 y50 md-y50 lg-y50 res-text\">\n                                <div class=\"text-box-content text dark\">\n              \n              <div class=\"text-inner text-left\">\n                  \n\n<h2><strong>Juegos<\/strong><\/h2>\n<a href=\"\/es\/juegos-de-mesa\/\" class=\"button white is-gloss is-xxlarge\" style=\"border-radius:99px;\">\n\t\t<span>MAS INFO...<\/span>\n\t<\/a>\n\n\n\n              <\/div>\n           <\/div>\n                            \n<style>\n#text-box-1833320996 {\n  width: 80%;\n}\n#text-box-1833320996 .text-box-content {\n  font-size: 100%;\n}\n<\/style>\n    <\/div>\n \n\n        <\/div>\n      <\/div>\n\n            \n<style>\n#banner-1741388468 {\n  padding-top: 500px;\n}\n<\/style>\n  <\/div>\n\n\n\n<\/div><\/div>\n<div class=\"col grid-col small-15 large-4 grid-col-1-3\" ><div class=\"col-inner\">\n\n\n  <div class=\"banner has-hover bg-zoom\" id=\"banner-140379315\">\n          <div class=\"banner-inner fill\">\n        <div class=\"banner-bg fill\" >\n            <img loading=\"lazy\" decoding=\"async\" width=\"447\" height=\"400\" src=\"https:\/\/artkeeping.com\/wp-content\/uploads\/2021\/02\/OSO-DE-CARTON-LAYERART-1-447x400.png\" class=\"bg attachment-medium size-medium\" alt=\"OSO DE CART\u00d3N - LAYERART\" \/>                        <div class=\"overlay\"><\/div>            \n                    <\/div>\n\t\t\n        <div class=\"banner-layers container\">\n            <a class=\"fill\" href=\"\/es\/layerart\/\"><div class=\"fill banner-link\"><\/div><\/a>            \n\n   <div id=\"text-box-2142123658\" class=\"text-box banner-layer x50 md-x50 lg-x50 y85 md-y85 lg-y85 res-text\">\n                                <div class=\"text-box-content text dark\">\n              \n              <div class=\"text-inner text-left\">\n                  \n\n<h2><strong>Layerart<\/strong><\/h2>\n<a href=\"\/es\/layerart\/\" class=\"button white is-gloss is-xxlarge\" style=\"border-radius:99px;\">\n\t\t<span>M\u00c1S INFO...<\/span>\n\t<\/a>\n\n\n\n              <\/div>\n           <\/div>\n                            \n<style>\n#text-box-2142123658 {\n  width: 79%;\n}\n#text-box-2142123658 .text-box-content {\n  font-size: 100%;\n}\n<\/style>\n    <\/div>\n \n\n        <\/div>\n      <\/div>\n\n            \n<style>\n#banner-140379315 {\n  padding-top: 500px;\n}\n#banner-140379315 .overlay {\n  background-color: rgba(0, 0, 0, 0.09);\n}\n<\/style>\n  <\/div>\n\n\n\n<\/div><\/div>\n<div class=\"col grid-col small-15 large-12 grid-col-1-2\" ><div class=\"col-inner\">\n\n\n  <div class=\"banner has-hover bg-zoom\" id=\"banner-1700245513\">\n          <div class=\"banner-inner fill\">\n        <div class=\"banner-bg fill\" >\n            <img loading=\"lazy\" decoding=\"async\" width=\"800\" height=\"800\" src=\"https:\/\/artkeeping.com\/wp-content\/uploads\/2021\/03\/OtrosProductos-800x800.jpg\" class=\"bg attachment-medium size-medium\" alt=\"Productos ArtKeeping\" \/>                        <div class=\"overlay\"><\/div>            \n                    <\/div>\n\t\t\n        <div class=\"banner-layers container\">\n            <a class=\"fill\" href=\"\/es\/otros-productos\/\"><div class=\"fill banner-link\"><\/div><\/a>            \n\n   <div id=\"text-box-261903016\" class=\"text-box banner-layer x5 md-x5 lg-x5 y90 md-y90 lg-y90 res-text\">\n                                <div class=\"text-box-content text dark\">\n              \n              <div class=\"text-inner text-left\">\n                  \n\n\t<div id=\"text-4256757801\" class=\"text\">\n\t\t\n\n<h2><strong>Otros<\/strong><\/h2>\n\t\t\n<style>\n#text-4256757801 {\n  font-size: 0.75rem;\n  color: rgb(0,0,0);\n}\n#text-4256757801 > * {\n  color: rgb(0,0,0);\n}\n<\/style>\n\t<\/div>\n\t\n<a href=\"\/es\/otros-productos\/\" class=\"button white is-gloss\" style=\"border-radius:99px;\">\n\t\t<span>M\u00c1S INFO...<\/span>\n\t<\/a>\n\n\n\n              <\/div>\n           <\/div>\n                            \n<style>\n#text-box-261903016 {\n  width: 79%;\n}\n#text-box-261903016 .text-box-content {\n  font-size: 100%;\n}\n<\/style>\n    <\/div>\n \n\n        <\/div>\n      <\/div>\n\n            \n<style>\n#banner-1700245513 {\n  padding-top: 500px;\n}\n#banner-1700245513 .overlay {\n  background-color: rgba(0, 0, 0, 0.09);\n}\n#banner-1700245513 .banner-bg img {\n  object-position: 40% 51%;\n}\n<\/style>\n  <\/div>\n\n\n\n<\/div><\/div>\n\n            <\/div>\n    <style>\n    #banner-grid-479996847 .grid-col-1{height: 666px}\n    #banner-grid-479996847 .grid-col-1-2{height: 333px}\n    #banner-grid-479996847 .grid-col-1-3{height:222px}\n    #banner-grid-479996847 .grid-col-2-3{height: 444px}\n    #banner-grid-479996847 .grid-col-1-4{height: 166.5px}\n    #banner-grid-479996847 .grid-col-3-4{height: 499.5px}\n\n\n    \n    \n\n  <\/style>\n    <\/div>\n  \n\n\t\t<\/div>\n\n\t\t\n<style>\n#section_1464116366 {\n  padding-top: 30px;\n  padding-bottom: 30px;\n  background-color: rgb(255, 255, 255);\n}\n#section_1464116366 .section-bg-overlay {\n  background-color: rgba(255, 255, 255, 0.62);\n}\n<\/style>\n\t<\/section>\n\t\n\n\t<section class=\"section\" id=\"section_276637162\">\n\t\t<div class=\"section-bg fill\" >\n\t\t\t\t\t\t\t\t\t\n\t\t\t\n\t<div class=\"is-border\"\n\t\tstyle=\"border-color:rgba(0, 0, 0, 0.05);border-width:1px 0px 0px 0px;\">\n\t<\/div>\n\n\t\t<\/div>\n\n\t\t\n\n\t\t<div class=\"section-content relative\">\n\t\t\t\n\n<div class=\"row\"  id=\"row-730534907\">\n\n\n\t<div id=\"col-923012851\" class=\"col medium-4 small-12 large-4\"  >\n\t\t\t\t<div class=\"col-inner\"  >\n\t\t\t\n\t\t\t\n\n<h3>DISE\u00d1O PERSONALIZADO<\/h3>\n<p>Nuestros productos son \u00fanicos. Todos y cada uno de los proyectos desarrollados est\u00e1n creados a partir de una idea original y fabricados en exclusiva para nuestros clientes.<\/p>\n\n\t\t<\/div>\n\t\t\t\t\t<\/div>\n\n\t\n\n\t<div id=\"col-1226949580\" class=\"col medium-4 small-12 large-4\"  >\n\t\t\t\t<div class=\"col-inner\"  >\n\t\t\t\n\t\t\t\n\n<h3>NUESTRO SELLO DE CALIDAD<\/h3>\n<p>Todos los productos Art Keeping est\u00e1n homologados con la garant\u00eda de calidad exigida por la Uni\u00f3n Europea, en base a la norma UNE-EN 71-3 sobre seguridad en los juguetes, y materia prima libre de materiales pesados.<\/p>\n\n\t\t<\/div>\n\t\t\t\t\t<\/div>\n\n\t\n\n\t<div id=\"col-320478462\" class=\"col medium-4 small-12 large-4\"  >\n\t\t\t\t<div class=\"col-inner\"  >\n\t\t\t\n\t\t\t\n\n<h3>FLEXIBILIDAD Y AGILIDAD<\/h3>\n<p>Art Keeping dispone de la \u00faltima tecnolog\u00eda en producci\u00f3n digital que permite ofrecer una mayor agilidad en la fabricaci\u00f3n y adaptarnos a los plazos del cliente sin coste a\u00f1adido.<\/p>\n\n\t\t<\/div>\n\t\t\t\t\t<\/div>\n\n\t\n\n<\/div>\n\n\t\t<\/div>\n\n\t\t\n<style>\n#section_276637162 {\n  padding-top: 30px;\n  padding-bottom: 30px;\n  background-color: rgb(246, 246, 246);\n}\n<\/style>\n\t<\/section>\n\t\n\n\t<section class=\"section\" id=\"section_2092108040\">\n\t\t<div class=\"section-bg fill\" >\n\t\t\t\t\t\t\t\t\t\n\t\t\t\n\t<div class=\"is-border\"\n\t\tstyle=\"border-color:rgba(0, 0, 0, 0.05);border-width:1px 0px 0px 0px;\">\n\t<\/div>\n\n\t\t<\/div>\n\n\t\t\n\n\t\t<div class=\"section-content relative\">\n\t\t\t\n\n<div class=\"row\"  id=\"row-16843977\">\n\n\n\t<div id=\"col-2067014696\" class=\"col medium-4 small-12 large-4\"  >\n\t\t\t\t<div class=\"col-inner\"  >\n\t\t\t\n\t\t\t\n\n<h3 class=\"bold uppercase\">PRODUCCI\u00d3N PROPIA<\/h3>\n<p>Todos nuestros productos son de fabricaci\u00f3n propia, con maquinaria de \u00faltima generaci\u00f3n y con materiales de gran calidad.<\/p>\n\n\t\t<\/div>\n\t\t\t\t\t<\/div>\n\n\t\n\n\t<div id=\"col-1868141649\" class=\"col medium-4 small-12 large-4\"  >\n\t\t\t\t<div class=\"col-inner\"  >\n\t\t\t\n\t\t\t\n\n<h3>PRODUCTOS EXCLUSIVOS<\/h3>\n<p>Art Keeping cuenta con un amplio equipo de creativos y dise\u00f1adores que estudian las necesidades de nuestros clientes y personalizan los productos seg\u00fan sus especificaciones.<\/p>\n\n\t\t<\/div>\n\t\t\t\t\t<\/div>\n\n\t\n\n\t<div id=\"col-199358986\" class=\"col medium-4 small-12 large-4\"  >\n\t\t\t\t<div class=\"col-inner\"  >\n\t\t\t\n\t\t\t\n\n<h3>PRODUCTOS EST\u00c1NDAR<\/h3>\n<p>Adem\u00e1s, contamos con un amplio abanico de referencias y de productos en stock con disponibilidad inmediata para cualquier urgencia o necesidad promocional.<\/p>\n\n\t\t<\/div>\n\t\t\t\t\t<\/div>\n\n\t\n\n<\/div>\n\n\t\t<\/div>\n\n\t\t\n<style>\n#section_2092108040 {\n  padding-top: 30px;\n  padding-bottom: 30px;\n  background-color: rgb(246, 246, 246);\n}\n<\/style>\n\t<\/section>\n\t\n\n","protected":false},"excerpt":{"rendered":"","protected":false},"author":2,"featured_media":0,"parent":0,"menu_order":0,"comment_status":"closed","ping_status":"closed","template":"page-blank.php","meta":{"footnotes":""},"class_list":["post-3734","page","type-page","status-publish","hentry"],"_links":{"self":[{"href":"https:\/\/artkeeping.com\/es\/wp-json\/wp\/v2\/pages\/3734","targetHints":{"allow":["GET"]}}],"collection":[{"href":"https:\/\/artkeeping.com\/es\/wp-json\/wp\/v2\/pages"}],"about":[{"href":"https:\/\/artkeeping.com\/es\/wp-json\/wp\/v2\/types\/page"}],"author":[{"embeddable":true,"href":"https:\/\/artkeeping.com\/es\/wp-json\/wp\/v2\/users\/2"}],"replies":[{"embeddable":true,"href":"https:\/\/artkeeping.com\/es\/wp-json\/wp\/v2\/comments?post=3734"}],"version-history":[{"count":3,"href":"https:\/\/artkeeping.com\/es\/wp-json\/wp\/v2\/pages\/3734\/revisions"}],"predecessor-version":[{"id":5403,"href":"https:\/\/artkeeping.com\/es\/wp-json\/wp\/v2\/pages\/3734\/revisions\/5403"}],"wp:attachment":[{"href":"https:\/\/artkeeping.com\/es\/wp-json\/wp\/v2\/media?parent=3734"}],"curies":[{"name":"wp","href":"https:\/\/api.w.org\/{rel}","templated":true}]}}