
{"id":3204,"date":"2021-04-20T08:38:07","date_gmt":"2021-04-20T07:38:07","guid":{"rendered":"https:\/\/artkeeping.com\/?page_id=3204"},"modified":"2021-04-20T10:52:30","modified_gmt":"2021-04-20T09:52:30","slug":"magnets-gota","status":"publish","type":"page","link":"https:\/\/artkeeping.com\/es\/magnets-gota\/","title":{"rendered":"Imanes con gota de poliuretano"},"content":{"rendered":"\n  <div class=\"banner-grid-wrapper\">\n  <div id=\"banner-grid-1454296935\" class=\"banner-grid row row-grid row-collapse row-box-shadow-4 row-box-shadow-3-hover row-full-width\" data-packery-options=\"\">\n                      \n\n<div class=\"col grid-col large-7 grid-col-1\" ><div class=\"col-inner\">\n\n\n  <div class=\"banner has-hover bg-zoom\" id=\"banner-154384146\">\n          <div class=\"banner-inner fill\">\n        <div class=\"banner-bg fill\" >\n            <img loading=\"lazy\" decoding=\"async\" width=\"1020\" height=\"980\" src=\"https:\/\/artkeeping.com\/wp-content\/uploads\/2021\/04\/Imanes-res-front-1400x1345.jpg\" class=\"bg attachment-large size-large\" alt=\"\" \/>                        <div class=\"overlay\"><\/div>            \n                    <\/div>\n\t\t\n        <div class=\"banner-layers container\">\n            <a class=\"fill\" href=\"#caracteristicas\"><div class=\"fill banner-link\"><\/div><\/a>            \n\n   <div id=\"text-box-698148188\" class=\"text-box banner-layer x10 md-x10 lg-x10 y70 md-y70 lg-y70 res-text\">\n       <div class=\"hover-bounce\">              <div data-animate=\"fadeInRight\">           <div class=\"text-box-content text dark\">\n              \n              <div class=\"text-inner text-left\">\n                  \n\n\t<div id=\"text-3399164256\" class=\"text\">\n\t\t\n\n<h1 class=\"uppercase\"><span style=\"font-size: 3.5vh; line-height: 1vh; letter-spacing: 0.1vw;\"><strong><a style=\"color: inherit;\" href=\"#caracteristicas\">Imanes con gota de poliuretano<\/a><\/strong><\/span><\/h1>\n\t\t\n<style>\n#text-3399164256 {\n  text-align: left;\n  color: rgb(28, 72, 138);\n}\n#text-3399164256 > * {\n  color: rgb(28, 72, 138);\n}\n<\/style>\n\t<\/div>\n\t\n\n              <\/div>\n           <\/div>\n       <\/div>              <\/div>       \n<style>\n#text-box-698148188 {\n  width: 67%;\n}\n#text-box-698148188 .text-box-content {\n  font-size: 100%;\n}\n@media (min-width:550px) {\n  #text-box-698148188 {\n    width: 67%;\n  }\n}\n@media (min-width:850px) {\n  #text-box-698148188 {\n    width: 42%;\n  }\n}\n<\/style>\n    <\/div>\n \n   <div id=\"text-box-732663787\" class=\"text-box banner-layer x10 md-x10 lg-x10 y75 md-y75 lg-y75 res-text\">\n       <div class=\"hover-bounce\">              <div data-animate=\"fadeInRight\">           <div class=\"text-box-content text dark\">\n              \n              <div class=\"text-inner text-left\">\n                  \n\n<a href=\"#contacto\" class=\"button primary is-outline is-larger expand\" style=\"border-radius:12px;\">\n\t\t<span>Solicita Presupuesto<\/span>\n\t<\/a>\n\n\n\n              <\/div>\n           <\/div>\n       <\/div>              <\/div>       \n<style>\n#text-box-732663787 .text-inner {\n  padding: 9px 0px 0px 0px;\n}\n#text-box-732663787 {\n  width: 31%;\n}\n#text-box-732663787 .text-box-content {\n  font-size: 100%;\n}\n<\/style>\n    <\/div>\n \n\n        <\/div>\n      <\/div>\n\n            \n<style>\n#banner-154384146 {\n  padding-top: 500px;\n}\n#banner-154384146 .overlay {\n  background-color: rgba(0, 0, 0, 0);\n}\n#banner-154384146 .banner-bg img {\n  object-position: 73% 49%;\n}\n<\/style>\n  <\/div>\n\n\n\n<\/div><\/div>\n<div class=\"col grid-col large-5 grid-col-1-2\" ><div class=\"col-inner\">\n\n\n  <div class=\"banner has-hover bg-zoom\" id=\"banner-1838816200\">\n          <div class=\"banner-inner fill\">\n        <div class=\"banner-bg fill\" >\n            <img loading=\"lazy\" decoding=\"async\" width=\"1020\" height=\"883\" src=\"https:\/\/artkeeping.com\/wp-content\/uploads\/2021\/04\/Imanes-res-SIDE-1400x1212.jpg\" class=\"bg attachment-large size-large\" alt=\"\" \/>                        <div class=\"overlay\"><\/div>            \n                    <\/div>\n\t\t\n        <div class=\"banner-layers container\">\n            <a class=\"fill\" href=\"#caracteristicas\"><div class=\"fill banner-link\"><\/div><\/a>            \n\n   <div id=\"text-box-644950339\" class=\"text-box banner-layer x10 md-x10 lg-x10 y10 md-y10 lg-y10 res-text\">\n       <div class=\"hover-bounce\">                         <div class=\"text-box-content text \">\n              \n              <div class=\"text-inner text-left\">\n                  \n\n\t<div id=\"text-2353035508\" class=\"text\">\n\t\t\n\n<p class=\"uppercase\"><span style=\"font-size: 1.9vh;\"><strong><a href=\"#caracteristicas\" STYLE=\"color:inherit\";>Personal\u00edzalos con tus dise\u00f1os!<\/a><\/strong><\/span><\/p>\n\t\t\n<style>\n#text-2353035508 {\n  text-align: left;\n  color: rgb(28, 72, 138);\n}\n#text-2353035508 > * {\n  color: rgb(28, 72, 138);\n}\n<\/style>\n\t<\/div>\n\t\n\n              <\/div>\n           <\/div>\n                     <\/div>       \n<style>\n#text-box-644950339 {\n  width: 71%;\n}\n#text-box-644950339 .text-box-content {\n  font-size: 100%;\n}\n<\/style>\n    <\/div>\n \n\n        <\/div>\n      <\/div>\n\n            \n<style>\n#banner-1838816200 {\n  padding-top: 500px;\n}\n#banner-1838816200 .overlay {\n  background-color: rgba(0, 0, 0, 0);\n}\n#banner-1838816200 .banner-bg img {\n  object-position: 24% 49%;\n}\n<\/style>\n  <\/div>\n\n\n\n<\/div><\/div>\n<div class=\"col grid-col large-5 grid-col-1-2\" ><div class=\"col-inner\">\n\n\n  <div class=\"banner has-hover bg-zoom\" id=\"banner-1865572637\">\n          <div class=\"banner-inner fill\">\n        <div class=\"banner-bg fill\" >\n            <img loading=\"lazy\" decoding=\"async\" width=\"1020\" height=\"406\" src=\"https:\/\/artkeeping.com\/wp-content\/uploads\/2021\/02\/iman-gota-resina-2.png\" class=\"bg attachment-large size-large\" alt=\"IM\u00c1N DE NEVERA CON RESINA\" \/>                                    \n                    <\/div>\n\t\t\n        <div class=\"banner-layers container\">\n            <a class=\"fill\" href=\"#presentacion\"><div class=\"fill banner-link\"><\/div><\/a>            \n\n\n        <\/div>\n      <\/div>\n\n            \n<style>\n#banner-1865572637 {\n  padding-top: 500px;\n}\n#banner-1865572637 .banner-bg img {\n  object-position: 86% 63%;\n}\n<\/style>\n  <\/div>\n\n\n\n<\/div><\/div>\n\n            <\/div>\n    <style>\n    #banner-grid-1454296935 .grid-col-1{height: 862px}\n    #banner-grid-1454296935 .grid-col-1-2{height: 431px}\n    #banner-grid-1454296935 .grid-col-1-3{height:287.33333333333px}\n    #banner-grid-1454296935 .grid-col-2-3{height: 574.66666666667px}\n    #banner-grid-1454296935 .grid-col-1-4{height: 215.5px}\n    #banner-grid-1454296935 .grid-col-3-4{height: 646.5px}\n\n\n    \n    \n\n  <\/style>\n    <\/div>\n  \n<div class=\"row\"  id=\"row-1494418510\">\n\n\n\t<div id=\"col-1051193772\" class=\"col small-12 large-12\"  >\n\t\t\t\t<div class=\"col-inner text-center\"  >\n\t\t\t\n\t\t\t\n\n<a href=\"\/es\/contacto\" class=\"button primary is-larger reveal-icon\" style=\"border-radius:99px;\">\n\t\t<span>ContactA con nosotros<\/span>\n\t<i class=\"icon-angle-right\" aria-hidden=\"true\"><\/i><\/a>\n\n\n\n\t\t<\/div>\n\t\t\t\t\n<style>\n#col-1051193772 > .col-inner {\n  margin: 22px 0px -26px 0px;\n}\n<\/style>\n\t<\/div>\n\n\t\n\n<\/div>\n<span class=\"scroll-to\" data-label=\"Scroll to: #caracteristicas\" data-bullet=\"true\" data-link=\"#caracteristicas\" data-title=\"Caracter\u00edsticas\"><a name=\"caracteristicas\"><\/a><\/span>\n\n\n\t<section class=\"section\" id=\"section_211660161\">\n\t\t<div class=\"section-bg fill\" >\n\t\t\t\t\t\t\t\t\t<div class=\"section-bg-overlay absolute fill\"><\/div>\n\t\t\t\n\t<div class=\"is-border\"\n\t\tstyle=\"border-width:0px 0px 0px 0px;\">\n\t<\/div>\n\n\t\t<\/div>\n\n\t\t\n\n\t\t<div class=\"section-content relative\">\n\t\t\t\n\n<div class=\"container section-title-container\" style=\"margin-top:20px;\"><h2 class=\"section-title section-title-center\"><b aria-hidden=\"true\"><\/b><span class=\"section-title-main\" >Caracter\u00edsticas<\/span><b aria-hidden=\"true\"><\/b><\/h2><\/div>\n\n<div class=\"row row-large align-middle\"  id=\"row-2069146254\">\n\n\n\t<div id=\"col-453495264\" class=\"col medium-7 small-12 large-7\"  >\n\t\t\t\t<div class=\"col-inner text-left\"  >\n\t\t\t\n\t\t\t\n\n<p style=\"margin-bottom: 1.5vh\"><strong><span style=\"font-size: 2.3vh;\">\u2212 Placa de im\u00e1n de 0,5 mm de grosor<\/span><\/strong><\/p>\n<hr\/ style=\"margin-bottom: 1.5vh; margin-top: 1.5vh;\">\n<p style=\"margin-bottom: 1.5vh\"><strong><span style=\"font-size: 2.3vh;\">\u2212 Acabado de gota de resina de poliuretano*<\/span><\/strong><\/p>\n<hr\/ style=\"margin-bottom: 1.5vh; margin-top: 1.5vh;\">\n<style=\"margin-bottom: 1.5vh; margin-top: 2vh;\">\n<p style=\"margin-bottom: 1.5vh\"><strong><span style=\"font-size: 2.3vh;\">\u2212 Fabricaci\u00f3n propia<\/span><\/strong><\/p>\n<p style=\"padding-left: 40px; line-height: 2vh; margin-bottom: 1vh\"><span style=\"font-size: 2vh;\">&gt; Impresi\u00f3n en CMYK<\/span><\/p>\n<hr\/ style=\"margin-bottom: 1.5vh; margin-top: 2vh;\">\n<p style=\"margin-bottom: 1.5vh;\"><span style=\"font-size: 2.3vh;\"><strong>\u2212 Dise\u00f1o y formas personalizadas<\/strong><\/span><\/p>\n<hr\/ style=\"margin-bottom: 1.5vh; margin-top: 1.5vh;\">\n<p style=\"margin-bottom: 1.5vh\"><strong><span style=\"font-size: 2.3vh;\">\u2212 Impresi\u00f3n trasera opcional<\/span><\/strong><\/p>\n\n\t\t<\/div>\n\t\t\t\t\t<\/div>\n\n\t\n\n\t<div id=\"col-1536821299\" class=\"col medium-5 small-12 large-5\"  >\n\t\t\t\t<div class=\"col-inner\" style=\"background-color:rgb(255, 255, 255);\" >\n\t\t\t\n\t\t\t\n\n\t<div class=\"img has-hover x md-x lg-x y md-y lg-y\" id=\"image_2097622655\">\n\t\t\t\t\t\t\t\t<div class=\"img-inner box-shadow-3 dark\" >\n\t\t\t<img loading=\"lazy\" decoding=\"async\" width=\"800\" height=\"533\" src=\"https:\/\/artkeeping.com\/wp-content\/uploads\/2021\/02\/iman-resina-rectangular-nevera.png\" class=\"attachment-large size-large\" alt=\"IM\u00c1N DE NEVERA CON RESINA\" srcset=\"https:\/\/artkeeping.com\/wp-content\/uploads\/2021\/02\/iman-resina-rectangular-nevera.png 800w, https:\/\/artkeeping.com\/wp-content\/uploads\/2021\/02\/iman-resina-rectangular-nevera-300x200.png 300w, https:\/\/artkeeping.com\/wp-content\/uploads\/2021\/02\/iman-resina-rectangular-nevera-600x400.png 600w, https:\/\/artkeeping.com\/wp-content\/uploads\/2021\/02\/iman-resina-rectangular-nevera-768x512.png 768w\" sizes=\"auto, (max-width: 800px) 100vw, 800px\" \/>\t\t\t\t\t\t\n\t\t\t\t\t<\/div>\n\t\t\t\t\t\t\t\t\n<style>\n#image_2097622655 {\n  width: 100%;\n}\n<\/style>\n\t<\/div>\n\t\n\n\n\t\t<\/div>\n\t\t\t\t\n<style>\n#col-1536821299 > .col-inner {\n  border-radius: 49px;\n}\n<\/style>\n\t<\/div>\n\n\t\n\n<\/div>\n<div class=\"row\"  id=\"row-325139263\">\n\n\n\t<div id=\"col-271441029\" class=\"col small-12 large-12\"  >\n\t\t\t\t<div class=\"col-inner\"  >\n\t\t\t\n\t\t\t\n\n<p>*Usamos poliuretano libre de mercurio y aprobado por la CE**, asegur\u00e1ndonos de reciclar todos los residuos que se puedan generar durante el proceso de producci\u00f3n. Contamos con una sala blanca para conseguir un acabado \u00f3ptimo y equipo de vac\u00edo para evitar burbujas en el producto final.<\/p>\n<p class=\"p1\">**Gota de poliuretano libre de mercurio conforme con el Reglamento Europeo 1907\/2006 (REACh). Resinas de alto rendimiento homologadas para los test SAE J1960-89 (4000 horas sin ning\u00fan manchado superficial o cambio de color).<\/p>\n\n\t\t<\/div>\n\t\t\t\t\t<\/div>\n\n\t\n\n<\/div>\n<span class=\"scroll-to\" data-label=\"Scroll to: #presentacion\" data-bullet=\"true\" data-link=\"#presentacion\" data-title=\"Presentaci\u00f3n\"><a name=\"presentacion\"><\/a><\/span>\n\n\n\t\t<\/div>\n\n\t\t\n<style>\n#section_211660161 {\n  padding-top: 0px;\n  padding-bottom: 0px;\n  min-height: 0px;\n}\n#section_211660161 .section-bg-overlay {\n  background-color: rgba(255, 255, 255, 0.85);\n}\n<\/style>\n\t<\/section>\n\t\n\n\t<section class=\"section\" id=\"section_280103002\">\n\t\t<div class=\"section-bg fill\" >\n\t\t\t\t\t\t\t\t\t<div class=\"section-bg-overlay absolute fill\"><\/div>\n\t\t\t\n\n\t\t<\/div>\n\n\t\t\n\n\t\t<div class=\"section-content relative\">\n\t\t\t\n\n<div class=\"container section-title-container\" style=\"margin-top:0px;\"><h2 class=\"section-title section-title-center\"><b aria-hidden=\"true\"><\/b><span class=\"section-title-main\" >Presentaci\u00f3n<\/span><b aria-hidden=\"true\"><\/b><\/h2><\/div>\n\n<div class=\"row row-large align-middle\"  id=\"row-2032470764\">\n\n\n\t<div id=\"col-967647253\" class=\"col medium-6 small-12 large-6\"  >\n\t\t\t\t<div class=\"col-inner\"  >\n\t\t\t\n\t\t\t\n\n\t<div class=\"img has-hover x md-x lg-x y md-y lg-y\" id=\"image_337178618\">\n\t\t\t\t\t\t\t\t<div class=\"img-inner dark\" >\n\t\t\t<img loading=\"lazy\" decoding=\"async\" width=\"800\" height=\"533\" src=\"https:\/\/artkeeping.com\/wp-content\/uploads\/2021\/02\/iman-resina-rectangularXL-nevera.png\" class=\"attachment-large size-large\" alt=\"IM\u00c1N DE NEVERA CON RESINA\" srcset=\"https:\/\/artkeeping.com\/wp-content\/uploads\/2021\/02\/iman-resina-rectangularXL-nevera.png 800w, https:\/\/artkeeping.com\/wp-content\/uploads\/2021\/02\/iman-resina-rectangularXL-nevera-300x200.png 300w, https:\/\/artkeeping.com\/wp-content\/uploads\/2021\/02\/iman-resina-rectangularXL-nevera-600x400.png 600w, https:\/\/artkeeping.com\/wp-content\/uploads\/2021\/02\/iman-resina-rectangularXL-nevera-768x512.png 768w\" sizes=\"auto, (max-width: 800px) 100vw, 800px\" \/>\t\t\t\t\t\t\n\t\t\t\t\t<\/div>\n\t\t\t\t\t\t\t\t\n<style>\n#image_337178618 {\n  width: 100%;\n}\n<\/style>\n\t<\/div>\n\t\n\n\n\t\t<\/div>\n\t\t\t\t\t<\/div>\n\n\t\n\n\t<div id=\"col-12655580\" class=\"col medium-6 small-12 large-6\"  >\n\t\t\t\t<div class=\"col-inner text-left\"  >\n\t\t\t\n\t\t\t\n\n\t<div id=\"text-1680896657\" class=\"text\">\n\t\t\n\n<style=\"margin-bottom: 1.5vh; margin-top: 2vh;\"><p style=\"margin-bottom: 1.5vh\"><strong><span style=\"font-size: 2.3vh;\">\u2212 Embolsado individual<\/span><\/strong><\/p><p style=\"padding-left: 40px; line-height: 2vh; margin-bottom: 1vh\"><span style=\"font-size: 2vh;\">&gt; Cart\u00f3n personalizado impreso opcional<\/span><\/p>\n\t\t\n<style>\n#text-1680896657 {\n  line-height: 1.5;\n}\n<\/style>\n\t<\/div>\n\t\n\n\t\t<\/div>\n\t\t\t\t\t<\/div>\n\n\t\n\n<\/div>\n\n\t\t<\/div>\n\n\t\t\n<style>\n#section_280103002 {\n  padding-top: 30px;\n  padding-bottom: 30px;\n  min-height: 0px;\n  background-color: rgb(193, 193, 193);\n}\n#section_280103002 .section-bg-overlay {\n  background-color: rgba(255, 255, 255, 0.85);\n}\n<\/style>\n\t<\/section>\n\t\n<span class=\"scroll-to\" data-label=\"Scroll to: #dimensiones\" data-bullet=\"true\" data-link=\"#dimensiones\" data-title=\"Dimensiones\"><a name=\"dimensiones\"><\/a><\/span>\n\n\n\t<section class=\"section\" id=\"section_1224738422\">\n\t\t<div class=\"section-bg fill\" >\n\t\t\t\t\t\t\t\t\t\n\t\t\t\n\n\t\t<\/div>\n\n\t\t\n\n\t\t<div class=\"section-content relative\">\n\t\t\t\n\n<div class=\"container section-title-container\" style=\"margin-top:27px;\"><h2 class=\"section-title section-title-center\"><b aria-hidden=\"true\"><\/b><span class=\"section-title-main\" >Dimensiones<\/span><b aria-hidden=\"true\"><\/b><\/h2><\/div>\n\n<div class=\"row\"  id=\"row-180848381\">\n\n\n\t<div id=\"col-1371832898\" class=\"col small-12 large-12\"  >\n\t\t\t\t<div class=\"col-inner\"  >\n\t\t\t\n\t\t\t\n\n\t<div id=\"text-1305212345\" class=\"text\">\n\t\t\n\n<table>\n<thead>\n<tr>\n<th>Modelo<\/th>\n<th>MEDIDA<\/th>\n<\/tr>\n<\/thead>\n<tbody>\n<tr>\n<td>Personalizado<\/td>\n<td>\n<p>Consultar<\/p>\n<\/td>\n<\/tr>\n<\/tbody>\n<\/table>\n\t\t\n<style>\n#text-1305212345 {\n  font-size: 1.25rem;\n  line-height: 1;\n}\n<\/style>\n\t<\/div>\n\t\n\n\t\t<\/div>\n\t\t\t\t\t<\/div>\n\n\t\n\n<\/div>\n\n\t\t<\/div>\n\n\t\t\n<style>\n#section_1224738422 {\n  padding-top: 30px;\n  padding-bottom: 30px;\n}\n<\/style>\n\t<\/section>\n\t\n<span class=\"scroll-to\" data-label=\"Scroll to: #contacto\" data-bullet=\"true\" data-link=\"#contacto\" data-title=\"Contacto\"><a name=\"contacto\"><\/a><\/span>\n\n\n\t<section class=\"section\" id=\"section_1947341722\">\n\t\t<div class=\"section-bg fill\" >\n\t\t\t\t\t\t\t\t\t<div class=\"section-bg-overlay absolute fill\"><\/div>\n\t\t\t\n\t<div class=\"is-border\"\n\t\tstyle=\"border-width:1px 0px 1px 0px;\">\n\t<\/div>\n\n\t\t<\/div>\n\n\t\t\n\n\t\t<div class=\"section-content relative\">\n\t\t\t\n\n<div class=\"row row-large align-center\"  id=\"row-600553084\">\n\n\n\t<div id=\"col-2030793323\" class=\"col medium-9 small-12 large-9\"  >\n\t\t\t\t<div class=\"col-inner text-center\"  >\n\t\t\t\n\t\t\t\n\n<h2 class=\"uppercase\"><span style=\"font-size: 100%;\">Contacta con nosotros!<\/span><\/h2>\n\n\t\t<\/div>\n\t\t\t\t\t<\/div>\n\n\t\n\n\t<div id=\"col-453180324\" class=\"col small-12 large-12\"  >\n\t\t\t\t<div class=\"col-inner\"  >\n\t\t\t\n\t\t\t\n\n\n<div class=\"wpcf7 no-js\" id=\"wpcf7-f11-o1\" lang=\"es-ES\" dir=\"ltr\" data-wpcf7-id=\"11\">\n<div class=\"screen-reader-response\"><p role=\"status\" aria-live=\"polite\" aria-atomic=\"true\"><\/p> <ul><\/ul><\/div>\n<form action=\"\/es\/wp-json\/wp\/v2\/pages\/3204#wpcf7-f11-o1\" method=\"post\" class=\"wpcf7-form init\" aria-label=\"Formulario de contacto\" novalidate=\"novalidate\" data-status=\"init\">\n<fieldset class=\"hidden-fields-container\"><input type=\"hidden\" name=\"_wpcf7\" value=\"11\" \/><input type=\"hidden\" name=\"_wpcf7_version\" value=\"6.1.5\" \/><input type=\"hidden\" name=\"_wpcf7_locale\" value=\"es_ES\" \/><input type=\"hidden\" name=\"_wpcf7_unit_tag\" value=\"wpcf7-f11-o1\" \/><input type=\"hidden\" name=\"_wpcf7_container_post\" value=\"0\" \/><input type=\"hidden\" name=\"_wpcf7_posted_data_hash\" value=\"\" \/><input type=\"hidden\" name=\"_wpcf7_recaptcha_response\" value=\"\" \/>\n<\/fieldset>\n<div class=\"form-flat\">\n\t<p><span class=\"wpcf7-form-control-wrap\" data-name=\"your-name\"><input size=\"40\" maxlength=\"400\" class=\"wpcf7-form-control wpcf7-text wpcf7-validates-as-required\" aria-required=\"true\" aria-invalid=\"false\" placeholder=\"Nombre (requerido)\" value=\"\" type=\"text\" name=\"your-name\" \/><\/span>\n\t<\/p>\n\t<p><span class=\"wpcf7-form-control-wrap\" data-name=\"your-email\"><input size=\"40\" maxlength=\"400\" class=\"wpcf7-form-control wpcf7-email wpcf7-validates-as-required wpcf7-text wpcf7-validates-as-email\" aria-required=\"true\" aria-invalid=\"false\" placeholder=\"Email (requerido)\" value=\"\" type=\"email\" name=\"your-email\" \/><\/span>\n\t<\/p>\n\t<p><span class=\"wpcf7-form-control-wrap\" data-name=\"your-message\"><textarea cols=\"40\" rows=\"10\" maxlength=\"2000\" class=\"wpcf7-form-control wpcf7-textarea\" aria-invalid=\"false\" placeholder=\"Mensaje (requerido)\" name=\"your-message\"><\/textarea><\/span>\n\t<\/p>\n\n\t<p><input class=\"wpcf7-form-control wpcf7-submit has-spinner button\" type=\"submit\" value=\"Envia tu consulta\" \/>\n\t<\/p>\n<\/div><div class=\"wpcf7-response-output\" aria-hidden=\"true\"><\/div>\n<\/form>\n<\/div>\n\n\n\n\t\t<\/div>\n\t\t\t\t\t<\/div>\n\n\t\n\n<\/div>\n\n\t\t<\/div>\n\n\t\t\n<style>\n#section_1947341722 {\n  padding-top: 60px;\n  padding-bottom: 60px;\n  background-color: rgb(207, 207, 207);\n}\n#section_1947341722 .section-bg-overlay {\n  background-color: rgba(255, 255, 255, 0.85);\n}\n<\/style>\n\t<\/section>\n\t\n\n","protected":false},"excerpt":{"rendered":"","protected":false},"author":4,"featured_media":0,"parent":0,"menu_order":0,"comment_status":"closed","ping_status":"closed","template":"page-blank.php","meta":{"footnotes":""},"class_list":["post-3204","page","type-page","status-publish","hentry"],"_links":{"self":[{"href":"https:\/\/artkeeping.com\/es\/wp-json\/wp\/v2\/pages\/3204","targetHints":{"allow":["GET"]}}],"collection":[{"href":"https:\/\/artkeeping.com\/es\/wp-json\/wp\/v2\/pages"}],"about":[{"href":"https:\/\/artkeeping.com\/es\/wp-json\/wp\/v2\/types\/page"}],"author":[{"embeddable":true,"href":"https:\/\/artkeeping.com\/es\/wp-json\/wp\/v2\/users\/4"}],"replies":[{"embeddable":true,"href":"https:\/\/artkeeping.com\/es\/wp-json\/wp\/v2\/comments?post=3204"}],"version-history":[{"count":6,"href":"https:\/\/artkeeping.com\/es\/wp-json\/wp\/v2\/pages\/3204\/revisions"}],"predecessor-version":[{"id":3291,"href":"https:\/\/artkeeping.com\/es\/wp-json\/wp\/v2\/pages\/3204\/revisions\/3291"}],"wp:attachment":[{"href":"https:\/\/artkeeping.com\/es\/wp-json\/wp\/v2\/media?parent=3204"}],"curies":[{"name":"wp","href":"https:\/\/api.w.org\/{rel}","templated":true}]}}