
{"id":3092,"date":"2021-04-19T13:16:19","date_gmt":"2021-04-19T12:16:19","guid":{"rendered":"https:\/\/artkeeping.com\/?page_id=3092"},"modified":"2021-05-06T10:48:33","modified_gmt":"2021-05-06T09:48:33","slug":"carcasas-movil","status":"publish","type":"page","link":"https:\/\/artkeeping.com\/es\/carcasas-movil\/","title":{"rendered":"Carcasas de m\u00f3vil"},"content":{"rendered":"\n  <div class=\"banner-grid-wrapper\">\n  <div id=\"banner-grid-2015025974\" class=\"banner-grid row row-grid row-collapse row-box-shadow-4 row-box-shadow-3-hover row-full-width\" data-packery-options=\"\">\n                      \n\n<div class=\"col grid-col large-8 grid-col-2-3\" ><div class=\"col-inner\">\n\n\n  <div class=\"banner has-hover bg-zoom\" id=\"banner-384971360\">\n          <div class=\"banner-inner fill\">\n        <div class=\"banner-bg fill\" >\n            <img loading=\"lazy\" decoding=\"async\" width=\"1020\" height=\"406\" src=\"https:\/\/artkeeping.com\/wp-content\/uploads\/2021\/02\/carcasa-iphone-4.png\" class=\"bg attachment-large size-large\" alt=\"\" \/>                        <div class=\"overlay\"><\/div>            \n                    <\/div>\n\t\t\n        <div class=\"banner-layers container\">\n            <a class=\"fill\" href=\"#caracteristicas\"><div class=\"fill banner-link\"><\/div><\/a>            \n\n   <div id=\"text-box-592378478\" class=\"text-box banner-layer x5 md-x5 lg-x5 y5 md-y5 lg-y5 res-text\">\n       <div class=\"hover-bounce\">              <div data-animate=\"fadeInRight\">           <div class=\"text-box-content text dark\">\n              \n              <div class=\"text-inner text-left\">\n                  \n\n\t<div id=\"text-3691707091\" class=\"text\">\n\t\t\n\n<h1 class=\"uppercase\"><span style=\"font-size: 3.5vh; line-height: 1vh; letter-spacing: 0.1vw;\"><strong><a style=\"color: inherit;\" href=\"#caracteristicas\">Carcasas para m\u00f3vil con gota de poliuretano dommes \u00ae <\/a><\/strong><\/span><\/h1>\n\t\t\n<style>\n#text-3691707091 {\n  text-align: left;\n  color: rgb(28, 72, 138);\n}\n#text-3691707091 > * {\n  color: rgb(28, 72, 138);\n}\n<\/style>\n\t<\/div>\n\t\n\n              <\/div>\n           <\/div>\n       <\/div>              <\/div>       \n<style>\n#text-box-592378478 {\n  width: 67%;\n}\n#text-box-592378478 .text-box-content {\n  font-size: 100%;\n}\n@media (min-width:550px) {\n  #text-box-592378478 {\n    width: 67%;\n  }\n}\n@media (min-width:850px) {\n  #text-box-592378478 {\n    width: 86%;\n  }\n}\n<\/style>\n    <\/div>\n \n   <div id=\"text-box-230740648\" class=\"text-box banner-layer x5 md-x5 lg-x5 y20 md-y20 lg-y20 res-text\">\n       <div class=\"hover-bounce\">              <div data-animate=\"fadeInRight\">           <div class=\"text-box-content text dark\">\n              \n              <div class=\"text-inner text-left\">\n                  \n\n<a href=\"#contacto\" class=\"button primary is-outline is-larger expand\" style=\"border-radius:12px;\">\n\t\t<span>Solicita Presupuesto<\/span>\n\t<\/a>\n\n\n\n              <\/div>\n           <\/div>\n       <\/div>              <\/div>       \n<style>\n#text-box-230740648 .text-inner {\n  padding: 9px 0px 0px 0px;\n}\n#text-box-230740648 {\n  width: 31%;\n}\n#text-box-230740648 .text-box-content {\n  font-size: 100%;\n}\n<\/style>\n    <\/div>\n \n\n        <\/div>\n      <\/div>\n\n            \n<style>\n#banner-384971360 {\n  padding-top: 500px;\n}\n#banner-384971360 .overlay {\n  background-color: rgba(0, 0, 0, 0);\n}\n#banner-384971360 .banner-bg img {\n  object-position: 37% 42%;\n}\n<\/style>\n  <\/div>\n\n\n\n<\/div><\/div>\n<div class=\"col grid-col large-4 grid-col-1-2\" ><div class=\"col-inner\">\n\n\n  <div class=\"banner has-hover bg-zoom\" id=\"banner-451991565\">\n          <div class=\"banner-inner fill\">\n        <div class=\"banner-bg fill\" >\n            <img loading=\"lazy\" decoding=\"async\" width=\"794\" height=\"531\" src=\"https:\/\/artkeeping.com\/wp-content\/uploads\/2021\/02\/carcasa-iphone-resinada-embolsada-e1618835336795.png\" class=\"bg attachment-large size-large\" alt=\"CARCASAS PARA M\u00d3VIL RESINADAS\" \/>                                    \n                    <\/div>\n\t\t\n        <div class=\"banner-layers container\">\n            <a class=\"fill\" href=\"#presentacion\"><div class=\"fill banner-link\"><\/div><\/a>            \n\n   <div id=\"text-box-1933618514\" class=\"text-box banner-layer x95 md-x95 lg-x95 y0 md-y0 lg-y0 res-text\">\n       <div class=\"hover-bounce\">                         <div class=\"text-box-content text \">\n              \n              <div class=\"text-inner text-left\">\n                  \n\n\t<div id=\"text-732186914\" class=\"text\">\n\t\t\n\n<p class=\"uppercase\"><span style=\"font-size: 1.9vh;\"><strong><a href=\"#presentacion\" STYLE=\"color:inherit\";>Escoge tu presentaci\u00f3n:<\/a><\/strong><\/span><\/p>\n<p class=\"uppercase\"><span style=\"font-size: 1.7vh;\"><strong><a href=\"#presentacion\" STYLE=\"color:inherit\";>Embolsada o en caja de cart\u00f3n!<\/a><\/strong><\/span><\/p>\n\t\t\n<style>\n#text-732186914 {\n  text-align: right;\n  color: rgb(28, 72, 138);\n}\n#text-732186914 > * {\n  color: rgb(28, 72, 138);\n}\n<\/style>\n\t<\/div>\n\t\n\n              <\/div>\n           <\/div>\n                     <\/div>       \n<style>\n#text-box-1933618514 {\n  width: 69%;\n}\n#text-box-1933618514 .text-box-content {\n  font-size: 100%;\n}\n<\/style>\n    <\/div>\n \n\n        <\/div>\n      <\/div>\n\n            \n<style>\n#banner-451991565 {\n  padding-top: 500px;\n}\n#banner-451991565 .banner-bg img {\n  object-position: 58% 69%;\n}\n<\/style>\n  <\/div>\n\n\n\n<\/div><\/div>\n<div class=\"col grid-col large-8 grid-col-1-3\" ><div class=\"col-inner\">\n\n\n  <div class=\"banner has-hover bg-zoom\" id=\"banner-76118171\">\n          <div class=\"banner-inner fill\">\n        <div class=\"banner-bg fill\" >\n            <img loading=\"lazy\" decoding=\"async\" width=\"1020\" height=\"406\" src=\"https:\/\/artkeeping.com\/wp-content\/uploads\/2021\/02\/carcasa-iphone-3.png\" class=\"bg attachment-large size-large\" alt=\"CARCASA PARA IPHONE RESINADA\" \/>                                    \n                    <\/div>\n\t\t\n        <div class=\"banner-layers container\">\n            <a class=\"fill\" href=\"#caracteristicas\"><div class=\"fill banner-link\"><\/div><\/a>            \n\n   <div id=\"text-box-928398985\" class=\"text-box banner-layer x5 md-x5 lg-x5 y5 md-y5 lg-y5 res-text\">\n       <div class=\"hover-bounce\">                         <div class=\"text-box-content text \">\n              \n              <div class=\"text-inner text-left\">\n                  \n\n\t<div id=\"text-177317234\" class=\"text\">\n\t\t\n\n<p class=\"uppercase\"><span style=\"font-size: 1.7vh;\"><strong><a href=\"#caracteristicas\" STYLE=\"color:inherit\";>Carcasa de silicona para mayor protecci\u00f3n <\/a><\/strong><\/span><\/p>\n\t\t\n<style>\n#text-177317234 {\n  text-align: center;\n  color: rgb(28, 72, 138);\n}\n#text-177317234 > * {\n  color: rgb(28, 72, 138);\n}\n<\/style>\n\t<\/div>\n\t\n\n              <\/div>\n           <\/div>\n                     <\/div>       \n<style>\n#text-box-928398985 {\n  width: 91%;\n}\n#text-box-928398985 .text-box-content {\n  font-size: 100%;\n}\n<\/style>\n    <\/div>\n \n\n        <\/div>\n      <\/div>\n\n            \n<style>\n#banner-76118171 {\n  padding-top: 500px;\n}\n#banner-76118171 .banner-bg img {\n  object-position: 51% 27%;\n}\n<\/style>\n  <\/div>\n\n\n\n<\/div><\/div>\n<div class=\"col grid-col large-4 grid-col-1-2\" ><div class=\"col-inner\">\n\n\n  <div class=\"banner has-hover bg-zoom\" id=\"banner-664965984\">\n          <div class=\"banner-inner fill\">\n        <div class=\"banner-bg fill\" >\n            <img loading=\"lazy\" decoding=\"async\" width=\"1020\" height=\"406\" src=\"https:\/\/artkeeping.com\/wp-content\/uploads\/2021\/02\/carcasa-iphone-1.png\" class=\"bg attachment-large size-large\" alt=\"\" \/>                        <div class=\"overlay\"><\/div>            \n                    <\/div>\n\t\t\n        <div class=\"banner-layers container\">\n            <a class=\"fill\" href=\"#caracteristicas\"><div class=\"fill banner-link\"><\/div><\/a>            \n\n   <div id=\"text-box-1261244978\" class=\"text-box banner-layer x5 md-x5 lg-x5 y90 md-y90 lg-y90 res-text\">\n       <div class=\"hover-bounce\">                         <div class=\"text-box-content text \">\n              \n              <div class=\"text-inner text-left\">\n                  \n\n\t<div id=\"text-2209605698\" class=\"text\">\n\t\t\n\n<p class=\"uppercase\"><span style=\"font-size: 1.9vh;\"><strong><a href=\"#caracteristicas\" STYLE=\"color:inherit\";>Escoje el dise\u00f1o de tu funda:<\/a><\/strong><\/span><\/p>\n<p class=\"uppercase\"><span style=\"font-size: 1.7vh;\"><strong><a href=\"#presentacion\" STYLE=\"color:inherit\";>Entera o en mosaico<\/a><\/strong><\/span><\/p>\n\t\t\n<style>\n#text-2209605698 {\n  text-align: center;\n  color: rgb(28, 72, 138);\n}\n#text-2209605698 > * {\n  color: rgb(28, 72, 138);\n}\n<\/style>\n\t<\/div>\n\t\n\n              <\/div>\n           <\/div>\n                     <\/div>       \n<style>\n#text-box-1261244978 .text-box-content {\n  background-color: rgba(255, 255, 255, 0.686);\n  border-radius: 9px;\n  font-size: 100%;\n}\n#text-box-1261244978 {\n  width: 66%;\n}\n<\/style>\n    <\/div>\n \n\n        <\/div>\n      <\/div>\n\n            \n<style>\n#banner-664965984 {\n  padding-top: 500px;\n}\n#banner-664965984 .overlay {\n  background-color: rgba(0, 0, 0, 0);\n}\n#banner-664965984 .banner-bg img {\n  object-position: 46% 56%;\n}\n<\/style>\n  <\/div>\n\n\n\n<\/div><\/div>\n\n            <\/div>\n    <style>\n    #banner-grid-2015025974 .grid-col-1{height: 862px}\n    #banner-grid-2015025974 .grid-col-1-2{height: 431px}\n    #banner-grid-2015025974 .grid-col-1-3{height:287.33333333333px}\n    #banner-grid-2015025974 .grid-col-2-3{height: 574.66666666667px}\n    #banner-grid-2015025974 .grid-col-1-4{height: 215.5px}\n    #banner-grid-2015025974 .grid-col-3-4{height: 646.5px}\n\n\n    \n    \n\n  <\/style>\n    <\/div>\n  \n<div class=\"row\"  id=\"row-1468287346\">\n\n\n\t<div id=\"col-786183124\" class=\"col small-12 large-12\"  >\n\t\t\t\t<div class=\"col-inner text-center\"  >\n\t\t\t\n\t\t\t\n\n<a href=\"\/es\/contacto\" class=\"button primary is-larger reveal-icon\" style=\"border-radius:99px;\">\n\t\t<span>ContactA con nosotros<\/span>\n\t<i class=\"icon-angle-right\" aria-hidden=\"true\"><\/i><\/a>\n\n\n\n\t\t<\/div>\n\t\t\t\t\n<style>\n#col-786183124 > .col-inner {\n  margin: 22px 0px -26px 0px;\n}\n<\/style>\n\t<\/div>\n\n\t\n\n<\/div>\n<span class=\"scroll-to\" data-label=\"Scroll to: #caracteristicas\" data-bullet=\"true\" data-link=\"#caracteristicas\" data-title=\"Caracter\u00edsticas\"><a name=\"caracteristicas\"><\/a><\/span>\n\n\n\t<section class=\"section\" id=\"section_666827466\">\n\t\t<div class=\"section-bg fill\" >\n\t\t\t\t\t\t\t\t\t<div class=\"section-bg-overlay absolute fill\"><\/div>\n\t\t\t\n\t<div class=\"is-border\"\n\t\tstyle=\"border-width:0px 0px 0px 0px;\">\n\t<\/div>\n\n\t\t<\/div>\n\n\t\t\n\n\t\t<div class=\"section-content relative\">\n\t\t\t\n\n<div class=\"container section-title-container\" style=\"margin-top:20px;\"><h2 class=\"section-title section-title-center\"><b aria-hidden=\"true\"><\/b><span class=\"section-title-main\" >Caracter\u00edsticas<\/span><b aria-hidden=\"true\"><\/b><\/h2><\/div>\n\n<div class=\"row row-large align-middle\"  id=\"row-704648696\">\n\n\n\t<div id=\"col-850296472\" class=\"col medium-7 small-12 large-7\"  >\n\t\t\t\t<div class=\"col-inner text-left\"  >\n\t\t\t\n\t\t\t\n\n<p style=\"margin-bottom: 1.5vh\"><strong><span style=\"font-size: 2.3vh;\">\u2212 Decora tu carcasa con cualquier imagen, a escoger entre resina  entera o mosaico<\/span><\/strong><\/p>\n<hr\/ style=\"margin-bottom: 1.5vh; margin-top: 1.5vh;\">\n<style=\"margin-bottom: 1.5vh; margin-top: 2vh;\">\n<p style=\"margin-bottom: 1.5vh\"><strong><span style=\"font-size: 2.3vh;\">\u2212 Fabricaci\u00f3n propia<\/span><\/strong><\/p>\n<p style=\"padding-left: 40px; line-height: 2vh; margin-bottom: 1vh\"><span style=\"font-size: 2vh;\">&gt; Impresi\u00f3n a 6 tintas<\/span><\/p>\n<hr\/ style=\"margin-bottom: 1.5vh; margin-top: 2vh;\">\n<p style=\"margin-bottom: 1.5vh;\"><span style=\"font-size: 2.3vh;\"><strong>\u2212 Carcasa de silicona transparente con gota de poliuretano*<\/strong><\/span><\/p>\n<hr\/ style=\"margin-bottom: 1.5vh; margin-top: 1.5vh;\">\n<p style=\"margin-bottom: 1.5vh\"><strong><span style=\"font-size: 2.3vh;\">\u2212 Resistente y antideslizante.<\/span><\/strong><\/p>\n\n\t\t<\/div>\n\t\t\t\t\t<\/div>\n\n\t\n\n\t<div id=\"col-68967568\" class=\"col medium-5 small-12 large-5\"  >\n\t\t\t\t<div class=\"col-inner\" style=\"background-color:rgb(255, 255, 255);\" >\n\t\t\t\n\t\t\t\n\n\t<div class=\"img has-hover x md-x lg-x y md-y lg-y\" id=\"image_1409256656\">\n\t\t\t\t\t\t\t\t<div class=\"img-inner box-shadow-3 dark\" >\n\t\t\t<img loading=\"lazy\" decoding=\"async\" width=\"1020\" height=\"406\" src=\"https:\/\/artkeeping.com\/wp-content\/uploads\/2021\/02\/carcasa-iphone-1.png\" class=\"attachment-large size-large\" alt=\"\" srcset=\"https:\/\/artkeeping.com\/wp-content\/uploads\/2021\/02\/carcasa-iphone-1.png 1170w, https:\/\/artkeeping.com\/wp-content\/uploads\/2021\/02\/carcasa-iphone-1-300x119.png 300w, https:\/\/artkeeping.com\/wp-content\/uploads\/2021\/02\/carcasa-iphone-1-800x319.png 800w, https:\/\/artkeeping.com\/wp-content\/uploads\/2021\/02\/carcasa-iphone-1-768x306.png 768w\" sizes=\"auto, (max-width: 1020px) 100vw, 1020px\" \/>\t\t\t\t\t\t\n\t\t\t\t\t<\/div>\n\t\t\t\t\t\t\t\t\n<style>\n#image_1409256656 {\n  width: 100%;\n}\n<\/style>\n\t<\/div>\n\t\n\n\t<div class=\"img has-hover x md-x lg-x y md-y lg-y\" id=\"image_740320677\">\n\t\t\t\t\t\t\t\t<div class=\"img-inner box-shadow-3 dark\" >\n\t\t\t<img loading=\"lazy\" decoding=\"async\" width=\"1020\" height=\"406\" src=\"https:\/\/artkeeping.com\/wp-content\/uploads\/2021\/02\/carcasa-iphone-4.png\" class=\"attachment-large size-large\" alt=\"\" srcset=\"https:\/\/artkeeping.com\/wp-content\/uploads\/2021\/02\/carcasa-iphone-4.png 1170w, https:\/\/artkeeping.com\/wp-content\/uploads\/2021\/02\/carcasa-iphone-4-300x119.png 300w, https:\/\/artkeeping.com\/wp-content\/uploads\/2021\/02\/carcasa-iphone-4-800x319.png 800w, https:\/\/artkeeping.com\/wp-content\/uploads\/2021\/02\/carcasa-iphone-4-768x306.png 768w\" sizes=\"auto, (max-width: 1020px) 100vw, 1020px\" \/>\t\t\t\t\t\t\n\t\t\t\t\t<\/div>\n\t\t\t\t\t\t\t\t\n<style>\n#image_740320677 {\n  width: 100%;\n}\n<\/style>\n\t<\/div>\n\t\n\n\n\t\t<\/div>\n\t\t\t\t\n<style>\n#col-68967568 > .col-inner {\n  border-radius: 49px;\n}\n<\/style>\n\t<\/div>\n\n\t\n\n<\/div>\n<div class=\"row\"  id=\"row-1566846740\">\n\n\n\t<div id=\"col-1213544102\" class=\"col small-12 large-12\"  >\n\t\t\t\t<div class=\"col-inner\"  >\n\t\t\t\n\t\t\t\n\n<p>*Usamos poliuretano libre de mercurio y aprobado por la CE**, asegur\u00e1ndonos de reciclar todos los residuos que se puedan generar durante el proceso de producci\u00f3n. Contamos con una sala blanca para conseguir un acabado \u00f3ptimo y equipo de vac\u00edo para evitar burbujas en el producto final.<\/p>\n<p class=\"p1\">**Gota de poliuretano libre de mercurio conforme con el Reglamento Europeo 1907\/2006 (REACh). Resinas de alto rendimiento homologadas para los test SAE J1960-89 (4000 horas sin ning\u00fan manchado superficial o cambio de color).<\/p>\n\n\t\t<\/div>\n\t\t\t\t\t<\/div>\n\n\t\n\n<\/div>\n<span class=\"scroll-to\" data-label=\"Scroll to: #presentacion\" data-bullet=\"true\" data-link=\"#presentacion\" data-title=\"Presentaci\u00f3n\"><a name=\"presentacion\"><\/a><\/span>\n\n\n\t\t<\/div>\n\n\t\t\n<style>\n#section_666827466 {\n  padding-top: 0px;\n  padding-bottom: 0px;\n  min-height: 0px;\n}\n#section_666827466 .section-bg-overlay {\n  background-color: rgba(255, 255, 255, 0.85);\n}\n<\/style>\n\t<\/section>\n\t\n\n\t<section class=\"section\" id=\"section_796270053\">\n\t\t<div class=\"section-bg fill\" >\n\t\t\t\t\t\t\t\t\t<div class=\"section-bg-overlay absolute fill\"><\/div>\n\t\t\t\n\n\t\t<\/div>\n\n\t\t\n\n\t\t<div class=\"section-content relative\">\n\t\t\t\n\n<div class=\"container section-title-container\" style=\"margin-top:0px;\"><h2 class=\"section-title section-title-center\"><b aria-hidden=\"true\"><\/b><span class=\"section-title-main\" >Presentaci\u00f3n<\/span><b aria-hidden=\"true\"><\/b><\/h2><\/div>\n\n<div class=\"row row-large align-middle\"  id=\"row-1963070175\">\n\n\n\t<div id=\"col-700881671\" class=\"col medium-6 small-12 large-6\"  >\n\t\t\t\t<div class=\"col-inner\"  >\n\t\t\t\n\t\t\t\n\n<div class=\"slider-wrapper relative\" id=\"slider-1908761186\" >\n    <div class=\"slider slider-nav-circle slider-nav-large slider-nav-dark slider-style-normal\"\n        data-flickity-options='{\n            \"cellAlign\": \"center\",\n            \"imagesLoaded\": true,\n            \"lazyLoad\": 1,\n            \"freeScroll\": false,\n            \"wrapAround\": true,\n            \"autoPlay\": 6000,\n            \"pauseAutoPlayOnHover\" : true,\n            \"prevNextButtons\": true,\n            \"contain\" : true,\n            \"adaptiveHeight\" : true,\n            \"dragThreshold\" : 10,\n            \"percentPosition\": true,\n            \"pageDots\": true,\n            \"rightToLeft\": false,\n            \"draggable\": true,\n            \"selectedAttraction\": 0.1,\n            \"parallax\" : 0,\n            \"friction\": 0.6        }'\n        >\n        \n\n\t<div class=\"img has-hover x md-x lg-x y md-y lg-y\" id=\"image_240664309\">\n\t\t\t\t\t\t\t\t<div class=\"img-inner dark\" >\n\t\t\t<img loading=\"lazy\" decoding=\"async\" width=\"733\" height=\"531\" src=\"https:\/\/artkeeping.com\/wp-content\/uploads\/2021\/02\/carcasa-iphone-resinada-cajas-e1618835399107.png\" class=\"attachment-large size-large\" alt=\"CARCASAS PARA M\u00d3VIL RESINADAS\" srcset=\"https:\/\/artkeeping.com\/wp-content\/uploads\/2021\/02\/carcasa-iphone-resinada-cajas-e1618835399107.png 733w, https:\/\/artkeeping.com\/wp-content\/uploads\/2021\/02\/carcasa-iphone-resinada-cajas-e1618835399107-300x217.png 300w\" sizes=\"auto, (max-width: 733px) 100vw, 733px\" \/>\t\t\t\t\t\t\n\t\t\t\t\t<\/div>\n\t\t\t\t\t\t\t\t\n<style>\n#image_240664309 {\n  width: 100%;\n}\n<\/style>\n\t<\/div>\n\t\n\n\t<div class=\"img has-hover x md-x lg-x y md-y lg-y\" id=\"image_1354183920\">\n\t\t\t\t\t\t\t\t<div class=\"img-inner dark\" >\n\t\t\t<img loading=\"lazy\" decoding=\"async\" width=\"794\" height=\"531\" src=\"https:\/\/artkeeping.com\/wp-content\/uploads\/2021\/02\/carcasa-iphone-resinada-embolsada-e1618835336795.png\" class=\"attachment-large size-large\" alt=\"CARCASAS PARA M\u00d3VIL RESINADAS\" srcset=\"https:\/\/artkeeping.com\/wp-content\/uploads\/2021\/02\/carcasa-iphone-resinada-embolsada-e1618835336795.png 794w, https:\/\/artkeeping.com\/wp-content\/uploads\/2021\/02\/carcasa-iphone-resinada-embolsada-e1618835336795-300x201.png 300w, https:\/\/artkeeping.com\/wp-content\/uploads\/2021\/02\/carcasa-iphone-resinada-embolsada-e1618835336795-768x514.png 768w\" sizes=\"auto, (max-width: 794px) 100vw, 794px\" \/>\t\t\t\t\t\t\n\t\t\t\t\t<\/div>\n\t\t\t\t\t\t\t\t\n<style>\n#image_1354183920 {\n  width: 100%;\n}\n<\/style>\n\t<\/div>\n\t\n\n\n     <\/div>\n\n     <div class=\"loading-spin dark large centered\"><\/div>\n\n\t<\/div>\n\n\n\n\t\t<\/div>\n\t\t\t\t\t<\/div>\n\n\t\n\n\t<div id=\"col-1140654562\" class=\"col medium-6 small-12 large-6\"  >\n\t\t\t\t<div class=\"col-inner text-left\"  >\n\t\t\t\n\t\t\t\n\n\t<div id=\"text-2811819201\" class=\"text\">\n\t\t\n\n<style=\"margin-bottom: 1.5vh; margin-top: 2vh;\"><p style=\"margin-bottom: 1.5vh\"><strong><span style=\"font-size: 2.3vh;\">A escoger:<\/span><\/strong><\/p>\n<style=\"margin-bottom: 1.5vh; margin-top: 2vh;\"><p style=\"margin-bottom: 1.5vh\"><strong><span style=\"font-size: 2.3vh;\">\u2212 Caja de cart\u00f3n personalizada<\/span><\/strong><\/p>\n<style=\"margin-bottom: 1.5vh; margin-top: 2vh;\"><p style=\"margin-bottom: 1.5vh\"><strong><span style=\"font-size: 2.3vh;\">\u2212 Embolsado individual<\/span><\/strong><\/p><p style=\"padding-left: 40px; line-height: 2vh; margin-bottom: 1vh\"><span style=\"font-size: 2vh;\">&gt; Con cart\u00f3n personalizado impreso opcional<\/span>\n\t\t\n<style>\n#text-2811819201 {\n  line-height: 1.5;\n}\n<\/style>\n\t<\/div>\n\t\n\n\t\t<\/div>\n\t\t\t\t\t<\/div>\n\n\t\n\n<\/div>\n\n\t\t<\/div>\n\n\t\t\n<style>\n#section_796270053 {\n  padding-top: 30px;\n  padding-bottom: 30px;\n  min-height: 0px;\n  background-color: rgb(193, 193, 193);\n}\n#section_796270053 .section-bg-overlay {\n  background-color: rgba(255, 255, 255, 0.85);\n}\n<\/style>\n\t<\/section>\n\t\n<span class=\"scroll-to\" data-label=\"Scroll to: #dimensiones\" data-bullet=\"true\" data-link=\"#dimensiones\" data-title=\"Dimensiones\"><a name=\"dimensiones\"><\/a><\/span>\n\n\n\t<section class=\"section\" id=\"section_25234126\">\n\t\t<div class=\"section-bg fill\" >\n\t\t\t\t\t\t\t\t\t\n\t\t\t\n\n\t\t<\/div>\n\n\t\t\n\n\t\t<div class=\"section-content relative\">\n\t\t\t\n\n<div class=\"container section-title-container\" style=\"margin-top:27px;\"><h2 class=\"section-title section-title-center\"><b aria-hidden=\"true\"><\/b><span class=\"section-title-main\" >Dimensiones<\/span><b aria-hidden=\"true\"><\/b><\/h2><\/div>\n\n<div class=\"row\"  id=\"row-1677591512\">\n\n\n\t<div id=\"col-1589055335\" class=\"col small-12 large-12\"  >\n\t\t\t\t<div class=\"col-inner\"  >\n\t\t\t\n\t\t\t\n\n\t<div id=\"text-3996710345\" class=\"text\">\n\t\t\n\n<table>\n<thead>\n<tr>\n<th>Modelo<\/th>\n<\/tr>\n<\/thead>\n<tbody>\n<tr>\n<td>\n<p>Modelos para iPhone, Samsung, Huawei. Consultar para otros modelos.<\/p>\n<\/td>\n<\/tr>\n<\/tbody>\n<\/table>\n\t\t\n<style>\n#text-3996710345 {\n  font-size: 1.25rem;\n  line-height: 1;\n}\n<\/style>\n\t<\/div>\n\t\n\n\t\t<\/div>\n\t\t\t\t\t<\/div>\n\n\t\n\n<\/div>\n\n\t\t<\/div>\n\n\t\t\n<style>\n#section_25234126 {\n  padding-top: 30px;\n  padding-bottom: 30px;\n}\n<\/style>\n\t<\/section>\n\t\n<span class=\"scroll-to\" data-label=\"Scroll to: #contacto\" data-bullet=\"true\" data-link=\"#contacto\" data-title=\"Contacto\"><a name=\"contacto\"><\/a><\/span>\n\n\n\t<section class=\"section\" id=\"section_55578961\">\n\t\t<div class=\"section-bg fill\" >\n\t\t\t\t\t\t\t\t\t<div class=\"section-bg-overlay absolute fill\"><\/div>\n\t\t\t\n\t<div class=\"is-border\"\n\t\tstyle=\"border-width:1px 0px 1px 0px;\">\n\t<\/div>\n\n\t\t<\/div>\n\n\t\t\n\n\t\t<div class=\"section-content relative\">\n\t\t\t\n\n<div class=\"row row-large align-center\"  id=\"row-200401015\">\n\n\n\t<div id=\"col-2098826300\" class=\"col medium-9 small-12 large-9\"  >\n\t\t\t\t<div class=\"col-inner text-center\"  >\n\t\t\t\n\t\t\t\n\n<h2 class=\"uppercase\"><span style=\"font-size: 100%;\">Contacta con nosotros!<\/span><\/h2>\n\n\t\t<\/div>\n\t\t\t\t\t<\/div>\n\n\t\n\n\t<div id=\"col-1475068269\" class=\"col small-12 large-12\"  >\n\t\t\t\t<div class=\"col-inner\"  >\n\t\t\t\n\t\t\t\n\n\n<div class=\"wpcf7 no-js\" id=\"wpcf7-f11-o1\" lang=\"es-ES\" dir=\"ltr\" data-wpcf7-id=\"11\">\n<div class=\"screen-reader-response\"><p role=\"status\" aria-live=\"polite\" aria-atomic=\"true\"><\/p> <ul><\/ul><\/div>\n<form action=\"\/es\/wp-json\/wp\/v2\/pages\/3092#wpcf7-f11-o1\" method=\"post\" class=\"wpcf7-form init\" aria-label=\"Formulario de contacto\" novalidate=\"novalidate\" data-status=\"init\">\n<fieldset class=\"hidden-fields-container\"><input type=\"hidden\" name=\"_wpcf7\" value=\"11\" \/><input type=\"hidden\" name=\"_wpcf7_version\" value=\"6.1.5\" \/><input type=\"hidden\" name=\"_wpcf7_locale\" value=\"es_ES\" \/><input type=\"hidden\" name=\"_wpcf7_unit_tag\" value=\"wpcf7-f11-o1\" \/><input type=\"hidden\" name=\"_wpcf7_container_post\" value=\"0\" \/><input type=\"hidden\" name=\"_wpcf7_posted_data_hash\" value=\"\" \/><input type=\"hidden\" name=\"_wpcf7_recaptcha_response\" value=\"\" \/>\n<\/fieldset>\n<div class=\"form-flat\">\n\t<p><span class=\"wpcf7-form-control-wrap\" data-name=\"your-name\"><input size=\"40\" maxlength=\"400\" class=\"wpcf7-form-control wpcf7-text wpcf7-validates-as-required\" aria-required=\"true\" aria-invalid=\"false\" placeholder=\"Nombre (requerido)\" value=\"\" type=\"text\" name=\"your-name\" \/><\/span>\n\t<\/p>\n\t<p><span class=\"wpcf7-form-control-wrap\" data-name=\"your-email\"><input size=\"40\" maxlength=\"400\" class=\"wpcf7-form-control wpcf7-email wpcf7-validates-as-required wpcf7-text wpcf7-validates-as-email\" aria-required=\"true\" aria-invalid=\"false\" placeholder=\"Email (requerido)\" value=\"\" type=\"email\" name=\"your-email\" \/><\/span>\n\t<\/p>\n\t<p><span class=\"wpcf7-form-control-wrap\" data-name=\"your-message\"><textarea cols=\"40\" rows=\"10\" maxlength=\"2000\" class=\"wpcf7-form-control wpcf7-textarea\" aria-invalid=\"false\" placeholder=\"Mensaje (requerido)\" name=\"your-message\"><\/textarea><\/span>\n\t<\/p>\n\n\t<p><input class=\"wpcf7-form-control wpcf7-submit has-spinner button\" type=\"submit\" value=\"Envia tu consulta\" \/>\n\t<\/p>\n<\/div><div class=\"wpcf7-response-output\" aria-hidden=\"true\"><\/div>\n<\/form>\n<\/div>\n\n\n\n\t\t<\/div>\n\t\t\t\t\t<\/div>\n\n\t\n\n<\/div>\n\n\t\t<\/div>\n\n\t\t\n<style>\n#section_55578961 {\n  padding-top: 60px;\n  padding-bottom: 60px;\n  background-color: rgb(207, 207, 207);\n}\n#section_55578961 .section-bg-overlay {\n  background-color: rgba(255, 255, 255, 0.85);\n}\n<\/style>\n\t<\/section>\n\t\n\n","protected":false},"excerpt":{"rendered":"","protected":false},"author":2,"featured_media":0,"parent":0,"menu_order":0,"comment_status":"closed","ping_status":"closed","template":"page-blank.php","meta":{"footnotes":""},"class_list":["post-3092","page","type-page","status-publish","hentry"],"_links":{"self":[{"href":"https:\/\/artkeeping.com\/es\/wp-json\/wp\/v2\/pages\/3092","targetHints":{"allow":["GET"]}}],"collection":[{"href":"https:\/\/artkeeping.com\/es\/wp-json\/wp\/v2\/pages"}],"about":[{"href":"https:\/\/artkeeping.com\/es\/wp-json\/wp\/v2\/types\/page"}],"author":[{"embeddable":true,"href":"https:\/\/artkeeping.com\/es\/wp-json\/wp\/v2\/users\/2"}],"replies":[{"embeddable":true,"href":"https:\/\/artkeeping.com\/es\/wp-json\/wp\/v2\/comments?post=3092"}],"version-history":[{"count":20,"href":"https:\/\/artkeeping.com\/es\/wp-json\/wp\/v2\/pages\/3092\/revisions"}],"predecessor-version":[{"id":4656,"href":"https:\/\/artkeeping.com\/es\/wp-json\/wp\/v2\/pages\/3092\/revisions\/4656"}],"wp:attachment":[{"href":"https:\/\/artkeeping.com\/es\/wp-json\/wp\/v2\/media?parent=3092"}],"curies":[{"name":"wp","href":"https:\/\/api.w.org\/{rel}","templated":true}]}}