
{"id":306,"date":"2021-02-09T11:24:49","date_gmt":"2021-02-09T10:24:49","guid":{"rendered":"https:\/\/artkeeping.com\/?page_id=306"},"modified":"2021-05-03T13:43:28","modified_gmt":"2021-05-03T12:43:28","slug":"llaveros-polipropileno","status":"publish","type":"page","link":"https:\/\/artkeeping.com\/es\/llaveros-polipropileno\/","title":{"rendered":"Llaveros de polipropileno"},"content":{"rendered":"\n  <div class=\"banner-grid-wrapper\">\n  <div id=\"banner-grid-2060897006\" class=\"banner-grid row row-grid row-collapse row-box-shadow-4 row-box-shadow-3-hover row-full-width\" data-packery-options=\"\">\n                      \n\n<div class=\"col grid-col large-6 grid-col-2-3\" ><div class=\"col-inner\">\n\n\n  <div class=\"banner has-hover bg-zoom\" id=\"banner-285128269\">\n          <div class=\"banner-inner fill\">\n        <div class=\"banner-bg fill\" >\n            <img loading=\"lazy\" decoding=\"async\" width=\"1020\" height=\"785\" src=\"https:\/\/artkeeping.com\/wp-content\/uploads\/2021\/02\/llavero_res_gen-1039x800.png\" class=\"bg attachment-large size-large\" alt=\"Keyrings showcase\" \/>                        <div class=\"overlay\"><\/div>            \n                    <\/div>\n\t\t\n        <div class=\"banner-layers container\">\n            <a class=\"fill\" href=\"#caracteristicas\"><div class=\"fill banner-link\"><\/div><\/a>            \n\n   <div id=\"text-box-100109788\" class=\"text-box banner-layer x5 md-x5 lg-x5 y90 md-y90 lg-y90 res-text\">\n       <div class=\"hover-bounce\">              <div data-animate=\"fadeInRight\">           <div class=\"text-box-content text dark\">\n              \n              <div class=\"text-inner text-left\">\n                  \n\n\t<div id=\"text-683791492\" class=\"text\">\n\t\t\n\n<h1 class=\"uppercase\"><span style=\"font-size: 3.5vh; line-height: 1vh; letter-spacing: 0.1vw;\"><strong><a href=\"#caracteristicas\" STYLE=\"color:inherit\";>Llaveros con base de polipropileno<\/a><\/strong><\/span><\/h1>\n<p class=\"uppercase\"><span style=\"font-size: 2vh;\"><strong><a href=\"#caracteristicas\" STYLE=\"color:inherit\";>Con gota transparente<\/a><\/strong><\/span><\/p>\n\t\t\n<style>\n#text-683791492 {\n  text-align: left;\n  color: rgb(28, 72, 138);\n}\n#text-683791492 > * {\n  color: rgb(28, 72, 138);\n}\n<\/style>\n\t<\/div>\n\t\n\n              <\/div>\n           <\/div>\n       <\/div>              <\/div>       \n<style>\n#text-box-100109788 {\n  width: 67%;\n}\n#text-box-100109788 .text-box-content {\n  font-size: 100%;\n}\n@media (min-width:550px) {\n  #text-box-100109788 {\n    width: 62%;\n  }\n}\n@media (min-width:850px) {\n  #text-box-100109788 {\n    width: 36%;\n  }\n}\n<\/style>\n    <\/div>\n \n   <div id=\"text-box-385965815\" class=\"text-box banner-layer x95 md-x95 lg-x95 y0 md-y0 lg-y0 res-text\">\n       <div class=\"hover-bounce\">              <div data-animate=\"fadeInRight\">           <div class=\"text-box-content text dark\">\n              \n              <div class=\"text-inner text-left\">\n                  \n\n<a href=\"#contacto\" class=\"button primary is-outline is-larger expand\" style=\"border-radius:12px;\">\n\t\t<span>Solicita Presupuesto<\/span>\n\t<\/a>\n\n\n\n              <\/div>\n           <\/div>\n       <\/div>              <\/div>       \n<style>\n#text-box-385965815 .text-inner {\n  padding: 9px 0px 0px 0px;\n}\n#text-box-385965815 {\n  width: 31%;\n}\n#text-box-385965815 .text-box-content {\n  font-size: 100%;\n}\n<\/style>\n    <\/div>\n \n\n        <\/div>\n      <\/div>\n\n            \n<style>\n#banner-285128269 {\n  padding-top: 500px;\n}\n#banner-285128269 .overlay {\n  background-color: rgba(0, 0, 0, 0);\n}\n#banner-285128269 .banner-bg img {\n  object-position: 22% 63%;\n}\n<\/style>\n  <\/div>\n\n\n\n<\/div><\/div>\n<div class=\"col grid-col large-6 grid-col-1-2\" ><div class=\"col-inner\">\n\n\n  <div class=\"banner has-hover bg-zoom\" id=\"banner-178918216\">\n          <div class=\"banner-inner fill\">\n        <div class=\"banner-bg fill\" >\n            <img loading=\"lazy\" decoding=\"async\" width=\"1020\" height=\"483\" src=\"https:\/\/artkeeping.com\/wp-content\/uploads\/2021\/02\/llavero_res_pak-1400x663.jpg\" class=\"bg attachment-large size-large\" alt=\"Keyrings showcase\" \/>                        <div class=\"overlay\"><\/div>            \n                    <\/div>\n\t\t\n        <div class=\"banner-layers container\">\n            <a class=\"fill\" href=\"#presentacion\"><div class=\"fill banner-link\"><\/div><\/a>            \n\n   <div id=\"text-box-615579998\" class=\"text-box banner-layer x95 md-x95 lg-x95 y5 md-y5 lg-y5 res-text\">\n       <div class=\"hover-bounce\">              <div data-animate=\"fadeInLeft\">           <div class=\"text-box-content text dark\">\n              \n              <div class=\"text-inner text-right\">\n                  \n\n\t<div id=\"text-1294292446\" class=\"text\">\n\t\t\n\n<p class=\"uppercase\"><span style=\"font-size: 1.9vh;\"><strong><a href=\"#presentacion\" STYLE=\"color:inherit\";>Decide tu presentaci\u00f3n:<\/a><\/strong><\/span><\/p>\n<p class=\"uppercase\"><span style=\"font-size: 1.7vh;\"><strong><a href=\"#presentacion\" STYLE=\"color:inherit\";>Embolsado individual, sin, o con cart\u00f3n personalizado&#8230;<\/a><\/strong><\/span><\/p>\n\t\t\n<style>\n#text-1294292446 {\n  text-align: right;\n  color: rgb(28, 72, 138);\n}\n#text-1294292446 > * {\n  color: rgb(28, 72, 138);\n}\n<\/style>\n\t<\/div>\n\t\n\n              <\/div>\n           <\/div>\n       <\/div>              <\/div>       \n<style>\n#text-box-615579998 {\n  width: 44%;\n}\n#text-box-615579998 .text-box-content {\n  font-size: 100%;\n}\n<\/style>\n    <\/div>\n \n\n        <\/div>\n      <\/div>\n\n            \n<style>\n#banner-178918216 {\n  padding-top: 500px;\n}\n#banner-178918216 .overlay {\n  background-color: rgba(0, 0, 0, 0);\n}\n#banner-178918216 .banner-bg img {\n  object-position: 47% 72%;\n}\n<\/style>\n  <\/div>\n\n\n\n<\/div><\/div>\n<div class=\"col grid-col large-6 grid-col-1-2\" ><div class=\"col-inner\">\n\n\n  <div class=\"banner has-hover bg-zoom\" id=\"banner-1807462817\">\n          <div class=\"banner-inner fill\">\n        <div class=\"banner-bg fill\" >\n            <img loading=\"lazy\" decoding=\"async\" width=\"1020\" height=\"475\" src=\"https:\/\/artkeeping.com\/wp-content\/uploads\/2021\/04\/llavero_res_alt-copia-1400x652.jpg\" class=\"bg attachment-large size-large\" alt=\"\" \/>                        <div class=\"overlay\"><\/div>            \n                    <\/div>\n\t\t\n        <div class=\"banner-layers container\">\n            <a class=\"fill\" href=\"#dimensiones\"><div class=\"fill banner-link\"><\/div><\/a>            \n\n   <div id=\"text-box-1558677810\" class=\"text-box banner-layer x50 md-x50 lg-x50 y5 md-y5 lg-y5 res-text\">\n       <div class=\"hover-bounce\">                         <div class=\"text-box-content text dark\">\n              \n              <div class=\"text-inner text-center\">\n                  \n\n\t<div id=\"text-3660533568\" class=\"text\">\n\t\t\n\n<p class=\"uppercase\"><span style=\"font-size: 1.9vh;\"><strong><a href=\"#contacto\" STYLE=\"color:inherit\";>Escoje la forma y tama\u00f1o que tu quieras!<\/a><\/strong><\/span><p>\n\t\t\n<style>\n#text-3660533568 {\n  color: rgb(28, 72, 138);\n}\n#text-3660533568 > * {\n  color: rgb(28, 72, 138);\n}\n<\/style>\n\t<\/div>\n\t\n\n              <\/div>\n           <\/div>\n                     <\/div>       \n<style>\n#text-box-1558677810 {\n  width: 82%;\n}\n#text-box-1558677810 .text-box-content {\n  font-size: 100%;\n}\n<\/style>\n    <\/div>\n \n\n        <\/div>\n      <\/div>\n\n            \n<style>\n#banner-1807462817 {\n  padding-top: 500px;\n}\n#banner-1807462817 .overlay {\n  background-color: rgba(0, 0, 0, 0);\n}\n#banner-1807462817 .banner-bg img {\n  object-position: 54% 54%;\n}\n<\/style>\n  <\/div>\n\n\n\n<\/div><\/div>\n<div class=\"col grid-col large-3 grid-col-1-3\" ><div class=\"col-inner\">\n\n\n  <div class=\"banner has-hover bg-zoom\" id=\"banner-985624143\">\n          <div class=\"banner-inner fill\">\n        <div class=\"banner-bg fill\" >\n            <img loading=\"lazy\" decoding=\"async\" width=\"986\" height=\"800\" src=\"https:\/\/artkeeping.com\/wp-content\/uploads\/2021\/02\/llavero_res_key-986x800.png\" class=\"bg attachment-large size-large\" alt=\"Keyrings showcase\" \/>                                    \n                    <\/div>\n\t\t\n        <div class=\"banner-layers container\">\n            <a class=\"fill\" href=\"#presentacion\"><div class=\"fill banner-link\"><\/div><\/a>            \n\n   <div id=\"text-box-1408318125\" class=\"text-box banner-layer x10 md-x10 lg-x10 y10 md-y10 lg-y10 res-text\">\n       <div class=\"hover-bounce\">                         <div class=\"text-box-content text \">\n              \n              <div class=\"text-inner text-left\">\n                  \n\n\t<div id=\"text-2694018044\" class=\"text\">\n\t\t\n\n<p class=\"uppercase\"><span style=\"font-size: 1.7vh;\"><strong><a href=\"#presentacion\" STYLE=\"color:inherit\";>Llave de pl\u00e1stico opcional<\/a><\/strong><\/span><\/p>\n\t\t\n<style>\n#text-2694018044 {\n  color: rgb(28, 72, 138);\n}\n#text-2694018044 > * {\n  color: rgb(28, 72, 138);\n}\n<\/style>\n\t<\/div>\n\t\n\n              <\/div>\n           <\/div>\n                     <\/div>       \n<style>\n#text-box-1408318125 {\n  width: 69%;\n}\n#text-box-1408318125 .text-box-content {\n  font-size: 100%;\n}\n<\/style>\n    <\/div>\n \n\n        <\/div>\n      <\/div>\n\n            \n<style>\n#banner-985624143 {\n  padding-top: 500px;\n}\n#banner-985624143 .banner-bg img {\n  object-position: 52% 100%;\n}\n<\/style>\n  <\/div>\n\n\n\n<\/div><\/div>\n<div class=\"col grid-col large-3 grid-col-1-3\" ><div class=\"col-inner\">\n\n\n  <div class=\"banner has-hover bg-zoom\" id=\"banner-645676839\">\n          <div class=\"banner-inner fill\">\n        <div class=\"banner-bg fill\" >\n            <img loading=\"lazy\" decoding=\"async\" width=\"1020\" height=\"772\" src=\"https:\/\/artkeeping.com\/wp-content\/uploads\/2021\/02\/llavero_res_bde-e1612968535466-1057x800.png\" class=\"bg attachment-large size-large\" alt=\"Keyrings showcase\" \/>                                    \n                    <\/div>\n\t\t\n        <div class=\"banner-layers container\">\n            <a class=\"fill\" href=\"#caracteristicas\"><div class=\"fill banner-link\"><\/div><\/a>            \n\n   <div id=\"text-box-573193508\" class=\"text-box banner-layer x10 md-x10 lg-x10 y10 md-y10 lg-y10 res-text\">\n       <div class=\"hover-bounce\">                         <div class=\"text-box-content text \">\n              \n              <div class=\"text-inner text-left\">\n                  \n\n\t<div id=\"text-184019839\" class=\"text\">\n\t\t\n\n<p class=\"uppercase\"><span style=\"font-size: 1.7vh;\"><strong><a href=\"#caracteristicas\" STYLE=\"color:inherit\";>Base de pl\u00e1stico, con im\u00e1genes en las dos caras<\/a><\/strong><\/span><\/p>\n\t\t\n<style>\n#text-184019839 {\n  color: rgb(28, 72, 138);\n}\n#text-184019839 > * {\n  color: rgb(28, 72, 138);\n}\n<\/style>\n\t<\/div>\n\t\n\n              <\/div>\n           <\/div>\n                     <\/div>       \n<style>\n#text-box-573193508 {\n  width: 73%;\n}\n#text-box-573193508 .text-box-content {\n  font-size: 100%;\n}\n<\/style>\n    <\/div>\n \n\n        <\/div>\n      <\/div>\n\n            \n<style>\n#banner-645676839 {\n  padding-top: 500px;\n}\n#banner-645676839 .banner-bg img {\n  object-position: 32% 0%;\n}\n<\/style>\n  <\/div>\n\n\n\n<\/div><\/div>\n\n            <\/div>\n    <style>\n    #banner-grid-2060897006 .grid-col-1{height: 885px}\n    #banner-grid-2060897006 .grid-col-1-2{height: 442.5px}\n    #banner-grid-2060897006 .grid-col-1-3{height:295px}\n    #banner-grid-2060897006 .grid-col-2-3{height: 590px}\n    #banner-grid-2060897006 .grid-col-1-4{height: 221.25px}\n    #banner-grid-2060897006 .grid-col-3-4{height: 663.75px}\n\n\n    \n    \n\n  <\/style>\n    <\/div>\n  \n<div class=\"row\"  id=\"row-532589639\">\n\n\n\t<div id=\"col-1930276066\" class=\"col small-12 large-12\"  >\n\t\t\t\t<div class=\"col-inner text-center\"  >\n\t\t\t\n\t\t\t\n\n<a href=\"\/es\/contacto\" class=\"button primary is-larger reveal-icon\" style=\"border-radius:99px;\">\n\t\t<span>ContactA con nosotros<\/span>\n\t<i class=\"icon-angle-right\" aria-hidden=\"true\"><\/i><\/a>\n\n\n\n\t\t<\/div>\n\t\t\t\t\n<style>\n#col-1930276066 > .col-inner {\n  margin: 22px 0px -26px 0px;\n}\n<\/style>\n\t<\/div>\n\n\t\n\n<\/div>\n<span class=\"scroll-to\" data-label=\"Scroll to: #caracteristicas\" data-bullet=\"true\" data-link=\"#caracteristicas\" data-title=\"Caracter\u00edsticas\"><a name=\"caracteristicas\"><\/a><\/span>\n\n\n\t<section class=\"section\" id=\"section_972133193\">\n\t\t<div class=\"section-bg fill\" >\n\t\t\t\t\t\t\t\t\t<div class=\"section-bg-overlay absolute fill\"><\/div>\n\t\t\t\n\t<div class=\"is-border\"\n\t\tstyle=\"border-width:0px 0px 0px 0px;\">\n\t<\/div>\n\n\t\t<\/div>\n\n\t\t\n\n\t\t<div class=\"section-content relative\">\n\t\t\t\n\n<div class=\"container section-title-container\" style=\"margin-top:20px;\"><h2 class=\"section-title section-title-center\"><b aria-hidden=\"true\"><\/b><span class=\"section-title-main\" >Caracter\u00edsticas<\/span><b aria-hidden=\"true\"><\/b><\/h2><\/div>\n\n<div class=\"row row-large align-middle\"  id=\"row-1565636150\">\n\n\n\t<div id=\"col-605260642\" class=\"col medium-6 small-12 large-6\"  >\n\t\t\t\t<div class=\"col-inner text-left\"  >\n\t\t\t\n\t\t\t\n\n<p style=\"margin-bottom: 1.5vh\"><span style=\"font-size: 2.3vh;\"><strong>\u2212 Fabricaci\u00f3n propia<\/strong><\/span><\/p>\n<p><span style=\"font-size: 2vh;\"><\/p>\n<p style=\"padding-left: 40px; line-height: 2vh; margin-bottom: 1vh\">&gt; Gota de poliuretano*<\/p>\n<p style=\"padding-left: 40px; line-height: 2vh; margin-bottom: 1vh\">&gt; Impresi\u00f3n a 6 tintas<\/p>\n<p><\/span><\/p>\n<hr\/ style=\"margin-bottom: 1.5vh; margin-top: 2vh;\">\n<p style=\"margin-bottom: 1.5vh\"><span style=\"font-size: 2.3vh;\"><strong>\u2212 Im\u00e1genes en las dos caras<\/strong><\/span><\/p>\n<hr\/ style=\"margin-bottom: 1.5vh; margin-top: 1.5vh;\">\n<p style=\"margin-bottom: 1.5vh\"><strong><span style=\"font-size: 2.3vh;\">\u2212 Pr\u00e1cticos y resistentes<\/span><\/strong><\/p>\n<hr\/ style=\"margin-bottom: 1.5vh; margin-top: 1.5vh;\">\n<p style=\"margin-bottom: 1.5vh\"><strong><span style=\"font-size: 2.3vh;\">\u2212 Hacemos tama\u00f1os y formas personalizados<\/span><\/strong><\/p>\n\n\t\t<\/div>\n\t\t\t\t\t<\/div>\n\n\t\n\n\t<div id=\"col-1236655780\" class=\"col medium-6 small-12 large-6\"  >\n\t\t\t\t<div class=\"col-inner\" style=\"background-color:rgb(255, 255, 255);\" >\n\t\t\t\n\t\t\t\n\n\t<div class=\"img has-hover x md-x lg-x y md-y lg-y\" id=\"image_1951255586\">\n\t\t\t\t\t\t\t\t<div class=\"img-inner image-zoom dark\" >\n\t\t\t<img loading=\"lazy\" decoding=\"async\" width=\"1020\" height=\"651\" src=\"https:\/\/artkeeping.com\/wp-content\/uploads\/2021\/02\/llavero_res_mlt-1253x800.png\" class=\"attachment-large size-large\" alt=\"\" srcset=\"https:\/\/artkeeping.com\/wp-content\/uploads\/2021\/02\/llavero_res_mlt-1253x800.png 1253w, https:\/\/artkeeping.com\/wp-content\/uploads\/2021\/02\/llavero_res_mlt-300x191.png 300w, https:\/\/artkeeping.com\/wp-content\/uploads\/2021\/02\/llavero_res_mlt-627x400.png 627w, https:\/\/artkeeping.com\/wp-content\/uploads\/2021\/02\/llavero_res_mlt-768x490.png 768w, https:\/\/artkeeping.com\/wp-content\/uploads\/2021\/02\/llavero_res_mlt-1536x980.png 1536w, https:\/\/artkeeping.com\/wp-content\/uploads\/2021\/02\/llavero_res_mlt-2048x1307.png 2048w\" sizes=\"auto, (max-width: 1020px) 100vw, 1020px\" \/>\t\t\t\t\t\t\n\t\t\t\t\t<\/div>\n\t\t\t\t\t\t\t\t\n<style>\n#image_1951255586 {\n  width: 100%;\n}\n<\/style>\n\t<\/div>\n\t\n\n\n\t\t<\/div>\n\t\t\t\t\n<style>\n#col-1236655780 > .col-inner {\n  border-radius: 49px;\n}\n<\/style>\n\t<\/div>\n\n\t\n\n<\/div>\n<div class=\"row\"  id=\"row-38084371\">\n\n\n\t<div id=\"col-628708833\" class=\"col small-12 large-12\"  >\n\t\t\t\t<div class=\"col-inner\"  >\n\t\t\t\n\t\t\t\n\n<p>*Usamos poliuretano libre de mercurio y aprobado por la CE**, asegur\u00e1ndonos de reciclar todos los residuos que se puedan generar durante el proceso de producci\u00f3n. Contamos con una sala blanca para conseguir un acabado \u00f3ptimo y equipo de vac\u00edo para evitar burbujas en el producto final.<\/p>\n<p class=\"p1\">**Gota de poliuretano libre de mercurio conforme con el Reglamento Europeo 1907\/2006 (REACh). Resinas de alto rendimiento homologadas para los test SAE J1960-89 (4000 horas sin ning\u00fan manchado superficial o cambio de color).<\/p>\n\n\t\t<\/div>\n\t\t\t\t\t<\/div>\n\n\t\n\n<\/div>\n<span class=\"scroll-to\" data-label=\"Scroll to: #presentacion\" data-bullet=\"true\" data-link=\"#presentacion\" data-title=\"Presentaci\u00f3n\"><a name=\"presentacion\"><\/a><\/span>\n\n\n\t\t<\/div>\n\n\t\t\n<style>\n#section_972133193 {\n  padding-top: 0px;\n  padding-bottom: 0px;\n  min-height: 0px;\n}\n#section_972133193 .section-bg-overlay {\n  background-color: rgba(255, 255, 255, 0.85);\n}\n<\/style>\n\t<\/section>\n\t\n\n\t<section class=\"section\" id=\"section_1715284694\">\n\t\t<div class=\"section-bg fill\" >\n\t\t\t\t\t\t\t\t\t<div class=\"section-bg-overlay absolute fill\"><\/div>\n\t\t\t\n\n\t\t<\/div>\n\n\t\t\n\n\t\t<div class=\"section-content relative\">\n\t\t\t\n\n<div class=\"container section-title-container\" style=\"margin-top:0px;\"><h2 class=\"section-title section-title-center\"><b aria-hidden=\"true\"><\/b><span class=\"section-title-main\" >Presentaci\u00f3n<\/span><b aria-hidden=\"true\"><\/b><\/h2><\/div>\n\n<div class=\"row row-large align-middle\"  id=\"row-1219559855\">\n\n\n\t<div id=\"col-1158165596\" class=\"col medium-6 small-12 large-6\"  >\n\t\t\t\t<div class=\"col-inner\"  >\n\t\t\t\n\t\t\t\n\n\t<div class=\"img has-hover x md-x lg-x y md-y lg-y\" id=\"image_251984042\">\n\t\t\t\t\t\t\t\t<div class=\"img-inner image-zoom box-shadow-3 dark\" >\n\t\t\t<img loading=\"lazy\" decoding=\"async\" width=\"1020\" height=\"483\" src=\"https:\/\/artkeeping.com\/wp-content\/uploads\/2021\/02\/llavero_res_pak-1400x663.jpg\" class=\"attachment-large size-large\" alt=\"Keyrings showcase\" srcset=\"https:\/\/artkeeping.com\/wp-content\/uploads\/2021\/02\/llavero_res_pak-1400x663.jpg 1400w, https:\/\/artkeeping.com\/wp-content\/uploads\/2021\/02\/llavero_res_pak-scaled-300x142.jpg 300w, https:\/\/artkeeping.com\/wp-content\/uploads\/2021\/02\/llavero_res_pak-800x379.jpg 800w, https:\/\/artkeeping.com\/wp-content\/uploads\/2021\/02\/llavero_res_pak-768x363.jpg 768w, https:\/\/artkeeping.com\/wp-content\/uploads\/2021\/02\/llavero_res_pak-1536x727.jpg 1536w, https:\/\/artkeeping.com\/wp-content\/uploads\/2021\/02\/llavero_res_pak-2048x969.jpg 2048w\" sizes=\"auto, (max-width: 1020px) 100vw, 1020px\" \/>\t\t\t\t\t\t\n\t\t\t\t\t<\/div>\n\t\t\t\t\t\t\t\t\n<style>\n#image_251984042 {\n  width: 100%;\n}\n<\/style>\n\t<\/div>\n\t\n\n\n\t\t<\/div>\n\t\t\t\t\t<\/div>\n\n\t\n\n\t<div id=\"col-211723293\" class=\"col medium-6 small-12 large-6\"  >\n\t\t\t\t<div class=\"col-inner text-left\"  >\n\t\t\t\n\t\t\t\n\n\t<div id=\"text-653375992\" class=\"text\">\n\t\t\n\n<p style=\"margin-bottom: 1.5vh\"><strong><span style=\"font-size: 2.3vh;\">\u2212 Anilla incluida<\/span><\/strong><\/p><p style=\"padding-left: 40px; line-height: 2vh; margin-bottom: 1vh\"><span style=\"font-size: 2vh;\">&gt; Llave de pl\u00e1stico opcional<\/span><\/p><hr\/ style=\"margin-bottom: 1.5vh; margin-top: 2vh;\"><p style=\"margin-bottom: 1.5vh\"><strong><span style=\"font-size: 2.3vh;\">\u2212 Embolsado individual<\/span><\/strong><\/p><p style=\"padding-left: 40px; line-height: 2vh; margin-bottom: 1vh\"><span style=\"font-size: 2vh;\">&gt; Cart\u00f3n personalizado impreso opcional<\/span><\/p>\n\t\t\n<style>\n#text-653375992 {\n  line-height: 1.5;\n}\n<\/style>\n\t<\/div>\n\t\n\n\t\t<\/div>\n\t\t\t\t\t<\/div>\n\n\t\n\n<\/div>\n\n\t\t<\/div>\n\n\t\t\n<style>\n#section_1715284694 {\n  padding-top: 30px;\n  padding-bottom: 30px;\n  min-height: 0px;\n  background-color: rgb(193, 193, 193);\n}\n#section_1715284694 .section-bg-overlay {\n  background-color: rgba(255, 255, 255, 0.85);\n}\n<\/style>\n\t<\/section>\n\t\n<span class=\"scroll-to\" data-label=\"Scroll to: #dimensiones\" data-bullet=\"true\" data-link=\"#dimensiones\" data-title=\"Dimensiones\"><a name=\"dimensiones\"><\/a><\/span>\n\n\n\t<section class=\"section\" id=\"section_2082725271\">\n\t\t<div class=\"section-bg fill\" >\n\t\t\t\t\t\t\t\t\t\n\t\t\t\n\n\t\t<\/div>\n\n\t\t\n\n\t\t<div class=\"section-content relative\">\n\t\t\t\n\n<div class=\"container section-title-container\" style=\"margin-top:27px;\"><h2 class=\"section-title section-title-center\"><b aria-hidden=\"true\"><\/b><span class=\"section-title-main\" >Dimensiones Est\u00e1ndar<\/span><b aria-hidden=\"true\"><\/b><\/h2><\/div>\n\n<div class=\"row\"  id=\"row-1058694122\">\n\n\n\t<div id=\"col-836066334\" class=\"col small-12 large-12\"  >\n\t\t\t\t<div class=\"col-inner\"  >\n\t\t\t\n\t\t\t\n\n\t<div id=\"text-1445178070\" class=\"text\">\n\t\t\n\n<table>\n<thead>\n<tr>\n<th>MODELO<\/th>\n<th>MEDIDA<\/th>\n<\/tr>\n<\/thead>\n<tbody>\n<tr>\n<td>Cuadrado \/ Rectangular<\/td>\n<td>\n<p>50 x 50 mm<\/p>\n<p>35 x 50 mm<\/p>\n<p>65 x 40 mm<\/p>\n<p>45 x 65 mm<\/p>\n<\/td>\n<\/tr>\n<tr>\n<td>Redondo<\/td>\n<td>\n<p>\u00d8 50 mm<\/p>\n<p>\u00d8 60 mm<\/p>\n<p>\u00d8 65 mm<\/p>\n<\/td>\n<\/tr>\n<tr>\n<td>Otras medidas<\/td>\n<td>Consultar<\/td>\n<\/tr>\n<\/tbody>\n<\/table>\n\t\t\n<style>\n#text-1445178070 {\n  font-size: 1.25rem;\n  line-height: 1;\n}\n<\/style>\n\t<\/div>\n\t\n\n\t\t<\/div>\n\t\t\t\t\t<\/div>\n\n\t\n\n<\/div>\n\n\t\t<\/div>\n\n\t\t\n<style>\n#section_2082725271 {\n  padding-top: 30px;\n  padding-bottom: 30px;\n}\n<\/style>\n\t<\/section>\n\t\n<span class=\"scroll-to\" data-label=\"Scroll to: #contacto\" data-bullet=\"true\" data-link=\"#contacto\" data-title=\"Contacto\"><a name=\"contacto\"><\/a><\/span>\n\n\n\t<section class=\"section\" id=\"section_976126250\">\n\t\t<div class=\"section-bg fill\" >\n\t\t\t\t\t\t\t\t\t<div class=\"section-bg-overlay absolute fill\"><\/div>\n\t\t\t\n\t<div class=\"is-border\"\n\t\tstyle=\"border-width:1px 0px 1px 0px;\">\n\t<\/div>\n\n\t\t<\/div>\n\n\t\t\n\n\t\t<div class=\"section-content relative\">\n\t\t\t\n\n<div class=\"row row-large align-center\"  id=\"row-1981865966\">\n\n\n\t<div id=\"col-2043914652\" class=\"col medium-9 small-12 large-9\"  >\n\t\t\t\t<div class=\"col-inner text-center\"  >\n\t\t\t\n\t\t\t\n\n<h2 class=\"uppercase\"><span style=\"font-size: 100%;\">Contacta con nosotros!<\/span><\/h2>\n\n\t\t<\/div>\n\t\t\t\t\t<\/div>\n\n\t\n\n\t<div id=\"col-1149278502\" class=\"col small-12 large-12\"  >\n\t\t\t\t<div class=\"col-inner\"  >\n\t\t\t\n\t\t\t\n\n\n<div class=\"wpcf7 no-js\" id=\"wpcf7-f11-o1\" lang=\"es-ES\" dir=\"ltr\" data-wpcf7-id=\"11\">\n<div class=\"screen-reader-response\"><p role=\"status\" aria-live=\"polite\" aria-atomic=\"true\"><\/p> <ul><\/ul><\/div>\n<form action=\"\/es\/wp-json\/wp\/v2\/pages\/306#wpcf7-f11-o1\" method=\"post\" class=\"wpcf7-form init\" aria-label=\"Formulario de contacto\" novalidate=\"novalidate\" data-status=\"init\">\n<fieldset class=\"hidden-fields-container\"><input type=\"hidden\" name=\"_wpcf7\" value=\"11\" \/><input type=\"hidden\" name=\"_wpcf7_version\" value=\"6.1.5\" \/><input type=\"hidden\" name=\"_wpcf7_locale\" value=\"es_ES\" \/><input type=\"hidden\" name=\"_wpcf7_unit_tag\" value=\"wpcf7-f11-o1\" \/><input type=\"hidden\" name=\"_wpcf7_container_post\" value=\"0\" \/><input type=\"hidden\" name=\"_wpcf7_posted_data_hash\" value=\"\" \/><input type=\"hidden\" name=\"_wpcf7_recaptcha_response\" value=\"\" \/>\n<\/fieldset>\n<div class=\"form-flat\">\n\t<p><span class=\"wpcf7-form-control-wrap\" data-name=\"your-name\"><input size=\"40\" maxlength=\"400\" class=\"wpcf7-form-control wpcf7-text wpcf7-validates-as-required\" aria-required=\"true\" aria-invalid=\"false\" placeholder=\"Nombre (requerido)\" value=\"\" type=\"text\" name=\"your-name\" \/><\/span>\n\t<\/p>\n\t<p><span class=\"wpcf7-form-control-wrap\" data-name=\"your-email\"><input size=\"40\" maxlength=\"400\" class=\"wpcf7-form-control wpcf7-email wpcf7-validates-as-required wpcf7-text wpcf7-validates-as-email\" aria-required=\"true\" aria-invalid=\"false\" placeholder=\"Email (requerido)\" value=\"\" type=\"email\" name=\"your-email\" \/><\/span>\n\t<\/p>\n\t<p><span class=\"wpcf7-form-control-wrap\" data-name=\"your-message\"><textarea cols=\"40\" rows=\"10\" maxlength=\"2000\" class=\"wpcf7-form-control wpcf7-textarea\" aria-invalid=\"false\" placeholder=\"Mensaje (requerido)\" name=\"your-message\"><\/textarea><\/span>\n\t<\/p>\n\n\t<p><input class=\"wpcf7-form-control wpcf7-submit has-spinner button\" type=\"submit\" value=\"Envia tu consulta\" \/>\n\t<\/p>\n<\/div><div class=\"wpcf7-response-output\" aria-hidden=\"true\"><\/div>\n<\/form>\n<\/div>\n\n\n\n\t\t<\/div>\n\t\t\t\t\t<\/div>\n\n\t\n\n<\/div>\n\n\t\t<\/div>\n\n\t\t\n<style>\n#section_976126250 {\n  padding-top: 60px;\n  padding-bottom: 60px;\n  background-color: rgb(207, 207, 207);\n}\n#section_976126250 .section-bg-overlay {\n  background-color: rgba(255, 255, 255, 0.85);\n}\n<\/style>\n\t<\/section>\n\t\n","protected":false},"excerpt":{"rendered":"","protected":false},"author":2,"featured_media":0,"parent":0,"menu_order":0,"comment_status":"closed","ping_status":"closed","template":"page-blank.php","meta":{"footnotes":""},"class_list":["post-306","page","type-page","status-publish","hentry"],"_links":{"self":[{"href":"https:\/\/artkeeping.com\/es\/wp-json\/wp\/v2\/pages\/306","targetHints":{"allow":["GET"]}}],"collection":[{"href":"https:\/\/artkeeping.com\/es\/wp-json\/wp\/v2\/pages"}],"about":[{"href":"https:\/\/artkeeping.com\/es\/wp-json\/wp\/v2\/types\/page"}],"author":[{"embeddable":true,"href":"https:\/\/artkeeping.com\/es\/wp-json\/wp\/v2\/users\/2"}],"replies":[{"embeddable":true,"href":"https:\/\/artkeeping.com\/es\/wp-json\/wp\/v2\/comments?post=306"}],"version-history":[{"count":139,"href":"https:\/\/artkeeping.com\/es\/wp-json\/wp\/v2\/pages\/306\/revisions"}],"predecessor-version":[{"id":4319,"href":"https:\/\/artkeeping.com\/es\/wp-json\/wp\/v2\/pages\/306\/revisions\/4319"}],"wp:attachment":[{"href":"https:\/\/artkeeping.com\/es\/wp-json\/wp\/v2\/media?parent=306"}],"curies":[{"name":"wp","href":"https:\/\/api.w.org\/{rel}","templated":true}]}}