
{"id":1926,"date":"2021-03-05T07:41:31","date_gmt":"2021-03-05T06:41:31","guid":{"rendered":"https:\/\/artkeeping.com\/?page_id=1926"},"modified":"2021-03-22T12:17:09","modified_gmt":"2021-03-22T11:17:09","slug":"politica-de-cookies","status":"publish","type":"page","link":"https:\/\/artkeeping.com\/es\/politica-de-cookies\/","title":{"rendered":"Pol\u00edtica de cookies"},"content":{"rendered":"\n<p class=\"has-medium-font-size\"><strong>Pol\u00edtica de cookies<\/strong><\/p>\n\n\n\n<p><em>En el transcurso de tus visitas en nuestras p\u00e1ginas, artkeeping.com podr\u00e1 utilizar cookies, peque\u00f1os archivos de datos que se almacenan en el sistema del usuario, que permitan personalizar y facilitar la navegaci\u00f3n del usuario por la p\u00e1gina web, y que se asocian a un usuario an\u00f3nimo sin que puedan deducirse datos personales del mismo.<\/em><\/p>\n\n\n\n<p><strong><em>Estas cookies no contienen informaci\u00f3n confidencial que te conciernan<\/em><\/strong><em>.<\/em><\/p>\n\n\n\n<p><em>Puedes desactivar las cookies en los par\u00e1metros de tu navegador. Esta desactivaci\u00f3n de cookies no impide el acceso del Usuario a los contenidos de la p\u00e1gina web, aunque es posible que no puedas acceder a alguna de las secciones de nuestra web.<\/em><\/p>\n\n\n\n<p><em>Para m\u00e1s informaci\u00f3n sobre como bloquear el uso de las cookies a trav\u00e9s del navegador Chrome en:&nbsp;<a href=\"https:\/\/support.google.com\/chrome\/answer\/95647?hl=es%20\" target=\"_blank\" rel=\"noreferrer noopener\">https:\/\/support.google.com\/chrome\/answer\/95647?hl=es<\/a><\/em><\/p>\n\n\n\n<p><em>Para m\u00e1s informaci\u00f3n sobre como bloquear el uso de las cookies a trav\u00e9s del navegador Firefox en:&nbsp;<a href=\"https:\/\/support.mozilla.org\/es\/kb\/habilitar-y-deshabilitar-cookies-que-los-sitios-we\" target=\"_blank\" rel=\"noreferrer noopener\">https:\/\/support.mozilla.org\/es\/kb\/habilitar-y-deshabilitar-cookies-que-los-sitios-we<\/a><\/em><\/p>\n\n\n\n<p><em>Para m\u00e1s informaci\u00f3n sobre como bloquear el uso de las cookies a trav\u00e9s del navegador Internet Explorer en:&nbsp;<a href=\"https:\/\/windows.microsoft.com\/es-es\/windows7\/how-to-manage-cookies-in-internet-explorer-9\" target=\"_blank\" rel=\"noreferrer noopener\">http:\/\/windows.microsoft.com\/es-es\/windows7\/how-to-manage-cookies-in-internet-explorer-9<\/a><\/em><\/p>\n\n\n\n<p><em>Para m\u00e1s informaci\u00f3n sobre como bloquear el uso de las cookies a trav\u00e9s del navegador Safari en:&nbsp;<a href=\"https:\/\/support.apple.com\/kb\/HT1677?viewlocale=es_ES\" target=\"_blank\" rel=\"noreferrer noopener\">https:\/\/support.apple.com\/kb\/HT1677?viewlocale=es_ES<\/a><\/em><\/p>\n","protected":false},"excerpt":{"rendered":"<p>Pol\u00edtica de cookies En el transcurso de tus visitas en nuestras p\u00e1ginas, artkeeping.com podr\u00e1 utilizar cookies, peque\u00f1os archivos de datos que se almacenan en el sistema del usuario, que permitan personalizar y facilitar la navegaci\u00f3n del usuario por la p\u00e1gina web, y que se asocian a un usuario an\u00f3nimo sin que puedan deducirse datos personales [&#8230;]\n","protected":false},"author":3,"featured_media":0,"parent":0,"menu_order":0,"comment_status":"closed","ping_status":"closed","template":"","meta":{"footnotes":""},"class_list":["post-1926","page","type-page","status-publish","hentry"],"_links":{"self":[{"href":"https:\/\/artkeeping.com\/es\/wp-json\/wp\/v2\/pages\/1926","targetHints":{"allow":["GET"]}}],"collection":[{"href":"https:\/\/artkeeping.com\/es\/wp-json\/wp\/v2\/pages"}],"about":[{"href":"https:\/\/artkeeping.com\/es\/wp-json\/wp\/v2\/types\/page"}],"author":[{"embeddable":true,"href":"https:\/\/artkeeping.com\/es\/wp-json\/wp\/v2\/users\/3"}],"replies":[{"embeddable":true,"href":"https:\/\/artkeeping.com\/es\/wp-json\/wp\/v2\/comments?post=1926"}],"version-history":[{"count":2,"href":"https:\/\/artkeeping.com\/es\/wp-json\/wp\/v2\/pages\/1926\/revisions"}],"predecessor-version":[{"id":2443,"href":"https:\/\/artkeeping.com\/es\/wp-json\/wp\/v2\/pages\/1926\/revisions\/2443"}],"wp:attachment":[{"href":"https:\/\/artkeeping.com\/es\/wp-json\/wp\/v2\/media?parent=1926"}],"curies":[{"name":"wp","href":"https:\/\/api.w.org\/{rel}","templated":true}]}}