
{"id":1924,"date":"2021-03-05T07:40:07","date_gmt":"2021-03-05T06:40:07","guid":{"rendered":"https:\/\/artkeeping.com\/?page_id=1924"},"modified":"2021-03-23T17:03:11","modified_gmt":"2021-03-23T16:03:11","slug":"politica-de-privacidad","status":"publish","type":"page","link":"https:\/\/artkeeping.com\/es\/politica-de-privacidad\/","title":{"rendered":"Pol\u00edtica de privacidad"},"content":{"rendered":"\n<p class=\"has-medium-font-size\"><strong>Pol\u00edtica de privacidad<\/strong><\/p>\n\n\n\n<p><em>Los datos personales que nos aporte ser\u00e1n objeto de tratamiento en un fichero con las finalidades de, entre otros supuestos que se podr\u00e1n especificar en cada caso, atender las solicitudes que nos plantee, remitirle la informaci\u00f3n solicitada, as\u00ed como en su caso, gestionar su acceso a determinados servicios o funcionalidades del Sitio Web, por parte de Art Keeping sl., con domicilio social en la <em>C\/ Joan Mir\u00f3 21<\/em> &#8211; <em>08930 Sant Adri\u00e0 de Bes\u00f2s<\/em>, como responsable del fichero. <em>Art Keeping sl.<\/em> se compromete a respetar la confidencialidad de la informaci\u00f3n de car\u00e1cter personal y a garantizar el ejercicio de sus derechos de acceso, rectificaci\u00f3n, cancelaci\u00f3n y oposici\u00f3n, que podr\u00e1 ejercitar mediante comunicaci\u00f3n escrita dirigida a direcci\u00f3n anteriormente indicada a la atenci\u00f3n de Comit\u00e9 LOPD, o mediante el env\u00edo de un correo electr\u00f3nico a\u00a0<a href=\"mailto:info@marcoestil.es\">i<\/a><a href=\"mailto:info@artkeeping.com\">nfo@<\/a><a href=\"mailto:info@marcoestil.es\" class=\"rank-math-link\">artkeeping.com <\/a>En caso necesario, para atender su solicitud podremos requerir la aportaci\u00f3n de una fotocopia de su DNI, pasaporte u otro documento v\u00e1lido que lo identifique.<\/em><\/p>\n\n\n\n<p><em>Aceptando la presente pol\u00edtica de privacidad consiente la utilizaci\u00f3n de las cookies utilizadas en este Sitio Web y que se describen en el apartado correspondiente.<\/em><\/p>\n\n\n\n<p><em><em>Art Keeping, s.l.<\/em><br>C\/ Joan Mir\u00f3 21<br>08930 Sant Adri\u00e0 de Bes\u00f2s<\/em><br>Barcelona. Espa\u00f1a<em><br>Tel: 93 485 665 0<\/em><\/p>\n","protected":false},"excerpt":{"rendered":"<p>Pol\u00edtica de privacidad Los datos personales que nos aporte ser\u00e1n objeto de tratamiento en un fichero con las finalidades de, entre otros supuestos que se podr\u00e1n especificar en cada caso, atender las solicitudes que nos plantee, remitirle la informaci\u00f3n solicitada, as\u00ed como en su caso, gestionar su acceso a determinados servicios o funcionalidades del Sitio [&#8230;]\n","protected":false},"author":3,"featured_media":0,"parent":0,"menu_order":0,"comment_status":"closed","ping_status":"closed","template":"","meta":{"footnotes":""},"class_list":["post-1924","page","type-page","status-publish","hentry"],"_links":{"self":[{"href":"https:\/\/artkeeping.com\/es\/wp-json\/wp\/v2\/pages\/1924","targetHints":{"allow":["GET"]}}],"collection":[{"href":"https:\/\/artkeeping.com\/es\/wp-json\/wp\/v2\/pages"}],"about":[{"href":"https:\/\/artkeeping.com\/es\/wp-json\/wp\/v2\/types\/page"}],"author":[{"embeddable":true,"href":"https:\/\/artkeeping.com\/es\/wp-json\/wp\/v2\/users\/3"}],"replies":[{"embeddable":true,"href":"https:\/\/artkeeping.com\/es\/wp-json\/wp\/v2\/comments?post=1924"}],"version-history":[{"count":3,"href":"https:\/\/artkeeping.com\/es\/wp-json\/wp\/v2\/pages\/1924\/revisions"}],"predecessor-version":[{"id":2534,"href":"https:\/\/artkeeping.com\/es\/wp-json\/wp\/v2\/pages\/1924\/revisions\/2534"}],"wp:attachment":[{"href":"https:\/\/artkeeping.com\/es\/wp-json\/wp\/v2\/media?parent=1924"}],"curies":[{"name":"wp","href":"https:\/\/api.w.org\/{rel}","templated":true}]}}