
{"id":849,"date":"2021-02-17T15:51:51","date_gmt":"2021-02-17T14:51:51","guid":{"rendered":"https:\/\/artkeeping.com\/product\/nefertiti-layerart\/"},"modified":"2024-10-28T19:47:13","modified_gmt":"2024-10-28T18:47:13","slug":"nefertiti-layerart","status":"publish","type":"product","link":"https:\/\/artkeeping.com\/ca\/producte\/nefertiti-layerart\/","title":{"rendered":"Nefertiti Layerart"},"content":{"rendered":"<p>Peces numerades per a un muntatge c\u00f2mode i f\u00e0cil de seguir. Instruccions on-line amb imatges pas a pas.<\/p>\n<p>Inclou tots els materials necessaris per poder finalitzar el muntatge:<\/p>\n<ul>\n<li>113 peces que formen l&#8217;estructura.<\/li>\n<li>Suports de fusta interiors.<\/li>\n<li>Adhesius a mesura per les peces que els necesiten.<\/li>\n<\/ul>\n<p>&nbsp;<\/p>\n<p>Cartr\u00f3 i fusta Eco-Friendly:<\/p>\n<ul>\n<li>Reciclable i biodegradable.<\/li>\n<li>Ecol\u00f3gic i sostenible.<\/li>\n<li>Produ\u00efts a partir de fusta de r\u00e0pid creixement.<\/li>\n<\/ul>\n<p>&nbsp;<\/p>\n<p>Detalls del producte:<\/p>\n<table style=\"height: 56px;\" width=\"418\">\n<thead>\n<tr>\n<th>Base<\/th>\n<th>\u00a0Altura<\/th>\n<th>N\u00ba de peces<\/th>\n<th>Dificultat*<\/th>\n<th>Temps de muntatge<\/th>\n<\/tr>\n<\/thead>\n<tbody>\n<tr>\n<td>13,5 x 20 cm<\/td>\n<td>28 cm<\/td>\n<td>113 peces<\/td>\n<td>1\/3<\/td>\n<td>1h &#8211; 1h30m<\/td>\n<\/tr>\n<\/tbody>\n<\/table>\n<p>&nbsp;<\/p>\n<p>*Dificultats:<\/p>\n<p>1\/3 &#8211; No cont\u00e9 (o t\u00e9 poques) peces petites i no sol contenir ramificacions.<\/p>\n<p>2\/3 &#8211; No cont\u00e9 (o t\u00e9 poques) peces petites. Cont\u00e9 una o m\u00e9s ramificacions.<\/p>\n<p>3\/3 &#8211; Cont\u00e9 peces petites (delicades) y una o m\u00e9s ramificacions.<\/p>\n","protected":false},"excerpt":{"rendered":"<p>Figura de cartr\u00f3 en 3D de la reina Nefertiti.<\/p>\n<p>Inclou 113 peces numerades per a un muntatge c\u00f2mode i f\u00e0cil de seguir.<\/p>\n","protected":false},"featured_media":682,"comment_status":"open","ping_status":"closed","template":"","meta":[],"product_brand":[],"product_cat":[126],"product_tag":[123,157,162,168],"class_list":{"0":"post-849","1":"product","2":"type-product","3":"status-publish","4":"has-post-thumbnail","6":"product_cat-layerart-ca","7":"product_tag-cartro","8":"product_tag-layerart-ca","9":"product_tag-nefertiti-ca","10":"product_tag-reina-ca","11":"product_shipping_class-enviament-estandard","13":"first","14":"instock","15":"featured","16":"taxable","17":"shipping-taxable","18":"purchasable","19":"product-type-simple"},"_links":{"self":[{"href":"https:\/\/artkeeping.com\/ca\/wp-json\/wp\/v2\/product\/849","targetHints":{"allow":["GET"]}}],"collection":[{"href":"https:\/\/artkeeping.com\/ca\/wp-json\/wp\/v2\/product"}],"about":[{"href":"https:\/\/artkeeping.com\/ca\/wp-json\/wp\/v2\/types\/product"}],"replies":[{"embeddable":true,"href":"https:\/\/artkeeping.com\/ca\/wp-json\/wp\/v2\/comments?post=849"}],"wp:featuredmedia":[{"embeddable":true,"href":"https:\/\/artkeeping.com\/ca\/wp-json\/wp\/v2\/media\/682"}],"wp:attachment":[{"href":"https:\/\/artkeeping.com\/ca\/wp-json\/wp\/v2\/media?parent=849"}],"wp:term":[{"taxonomy":"product_brand","embeddable":true,"href":"https:\/\/artkeeping.com\/ca\/wp-json\/wp\/v2\/product_brand?post=849"},{"taxonomy":"product_cat","embeddable":true,"href":"https:\/\/artkeeping.com\/ca\/wp-json\/wp\/v2\/product_cat?post=849"},{"taxonomy":"product_tag","embeddable":true,"href":"https:\/\/artkeeping.com\/ca\/wp-json\/wp\/v2\/product_tag?post=849"}],"curies":[{"name":"wp","href":"https:\/\/api.w.org\/{rel}","templated":true}]}}