
{"id":847,"date":"2021-02-17T18:07:49","date_gmt":"2021-02-17T17:07:49","guid":{"rendered":"https:\/\/artkeeping.com\/product\/joc-de-memoria-paul-cezanne\/"},"modified":"2021-02-17T18:07:49","modified_gmt":"2021-02-17T17:07:49","slug":"joc-de-memoria-paul-cezanne","status":"publish","type":"product","link":"https:\/\/artkeeping.com\/ca\/producte\/joc-de-memoria-paul-cezanne\/","title":{"rendered":"Joc de Mem\u00f2ria Paul C\u00e9zanne"},"content":{"rendered":"<p>Joc de Mem\u00f2ria Photo Twin\u00ae.<\/p>\n<p>Cont\u00e9 40 fitxes (20 imatges \u00faniques) de 50x50mm.<\/p>\n","protected":false},"excerpt":{"rendered":"<p>Joc de Mem\u00f2ria de Paul C\u00e9zanne. Cont\u00e9 20 imatges (40 fitxes) representant diferents obres de l&#8217;artista.<\/p>\n","protected":false},"featured_media":690,"comment_status":"open","ping_status":"closed","template":"","meta":[],"product_brand":[],"product_cat":[118],"product_tag":[121,120,119,129],"class_list":{"0":"post-847","1":"product","2":"type-product","3":"status-publish","4":"has-post-thumbnail","6":"product_cat-jocs-de-memoria","7":"product_tag-art","8":"product_tag-entreteniment","9":"product_tag-joc-de-memoria","10":"product_tag-paul-cezanne-ca","11":"product_shipping_class-enviament-estandard","13":"first","14":"instock","15":"taxable","16":"shipping-taxable","17":"purchasable","18":"product-type-simple"},"_links":{"self":[{"href":"https:\/\/artkeeping.com\/ca\/wp-json\/wp\/v2\/product\/847","targetHints":{"allow":["GET"]}}],"collection":[{"href":"https:\/\/artkeeping.com\/ca\/wp-json\/wp\/v2\/product"}],"about":[{"href":"https:\/\/artkeeping.com\/ca\/wp-json\/wp\/v2\/types\/product"}],"replies":[{"embeddable":true,"href":"https:\/\/artkeeping.com\/ca\/wp-json\/wp\/v2\/comments?post=847"}],"wp:featuredmedia":[{"embeddable":true,"href":"https:\/\/artkeeping.com\/ca\/wp-json\/wp\/v2\/media\/690"}],"wp:attachment":[{"href":"https:\/\/artkeeping.com\/ca\/wp-json\/wp\/v2\/media?parent=847"}],"wp:term":[{"taxonomy":"product_brand","embeddable":true,"href":"https:\/\/artkeeping.com\/ca\/wp-json\/wp\/v2\/product_brand?post=847"},{"taxonomy":"product_cat","embeddable":true,"href":"https:\/\/artkeeping.com\/ca\/wp-json\/wp\/v2\/product_cat?post=847"},{"taxonomy":"product_tag","embeddable":true,"href":"https:\/\/artkeeping.com\/ca\/wp-json\/wp\/v2\/product_tag?post=847"}],"curies":[{"name":"wp","href":"https:\/\/api.w.org\/{rel}","templated":true}]}}