
{"id":846,"date":"2021-02-17T18:17:59","date_gmt":"2021-02-17T17:17:59","guid":{"rendered":"https:\/\/artkeeping.com\/product\/joc-de-memoria-salvador-dali\/"},"modified":"2021-02-17T18:17:59","modified_gmt":"2021-02-17T17:17:59","slug":"joc-de-memoria-salvador-dali","status":"publish","type":"product","link":"https:\/\/artkeeping.com\/ca\/producte\/joc-de-memoria-salvador-dali\/","title":{"rendered":"Joc de Mem\u00f2ria Salvador Dal\u00ed"},"content":{"rendered":"<p>Joc de Mem\u00f2ria Photo Twin\u00ae.<\/p>\n<p>Cont\u00e9 40 fitxes (20 imatges \u00faniques) de 50x50mm.<\/p>\n","protected":false},"excerpt":{"rendered":"<p>Joc de Mem\u00f2ria de Salvador Dal\u00ed. Cont\u00e9 20 imatges (40 fitxes) representant diferents obres de l&#8217;artista.<\/p>\n","protected":false},"featured_media":694,"comment_status":"open","ping_status":"closed","template":"","meta":[],"product_brand":[],"product_cat":[118],"product_tag":[121,120,119,127],"class_list":{"0":"post-846","1":"product","2":"type-product","3":"status-publish","4":"has-post-thumbnail","6":"product_cat-jocs-de-memoria","7":"product_tag-art","8":"product_tag-entreteniment","9":"product_tag-joc-de-memoria","10":"product_tag-salvador-dali-ca","12":"first","13":"instock","14":"taxable","15":"shipping-taxable","16":"purchasable","17":"product-type-simple"},"_links":{"self":[{"href":"https:\/\/artkeeping.com\/ca\/wp-json\/wp\/v2\/product\/846","targetHints":{"allow":["GET"]}}],"collection":[{"href":"https:\/\/artkeeping.com\/ca\/wp-json\/wp\/v2\/product"}],"about":[{"href":"https:\/\/artkeeping.com\/ca\/wp-json\/wp\/v2\/types\/product"}],"replies":[{"embeddable":true,"href":"https:\/\/artkeeping.com\/ca\/wp-json\/wp\/v2\/comments?post=846"}],"wp:featuredmedia":[{"embeddable":true,"href":"https:\/\/artkeeping.com\/ca\/wp-json\/wp\/v2\/media\/694"}],"wp:attachment":[{"href":"https:\/\/artkeeping.com\/ca\/wp-json\/wp\/v2\/media?parent=846"}],"wp:term":[{"taxonomy":"product_brand","embeddable":true,"href":"https:\/\/artkeeping.com\/ca\/wp-json\/wp\/v2\/product_brand?post=846"},{"taxonomy":"product_cat","embeddable":true,"href":"https:\/\/artkeeping.com\/ca\/wp-json\/wp\/v2\/product_cat?post=846"},{"taxonomy":"product_tag","embeddable":true,"href":"https:\/\/artkeeping.com\/ca\/wp-json\/wp\/v2\/product_tag?post=846"}],"curies":[{"name":"wp","href":"https:\/\/api.w.org\/{rel}","templated":true}]}}