
{"id":842,"date":"2021-02-17T18:38:51","date_gmt":"2021-02-17T17:38:51","guid":{"rendered":"https:\/\/artkeeping.com\/product\/joc-de-memoria-joan-miro\/"},"modified":"2024-11-11T12:35:43","modified_gmt":"2024-11-11T11:35:43","slug":"joc-de-memoria-joan-miro","status":"publish","type":"product","link":"https:\/\/artkeeping.com\/ca\/producte\/joc-de-memoria-joan-miro\/","title":{"rendered":"Joc de Mem\u00f2ria Joan Mir\u00f3"},"content":{"rendered":"<p>Joc de Mem\u00f2ria Photo Twin\u00ae.<\/p>\n<p>Cont\u00e9 40 fitxes (20 imatges \u00faniques) de 50x50mm.<\/p>\n","protected":false},"excerpt":{"rendered":"<p>Joc de Mem\u00f2ria de Joan Mir\u00f3. Cont\u00e9 20 imatges (40 fitxes) representant diferents obres de l&#8217;artista.<\/p>\n","protected":false},"featured_media":710,"comment_status":"open","ping_status":"closed","template":"","meta":[],"product_brand":[],"product_cat":[118],"product_tag":[121,120,132,119],"class_list":{"0":"post-842","1":"product","2":"type-product","3":"status-publish","4":"has-post-thumbnail","6":"product_cat-jocs-de-memoria","7":"product_tag-art","8":"product_tag-entreteniment","9":"product_tag-joan-miro-ca","10":"product_tag-joc-de-memoria","12":"first","13":"instock","14":"taxable","15":"shipping-taxable","16":"purchasable","17":"product-type-simple"},"_links":{"self":[{"href":"https:\/\/artkeeping.com\/ca\/wp-json\/wp\/v2\/product\/842","targetHints":{"allow":["GET"]}}],"collection":[{"href":"https:\/\/artkeeping.com\/ca\/wp-json\/wp\/v2\/product"}],"about":[{"href":"https:\/\/artkeeping.com\/ca\/wp-json\/wp\/v2\/types\/product"}],"replies":[{"embeddable":true,"href":"https:\/\/artkeeping.com\/ca\/wp-json\/wp\/v2\/comments?post=842"}],"wp:featuredmedia":[{"embeddable":true,"href":"https:\/\/artkeeping.com\/ca\/wp-json\/wp\/v2\/media\/710"}],"wp:attachment":[{"href":"https:\/\/artkeeping.com\/ca\/wp-json\/wp\/v2\/media?parent=842"}],"wp:term":[{"taxonomy":"product_brand","embeddable":true,"href":"https:\/\/artkeeping.com\/ca\/wp-json\/wp\/v2\/product_brand?post=842"},{"taxonomy":"product_cat","embeddable":true,"href":"https:\/\/artkeeping.com\/ca\/wp-json\/wp\/v2\/product_cat?post=842"},{"taxonomy":"product_tag","embeddable":true,"href":"https:\/\/artkeeping.com\/ca\/wp-json\/wp\/v2\/product_tag?post=842"}],"curies":[{"name":"wp","href":"https:\/\/api.w.org\/{rel}","templated":true}]}}