
{"id":840,"date":"2021-02-17T18:42:16","date_gmt":"2021-02-17T17:42:16","guid":{"rendered":"https:\/\/artkeeping.com\/product\/joc-de-memoria-pintura-espanola\/"},"modified":"2021-02-17T18:42:16","modified_gmt":"2021-02-17T17:42:16","slug":"joc-de-memoria-pintura-espanola","status":"publish","type":"product","link":"https:\/\/artkeeping.com\/ca\/producte\/joc-de-memoria-pintura-espanola\/","title":{"rendered":"Joc de Mem\u00f2ria Pintura Espa\u00f1ola"},"content":{"rendered":"<p>Joc de Mem\u00f2ria Photo Twin\u00ae.<\/p>\n<p>Inclou pintures de m\u00faltiples artistes espanyols reconeguts com Goya, Vel\u00e1zquez, Murillo, El Bosco&#8230;<\/p>\n<p>Cont\u00e9 40 fitxes (20 imatges \u00faniques) de 50x50mm.<\/p>\n","protected":false},"excerpt":{"rendered":"<p>Joc de Mem\u00f2ria amb m\u00faltiples obres de la pintura Espanyola. Cont\u00e9 20 imatges (40 fitxes) representant obres de diferents artistes espanyols.<\/p>\n","protected":false},"featured_media":718,"comment_status":"open","ping_status":"closed","template":"","meta":[],"product_brand":[],"product_cat":[118],"product_tag":[121,120,153,119],"class_list":{"0":"post-840","1":"product","2":"type-product","3":"status-publish","4":"has-post-thumbnail","6":"product_cat-jocs-de-memoria","7":"product_tag-art","8":"product_tag-entreteniment","9":"product_tag-historia-ca","10":"product_tag-joc-de-memoria","11":"product_shipping_class-enviament-estandard","13":"first","14":"instock","15":"taxable","16":"shipping-taxable","17":"purchasable","18":"product-type-simple"},"_links":{"self":[{"href":"https:\/\/artkeeping.com\/ca\/wp-json\/wp\/v2\/product\/840","targetHints":{"allow":["GET"]}}],"collection":[{"href":"https:\/\/artkeeping.com\/ca\/wp-json\/wp\/v2\/product"}],"about":[{"href":"https:\/\/artkeeping.com\/ca\/wp-json\/wp\/v2\/types\/product"}],"replies":[{"embeddable":true,"href":"https:\/\/artkeeping.com\/ca\/wp-json\/wp\/v2\/comments?post=840"}],"wp:featuredmedia":[{"embeddable":true,"href":"https:\/\/artkeeping.com\/ca\/wp-json\/wp\/v2\/media\/718"}],"wp:attachment":[{"href":"https:\/\/artkeeping.com\/ca\/wp-json\/wp\/v2\/media?parent=840"}],"wp:term":[{"taxonomy":"product_brand","embeddable":true,"href":"https:\/\/artkeeping.com\/ca\/wp-json\/wp\/v2\/product_brand?post=840"},{"taxonomy":"product_cat","embeddable":true,"href":"https:\/\/artkeeping.com\/ca\/wp-json\/wp\/v2\/product_cat?post=840"},{"taxonomy":"product_tag","embeddable":true,"href":"https:\/\/artkeeping.com\/ca\/wp-json\/wp\/v2\/product_tag?post=840"}],"curies":[{"name":"wp","href":"https:\/\/api.w.org\/{rel}","templated":true}]}}