
{"id":4082,"date":"2021-02-09T11:24:49","date_gmt":"2021-02-09T10:24:49","guid":{"rendered":"https:\/\/artkeeping.com\/?page_id=4082"},"modified":"2021-05-13T16:39:38","modified_gmt":"2021-05-13T15:39:38","slug":"clauers-polipropile","status":"publish","type":"page","link":"https:\/\/artkeeping.com\/ca\/clauers-polipropile\/","title":{"rendered":"Clauers de polipropil\u00e8"},"content":{"rendered":"\n  <div class=\"banner-grid-wrapper\">\n  <div id=\"banner-grid-2034890050\" class=\"banner-grid row row-grid row-collapse row-box-shadow-4 row-box-shadow-3-hover row-full-width\" data-packery-options=\"\">\n                      \n\n<div class=\"col grid-col large-6 grid-col-2-3\" ><div class=\"col-inner\">\n\n\n  <div class=\"banner has-hover bg-zoom\" id=\"banner-1260705687\">\n          <div class=\"banner-inner fill\">\n        <div class=\"banner-bg fill\" >\n            <img loading=\"lazy\" decoding=\"async\" width=\"1020\" height=\"785\" src=\"https:\/\/artkeeping.com\/wp-content\/uploads\/2021\/02\/llavero_res_gen-1039x800.png\" class=\"bg attachment-large size-large\" alt=\"\" \/>                        <div class=\"overlay\"><\/div>            \n                    <\/div>\n\t\t\n        <div class=\"banner-layers container\">\n            <a class=\"fill\" href=\"#caracteristicas\"><div class=\"fill banner-link\"><\/div><\/a>            \n\n   <div id=\"text-box-1259950435\" class=\"text-box banner-layer x5 md-x5 lg-x5 y90 md-y90 lg-y90 res-text\">\n       <div class=\"hover-bounce\">              <div data-animate=\"fadeInRight\">           <div class=\"text-box-content text dark\">\n              \n              <div class=\"text-inner text-left\">\n                  \n\n\t<div id=\"text-3199697372\" class=\"text\">\n\t\t\n\n<h1 class=\"uppercase\"><span style=\"font-size: 3.5vh; line-height: 1vh; letter-spacing: 0.1vw;\"><strong><a href=\"#caracteristicas\" STYLE=\"color:inherit\";>Clauers amb base de polipropil\u00e8<\/a><\/strong><\/span><\/h1>\n<p class=\"uppercase\"><span style=\"font-size: 2vh;\"><strong><a href=\"#caracteristicas\" STYLE=\"color:inherit\";>Amb gota poliuret\u00e0 transparent<\/a><\/strong><\/span><\/p>\n\t\t\n<style>\n#text-3199697372 {\n  text-align: left;\n  color: rgb(28, 72, 138);\n}\n#text-3199697372 > * {\n  color: rgb(28, 72, 138);\n}\n<\/style>\n\t<\/div>\n\t\n\n              <\/div>\n           <\/div>\n       <\/div>              <\/div>       \n<style>\n#text-box-1259950435 {\n  width: 67%;\n}\n#text-box-1259950435 .text-box-content {\n  font-size: 100%;\n}\n@media (min-width:550px) {\n  #text-box-1259950435 {\n    width: 62%;\n  }\n}\n@media (min-width:850px) {\n  #text-box-1259950435 {\n    width: 36%;\n  }\n}\n<\/style>\n    <\/div>\n \n   <div id=\"text-box-183974263\" class=\"text-box banner-layer x95 md-x95 lg-x95 y0 md-y0 lg-y0 res-text\">\n       <div class=\"hover-bounce\">              <div data-animate=\"fadeInRight\">           <div class=\"text-box-content text dark\">\n              \n              <div class=\"text-inner text-left\">\n                  \n\n<a href=\"#contacto\" class=\"button primary is-outline is-larger expand\" style=\"border-radius:12px;\">\n\t\t<span>Sol\u00b7licita Pressupost<\/span>\n\t<\/a>\n\n\n\n              <\/div>\n           <\/div>\n       <\/div>              <\/div>       \n<style>\n#text-box-183974263 .text-inner {\n  padding: 9px 0px 0px 0px;\n}\n#text-box-183974263 {\n  width: 31%;\n}\n#text-box-183974263 .text-box-content {\n  font-size: 100%;\n}\n<\/style>\n    <\/div>\n \n\n        <\/div>\n      <\/div>\n\n            \n<style>\n#banner-1260705687 {\n  padding-top: 500px;\n}\n#banner-1260705687 .overlay {\n  background-color: rgba(0, 0, 0, 0);\n}\n#banner-1260705687 .banner-bg img {\n  object-position: 22% 63%;\n}\n<\/style>\n  <\/div>\n\n\n\n<\/div><\/div>\n<div class=\"col grid-col large-6 grid-col-1-2\" ><div class=\"col-inner\">\n\n\n  <div class=\"banner has-hover bg-zoom\" id=\"banner-1489948496\">\n          <div class=\"banner-inner fill\">\n        <div class=\"banner-bg fill\" >\n            <img loading=\"lazy\" decoding=\"async\" width=\"1020\" height=\"483\" src=\"https:\/\/artkeeping.com\/wp-content\/uploads\/2021\/02\/llavero_res_pak-1400x663.jpg\" class=\"bg attachment-large size-large\" alt=\"\" \/>                        <div class=\"overlay\"><\/div>            \n                    <\/div>\n\t\t\n        <div class=\"banner-layers container\">\n            <a class=\"fill\" href=\"#presentacion\"><div class=\"fill banner-link\"><\/div><\/a>            \n\n   <div id=\"text-box-1331578530\" class=\"text-box banner-layer x95 md-x95 lg-x95 y5 md-y5 lg-y5 res-text\">\n       <div class=\"hover-bounce\">              <div data-animate=\"fadeInLeft\">           <div class=\"text-box-content text dark\">\n              \n              <div class=\"text-inner text-right\">\n                  \n\n\t<div id=\"text-2051070446\" class=\"text\">\n\t\t\n\n<p class=\"uppercase\"><span style=\"font-size: 1.9vh;\"><strong><a href=\"#presentacion\" STYLE=\"color:inherit\";>Decideix la teva presentaci\u00f3:<\/a><\/strong><\/span><\/p>\n<p class=\"uppercase\"><span style=\"font-size: 1.7vh;\"><strong><a href=\"#presentacion\" STYLE=\"color:inherit\";>Embossat individual, sense, o amb cartr\u00f3 personalitzat<\/a><\/strong><\/span><\/p>\n\t\t\n<style>\n#text-2051070446 {\n  text-align: right;\n  color: rgb(28, 72, 138);\n}\n#text-2051070446 > * {\n  color: rgb(28, 72, 138);\n}\n<\/style>\n\t<\/div>\n\t\n\n              <\/div>\n           <\/div>\n       <\/div>              <\/div>       \n<style>\n#text-box-1331578530 {\n  width: 44%;\n}\n#text-box-1331578530 .text-box-content {\n  font-size: 100%;\n}\n<\/style>\n    <\/div>\n \n\n        <\/div>\n      <\/div>\n\n            \n<style>\n#banner-1489948496 {\n  padding-top: 500px;\n}\n#banner-1489948496 .overlay {\n  background-color: rgba(0, 0, 0, 0);\n}\n#banner-1489948496 .banner-bg img {\n  object-position: 47% 72%;\n}\n<\/style>\n  <\/div>\n\n\n\n<\/div><\/div>\n<div class=\"col grid-col large-6 grid-col-1-2\" ><div class=\"col-inner\">\n\n\n  <div class=\"banner has-hover bg-zoom\" id=\"banner-1180936069\">\n          <div class=\"banner-inner fill\">\n        <div class=\"banner-bg fill\" >\n            <img loading=\"lazy\" decoding=\"async\" width=\"1020\" height=\"475\" src=\"https:\/\/artkeeping.com\/wp-content\/uploads\/2021\/04\/llavero_res_alt-copia-1400x652.jpg\" class=\"bg attachment-large size-large\" alt=\"\" \/>                        <div class=\"overlay\"><\/div>            \n                    <\/div>\n\t\t\n        <div class=\"banner-layers container\">\n            <a class=\"fill\" href=\"#dimensiones\"><div class=\"fill banner-link\"><\/div><\/a>            \n\n   <div id=\"text-box-1090781121\" class=\"text-box banner-layer x50 md-x50 lg-x50 y5 md-y5 lg-y5 res-text\">\n       <div class=\"hover-bounce\">                         <div class=\"text-box-content text dark\">\n              \n              <div class=\"text-inner text-center\">\n                  \n\n\t<div id=\"text-1984091688\" class=\"text\">\n\t\t\n\n<p class=\"uppercase\"><span style=\"font-size: 1.9vh;\"><strong><a href=\"#contacto\" STYLE=\"color:inherit\";>Tria la forma i tamany que tu vulguis!<\/a><\/strong><\/span><p>\n\t\t\n<style>\n#text-1984091688 {\n  color: rgb(28, 72, 138);\n}\n#text-1984091688 > * {\n  color: rgb(28, 72, 138);\n}\n<\/style>\n\t<\/div>\n\t\n\n              <\/div>\n           <\/div>\n                     <\/div>       \n<style>\n#text-box-1090781121 {\n  width: 82%;\n}\n#text-box-1090781121 .text-box-content {\n  font-size: 100%;\n}\n<\/style>\n    <\/div>\n \n\n        <\/div>\n      <\/div>\n\n            \n<style>\n#banner-1180936069 {\n  padding-top: 500px;\n}\n#banner-1180936069 .overlay {\n  background-color: rgba(0, 0, 0, 0);\n}\n#banner-1180936069 .banner-bg img {\n  object-position: 54% 54%;\n}\n<\/style>\n  <\/div>\n\n\n\n<\/div><\/div>\n<div class=\"col grid-col large-3 grid-col-1-3\" ><div class=\"col-inner\">\n\n\n  <div class=\"banner has-hover bg-zoom\" id=\"banner-1154165633\">\n          <div class=\"banner-inner fill\">\n        <div class=\"banner-bg fill\" >\n            <img loading=\"lazy\" decoding=\"async\" width=\"986\" height=\"800\" src=\"https:\/\/artkeeping.com\/wp-content\/uploads\/2021\/02\/llavero_res_key-986x800.png\" class=\"bg attachment-large size-large\" alt=\"\" \/>                                    \n                    <\/div>\n\t\t\n        <div class=\"banner-layers container\">\n            <a class=\"fill\" href=\"#presentacion\"><div class=\"fill banner-link\"><\/div><\/a>            \n\n   <div id=\"text-box-1831522709\" class=\"text-box banner-layer x10 md-x10 lg-x10 y10 md-y10 lg-y10 res-text\">\n       <div class=\"hover-bounce\">                         <div class=\"text-box-content text \">\n              \n              <div class=\"text-inner text-left\">\n                  \n\n\t<div id=\"text-3107861983\" class=\"text\">\n\t\t\n\n<p class=\"uppercase\"><span style=\"font-size: 1.7vh;\"><strong><a href=\"#presentacion\" STYLE=\"color:inherit\";>Clau de polipropil\u00e9 opcional<\/a><\/strong><\/span><\/p>\n\t\t\n<style>\n#text-3107861983 {\n  color: rgb(28, 72, 138);\n}\n#text-3107861983 > * {\n  color: rgb(28, 72, 138);\n}\n<\/style>\n\t<\/div>\n\t\n\n              <\/div>\n           <\/div>\n                     <\/div>       \n<style>\n#text-box-1831522709 {\n  width: 69%;\n}\n#text-box-1831522709 .text-box-content {\n  font-size: 100%;\n}\n<\/style>\n    <\/div>\n \n\n        <\/div>\n      <\/div>\n\n            \n<style>\n#banner-1154165633 {\n  padding-top: 500px;\n}\n#banner-1154165633 .banner-bg img {\n  object-position: 52% 100%;\n}\n<\/style>\n  <\/div>\n\n\n\n<\/div><\/div>\n<div class=\"col grid-col large-3 grid-col-1-3\" ><div class=\"col-inner\">\n\n\n  <div class=\"banner has-hover bg-zoom\" id=\"banner-335424474\">\n          <div class=\"banner-inner fill\">\n        <div class=\"banner-bg fill\" >\n            <img loading=\"lazy\" decoding=\"async\" width=\"1020\" height=\"772\" src=\"https:\/\/artkeeping.com\/wp-content\/uploads\/2021\/02\/llavero_res_bde-e1612968535466-1057x800.png\" class=\"bg attachment-large size-large\" alt=\"\" \/>                                    \n                    <\/div>\n\t\t\n        <div class=\"banner-layers container\">\n            <a class=\"fill\" href=\"#caracteristicas\"><div class=\"fill banner-link\"><\/div><\/a>            \n\n   <div id=\"text-box-369894589\" class=\"text-box banner-layer x10 md-x10 lg-x10 y10 md-y10 lg-y10 res-text\">\n       <div class=\"hover-bounce\">                         <div class=\"text-box-content text \">\n              \n              <div class=\"text-inner text-left\">\n                  \n\n\t<div id=\"text-1368798502\" class=\"text\">\n\t\t\n\n<p class=\"uppercase\"><span style=\"font-size: 1.7vh;\"><strong><a href=\"#caracteristicas\" STYLE=\"color:inherit\";>Base de polipropil\u00e9, amb imatges en les dues cares<\/a><\/strong><\/span><\/p>\n\t\t\n<style>\n#text-1368798502 {\n  color: rgb(28, 72, 138);\n}\n#text-1368798502 > * {\n  color: rgb(28, 72, 138);\n}\n<\/style>\n\t<\/div>\n\t\n\n              <\/div>\n           <\/div>\n                     <\/div>       \n<style>\n#text-box-369894589 {\n  width: 73%;\n}\n#text-box-369894589 .text-box-content {\n  font-size: 100%;\n}\n<\/style>\n    <\/div>\n \n\n        <\/div>\n      <\/div>\n\n            \n<style>\n#banner-335424474 {\n  padding-top: 500px;\n}\n#banner-335424474 .banner-bg img {\n  object-position: 32% 0%;\n}\n<\/style>\n  <\/div>\n\n\n\n<\/div><\/div>\n\n            <\/div>\n    <style>\n    #banner-grid-2034890050 .grid-col-1{height: 885px}\n    #banner-grid-2034890050 .grid-col-1-2{height: 442.5px}\n    #banner-grid-2034890050 .grid-col-1-3{height:295px}\n    #banner-grid-2034890050 .grid-col-2-3{height: 590px}\n    #banner-grid-2034890050 .grid-col-1-4{height: 221.25px}\n    #banner-grid-2034890050 .grid-col-3-4{height: 663.75px}\n\n\n    \n    \n\n  <\/style>\n    <\/div>\n  \n<div class=\"row\"  id=\"row-1341580589\">\n\n\n\t<div id=\"col-591825704\" class=\"col small-12 large-12\"  >\n\t\t\t\t<div class=\"col-inner text-center\"  >\n\t\t\t\n\t\t\t\n\n<a href=\"\/ca\/contacte\/\" class=\"button primary is-larger reveal-icon\" style=\"border-radius:99px;\">\n\t\t<span>Contacta amb nosaltres<\/span>\n\t<i class=\"icon-angle-right\" aria-hidden=\"true\"><\/i><\/a>\n\n\n\n\t\t<\/div>\n\t\t\t\t\n<style>\n#col-591825704 > .col-inner {\n  margin: 22px 0px -26px 0px;\n}\n<\/style>\n\t<\/div>\n\n\t\n\n<\/div>\n<span class=\"scroll-to\" data-label=\"Scroll to: #caracteristicas\" data-bullet=\"true\" data-link=\"#caracteristicas\" data-title=\"Caracter\u00edsticas\"><a name=\"caracteristicas\"><\/a><\/span>\n\n\n\t<section class=\"section\" id=\"section_130757974\">\n\t\t<div class=\"section-bg fill\" >\n\t\t\t\t\t\t\t\t\t<div class=\"section-bg-overlay absolute fill\"><\/div>\n\t\t\t\n\t<div class=\"is-border\"\n\t\tstyle=\"border-width:0px 0px 0px 0px;\">\n\t<\/div>\n\n\t\t<\/div>\n\n\t\t\n\n\t\t<div class=\"section-content relative\">\n\t\t\t\n\n<div class=\"container section-title-container\" style=\"margin-top:20px;\"><h2 class=\"section-title section-title-center\"><b aria-hidden=\"true\"><\/b><span class=\"section-title-main\" >Caracter\u00edstiques<\/span><b aria-hidden=\"true\"><\/b><\/h2><\/div>\n\n<div class=\"row row-large align-middle\"  id=\"row-1282665225\">\n\n\n\t<div id=\"col-1715945716\" class=\"col medium-6 small-12 large-6\"  >\n\t\t\t\t<div class=\"col-inner text-left\"  >\n\t\t\t\n\t\t\t\n\n<p style=\"margin-bottom: 1.5vh\"><span style=\"font-size: 2.3vh;\"><strong>\u2212 Fabricaci\u00f3 pr\u00f2pia<\/strong><\/span><\/p>\n<p><span style=\"font-size: 2vh;\"><\/p>\n<p style=\"padding-left: 40px; line-height: 2vh; margin-bottom: 1vh\">&gt; Gota de poliuret\u00e0*<\/p>\n<p style=\"padding-left: 40px; line-height: 2vh; margin-bottom: 1vh\">&gt; Impressi\u00f3 amb 6 tintes<\/p>\n<p><\/span><\/p>\n<hr\/ style=\"margin-bottom: 1.5vh; margin-top: 2vh;\">\n<p style=\"margin-bottom: 1.5vh\"><span style=\"font-size: 2.3vh;\"><strong>\u2212 Images per les dues cares<\/strong><\/span><\/p>\n<hr\/ style=\"margin-bottom: 1.5vh; margin-top: 1.5vh;\">\n<p style=\"margin-bottom: 1.5vh\"><strong><span style=\"font-size: 2.3vh;\">\u2212 Pr\u00e0ctics i resistents<\/span><\/strong><\/p>\n<hr\/ style=\"margin-bottom: 1.5vh; margin-top: 1.5vh;\">\n<p style=\"margin-bottom: 1.5vh\"><strong><span style=\"font-size: 2.3vh;\">\u2212 Fem tamanys i formes personalitzades<\/span><\/strong><\/p>\n\n\t\t<\/div>\n\t\t\t\t\t<\/div>\n\n\t\n\n\t<div id=\"col-66851419\" class=\"col medium-6 small-12 large-6\"  >\n\t\t\t\t<div class=\"col-inner\" style=\"background-color:rgb(255, 255, 255);\" >\n\t\t\t\n\t\t\t\n\n\t<div class=\"img has-hover x md-x lg-x y md-y lg-y\" id=\"image_1030757483\">\n\t\t\t\t\t\t\t\t<div class=\"img-inner image-zoom dark\" >\n\t\t\t<img loading=\"lazy\" decoding=\"async\" width=\"1020\" height=\"651\" src=\"https:\/\/artkeeping.com\/wp-content\/uploads\/2021\/02\/llavero_res_mlt-1253x800.png\" class=\"attachment-large size-large\" alt=\"\" srcset=\"https:\/\/artkeeping.com\/wp-content\/uploads\/2021\/02\/llavero_res_mlt-1253x800.png 1253w, https:\/\/artkeeping.com\/wp-content\/uploads\/2021\/02\/llavero_res_mlt-300x191.png 300w, https:\/\/artkeeping.com\/wp-content\/uploads\/2021\/02\/llavero_res_mlt-627x400.png 627w, https:\/\/artkeeping.com\/wp-content\/uploads\/2021\/02\/llavero_res_mlt-768x490.png 768w, https:\/\/artkeeping.com\/wp-content\/uploads\/2021\/02\/llavero_res_mlt-1536x980.png 1536w, https:\/\/artkeeping.com\/wp-content\/uploads\/2021\/02\/llavero_res_mlt-2048x1307.png 2048w\" sizes=\"auto, (max-width: 1020px) 100vw, 1020px\" \/>\t\t\t\t\t\t\n\t\t\t\t\t<\/div>\n\t\t\t\t\t\t\t\t\n<style>\n#image_1030757483 {\n  width: 100%;\n}\n<\/style>\n\t<\/div>\n\t\n\n\n\t\t<\/div>\n\t\t\t\t\n<style>\n#col-66851419 > .col-inner {\n  border-radius: 49px;\n}\n<\/style>\n\t<\/div>\n\n\t\n\n<\/div>\n<div class=\"row\"  id=\"row-867451663\">\n\n\n\t<div id=\"col-163940933\" class=\"col small-12 large-12\"  >\n\t\t\t\t<div class=\"col-inner\"  >\n\t\t\t\n\t\t\t\n\n<p>*Fem servir poliuret\u00e0 lliure de mercuri i aprovat per la CE **, assegurant-nos de reciclar tots els residus que es puguin generar durant el proc\u00e9s de producci\u00f3. Comptem amb una sala blanca per aconseguir un acabat \u00f2ptim i equip de buit per evitar bombolles en el producte final.<\/p>\n<p class=\"p1\">**Gota de poliuret\u00e0 lliure de mercuri d&#8217;acord amb el Reglament Europeu 1907\/2006 (REACh). Resines d&#8217;alt rendiment homologades per als test SAE J1960-89 (4000 hores sense cap tacat superficial o canvi de color).<\/p>\n\n\t\t<\/div>\n\t\t\t\t\t<\/div>\n\n\t\n\n<\/div>\n<span class=\"scroll-to\" data-label=\"Scroll to: #presentacion\" data-bullet=\"true\" data-link=\"#presentacion\" data-title=\"Presentaci\u00f3n\"><a name=\"presentacion\"><\/a><\/span>\n\n\n\t\t<\/div>\n\n\t\t\n<style>\n#section_130757974 {\n  padding-top: 0px;\n  padding-bottom: 0px;\n  min-height: 0px;\n}\n#section_130757974 .section-bg-overlay {\n  background-color: rgba(255, 255, 255, 0.85);\n}\n<\/style>\n\t<\/section>\n\t\n\n\t<section class=\"section\" id=\"section_511228637\">\n\t\t<div class=\"section-bg fill\" >\n\t\t\t\t\t\t\t\t\t<div class=\"section-bg-overlay absolute fill\"><\/div>\n\t\t\t\n\n\t\t<\/div>\n\n\t\t\n\n\t\t<div class=\"section-content relative\">\n\t\t\t\n\n<div class=\"container section-title-container\" style=\"margin-top:0px;\"><h2 class=\"section-title section-title-center\"><b aria-hidden=\"true\"><\/b><span class=\"section-title-main\" >Presentaci\u00f3<\/span><b aria-hidden=\"true\"><\/b><\/h2><\/div>\n\n<div class=\"row row-large align-middle\"  id=\"row-1584962159\">\n\n\n\t<div id=\"col-70893283\" class=\"col medium-6 small-12 large-6\"  >\n\t\t\t\t<div class=\"col-inner\"  >\n\t\t\t\n\t\t\t\n\n\t<div class=\"img has-hover x md-x lg-x y md-y lg-y\" id=\"image_1738403395\">\n\t\t\t\t\t\t\t\t<div class=\"img-inner image-zoom box-shadow-3 dark\" >\n\t\t\t<img loading=\"lazy\" decoding=\"async\" width=\"1020\" height=\"483\" src=\"https:\/\/artkeeping.com\/wp-content\/uploads\/2021\/02\/llavero_res_pak-1400x663.jpg\" class=\"attachment-large size-large\" alt=\"\" srcset=\"https:\/\/artkeeping.com\/wp-content\/uploads\/2021\/02\/llavero_res_pak-1400x663.jpg 1400w, https:\/\/artkeeping.com\/wp-content\/uploads\/2021\/02\/llavero_res_pak-scaled-300x142.jpg 300w, https:\/\/artkeeping.com\/wp-content\/uploads\/2021\/02\/llavero_res_pak-800x379.jpg 800w, https:\/\/artkeeping.com\/wp-content\/uploads\/2021\/02\/llavero_res_pak-768x363.jpg 768w, https:\/\/artkeeping.com\/wp-content\/uploads\/2021\/02\/llavero_res_pak-1536x727.jpg 1536w, https:\/\/artkeeping.com\/wp-content\/uploads\/2021\/02\/llavero_res_pak-2048x969.jpg 2048w\" sizes=\"auto, (max-width: 1020px) 100vw, 1020px\" \/>\t\t\t\t\t\t\n\t\t\t\t\t<\/div>\n\t\t\t\t\t\t\t\t\n<style>\n#image_1738403395 {\n  width: 100%;\n}\n<\/style>\n\t<\/div>\n\t\n\n\n\t\t<\/div>\n\t\t\t\t\t<\/div>\n\n\t\n\n\t<div id=\"col-1625750771\" class=\"col medium-6 small-12 large-6\"  >\n\t\t\t\t<div class=\"col-inner text-left\"  >\n\t\t\t\n\t\t\t\n\n\t<div id=\"text-3398392991\" class=\"text\">\n\t\t\n\n<p style=\"margin-bottom: 1.5vh\"><strong><span style=\"font-size: 2.3vh;\">\u2212 Anella inclosa<\/span><\/strong><\/p><p style=\"padding-left: 40px; line-height: 2vh; margin-bottom: 1vh\"><span style=\"font-size: 2vh;\">&gt; Clau de polipropil\u00e9 opcional<\/span><\/p><hr\/ style=\"margin-bottom: 1.5vh; margin-top: 2vh;\"><p style=\"margin-bottom: 1.5vh\"><strong><span style=\"font-size: 2.3vh;\">\u2212 Embossat individual<\/span><\/strong><\/p><p style=\"padding-left: 40px; line-height: 2vh; margin-bottom: 1vh\"><span style=\"font-size: 2vh;\">&gt; Cartr\u00f3 personalitzat impr\u00e8s opcional<\/span><\/p>\n\t\t\n<style>\n#text-3398392991 {\n  line-height: 1.5;\n}\n<\/style>\n\t<\/div>\n\t\n\n\t\t<\/div>\n\t\t\t\t\t<\/div>\n\n\t\n\n<\/div>\n\n\t\t<\/div>\n\n\t\t\n<style>\n#section_511228637 {\n  padding-top: 30px;\n  padding-bottom: 30px;\n  min-height: 0px;\n  background-color: rgb(193, 193, 193);\n}\n#section_511228637 .section-bg-overlay {\n  background-color: rgba(255, 255, 255, 0.85);\n}\n<\/style>\n\t<\/section>\n\t\n<span class=\"scroll-to\" data-label=\"Scroll to: #dimensiones\" data-bullet=\"true\" data-link=\"#dimensiones\" data-title=\"Dimensiones\"><a name=\"dimensiones\"><\/a><\/span>\n\n\n\t<section class=\"section\" id=\"section_1630414276\">\n\t\t<div class=\"section-bg fill\" >\n\t\t\t\t\t\t\t\t\t\n\t\t\t\n\n\t\t<\/div>\n\n\t\t\n\n\t\t<div class=\"section-content relative\">\n\t\t\t\n\n<div class=\"container section-title-container\" style=\"margin-top:27px;\"><h2 class=\"section-title section-title-center\"><b aria-hidden=\"true\"><\/b><span class=\"section-title-main\" >Dimensions Est\u00e0ndar<\/span><b aria-hidden=\"true\"><\/b><\/h2><\/div>\n\n<div class=\"row\"  id=\"row-1428268294\">\n\n\n\t<div id=\"col-226261472\" class=\"col small-12 large-12\"  >\n\t\t\t\t<div class=\"col-inner\"  >\n\t\t\t\n\t\t\t\n\n\t<div id=\"text-1679451079\" class=\"text\">\n\t\t\n\n<table>\n<thead>\n<tr>\n<th>MODEL<\/th>\n<th>TAMANY<\/th>\n<\/tr>\n<\/thead>\n<tbody>\n<tr>\n<td>Quadrat \/ Rectangular<\/td>\n<td>\n<p>50 x 50 mm<\/p>\n<p>35 x 50 mm<\/p>\n<p>65 x 40 mm<\/p>\n<p>45 x 65 mm<\/p>\n<\/td>\n<\/tr>\n<tr>\n<td>Rod\u00f3<\/td>\n<td>\n<p>\u00d8 50 mm<\/p>\n<p>\u00d8 60 mm<\/p>\n<p>\u00d8 65 mm<\/p>\n<\/td>\n<\/tr>\n<tr>\n<td>Altres mesures<\/td>\n<td>Consultar<\/td>\n<\/tr>\n<\/tbody>\n<\/table>\n\t\t\n<style>\n#text-1679451079 {\n  font-size: 1.25rem;\n  line-height: 1;\n}\n<\/style>\n\t<\/div>\n\t\n\n\t\t<\/div>\n\t\t\t\t\t<\/div>\n\n\t\n\n<\/div>\n\n\t\t<\/div>\n\n\t\t\n<style>\n#section_1630414276 {\n  padding-top: 30px;\n  padding-bottom: 30px;\n}\n<\/style>\n\t<\/section>\n\t\n<span class=\"scroll-to\" data-label=\"Scroll to: #contacto\" data-bullet=\"true\" data-link=\"#contacto\" data-title=\"Contacto\"><a name=\"contacto\"><\/a><\/span>\n\n\n\t<section class=\"section\" id=\"section_159215375\">\n\t\t<div class=\"section-bg fill\" >\n\t\t\t\t\t\t\t\t\t<div class=\"section-bg-overlay absolute fill\"><\/div>\n\t\t\t\n\t<div class=\"is-border\"\n\t\tstyle=\"border-width:1px 0px 1px 0px;\">\n\t<\/div>\n\n\t\t<\/div>\n\n\t\t\n\n\t\t<div class=\"section-content relative\">\n\t\t\t\n\n<div class=\"row row-large align-center\"  id=\"row-30772346\">\n\n\n\t<div id=\"col-1678804529\" class=\"col medium-9 small-12 large-9\"  >\n\t\t\t\t<div class=\"col-inner text-center\"  >\n\t\t\t\n\t\t\t\n\n<h2 class=\"uppercase\"><span style=\"font-size: 100%;\">Contacta amb nosaltres!<\/span><\/h2>\n\n\t\t<\/div>\n\t\t\t\t\t<\/div>\n\n\t\n\n\t<div id=\"col-762750784\" class=\"col small-12 large-12\"  >\n\t\t\t\t<div class=\"col-inner\"  >\n\t\t\t\n\t\t\t\n\n\n<div class=\"wpcf7 no-js\" id=\"wpcf7-f2680-o1\" lang=\"ca\" dir=\"ltr\" data-wpcf7-id=\"2680\">\n<div class=\"screen-reader-response\"><p role=\"status\" aria-live=\"polite\" aria-atomic=\"true\"><\/p> <ul><\/ul><\/div>\n<form action=\"\/ca\/wp-json\/wp\/v2\/pages\/4082#wpcf7-f2680-o1\" method=\"post\" class=\"wpcf7-form init\" aria-label=\"Formulari de contacte\" novalidate=\"novalidate\" data-status=\"init\">\n<fieldset class=\"hidden-fields-container\"><input type=\"hidden\" name=\"_wpcf7\" value=\"2680\" \/><input type=\"hidden\" name=\"_wpcf7_version\" value=\"6.1.5\" \/><input type=\"hidden\" name=\"_wpcf7_locale\" value=\"ca\" \/><input type=\"hidden\" name=\"_wpcf7_unit_tag\" value=\"wpcf7-f2680-o1\" \/><input type=\"hidden\" name=\"_wpcf7_container_post\" value=\"0\" \/><input type=\"hidden\" name=\"_wpcf7_posted_data_hash\" value=\"\" \/><input type=\"hidden\" name=\"_wpcf7_recaptcha_response\" value=\"\" \/>\n<\/fieldset>\n<div class=\"form-flat\">\n\t<p><span class=\"wpcf7-form-control-wrap\" data-name=\"your-name\"><input size=\"40\" maxlength=\"400\" class=\"wpcf7-form-control wpcf7-text wpcf7-validates-as-required\" aria-required=\"true\" aria-invalid=\"false\" placeholder=\"Nom (obligatori)\" value=\"\" type=\"text\" name=\"your-name\" \/><\/span>\n\t<\/p>\n\t<p><span class=\"wpcf7-form-control-wrap\" data-name=\"your-email\"><input size=\"40\" maxlength=\"400\" class=\"wpcf7-form-control wpcf7-email wpcf7-validates-as-required wpcf7-text wpcf7-validates-as-email\" aria-required=\"true\" aria-invalid=\"false\" placeholder=\"Email (obligatori)\" value=\"\" type=\"email\" name=\"your-email\" \/><\/span>\n\t<\/p>\n\t<p><span class=\"wpcf7-form-control-wrap\" data-name=\"your-message\"><textarea cols=\"40\" rows=\"10\" maxlength=\"2000\" class=\"wpcf7-form-control wpcf7-textarea\" aria-invalid=\"false\" placeholder=\"Missatge (obligatori)\" name=\"your-message\"><\/textarea><\/span>\n\t<\/p>\n\t<p><input class=\"wpcf7-form-control wpcf7-submit has-spinner button\" type=\"submit\" value=\"Envia la teva consulta\" \/>\n\t<\/p>\n<\/div><div class=\"wpcf7-response-output\" aria-hidden=\"true\"><\/div>\n<\/form>\n<\/div>\n\n\n\n\t\t<\/div>\n\t\t\t\t\t<\/div>\n\n\t\n\n<\/div>\n\n\t\t<\/div>\n\n\t\t\n<style>\n#section_159215375 {\n  padding-top: 60px;\n  padding-bottom: 60px;\n  background-color: rgb(207, 207, 207);\n}\n#section_159215375 .section-bg-overlay {\n  background-color: rgba(255, 255, 255, 0.85);\n}\n<\/style>\n\t<\/section>\n\t\n\n","protected":false},"excerpt":{"rendered":"","protected":false},"author":2,"featured_media":0,"parent":0,"menu_order":0,"comment_status":"closed","ping_status":"closed","template":"page-blank.php","meta":{"footnotes":""},"class_list":["post-4082","page","type-page","status-publish","hentry"],"_links":{"self":[{"href":"https:\/\/artkeeping.com\/ca\/wp-json\/wp\/v2\/pages\/4082","targetHints":{"allow":["GET"]}}],"collection":[{"href":"https:\/\/artkeeping.com\/ca\/wp-json\/wp\/v2\/pages"}],"about":[{"href":"https:\/\/artkeeping.com\/ca\/wp-json\/wp\/v2\/types\/page"}],"author":[{"embeddable":true,"href":"https:\/\/artkeeping.com\/ca\/wp-json\/wp\/v2\/users\/2"}],"replies":[{"embeddable":true,"href":"https:\/\/artkeeping.com\/ca\/wp-json\/wp\/v2\/comments?post=4082"}],"version-history":[{"count":18,"href":"https:\/\/artkeeping.com\/ca\/wp-json\/wp\/v2\/pages\/4082\/revisions"}],"predecessor-version":[{"id":5464,"href":"https:\/\/artkeeping.com\/ca\/wp-json\/wp\/v2\/pages\/4082\/revisions\/5464"}],"wp:attachment":[{"href":"https:\/\/artkeeping.com\/ca\/wp-json\/wp\/v2\/media?parent=4082"}],"curies":[{"name":"wp","href":"https:\/\/api.w.org\/{rel}","templated":true}]}}