
{"id":4029,"date":"2021-04-28T08:52:21","date_gmt":"2021-04-28T07:52:21","guid":{"rendered":"https:\/\/artkeeping.com\/?page_id=4029"},"modified":"2021-05-13T16:29:13","modified_gmt":"2021-05-13T15:29:13","slug":"nosaltres","status":"publish","type":"page","link":"https:\/\/artkeeping.com\/ca\/nosaltres\/","title":{"rendered":"Nosaltres"},"content":{"rendered":"\n<div class=\"container section-title-container\" ><h2 class=\"section-title section-title-normal\"><b aria-hidden=\"true\"><\/b><span class=\"section-title-main\" >Sobre Nosaltres<\/span><b aria-hidden=\"true\"><\/b><\/h2><\/div>\n\n\n\t<section class=\"section\" id=\"section_2053983223\">\n\t\t<div class=\"section-bg fill\" >\n\t\t\t\t\t\t\t\t\t<div class=\"section-bg-overlay absolute fill\"><\/div>\n\t\t\t\n\n\t\t<\/div>\n\n\t\t\n\n\t\t<div class=\"section-content relative\">\n\t\t\t\n\n<div class=\"row row-collapse row-full-width align-middle\"  id=\"row-1217841508\">\n\n\n\t<div id=\"col-516867798\" class=\"col medium-6 small-12 large-6\"  >\n\t\t\t\t<div class=\"col-inner text-center\"  >\n\t\t\t\n\t\t\t\n\n<p>&nbsp;<\/p>\n<h2>Som Art Keeping<\/h2>\n<p>En Art Keeping portem m\u00e9s de 20 anys fabricant productes personalitzats per botigues de museus, oficines de turisme i merchandising empresarial, aix\u00ed com per a clients que necessiten personalitzar el seu producte promocional.<\/p>\n<p>Qualitat, \u00e0mplia flexibilitat de producci\u00f3 i gran varietat de formats per satisfer qualsevol necessitat dels nostres clients.<\/p>\n\n\t\t<\/div>\n\t\t\t\t\n<style>\n#col-516867798 > .col-inner {\n  padding: 10% 10% 10% 10%;\n  max-width: 520px;\n}\n<\/style>\n\t<\/div>\n\n\t\n\n\t<div id=\"col-1683085146\" class=\"col medium-6 small-12 large-6\"  >\n\t\t\t\t<div class=\"col-inner\"  >\n\t\t\t\n\t\t\t\n\n\t<div class=\"img has-hover x md-x lg-x y md-y lg-y\" id=\"image_2133296308\">\n\t\t\t\t\t\t\t\t<div class=\"img-inner dark\" >\n\t\t\t<img loading=\"lazy\" decoding=\"async\" width=\"1020\" height=\"289\" src=\"https:\/\/artkeeping.com\/wp-content\/uploads\/2021\/04\/dados-1400x396.jpg\" class=\"attachment-large size-large\" alt=\"\" srcset=\"https:\/\/artkeeping.com\/wp-content\/uploads\/2021\/04\/dados-1400x396.jpg 1400w, https:\/\/artkeeping.com\/wp-content\/uploads\/2021\/04\/dados-800x226.jpg 800w, https:\/\/artkeeping.com\/wp-content\/uploads\/2021\/04\/dados-768x217.jpg 768w, https:\/\/artkeeping.com\/wp-content\/uploads\/2021\/04\/dados-1536x434.jpg 1536w, https:\/\/artkeeping.com\/wp-content\/uploads\/2021\/04\/dados-2048x579.jpg 2048w, https:\/\/artkeeping.com\/wp-content\/uploads\/2021\/04\/dados-300x85.jpg 300w\" sizes=\"auto, (max-width: 1020px) 100vw, 1020px\" \/>\t\t\t\t\t\t\n\t\t\t\t\t<\/div>\n\t\t\t\t\t\t\t\t\n<style>\n#image_2133296308 {\n  width: 100%;\n}\n<\/style>\n\t<\/div>\n\t\n\n\n\t\t<\/div>\n\t\t\t\t\t<\/div>\n\n\t\n\n<\/div>\n\n\t\t<\/div>\n\n\t\t\n<style>\n#section_2053983223 {\n  padding-top: 0px;\n  padding-bottom: 0px;\n  background-color: rgb(247, 247, 247);\n}\n#section_2053983223 .section-bg-overlay {\n  background-color: rgba(255, 255, 255, 0.85);\n}\n<\/style>\n\t<\/section>\n\t\n\n\t<section class=\"section\" id=\"section_1102976126\">\n\t\t<div class=\"section-bg fill\" >\n\t\t\t\t\t\t\t\t\t<div class=\"section-bg-overlay absolute fill\"><\/div>\n\t\t\t\n\n\t\t<\/div>\n\n\t\t\n\n\t\t<div class=\"section-content relative\">\n\t\t\t\n\n<div class=\"row row-collapse row-full-width align-middle\"  id=\"row-478362414\">\n\n\n\t<div id=\"col-1715121169\" class=\"col medium-6 small-12 large-6\"  >\n\t\t\t\t<div class=\"col-inner\"  >\n\t\t\t\n\t\t\t\n\n\t<div class=\"img has-hover x md-x lg-x y md-y lg-y\" id=\"image_1641183058\">\n\t\t\t\t\t\t\t\t<div class=\"img-inner dark\" >\n\t\t\t<img loading=\"lazy\" decoding=\"async\" width=\"1020\" height=\"682\" src=\"https:\/\/artkeeping.com\/wp-content\/uploads\/2021\/04\/gomas-1-1400x936.jpg\" class=\"attachment-large size-large\" alt=\"\" srcset=\"https:\/\/artkeeping.com\/wp-content\/uploads\/2021\/04\/gomas-1-1400x936.jpg 1400w, https:\/\/artkeeping.com\/wp-content\/uploads\/2021\/04\/gomas-1-800x535.jpg 800w, https:\/\/artkeeping.com\/wp-content\/uploads\/2021\/04\/gomas-1-768x513.jpg 768w, https:\/\/artkeeping.com\/wp-content\/uploads\/2021\/04\/gomas-1-1536x1027.jpg 1536w, https:\/\/artkeeping.com\/wp-content\/uploads\/2021\/04\/gomas-1-300x201.jpg 300w, https:\/\/artkeeping.com\/wp-content\/uploads\/2021\/04\/gomas-1.jpg 1969w\" sizes=\"auto, (max-width: 1020px) 100vw, 1020px\" \/>\t\t\t\t\t\t\n\t\t\t\t\t<\/div>\n\t\t\t\t\t\t\t\t\n<style>\n#image_1641183058 {\n  width: 100%;\n}\n<\/style>\n\t<\/div>\n\t\n\n\n\t\t<\/div>\n\t\t\t\t\t<\/div>\n\n\t\n\n\t<div id=\"col-358125920\" class=\"col medium-6 small-12 large-6\"  >\n\t\t\t\t<div class=\"col-inner text-center\"  >\n\t\t\t\n\t\t\t\n\n<p>&nbsp;<\/p>\n<h2>Disseny personalitzat<\/h2>\n<p>Els nostres productes s\u00f3n \u00fanics. Tots i cada un dels projectes desenvolupats estan creats a partir d&#8217;una idea original i fabricats en exclusiva per als nostres clients.<\/p>\n<p>Art Keeping compta amb un gran equip de dissenyadors creatius que estudien les necessitats dels nostres clients i personalitzen els productes segons les seves especificacions.&nbsp;<\/p>\n\n\t\t<\/div>\n\t\t\t\t\n<style>\n#col-358125920 > .col-inner {\n  padding: 10% 10% 10% 10%;\n  max-width: 520px;\n}\n<\/style>\n\t<\/div>\n\n\t\n\n<\/div>\n\n\t\t<\/div>\n\n\t\t\n<style>\n#section_1102976126 {\n  padding-top: 0px;\n  padding-bottom: 0px;\n  background-color: rgb(247, 247, 247);\n}\n#section_1102976126 .section-bg-overlay {\n  background-color: rgba(255, 255, 255, 0.85);\n}\n<\/style>\n\t<\/section>\n\t\n\n\t<section class=\"section\" id=\"section_1153837729\">\n\t\t<div class=\"section-bg fill\" >\n\t\t\t\t\t\t\t\t\t<div class=\"section-bg-overlay absolute fill\"><\/div>\n\t\t\t\n\n\t\t<\/div>\n\n\t\t\n\n\t\t<div class=\"section-content relative\">\n\t\t\t\n\n<div class=\"row row-collapse row-full-width align-middle\"  id=\"row-1986098043\">\n\n\n\t<div id=\"col-1404967970\" class=\"col medium-6 small-12 large-6\"  >\n\t\t\t\t<div class=\"col-inner text-center\"  >\n\t\t\t\n\t\t\t\n\n<p>&nbsp;<\/p>\n<h2>Flexibilitat i agilitar<\/h2>\n<p class=\"p1\">Art Keeping disposa de l&#8217;\u00faltima tecnologia en producci\u00f3 digital que permet oferir una major agilitat en la fabricaci\u00f3 i adaptar-nos als terminis del client sense cost afegit.<\/p>\n\n\t\t<\/div>\n\t\t\t\t\n<style>\n#col-1404967970 > .col-inner {\n  padding: 10% 10% 10% 10%;\n  max-width: 520px;\n}\n<\/style>\n\t<\/div>\n\n\t\n\n\t<div id=\"col-752586303\" class=\"col medium-6 small-12 large-6\"  >\n\t\t\t\t<div class=\"col-inner\"  >\n\t\t\t\n\t\t\t\n\n\t<div class=\"img has-hover x md-x lg-x y md-y lg-y\" id=\"image_304228884\">\n\t\t\t\t\t\t\t\t<div class=\"img-inner dark\" >\n\t\t\t<img loading=\"lazy\" decoding=\"async\" width=\"1020\" height=\"682\" src=\"https:\/\/artkeeping.com\/wp-content\/uploads\/2021\/04\/DSC_0892.jpg\" class=\"attachment-large size-large\" alt=\"\" srcset=\"https:\/\/artkeeping.com\/wp-content\/uploads\/2021\/04\/DSC_0892.jpg 1024w, https:\/\/artkeeping.com\/wp-content\/uploads\/2021\/04\/DSC_0892-800x535.jpg 800w, https:\/\/artkeeping.com\/wp-content\/uploads\/2021\/04\/DSC_0892-768x514.jpg 768w, https:\/\/artkeeping.com\/wp-content\/uploads\/2021\/04\/DSC_0892-300x201.jpg 300w\" sizes=\"auto, (max-width: 1020px) 100vw, 1020px\" \/>\t\t\t\t\t\t\n\t\t\t\t\t<\/div>\n\t\t\t\t\t\t\t\t\n<style>\n#image_304228884 {\n  width: 100%;\n}\n<\/style>\n\t<\/div>\n\t\n\n\n\t\t<\/div>\n\t\t\t\t\n<style>\n#col-752586303 > .col-inner {\n  padding: 16px 0px 0px 0px;\n}\n<\/style>\n\t<\/div>\n\n\t\n\n<\/div>\n\n\t\t<\/div>\n\n\t\t\n<style>\n#section_1153837729 {\n  padding-top: 0px;\n  padding-bottom: 0px;\n}\n#section_1153837729 .section-bg-overlay {\n  background-color: rgba(255, 255, 255, 0.85);\n}\n<\/style>\n\t<\/section>\n\t\n\n\t<section class=\"section\" id=\"section_1949992664\">\n\t\t<div class=\"section-bg fill\" >\n\t\t\t\t\t\t\t\t\t<div class=\"section-bg-overlay absolute fill\"><\/div>\n\t\t\t\n\n\t\t<\/div>\n\n\t\t\n\n\t\t<div class=\"section-content relative\">\n\t\t\t\n\n<div class=\"row row-collapse row-full-width align-middle\"  id=\"row-1085269546\">\n\n\n\t<div id=\"col-1005454172\" class=\"col medium-6 small-12 large-6\"  >\n\t\t\t\t<div class=\"col-inner\"  >\n\t\t\t\n\t\t\t\n\n\t<div class=\"img has-hover x md-x lg-x y md-y lg-y\" id=\"image_1230967598\">\n\t\t\t\t\t\t\t\t<div class=\"img-inner dark\" >\n\t\t\t<img loading=\"lazy\" decoding=\"async\" width=\"424\" height=\"427\" src=\"https:\/\/artkeeping.com\/wp-content\/uploads\/2021\/04\/gota-resina1.png\" class=\"attachment-large size-large\" alt=\"\" srcset=\"https:\/\/artkeeping.com\/wp-content\/uploads\/2021\/04\/gota-resina1.png 424w, https:\/\/artkeeping.com\/wp-content\/uploads\/2021\/04\/gota-resina1-300x302.png 300w, https:\/\/artkeeping.com\/wp-content\/uploads\/2021\/04\/gota-resina1-100x100.png 100w\" sizes=\"auto, (max-width: 424px) 100vw, 424px\" \/>\t\t\t\t\t\t\n\t\t\t\t\t<\/div>\n\t\t\t\t\t\t\t\t\n<style>\n#image_1230967598 {\n  width: 100%;\n}\n<\/style>\n\t<\/div>\n\t\n\n\n\t\t<\/div>\n\t\t\t\t\t<\/div>\n\n\t\n\n\t<div id=\"col-525249571\" class=\"col medium-6 small-12 large-6\"  >\n\t\t\t\t<div class=\"col-inner text-center\"  >\n\t\t\t\n\t\t\t\n\n<p>&nbsp;<\/p>\n<h2>Segell de qualitat<\/h2>\n<p>Tots els nostres productes s\u00f3n de fabricaci\u00f3 pr\u00f2pia, amb maquin\u00e0ria d&#8217;\u00faltima generaci\u00f3 i amb materials de gran qualitat. <\/ P><br \/>\n<P> La nostra fabricaci\u00f3 est\u00e0 homologada amb la garantia de qualitat exigida per la Uni\u00f3 Europea, d&#8217;acord amb la norma UNE-EN 71-3, i la gota de poliuret\u00e0 lliure de mercuri d&#8217;acord amb el Reglament Europeu 1907\/2006 (REACh) Resines d&#8217;alt rendiment homologades per als test SAE J1960-89 (4000 hores sense cap tacat superficial o canvi de color.<\/p>\n\n\t\t<\/div>\n\t\t\t\t\n<style>\n#col-525249571 > .col-inner {\n  padding: 10% 10% 10% 10%;\n  max-width: 520px;\n}\n<\/style>\n\t<\/div>\n\n\t\n\n<\/div>\n\n\t\t<\/div>\n\n\t\t\n<style>\n#section_1949992664 {\n  padding-top: 0px;\n  padding-bottom: 0px;\n  background-color: rgb(247, 247, 247);\n}\n#section_1949992664 .section-bg-overlay {\n  background-color: rgba(255, 255, 255, 0.85);\n}\n<\/style>\n\t<\/section>\n\t\n\n","protected":false},"excerpt":{"rendered":"","protected":false},"author":2,"featured_media":3976,"parent":0,"menu_order":0,"comment_status":"closed","ping_status":"closed","template":"","meta":{"footnotes":""},"class_list":["post-4029","page","type-page","status-publish","has-post-thumbnail","hentry"],"_links":{"self":[{"href":"https:\/\/artkeeping.com\/ca\/wp-json\/wp\/v2\/pages\/4029","targetHints":{"allow":["GET"]}}],"collection":[{"href":"https:\/\/artkeeping.com\/ca\/wp-json\/wp\/v2\/pages"}],"about":[{"href":"https:\/\/artkeeping.com\/ca\/wp-json\/wp\/v2\/types\/page"}],"author":[{"embeddable":true,"href":"https:\/\/artkeeping.com\/ca\/wp-json\/wp\/v2\/users\/2"}],"replies":[{"embeddable":true,"href":"https:\/\/artkeeping.com\/ca\/wp-json\/wp\/v2\/comments?post=4029"}],"version-history":[{"count":6,"href":"https:\/\/artkeeping.com\/ca\/wp-json\/wp\/v2\/pages\/4029\/revisions"}],"predecessor-version":[{"id":5453,"href":"https:\/\/artkeeping.com\/ca\/wp-json\/wp\/v2\/pages\/4029\/revisions\/5453"}],"wp:featuredmedia":[{"embeddable":true,"href":"https:\/\/artkeeping.com\/ca\/wp-json\/wp\/v2\/media\/3976"}],"wp:attachment":[{"href":"https:\/\/artkeeping.com\/ca\/wp-json\/wp\/v2\/media?parent=4029"}],"curies":[{"name":"wp","href":"https:\/\/api.w.org\/{rel}","templated":true}]}}