
{"id":3996,"date":"2021-04-14T10:34:31","date_gmt":"2021-04-14T09:34:31","guid":{"rendered":"https:\/\/artkeeping.com\/?page_id=3996"},"modified":"2021-05-12T13:53:47","modified_gmt":"2021-05-12T12:53:47","slug":"clauers-metacrilat","status":"publish","type":"page","link":"https:\/\/artkeeping.com\/ca\/clauers-metacrilat\/","title":{"rendered":"Clauers de Metacrilat"},"content":{"rendered":"\n  <div class=\"banner-grid-wrapper\">\n  <div id=\"banner-grid-1738437512\" class=\"banner-grid row row-grid row-collapse row-box-shadow-4 row-box-shadow-3-hover row-full-width\" data-packery-options=\"\">\n                      \n\n<div class=\"col grid-col large-6 grid-col-2-3\" ><div class=\"col-inner\">\n\n\n  <div class=\"banner has-hover bg-zoom\" id=\"banner-1711246790\">\n          <div class=\"banner-inner fill\">\n        <div class=\"banner-bg fill\" >\n            <img loading=\"lazy\" decoding=\"async\" width=\"903\" height=\"800\" src=\"https:\/\/artkeeping.com\/wp-content\/uploads\/2021\/02\/llavero_mtr_gen-1-e1612962731996-903x800.png\" class=\"bg attachment-large size-large\" alt=\"\" \/>                        <div class=\"overlay\"><\/div>            \n                    <\/div>\n\t\t\n        <div class=\"banner-layers container\">\n            <a class=\"fill\" href=\"#caracteristicas\"><div class=\"fill banner-link\"><\/div><\/a>            \n\n   <div id=\"text-box-1712489506\" class=\"text-box banner-layer x5 md-x5 lg-x5 y90 md-y90 lg-y90 res-text\">\n       <div class=\"hover-bounce\">              <div data-animate=\"fadeInRight\">           <div class=\"text-box-content text dark\">\n              \n              <div class=\"text-inner text-left\">\n                  \n\n\t<div id=\"text-2040533763\" class=\"text\">\n\t\t\n\n<h1 class=\"uppercase\"><span style=\"font-size: 3.5vh; line-height: 1vh; letter-spacing: 0.1vw;\"><strong><a style=\"color: inherit;\" href=\"#caracteristicas\">Clauers amb base de metacrilat<\/a><\/strong><\/span><\/h1>\n<p class=\"uppercase\"><span style=\"font-size: 2vh;\"><strong><a href=\"#caracteristicas\" STYLE=\"color:inherit\";>Amb gota de poliuret\u00e0 transparent<\/a><\/strong><\/span><\/p>\n\t\t\n<style>\n#text-2040533763 {\n  text-align: left;\n  color: rgb(28, 72, 138);\n}\n#text-2040533763 > * {\n  color: rgb(28, 72, 138);\n}\n<\/style>\n\t<\/div>\n\t\n\n              <\/div>\n           <\/div>\n       <\/div>              <\/div>       \n<style>\n#text-box-1712489506 {\n  width: 67%;\n}\n#text-box-1712489506 .text-box-content {\n  font-size: 100%;\n}\n@media (min-width:550px) {\n  #text-box-1712489506 {\n    width: 67%;\n  }\n}\n@media (min-width:850px) {\n  #text-box-1712489506 {\n    width: 43%;\n  }\n}\n<\/style>\n    <\/div>\n \n   <div id=\"text-box-98750612\" class=\"text-box banner-layer x95 md-x95 lg-x95 y0 md-y0 lg-y0 res-text\">\n       <div class=\"hover-bounce\">              <div data-animate=\"fadeInRight\">           <div class=\"text-box-content text dark\">\n              \n              <div class=\"text-inner text-left\">\n                  \n\n<a href=\"#contacto\" class=\"button primary is-outline is-larger expand\" style=\"border-radius:12px;\">\n\t\t<span>Sol\u00b7licita Pressupost<\/span>\n\t<\/a>\n\n\n\n              <\/div>\n           <\/div>\n       <\/div>              <\/div>       \n<style>\n#text-box-98750612 .text-inner {\n  padding: 9px 0px 0px 0px;\n}\n#text-box-98750612 {\n  width: 31%;\n}\n#text-box-98750612 .text-box-content {\n  font-size: 100%;\n}\n<\/style>\n    <\/div>\n \n\n        <\/div>\n      <\/div>\n\n            \n<style>\n#banner-1711246790 {\n  padding-top: 500px;\n}\n#banner-1711246790 .overlay {\n  background-color: rgba(0, 0, 0, 0);\n}\n#banner-1711246790 .banner-bg img {\n  object-position: 22% 63%;\n}\n<\/style>\n  <\/div>\n\n\n\n<\/div><\/div>\n<div class=\"col grid-col large-6 grid-col-1-2\" ><div class=\"col-inner\">\n\n\n  <div class=\"banner has-hover bg-zoom\" id=\"banner-717186710\">\n          <div class=\"banner-inner fill\">\n        <div class=\"banner-bg fill\" >\n            <img loading=\"lazy\" decoding=\"async\" width=\"1020\" height=\"623\" src=\"https:\/\/artkeeping.com\/wp-content\/uploads\/2021\/02\/llavero_mtr_pak-1-e1612963149889-1309x800.png\" class=\"bg attachment-large size-large\" alt=\"\" \/>                        <div class=\"overlay\"><\/div>            \n                    <\/div>\n\t\t\n        <div class=\"banner-layers container\">\n            <a class=\"fill\" href=\"#presentacion\"><div class=\"fill banner-link\"><\/div><\/a>            \n\n   <div id=\"text-box-1733525999\" class=\"text-box banner-layer x95 md-x95 lg-x95 y5 md-y5 lg-y5 res-text\">\n       <div class=\"hover-bounce\">              <div data-animate=\"fadeInLeft\">           <div class=\"text-box-content text dark\">\n              \n              <div class=\"text-inner text-right\">\n                  \n\n\t<div id=\"text-2892658438\" class=\"text\">\n\t\t\n\n<p class=\"uppercase\"><span style=\"font-size: 1.9vh;\"><strong><a href=\"#presentacion\" STYLE=\"color:inherit\";>Tria la teva presentaci\u00f3:<\/a><\/strong><\/span><\/p>\n<p class=\"uppercase\"><span style=\"font-size: 1.7vh;\"><strong><a href=\"#presentacion\" STYLE=\"color:inherit\";>Embossat individual sense, o amb cartr\u00f3 personalitzat<\/a><\/strong><\/span><\/p>\n\t\t\n<style>\n#text-2892658438 {\n  text-align: right;\n  color: rgb(28, 72, 138);\n}\n#text-2892658438 > * {\n  color: rgb(28, 72, 138);\n}\n<\/style>\n\t<\/div>\n\t\n\n              <\/div>\n           <\/div>\n       <\/div>              <\/div>       \n<style>\n#text-box-1733525999 {\n  width: 44%;\n}\n#text-box-1733525999 .text-box-content {\n  font-size: 100%;\n}\n<\/style>\n    <\/div>\n \n\n        <\/div>\n      <\/div>\n\n            \n<style>\n#banner-717186710 {\n  padding-top: 500px;\n}\n#banner-717186710 .overlay {\n  background-color: rgba(0, 0, 0, 0);\n}\n#banner-717186710 .banner-bg img {\n  object-position: 52% 0%;\n}\n<\/style>\n  <\/div>\n\n\n\n<\/div><\/div>\n<div class=\"col grid-col large-6 grid-col-1-2\" ><div class=\"col-inner\">\n\n\n  <div class=\"banner has-hover bg-zoom\" id=\"banner-1972562363\">\n          <div class=\"banner-inner fill\">\n        <div class=\"banner-bg fill\" >\n            <img loading=\"lazy\" decoding=\"async\" width=\"1020\" height=\"640\" src=\"https:\/\/artkeeping.com\/wp-content\/uploads\/2021\/04\/llavero_mtr_junto-1400x878.jpg\" class=\"bg attachment-large size-large\" alt=\"\" \/>                        <div class=\"overlay\"><\/div>            \n                    <\/div>\n\t\t\n        <div class=\"banner-layers container\">\n            <a class=\"fill\" href=\"#dimensiones\"><div class=\"fill banner-link\"><\/div><\/a>            \n\n   <div id=\"text-box-1131516923\" class=\"text-box banner-layer x50 md-x50 lg-x50 y5 md-y5 lg-y5 res-text\">\n       <div class=\"hover-bounce\">                         <div class=\"text-box-content text dark\">\n              \n              <div class=\"text-inner text-center\">\n                  \n\n\t<div id=\"text-2271338388\" class=\"text\">\n\t\t\n\n<p class=\"uppercase\"><span style=\"font-size: 1.9vh;\"><strong><a href=\"#contacto\" STYLE=\"color:inherit\";>Realitzem la forma i tamany que tu vulguis!<\/a><\/strong><\/span><p>\n\t\t\n<style>\n#text-2271338388 {\n  color: rgb(28, 72, 138);\n}\n#text-2271338388 > * {\n  color: rgb(28, 72, 138);\n}\n<\/style>\n\t<\/div>\n\t\n\n              <\/div>\n           <\/div>\n                     <\/div>       \n<style>\n#text-box-1131516923 {\n  width: 82%;\n}\n#text-box-1131516923 .text-box-content {\n  font-size: 100%;\n}\n<\/style>\n    <\/div>\n \n\n        <\/div>\n      <\/div>\n\n            \n<style>\n#banner-1972562363 {\n  padding-top: 500px;\n}\n#banner-1972562363 .overlay {\n  background-color: rgba(0, 0, 0, 0);\n}\n#banner-1972562363 .banner-bg img {\n  object-position: 54% 54%;\n}\n<\/style>\n  <\/div>\n\n\n\n<\/div><\/div>\n<div class=\"col grid-col large-3 grid-col-1-3\" ><div class=\"col-inner\">\n\n\n  <div class=\"banner has-hover bg-zoom\" id=\"banner-1343711578\">\n          <div class=\"banner-inner fill\">\n        <div class=\"banner-bg fill\" >\n            <img loading=\"lazy\" decoding=\"async\" width=\"1003\" height=\"800\" src=\"https:\/\/artkeeping.com\/wp-content\/uploads\/2021\/02\/llavero_mtr_key-1003x800.png\" class=\"bg attachment-large size-large\" alt=\"\" \/>                                    \n                    <\/div>\n\t\t\n        <div class=\"banner-layers container\">\n            <a class=\"fill\" href=\"#presentacion\"><div class=\"fill banner-link\"><\/div><\/a>            \n\n   <div id=\"text-box-14277097\" class=\"text-box banner-layer x10 md-x10 lg-x10 y10 md-y10 lg-y10 res-text\">\n       <div class=\"hover-bounce\">                         <div class=\"text-box-content text \">\n              \n              <div class=\"text-inner text-left\">\n                  \n\n\t<div id=\"text-3848507182\" class=\"text\">\n\t\t\n\n<p class=\"uppercase\"><span style=\"font-size: 1.7vh;\"><strong><a href=\"#presentacion\" STYLE=\"color:inherit\";>Amb anella inclosa i clau de polipropil\u00e9 opcional<\/a><\/strong><\/span><\/p>\n\t\t\n<style>\n#text-3848507182 {\n  color: rgb(28, 72, 138);\n}\n#text-3848507182 > * {\n  color: rgb(28, 72, 138);\n}\n<\/style>\n\t<\/div>\n\t\n\n              <\/div>\n           <\/div>\n                     <\/div>       \n<style>\n#text-box-14277097 {\n  width: 69%;\n}\n#text-box-14277097 .text-box-content {\n  font-size: 100%;\n}\n<\/style>\n    <\/div>\n \n\n        <\/div>\n      <\/div>\n\n            \n<style>\n#banner-1343711578 {\n  padding-top: 500px;\n}\n#banner-1343711578 .banner-bg img {\n  object-position: 48% 45%;\n}\n<\/style>\n  <\/div>\n\n\n\n<\/div><\/div>\n<div class=\"col grid-col large-3 grid-col-1-3\" ><div class=\"col-inner\">\n\n\n  <div class=\"banner has-hover bg-zoom\" id=\"banner-1456923913\">\n          <div class=\"banner-inner fill\">\n        <div class=\"banner-bg fill\" >\n            <img loading=\"lazy\" decoding=\"async\" width=\"1020\" height=\"774\" src=\"https:\/\/artkeeping.com\/wp-content\/uploads\/2021\/02\/llavero_mtr_bde-1054x800.png\" class=\"bg attachment-large size-large\" alt=\"\" \/>                                    \n                    <\/div>\n\t\t\n        <div class=\"banner-layers container\">\n            <a class=\"fill\" href=\"#caracteristicas\"><div class=\"fill banner-link\"><\/div><\/a>            \n\n   <div id=\"text-box-1302244416\" class=\"text-box banner-layer x10 md-x10 lg-x10 y10 md-y10 lg-y10 res-text\">\n       <div class=\"hover-bounce\">                         <div class=\"text-box-content text \">\n              \n              <div class=\"text-inner text-left\">\n                  \n\n\t<div id=\"text-1227792867\" class=\"text\">\n\t\t\n\n<p class=\"uppercase\"><span style=\"font-size: 1.7vh;\"><strong><a href=\"#caracteristicas\" STYLE=\"color:inherit\";>Tria el teu acabat!<\/a><\/strong><\/span><\/p>\n\t\t\n<style>\n#text-1227792867 {\n  color: rgb(28, 72, 138);\n}\n#text-1227792867 > * {\n  color: rgb(28, 72, 138);\n}\n<\/style>\n\t<\/div>\n\t\n\n              <\/div>\n           <\/div>\n                     <\/div>       \n<style>\n#text-box-1302244416 {\n  width: 73%;\n}\n#text-box-1302244416 .text-box-content {\n  font-size: 100%;\n}\n<\/style>\n    <\/div>\n \n\n        <\/div>\n      <\/div>\n\n            \n<style>\n#banner-1456923913 {\n  padding-top: 500px;\n}\n#banner-1456923913 .banner-bg img {\n  object-position: 51% 0%;\n}\n<\/style>\n  <\/div>\n\n\n\n<\/div><\/div>\n\n            <\/div>\n    <style>\n    #banner-grid-1738437512 .grid-col-1{height: 885px}\n    #banner-grid-1738437512 .grid-col-1-2{height: 442.5px}\n    #banner-grid-1738437512 .grid-col-1-3{height:295px}\n    #banner-grid-1738437512 .grid-col-2-3{height: 590px}\n    #banner-grid-1738437512 .grid-col-1-4{height: 221.25px}\n    #banner-grid-1738437512 .grid-col-3-4{height: 663.75px}\n\n\n    \n    \n\n  <\/style>\n    <\/div>\n  \n<div class=\"row\"  id=\"row-1483368949\">\n\n\n\t<div id=\"col-204801668\" class=\"col small-12 large-12\"  >\n\t\t\t\t<div class=\"col-inner text-center\"  >\n\t\t\t\n\t\t\t\n\n<a href=\"\/ca\/contacte\/\" class=\"button primary is-larger reveal-icon\" style=\"border-radius:99px;\">\n\t\t<span>Contacta amb nosaltres<\/span>\n\t<i class=\"icon-angle-right\" aria-hidden=\"true\"><\/i><\/a>\n\n\n\n\t\t<\/div>\n\t\t\t\t\n<style>\n#col-204801668 > .col-inner {\n  margin: 22px 0px -26px 0px;\n}\n<\/style>\n\t<\/div>\n\n\t\n\n<\/div>\n<span class=\"scroll-to\" data-label=\"Scroll to: #caracteristicas\" data-bullet=\"true\" data-link=\"#caracteristicas\" data-title=\"Caracter\u00edsticas\"><a name=\"caracteristicas\"><\/a><\/span>\n\n\n\t<section class=\"section\" id=\"section_1081763907\">\n\t\t<div class=\"section-bg fill\" >\n\t\t\t\t\t\t\t\t\t<div class=\"section-bg-overlay absolute fill\"><\/div>\n\t\t\t\n\t<div class=\"is-border\"\n\t\tstyle=\"border-width:0px 0px 0px 0px;\">\n\t<\/div>\n\n\t\t<\/div>\n\n\t\t\n\n\t\t<div class=\"section-content relative\">\n\t\t\t\n\n<div class=\"container section-title-container\" style=\"margin-top:20px;\"><h2 class=\"section-title section-title-center\"><b aria-hidden=\"true\"><\/b><span class=\"section-title-main\" >Caracter\u00edstiques<\/span><b aria-hidden=\"true\"><\/b><\/h2><\/div>\n\n<div class=\"row row-large align-middle\"  id=\"row-37883608\">\n\n\n\t<div id=\"col-1100773327\" class=\"col medium-6 small-12 large-6\"  >\n\t\t\t\t<div class=\"col-inner text-left\"  >\n\t\t\t\n\t\t\t\n\n<p style=\"margin-bottom: 1.5vh\"><span style=\"font-size: 2.3vh;\"><strong>\u2212 Fabricaci\u00f3 pr\u00f2pia<\/strong><\/span><\/p>\n<p><span style=\"font-size: 2vh;\"><\/p>\n<p style=\"padding-left: 40px; line-height: 2vh; margin-bottom: 1vh\">&gt; Gota de poliuret\u00e0*<\/p>\n<p style=\"padding-left: 40px; line-height: 2vh; margin-bottom: 1vh\">&gt; Impressi\u00f3 amb 6 tintas<\/p>\n<p><\/span><\/p>\n<hr\/ style=\"margin-bottom: 1.5vh; margin-top: 2vh;\">\n<p style=\"margin-bottom: 1.5vh\"><span style=\"font-size: 2.3vh;\"><strong>\u2212 Images en les dues cares<\/strong><\/span><\/p>\n<hr\/ style=\"margin-bottom: 1.5vh; margin-top: 1.5vh;\">\n<p style=\"margin-bottom: 1.5vh\"><strong><span style=\"font-size: 2.3vh;\">\u2212 Metacrilat transparent o transl\u00facid amb color de 2mm de gruix<\/span><\/strong><\/p>\n<hr\/ style=\"margin-bottom: 1.5vh; margin-top: 1.5vh;\">\n<p style=\"margin-bottom: 1.5vh\"><strong><span style=\"font-size: 2.3vh;\">\u2212 Fem dissenys personalitzats<\/span><\/strong><\/p>\n\n\t\t<\/div>\n\t\t\t\t\t<\/div>\n\n\t\n\n\t<div id=\"col-723457728\" class=\"col medium-6 small-12 large-6\"  >\n\t\t\t\t<div class=\"col-inner\" style=\"background-color:rgb(255, 255, 255);\" >\n\t\t\t\n\t\t\t\n\n\t<div class=\"img has-hover x md-x lg-x y md-y lg-y\" id=\"image_1548552344\">\n\t\t\t\t\t\t\t\t<div class=\"img-inner image-zoom box-shadow-3 dark\" >\n\t\t\t<img loading=\"lazy\" decoding=\"async\" width=\"1020\" height=\"762\" src=\"https:\/\/artkeeping.com\/wp-content\/uploads\/2021\/02\/llavero_mtr_mlt-1071x800.png\" class=\"attachment-large size-large\" alt=\"\" srcset=\"https:\/\/artkeeping.com\/wp-content\/uploads\/2021\/02\/llavero_mtr_mlt-1071x800.png 1071w, https:\/\/artkeeping.com\/wp-content\/uploads\/2021\/02\/llavero_mtr_mlt-300x224.png 300w, https:\/\/artkeeping.com\/wp-content\/uploads\/2021\/02\/llavero_mtr_mlt-536x400.png 536w, https:\/\/artkeeping.com\/wp-content\/uploads\/2021\/02\/llavero_mtr_mlt-768x574.png 768w, https:\/\/artkeeping.com\/wp-content\/uploads\/2021\/02\/llavero_mtr_mlt-1536x1147.png 1536w, https:\/\/artkeeping.com\/wp-content\/uploads\/2021\/02\/llavero_mtr_mlt-2048x1529.png 2048w\" sizes=\"auto, (max-width: 1020px) 100vw, 1020px\" \/>\t\t\t\t\t\t\n\t\t\t\t\t<\/div>\n\t\t\t\t\t\t\t\t\n<style>\n#image_1548552344 {\n  width: 100%;\n}\n<\/style>\n\t<\/div>\n\t\n\n\n\t\t<\/div>\n\t\t\t\t\n<style>\n#col-723457728 > .col-inner {\n  border-radius: 49px;\n}\n<\/style>\n\t<\/div>\n\n\t\n\n<\/div>\n<div class=\"row\"  id=\"row-283739231\">\n\n\n\t<div id=\"col-1780852547\" class=\"col small-12 large-12\"  >\n\t\t\t\t<div class=\"col-inner\"  >\n\t\t\t\n\t\t\t\n\n<p>*Fem servir poliuret\u00e0 lliure de mercuri i aprovat per la CE **, assegurant-nos de reciclar tots els residus que es puguin generar durant el proc\u00e9s de producci\u00f3. Comptem amb una sala blanca per aconseguir un acabat \u00f2ptim i equip de buit per evitar bombolles en el producte final.<\/p>\n<p class=\"p1\">**Gota de poliuret\u00e0 lliure de mercuri d&#8217;acord amb el Reglament Europeu 1907\/2006 (REACh). Resines d&#8217;alt rendiment homologades per als test SAE J1960-89 (4000 hores sense cap tacat superficial o canvi de color).<\/p>\n\n\t\t<\/div>\n\t\t\t\t\t<\/div>\n\n\t\n\n<\/div>\n<span class=\"scroll-to\" data-label=\"Scroll to: #presentacion\" data-bullet=\"true\" data-link=\"#presentacion\" data-title=\"Presentaci\u00f3n\"><a name=\"presentacion\"><\/a><\/span>\n\n\n\t\t<\/div>\n\n\t\t\n<style>\n#section_1081763907 {\n  padding-top: 0px;\n  padding-bottom: 0px;\n  min-height: 0px;\n}\n#section_1081763907 .section-bg-overlay {\n  background-color: rgba(255, 255, 255, 0.85);\n}\n<\/style>\n\t<\/section>\n\t\n\n\t<section class=\"section\" id=\"section_1796048277\">\n\t\t<div class=\"section-bg fill\" >\n\t\t\t\t\t\t\t\t\t<div class=\"section-bg-overlay absolute fill\"><\/div>\n\t\t\t\n\n\t\t<\/div>\n\n\t\t\n\n\t\t<div class=\"section-content relative\">\n\t\t\t\n\n<div class=\"container section-title-container\" style=\"margin-top:0px;\"><h2 class=\"section-title section-title-center\"><b aria-hidden=\"true\"><\/b><span class=\"section-title-main\" >Presentaci\u00f3<\/span><b aria-hidden=\"true\"><\/b><\/h2><\/div>\n\n<div class=\"row row-large align-middle\"  id=\"row-1066272502\">\n\n\n\t<div id=\"col-1557158067\" class=\"col medium-6 small-12 large-6\"  >\n\t\t\t\t<div class=\"col-inner\"  >\n\t\t\t\n\t\t\t\n\n\t<div class=\"img has-hover x md-x lg-x y md-y lg-y\" id=\"image_990915745\">\n\t\t\t\t\t\t\t\t<div class=\"img-inner image-zoom box-shadow-3 dark\" >\n\t\t\t<img loading=\"lazy\" decoding=\"async\" width=\"1020\" height=\"623\" src=\"https:\/\/artkeeping.com\/wp-content\/uploads\/2021\/02\/llavero_mtr_pak-1-e1612963149889-1309x800.png\" class=\"attachment-large size-large\" alt=\"\" srcset=\"https:\/\/artkeeping.com\/wp-content\/uploads\/2021\/02\/llavero_mtr_pak-1-e1612963149889-1309x800.png 1309w, https:\/\/artkeeping.com\/wp-content\/uploads\/2021\/02\/llavero_mtr_pak-1-e1612963149889-300x183.png 300w, https:\/\/artkeeping.com\/wp-content\/uploads\/2021\/02\/llavero_mtr_pak-1-e1612963149889-655x400.png 655w, https:\/\/artkeeping.com\/wp-content\/uploads\/2021\/02\/llavero_mtr_pak-1-e1612963149889-768x469.png 768w, https:\/\/artkeeping.com\/wp-content\/uploads\/2021\/02\/llavero_mtr_pak-1-e1612963149889-1536x939.png 1536w, https:\/\/artkeeping.com\/wp-content\/uploads\/2021\/02\/llavero_mtr_pak-1-e1612963149889.png 2011w\" sizes=\"auto, (max-width: 1020px) 100vw, 1020px\" \/>\t\t\t\t\t\t\n\t\t\t\t\t<\/div>\n\t\t\t\t\t\t\t\t\n<style>\n#image_990915745 {\n  width: 100%;\n}\n<\/style>\n\t<\/div>\n\t\n\n\n\t\t<\/div>\n\t\t\t\t\t<\/div>\n\n\t\n\n\t<div id=\"col-354527947\" class=\"col medium-6 small-12 large-6\"  >\n\t\t\t\t<div class=\"col-inner text-left\"  >\n\t\t\t\n\t\t\t\n\n\t<div id=\"text-1347550646\" class=\"text\">\n\t\t\n\n<p style=\"margin-bottom: 1.5vh\"><strong><span style=\"font-size: 2.3vh;\">\u2212 Anella inclosa<\/span><\/strong><\/p><p style=\"padding-left: 40px; line-height: 2vh; margin-bottom: 1vh\"><span style=\"font-size: 2vh;\">&gt; Clau de polipropil\u00e9 opcional<\/span><\/p><hr\/ style=\"margin-bottom: 1.5vh; margin-top: 2vh;\"><p style=\"margin-bottom: 1.5vh\"><strong><span style=\"font-size: 2.3vh;\">\u2212 Embossat individual<\/span><\/strong><\/p><p style=\"padding-left: 40px; line-height: 2vh; margin-bottom: 1vh\"><span style=\"font-size: 2vh;\">&gt; Cartr\u00f3 personalitzat impr\u00e9s opcional<\/span><\/p>\n\t\t\n<style>\n#text-1347550646 {\n  line-height: 1.5;\n}\n<\/style>\n\t<\/div>\n\t\n\n\t\t<\/div>\n\t\t\t\t\t<\/div>\n\n\t\n\n<\/div>\n\n\t\t<\/div>\n\n\t\t\n<style>\n#section_1796048277 {\n  padding-top: 30px;\n  padding-bottom: 30px;\n  min-height: 0px;\n  background-color: rgb(193, 193, 193);\n}\n#section_1796048277 .section-bg-overlay {\n  background-color: rgba(255, 255, 255, 0.85);\n}\n<\/style>\n\t<\/section>\n\t\n<span class=\"scroll-to\" data-label=\"Scroll to: #dimensiones\" data-bullet=\"true\" data-link=\"#dimensiones\" data-title=\"Dimensiones\"><a name=\"dimensiones\"><\/a><\/span>\n\n\n\t<section class=\"section\" id=\"section_1962924655\">\n\t\t<div class=\"section-bg fill\" >\n\t\t\t\t\t\t\t\t\t\n\t\t\t\n\n\t\t<\/div>\n\n\t\t\n\n\t\t<div class=\"section-content relative\">\n\t\t\t\n\n<div class=\"container section-title-container\" style=\"margin-top:27px;\"><h2 class=\"section-title section-title-center\"><b aria-hidden=\"true\"><\/b><span class=\"section-title-main\" >Dimensions Est\u00e0ndar<\/span><b aria-hidden=\"true\"><\/b><\/h2><\/div>\n\n<div class=\"row\"  id=\"row-57587176\">\n\n\n\t<div id=\"col-506391916\" class=\"col small-12 large-12\"  >\n\t\t\t\t<div class=\"col-inner\"  >\n\t\t\t\n\t\t\t\n\n\t<div id=\"text-2697160775\" class=\"text\">\n\t\t\n\n<table>\n<thead>\n<tr>\n<th>MODEL<\/th>\n<th>TAMANY<\/th>\n<\/tr>\n<\/thead>\n<tbody>\n<tr>\n<td>Quadrat \/ Rectangular<\/td>\n<td>\n<p>50 x 50 mm<\/p>\n<p>35 x 50 mm<\/p>\n<p>65 x 40 mm<\/p>\n<p>45 x 65 mm<\/p>\n<\/td>\n<\/tr>\n<tr>\n<td>Rod\u00f3<\/td>\n<td>\n<p>\u00d8 50 mm<\/p>\n<p>\u00d8 60 mm<\/p>\n<p>\u00d8 65 mm<\/p>\n<\/td>\n<\/tr>\n<tr>\n<td>Altres mesures<\/td>\n<td>Consultar<\/td>\n<\/tr>\n<\/tbody>\n<\/table>\n\t\t\n<style>\n#text-2697160775 {\n  font-size: 1.25rem;\n  line-height: 1;\n}\n<\/style>\n\t<\/div>\n\t\n\n\t\t<\/div>\n\t\t\t\t\t<\/div>\n\n\t\n\n<\/div>\n\n\t\t<\/div>\n\n\t\t\n<style>\n#section_1962924655 {\n  padding-top: 30px;\n  padding-bottom: 30px;\n}\n<\/style>\n\t<\/section>\n\t\n<span class=\"scroll-to\" data-label=\"Scroll to: #contacto\" data-bullet=\"true\" data-link=\"#contacto\" data-title=\"Contacto\"><a name=\"contacto\"><\/a><\/span>\n\n\n\t<section class=\"section\" id=\"section_1143372440\">\n\t\t<div class=\"section-bg fill\" >\n\t\t\t\t\t\t\t\t\t<div class=\"section-bg-overlay absolute fill\"><\/div>\n\t\t\t\n\t<div class=\"is-border\"\n\t\tstyle=\"border-width:1px 0px 1px 0px;\">\n\t<\/div>\n\n\t\t<\/div>\n\n\t\t\n\n\t\t<div class=\"section-content relative\">\n\t\t\t\n\n<div class=\"row row-large align-center\"  id=\"row-1132939777\">\n\n\n\t<div id=\"col-685408438\" class=\"col medium-9 small-12 large-9\"  >\n\t\t\t\t<div class=\"col-inner text-center\"  >\n\t\t\t\n\t\t\t\n\n<h2 class=\"uppercase\"><span style=\"font-size: 100%;\">Contacta amb nosaltres!<\/span><\/h2>\n\n\t\t<\/div>\n\t\t\t\t\t<\/div>\n\n\t\n\n\t<div id=\"col-972234626\" class=\"col small-12 large-12\"  >\n\t\t\t\t<div class=\"col-inner\"  >\n\t\t\t\n\t\t\t\n\n\n<div class=\"wpcf7 no-js\" id=\"wpcf7-f2680-o1\" lang=\"ca\" dir=\"ltr\" data-wpcf7-id=\"2680\">\n<div class=\"screen-reader-response\"><p role=\"status\" aria-live=\"polite\" aria-atomic=\"true\"><\/p> <ul><\/ul><\/div>\n<form action=\"\/ca\/wp-json\/wp\/v2\/pages\/3996#wpcf7-f2680-o1\" method=\"post\" class=\"wpcf7-form init\" aria-label=\"Formulari de contacte\" novalidate=\"novalidate\" data-status=\"init\">\n<fieldset class=\"hidden-fields-container\"><input type=\"hidden\" name=\"_wpcf7\" value=\"2680\" \/><input type=\"hidden\" name=\"_wpcf7_version\" value=\"6.1.5\" \/><input type=\"hidden\" name=\"_wpcf7_locale\" value=\"ca\" \/><input type=\"hidden\" name=\"_wpcf7_unit_tag\" value=\"wpcf7-f2680-o1\" \/><input type=\"hidden\" name=\"_wpcf7_container_post\" value=\"0\" \/><input type=\"hidden\" name=\"_wpcf7_posted_data_hash\" value=\"\" \/><input type=\"hidden\" name=\"_wpcf7_recaptcha_response\" value=\"\" \/>\n<\/fieldset>\n<div class=\"form-flat\">\n\t<p><span class=\"wpcf7-form-control-wrap\" data-name=\"your-name\"><input size=\"40\" maxlength=\"400\" class=\"wpcf7-form-control wpcf7-text wpcf7-validates-as-required\" aria-required=\"true\" aria-invalid=\"false\" placeholder=\"Nom (obligatori)\" value=\"\" type=\"text\" name=\"your-name\" \/><\/span>\n\t<\/p>\n\t<p><span class=\"wpcf7-form-control-wrap\" data-name=\"your-email\"><input size=\"40\" maxlength=\"400\" class=\"wpcf7-form-control wpcf7-email wpcf7-validates-as-required wpcf7-text wpcf7-validates-as-email\" aria-required=\"true\" aria-invalid=\"false\" placeholder=\"Email (obligatori)\" value=\"\" type=\"email\" name=\"your-email\" \/><\/span>\n\t<\/p>\n\t<p><span class=\"wpcf7-form-control-wrap\" data-name=\"your-message\"><textarea cols=\"40\" rows=\"10\" maxlength=\"2000\" class=\"wpcf7-form-control wpcf7-textarea\" aria-invalid=\"false\" placeholder=\"Missatge (obligatori)\" name=\"your-message\"><\/textarea><\/span>\n\t<\/p>\n\t<p><input class=\"wpcf7-form-control wpcf7-submit has-spinner button\" type=\"submit\" value=\"Envia la teva consulta\" \/>\n\t<\/p>\n<\/div><div class=\"wpcf7-response-output\" aria-hidden=\"true\"><\/div>\n<\/form>\n<\/div>\n\n\n\n\t\t<\/div>\n\t\t\t\t\t<\/div>\n\n\t\n\n<\/div>\n\n\t\t<\/div>\n\n\t\t\n<style>\n#section_1143372440 {\n  padding-top: 60px;\n  padding-bottom: 60px;\n  background-color: rgb(207, 207, 207);\n}\n#section_1143372440 .section-bg-overlay {\n  background-color: rgba(255, 255, 255, 0.85);\n}\n<\/style>\n\t<\/section>\n\t\n\n","protected":false},"excerpt":{"rendered":"","protected":false},"author":2,"featured_media":0,"parent":0,"menu_order":0,"comment_status":"closed","ping_status":"closed","template":"page-blank.php","meta":{"footnotes":""},"class_list":["post-3996","page","type-page","status-publish","hentry"],"_links":{"self":[{"href":"https:\/\/artkeeping.com\/ca\/wp-json\/wp\/v2\/pages\/3996","targetHints":{"allow":["GET"]}}],"collection":[{"href":"https:\/\/artkeeping.com\/ca\/wp-json\/wp\/v2\/pages"}],"about":[{"href":"https:\/\/artkeeping.com\/ca\/wp-json\/wp\/v2\/types\/page"}],"author":[{"embeddable":true,"href":"https:\/\/artkeeping.com\/ca\/wp-json\/wp\/v2\/users\/2"}],"replies":[{"embeddable":true,"href":"https:\/\/artkeeping.com\/ca\/wp-json\/wp\/v2\/comments?post=3996"}],"version-history":[{"count":13,"href":"https:\/\/artkeeping.com\/ca\/wp-json\/wp\/v2\/pages\/3996\/revisions"}],"predecessor-version":[{"id":5391,"href":"https:\/\/artkeeping.com\/ca\/wp-json\/wp\/v2\/pages\/3996\/revisions\/5391"}],"wp:attachment":[{"href":"https:\/\/artkeeping.com\/ca\/wp-json\/wp\/v2\/media?parent=3996"}],"curies":[{"name":"wp","href":"https:\/\/api.w.org\/{rel}","templated":true}]}}