
{"id":3994,"date":"2021-04-14T11:58:20","date_gmt":"2021-04-14T10:58:20","guid":{"rendered":"https:\/\/artkeeping.com\/?page_id=3994"},"modified":"2021-05-12T13:55:47","modified_gmt":"2021-05-12T12:55:47","slug":"clauers-metall","status":"publish","type":"page","link":"https:\/\/artkeeping.com\/ca\/clauers-metall\/","title":{"rendered":"Clauers de Metall"},"content":{"rendered":"\n  <div class=\"banner-grid-wrapper\">\n  <div id=\"banner-grid-2036364553\" class=\"banner-grid row row-grid row-collapse row-box-shadow-4 row-box-shadow-3-hover row-full-width\" data-packery-options=\"\">\n                      \n\n<div class=\"col grid-col large-7 grid-col-2-3\" ><div class=\"col-inner\">\n\n\n  <div class=\"banner has-hover bg-zoom\" id=\"banner-1163505814\">\n          <div class=\"banner-inner fill\">\n        <div class=\"banner-bg fill\" >\n            <img loading=\"lazy\" decoding=\"async\" width=\"1020\" height=\"406\" src=\"https:\/\/artkeeping.com\/wp-content\/uploads\/2021\/02\/llaveros-metalicos-resinados-2.png\" class=\"bg attachment-large size-large\" alt=\"LLAVEROS MET\u00c1LICOS CON RESINA\" \/>                        <div class=\"overlay\"><\/div>            \n                    <\/div>\n\t\t\n        <div class=\"banner-layers container\">\n            <a class=\"fill\" href=\"#caracteristicas\"><div class=\"fill banner-link\"><\/div><\/a>            \n\n   <div id=\"text-box-2142707003\" class=\"text-box banner-layer x5 md-x5 lg-x5 y95 md-y95 lg-y95 res-text\">\n       <div class=\"hover-bounce\">              <div data-animate=\"fadeInRight\">           <div class=\"text-box-content text dark\">\n              \n              <div class=\"text-inner text-left\">\n                  \n\n\t<div id=\"text-3832619035\" class=\"text\">\n\t\t\n\n<h1 class=\"uppercase\"><span style=\"font-size: 3.5vh; line-height: 1vh; letter-spacing: 0.1vw;\"><strong><a style=\"color: inherit;\" href=\"#caracteristicas\">Clauers met\u00e0l\u00b7lics<\/a><\/strong><\/span><\/h1>\n<p class=\"uppercase\"><span style=\"font-size: 2vh;\"><strong><a href=\"#caracteristicas\" STYLE=\"color:inherit\";>Amb gota de poliuret\u00e0<\/a><\/strong><\/span><\/p>\n\t\t\n<style>\n#text-3832619035 {\n  text-align: left;\n  color: rgb(28, 72, 138);\n}\n#text-3832619035 > * {\n  color: rgb(28, 72, 138);\n}\n<\/style>\n\t<\/div>\n\t\n\n              <\/div>\n           <\/div>\n       <\/div>              <\/div>       \n<style>\n#text-box-2142707003 {\n  width: 67%;\n}\n#text-box-2142707003 .text-box-content {\n  font-size: 100%;\n}\n@media (min-width:550px) {\n  #text-box-2142707003 {\n    width: 67%;\n  }\n}\n@media (min-width:850px) {\n  #text-box-2142707003 {\n    width: 86%;\n  }\n}\n<\/style>\n    <\/div>\n \n   <div id=\"text-box-478527018\" class=\"text-box banner-layer x95 md-x95 lg-x95 y0 md-y0 lg-y0 res-text\">\n       <div class=\"hover-bounce\">              <div data-animate=\"fadeInRight\">           <div class=\"text-box-content text dark\">\n              \n              <div class=\"text-inner text-left\">\n                  \n\n<a href=\"#contacto\" class=\"button primary is-outline is-larger expand\" style=\"border-radius:12px;\">\n\t\t<span>Sol\u00b7licita Pressupost<\/span>\n\t<\/a>\n\n\n\n              <\/div>\n           <\/div>\n       <\/div>              <\/div>       \n<style>\n#text-box-478527018 .text-inner {\n  padding: 9px 0px 0px 0px;\n}\n#text-box-478527018 {\n  width: 31%;\n}\n#text-box-478527018 .text-box-content {\n  font-size: 100%;\n}\n<\/style>\n    <\/div>\n \n\n        <\/div>\n      <\/div>\n\n            \n<style>\n#banner-1163505814 {\n  padding-top: 500px;\n}\n#banner-1163505814 .overlay {\n  background-color: rgba(0, 0, 0, 0);\n}\n#banner-1163505814 .banner-bg img {\n  object-position: 52% 63%;\n}\n<\/style>\n  <\/div>\n\n\n\n<\/div><\/div>\n<div class=\"col grid-col large-5 grid-col-1-2\" ><div class=\"col-inner\">\n\n\n  <div class=\"banner has-hover bg-zoom\" id=\"banner-1949454065\">\n          <div class=\"banner-inner fill\">\n        <div class=\"banner-bg fill\" >\n            <img loading=\"lazy\" decoding=\"async\" width=\"1020\" height=\"689\" src=\"https:\/\/artkeeping.com\/wp-content\/uploads\/2021\/04\/Llaveros_met_presentacio\u0301n-1-1400x945.jpg\" class=\"bg attachment-large size-large\" alt=\"\" \/>                        <div class=\"overlay\"><\/div>            \n                    <\/div>\n\t\t\n        <div class=\"banner-layers container\">\n            <a class=\"fill\" href=\"#presentacion\"><div class=\"fill banner-link\"><\/div><\/a>            \n\n   <div id=\"text-box-245100640\" class=\"text-box banner-layer x95 md-x95 lg-x95 y5 md-y5 lg-y5 res-text\">\n       <div class=\"hover-bounce\">              <div data-animate=\"fadeInLeft\">           <div class=\"text-box-content text dark\">\n              \n              <div class=\"text-inner text-right\">\n                  \n\n\t<div id=\"text-1746999574\" class=\"text\">\n\t\t\n\n<p class=\"uppercase\"><span style=\"font-size: 1.9vh;\"><strong><a href=\"#presentacion\" STYLE=\"color:inherit\";>Decideix la teva presentaci\u00f3:<\/a><\/strong><\/span><\/p>\n<p class=\"uppercase\"><span style=\"font-size: 1.7vh;\"><strong><a href=\"#presentacion\" STYLE=\"color:inherit\";>Embossat individual sense, o amb cartr\u00f3 personalitzat<\/a><\/strong><\/span><\/p>\n\t\t\n<style>\n#text-1746999574 {\n  text-align: right;\n  color: rgb(28, 72, 138);\n}\n#text-1746999574 > * {\n  color: rgb(28, 72, 138);\n}\n<\/style>\n\t<\/div>\n\t\n\n              <\/div>\n           <\/div>\n       <\/div>              <\/div>       \n<style>\n#text-box-245100640 {\n  width: 52%;\n}\n#text-box-245100640 .text-box-content {\n  font-size: 100%;\n}\n<\/style>\n    <\/div>\n \n\n        <\/div>\n      <\/div>\n\n            \n<style>\n#banner-1949454065 {\n  padding-top: 500px;\n}\n#banner-1949454065 .overlay {\n  background-color: rgba(0, 0, 0, 0);\n}\n#banner-1949454065 .banner-bg img {\n  object-position: 59% 1%;\n}\n<\/style>\n  <\/div>\n\n\n\n<\/div><\/div>\n<div class=\"col grid-col large-5 grid-col-1-2\" ><div class=\"col-inner\">\n\n\n  <div class=\"banner has-hover bg-zoom\" id=\"banner-653022382\">\n          <div class=\"banner-inner fill\">\n        <div class=\"banner-bg fill\" >\n            <img loading=\"lazy\" decoding=\"async\" width=\"1020\" height=\"406\" src=\"https:\/\/artkeeping.com\/wp-content\/uploads\/2021\/02\/llaveros-metalicos-resinados-1.png\" class=\"bg attachment-large size-large\" alt=\"LLAVEROS MET\u00c1LICOS CON RESINA\" \/>                        <div class=\"overlay\"><\/div>            \n                    <\/div>\n\t\t\n        <div class=\"banner-layers container\">\n            <a class=\"fill\" href=\"#caracteristicas\"><div class=\"fill banner-link\"><\/div><\/a>            \n\n\n        <\/div>\n      <\/div>\n\n            \n<style>\n#banner-653022382 {\n  padding-top: 500px;\n}\n#banner-653022382 .overlay {\n  background-color: rgba(0, 0, 0, 0);\n}\n#banner-653022382 .banner-bg img {\n  object-position: 54% 54%;\n}\n<\/style>\n  <\/div>\n\n\n\n<\/div><\/div>\n<div class=\"col grid-col large-4 grid-col-1-3\" ><div class=\"col-inner\">\n\n\n  <div class=\"banner has-hover bg-zoom\" id=\"banner-1227478906\">\n          <div class=\"banner-inner fill\">\n        <div class=\"banner-bg fill\" >\n            <img loading=\"lazy\" decoding=\"async\" width=\"1020\" height=\"536\" src=\"https:\/\/artkeeping.com\/wp-content\/uploads\/2021\/04\/Llaveros_met_llave-1400x736.jpg\" class=\"bg attachment-large size-large\" alt=\"\" \/>                                    \n                    <\/div>\n\t\t\n        <div class=\"banner-layers container\">\n            <a class=\"fill\" href=\"#presentacion\"><div class=\"fill banner-link\"><\/div><\/a>            \n\n   <div id=\"text-box-199603000\" class=\"text-box banner-layer x90 md-x90 lg-x90 y50 md-y50 lg-y50 res-text\">\n       <div class=\"hover-bounce\">                         <div class=\"text-box-content text \">\n              \n              <div class=\"text-inner text-left\">\n                  \n\n\t<div id=\"text-3977942227\" class=\"text\">\n\t\t\n\n<p class=\"uppercase\"><span style=\"font-size: 1.7vh;\"><strong><a href=\"#presentacion\" STYLE=\"color:inherit\";>Amb anella inclosa, clau de polipropil\u00e9 opcional<\/a><\/strong><\/span><\/p>\n\t\t\n<style>\n#text-3977942227 {\n  text-align: center;\n  color: rgb(28, 72, 138);\n}\n#text-3977942227 > * {\n  color: rgb(28, 72, 138);\n}\n<\/style>\n\t<\/div>\n\t\n\n              <\/div>\n           <\/div>\n                     <\/div>       \n<style>\n#text-box-199603000 {\n  width: 40%;\n}\n#text-box-199603000 .text-box-content {\n  font-size: 100%;\n}\n<\/style>\n    <\/div>\n \n\n        <\/div>\n      <\/div>\n\n            \n<style>\n#banner-1227478906 {\n  padding-top: 500px;\n}\n#banner-1227478906 .banner-bg img {\n  object-position: 0% 43%;\n}\n<\/style>\n  <\/div>\n\n\n\n<\/div><\/div>\n<div class=\"col grid-col large-3 grid-col-1-3\" ><div class=\"col-inner\">\n\n\n  <div class=\"banner has-hover bg-zoom\" id=\"banner-1803735724\">\n          <div class=\"banner-inner fill\">\n        <div class=\"banner-bg fill\" >\n            <img loading=\"lazy\" decoding=\"async\" width=\"350\" height=\"350\" src=\"https:\/\/artkeeping.com\/wp-content\/uploads\/2021\/04\/llaveros-metalicos-granel-thumbs.png\" class=\"bg attachment-large size-large\" alt=\"\" \/>                                    \n                    <\/div>\n\t\t\n        <div class=\"banner-layers container\">\n            <a class=\"fill\" href=\"#caracteristicas\"><div class=\"fill banner-link\"><\/div><\/a>            \n\n   <div id=\"text-box-1449588409\" class=\"text-box banner-layer x10 md-x10 lg-x10 y95 md-y95 lg-y95 res-text\">\n       <div class=\"hover-bounce\">                         <div class=\"text-box-content text \">\n              \n              <div class=\"text-inner text-left\">\n                  \n\n\t<div id=\"text-3058801607\" class=\"text\">\n\t\t\n\n<p class=\"uppercase\"><span style=\"font-size: 1.7vh;\"><strong><a href=\"#caracteristicas\" STYLE=\"color:inherit\";>Imatge unilateral, base met\u00e0l\u00b7lica<\/a><\/strong><\/span><\/p>\n\t\t\n<style>\n#text-3058801607 {\n  color: rgb(28, 72, 138);\n}\n#text-3058801607 > * {\n  color: rgb(28, 72, 138);\n}\n<\/style>\n\t<\/div>\n\t\n\n              <\/div>\n           <\/div>\n                     <\/div>       \n<style>\n#text-box-1449588409 {\n  width: 73%;\n}\n#text-box-1449588409 .text-box-content {\n  font-size: 100%;\n}\n<\/style>\n    <\/div>\n \n\n        <\/div>\n      <\/div>\n\n            \n<style>\n#banner-1803735724 {\n  padding-top: 500px;\n}\n#banner-1803735724 .banner-bg img {\n  object-position: 53% 100%;\n}\n<\/style>\n  <\/div>\n\n\n\n<\/div><\/div>\n\n            <\/div>\n    <style>\n    #banner-grid-2036364553 .grid-col-1{height: 885px}\n    #banner-grid-2036364553 .grid-col-1-2{height: 442.5px}\n    #banner-grid-2036364553 .grid-col-1-3{height:295px}\n    #banner-grid-2036364553 .grid-col-2-3{height: 590px}\n    #banner-grid-2036364553 .grid-col-1-4{height: 221.25px}\n    #banner-grid-2036364553 .grid-col-3-4{height: 663.75px}\n\n\n    \n    \n\n  <\/style>\n    <\/div>\n  \n<div class=\"row\"  id=\"row-407593903\">\n\n\n\t<div id=\"col-1870823330\" class=\"col small-12 large-12\"  >\n\t\t\t\t<div class=\"col-inner text-center\"  >\n\t\t\t\n\t\t\t\n\n<a href=\"\/ca\/contacte\/\" class=\"button primary is-larger reveal-icon\" style=\"border-radius:99px;\">\n\t\t<span>Contacta amb nosaltres<\/span>\n\t<i class=\"icon-angle-right\" aria-hidden=\"true\"><\/i><\/a>\n\n\n\n\t\t<\/div>\n\t\t\t\t\n<style>\n#col-1870823330 > .col-inner {\n  margin: 22px 0px -26px 0px;\n}\n<\/style>\n\t<\/div>\n\n\t\n\n<\/div>\n<span class=\"scroll-to\" data-label=\"Scroll to: #caracteristicas\" data-bullet=\"true\" data-link=\"#caracteristicas\" data-title=\"Caracter\u00edsticas\"><a name=\"caracteristicas\"><\/a><\/span>\n\n\n\t<section class=\"section\" id=\"section_1780524172\">\n\t\t<div class=\"section-bg fill\" >\n\t\t\t\t\t\t\t\t\t<div class=\"section-bg-overlay absolute fill\"><\/div>\n\t\t\t\n\t<div class=\"is-border\"\n\t\tstyle=\"border-width:0px 0px 0px 0px;\">\n\t<\/div>\n\n\t\t<\/div>\n\n\t\t\n\n\t\t<div class=\"section-content relative\">\n\t\t\t\n\n<div class=\"container section-title-container\" style=\"margin-top:20px;\"><h2 class=\"section-title section-title-center\"><b aria-hidden=\"true\"><\/b><span class=\"section-title-main\" >Caracter\u00edstiques<\/span><b aria-hidden=\"true\"><\/b><\/h2><\/div>\n\n<div class=\"row row-large align-middle\"  id=\"row-88644320\">\n\n\n\t<div id=\"col-1278280115\" class=\"col medium-7 small-12 large-7\"  >\n\t\t\t\t<div class=\"col-inner text-left\"  >\n\t\t\t\n\t\t\t\n\n<p style=\"margin-bottom: 1.5vh\"><span style=\"font-size: 2.3vh;\"><strong>\u2212 Fabricaci\u00f3 pr\u00f2pia<\/strong><\/span><\/p>\n<p><span style=\"font-size: 2vh;\"><\/p>\n<p style=\"padding-left: 40px; line-height: 2vh; margin-bottom: 1vh\">&gt; Gota de poliuret\u00e0*<\/p>\n<p style=\"padding-left: 40px; line-height: 2vh; margin-bottom: 1vh\">&gt; Impressi\u00f3 6 tintas<\/p>\n<p><\/span><\/p>\n<hr\/ style=\"margin-bottom: 1.5vh; margin-top: 2vh;\">\n<p style=\"margin-bottom: 1.5vh;\"><span style=\"font-size: 2.3vh;\"><strong>\u2212 Imatge frontal personalitzada<\/strong><\/span><\/p>\n<hr\/ style=\"margin-bottom: 1.5vh; margin-top: 1.5vh;\">\n<p style=\"margin-bottom: 1.5vh\"><strong><span style=\"font-size: 2.3vh;\">\u2212 Resistents i duraders<\/span><\/strong><\/p>\n<hr\/ style=\"margin-bottom: 1.5vh; margin-top: 1.5vh;\">\n<p style=\"margin-bottom: 1.5vh\"><strong><span style=\"font-size: 2.3vh;\">\u2212 Base de z\u00e0mak<\/span><\/strong><\/p>\n\n\t\t<\/div>\n\t\t\t\t\t<\/div>\n\n\t\n\n\t<div id=\"col-1500959936\" class=\"col medium-4 small-12 large-4\"  >\n\t\t\t\t<div class=\"col-inner\" style=\"background-color:rgb(255, 255, 255);\" >\n\t\t\t\n\t\t\t\n\n\t<div class=\"img has-hover x md-x lg-x y md-y lg-y\" id=\"image_21072884\">\n\t\t\t\t\t\t\t\t<div class=\"img-inner image-zoom box-shadow-3 dark\" >\n\t\t\t<img loading=\"lazy\" decoding=\"async\" width=\"1020\" height=\"406\" src=\"https:\/\/artkeeping.com\/wp-content\/uploads\/2021\/02\/llaveros-metalicos-resinados-1.png\" class=\"attachment-large size-large\" alt=\"LLAVEROS MET\u00c1LICOS CON RESINA\" srcset=\"https:\/\/artkeeping.com\/wp-content\/uploads\/2021\/02\/llaveros-metalicos-resinados-1.png 1170w, https:\/\/artkeeping.com\/wp-content\/uploads\/2021\/02\/llaveros-metalicos-resinados-1-300x119.png 300w, https:\/\/artkeeping.com\/wp-content\/uploads\/2021\/02\/llaveros-metalicos-resinados-1-800x319.png 800w, https:\/\/artkeeping.com\/wp-content\/uploads\/2021\/02\/llaveros-metalicos-resinados-1-768x306.png 768w\" sizes=\"auto, (max-width: 1020px) 100vw, 1020px\" \/>\t\t\t\t\t\t\n\t\t\t\t\t<\/div>\n\t\t\t\t\t\t\t\t\n<style>\n#image_21072884 {\n  width: 100%;\n}\n<\/style>\n\t<\/div>\n\t\n\n\t<div class=\"img has-hover x md-x lg-x y md-y lg-y\" id=\"image_285948790\">\n\t\t\t\t\t\t\t\t<div class=\"img-inner box-shadow-3 dark\" >\n\t\t\t<img loading=\"lazy\" decoding=\"async\" width=\"350\" height=\"350\" src=\"https:\/\/artkeeping.com\/wp-content\/uploads\/2021\/04\/llaveros-metalicos-granel-thumbs.png\" class=\"attachment-large size-large\" alt=\"\" srcset=\"https:\/\/artkeeping.com\/wp-content\/uploads\/2021\/04\/llaveros-metalicos-granel-thumbs.png 350w, https:\/\/artkeeping.com\/wp-content\/uploads\/2021\/04\/llaveros-metalicos-granel-thumbs-300x300.png 300w, https:\/\/artkeeping.com\/wp-content\/uploads\/2021\/04\/llaveros-metalicos-granel-thumbs-100x100.png 100w\" sizes=\"auto, (max-width: 350px) 100vw, 350px\" \/>\t\t\t\t\t\t\n\t\t\t\t\t<\/div>\n\t\t\t\t\t\t\t\t\n<style>\n#image_285948790 {\n  width: 100%;\n}\n<\/style>\n\t<\/div>\n\t\n\n\n\t\t<\/div>\n\t\t\t\t\n<style>\n#col-1500959936 > .col-inner {\n  border-radius: 49px;\n}\n<\/style>\n\t<\/div>\n\n\t\n\n<\/div>\n<div class=\"row\"  id=\"row-620269184\">\n\n\n\t<div id=\"col-973507213\" class=\"col small-12 large-12\"  >\n\t\t\t\t<div class=\"col-inner\"  >\n\t\t\t\n\t\t\t\n\n<p>*Fem servir poliuret\u00e0 lliure de mercuri i aprovat per la CE **, assegurant-nos de reciclar tots els residus que es puguin generar durant el proc\u00e9s de producci\u00f3. Comptem amb una sala blanca per aconseguir un acabat \u00f2ptim i equip de buit per evitar bombolles en el producte final.<\/p>\n<p class=\"p1\">**Gota de poliuret\u00e0 lliure de mercuri d&#8217;acord amb el Reglament Europeu 1907\/2006 (REACh). Resines d&#8217;alt rendiment homologades per als test SAE J1960-89 (4000 hores sense cap tacat superficial o canvi de color).<\/p>\n\n\t\t<\/div>\n\t\t\t\t\t<\/div>\n\n\t\n\n<\/div>\n<span class=\"scroll-to\" data-label=\"Scroll to: #presentacion\" data-bullet=\"true\" data-link=\"#presentacion\" data-title=\"Presentaci\u00f3n\"><a name=\"presentacion\"><\/a><\/span>\n\n\n\t\t<\/div>\n\n\t\t\n<style>\n#section_1780524172 {\n  padding-top: 0px;\n  padding-bottom: 0px;\n  min-height: 0px;\n}\n#section_1780524172 .section-bg-overlay {\n  background-color: rgba(255, 255, 255, 0.85);\n}\n<\/style>\n\t<\/section>\n\t\n\n\t<section class=\"section\" id=\"section_451730826\">\n\t\t<div class=\"section-bg fill\" >\n\t\t\t\t\t\t\t\t\t<div class=\"section-bg-overlay absolute fill\"><\/div>\n\t\t\t\n\n\t\t<\/div>\n\n\t\t\n\n\t\t<div class=\"section-content relative\">\n\t\t\t\n\n<div class=\"container section-title-container\" style=\"margin-top:0px;\"><h2 class=\"section-title section-title-center\"><b aria-hidden=\"true\"><\/b><span class=\"section-title-main\" >Presentaci\u00f3<\/span><b aria-hidden=\"true\"><\/b><\/h2><\/div>\n\n<div class=\"row row-large align-middle\"  id=\"row-1491050309\">\n\n\n\t<div id=\"col-1842697454\" class=\"col medium-6 small-12 large-6\"  >\n\t\t\t\t<div class=\"col-inner\"  >\n\t\t\t\n\t\t\t\n\n\t<div class=\"img has-hover x md-x lg-x y md-y lg-y\" id=\"image_477662155\">\n\t\t\t\t\t\t\t\t<div class=\"img-inner box-shadow-3 dark\" >\n\t\t\t<img loading=\"lazy\" decoding=\"async\" width=\"894\" height=\"533\" src=\"https:\/\/artkeeping.com\/wp-content\/uploads\/2021\/04\/llaveros-metalicos-embolsados-1.jpg\" class=\"attachment-large size-large\" alt=\"\" srcset=\"https:\/\/artkeeping.com\/wp-content\/uploads\/2021\/04\/llaveros-metalicos-embolsados-1.jpg 894w, https:\/\/artkeeping.com\/wp-content\/uploads\/2021\/04\/llaveros-metalicos-embolsados-1-800x477.jpg 800w, https:\/\/artkeeping.com\/wp-content\/uploads\/2021\/04\/llaveros-metalicos-embolsados-1-768x458.jpg 768w, https:\/\/artkeeping.com\/wp-content\/uploads\/2021\/04\/llaveros-metalicos-embolsados-1-300x179.jpg 300w\" sizes=\"auto, (max-width: 894px) 100vw, 894px\" \/>\t\t\t\t\t\t\n\t\t\t\t\t<\/div>\n\t\t\t\t\t\t\t\t\n<style>\n#image_477662155 {\n  width: 100%;\n}\n<\/style>\n\t<\/div>\n\t\n\n\n\t\t<\/div>\n\t\t\t\t\t<\/div>\n\n\t\n\n\t<div id=\"col-923826123\" class=\"col medium-6 small-12 large-6\"  >\n\t\t\t\t<div class=\"col-inner text-left\"  >\n\t\t\t\n\t\t\t\n\n\t<div id=\"text-2149494241\" class=\"text\">\n\t\t\n\n<p style=\"margin-bottom: 1.5vh\"><strong><span style=\"font-size: 2.3vh;\">\u2212 Anella inclosa<\/span><\/strong><\/p><p style=\"padding-left: 40px; line-height: 2vh; margin-bottom: 1vh\"><span style=\"font-size: 2vh;\">&gt; Clau de polipropil\u00e9 opcional<\/span><\/p><hr\/ style=\"margin-bottom: 1.5vh; margin-top: 2vh;\"><p style=\"margin-bottom: 1.5vh\"><strong><span style=\"font-size: 2.3vh;\">\u2212 Embossat individual<\/span><\/strong><\/p><p style=\"padding-left: 40px; line-height: 2vh; margin-bottom: 1vh\"><span style=\"font-size: 2vh;\">&gt; Cartr\u00f3 personalitzat impr\u00e9s opcional<\/span><\/p>\n\t\t\n<style>\n#text-2149494241 {\n  line-height: 1.5;\n}\n<\/style>\n\t<\/div>\n\t\n\n\t\t<\/div>\n\t\t\t\t\t<\/div>\n\n\t\n\n<\/div>\n\n\t\t<\/div>\n\n\t\t\n<style>\n#section_451730826 {\n  padding-top: 30px;\n  padding-bottom: 30px;\n  min-height: 0px;\n  background-color: rgb(193, 193, 193);\n}\n#section_451730826 .section-bg-overlay {\n  background-color: rgba(255, 255, 255, 0.85);\n}\n<\/style>\n\t<\/section>\n\t\n<span class=\"scroll-to\" data-label=\"Scroll to: #dimensiones\" data-bullet=\"true\" data-link=\"#dimensiones\" data-title=\"Dimensiones\"><a name=\"dimensiones\"><\/a><\/span>\n\n\n\t<section class=\"section\" id=\"section_1279211530\">\n\t\t<div class=\"section-bg fill\" >\n\t\t\t\t\t\t\t\t\t\n\t\t\t\n\n\t\t<\/div>\n\n\t\t\n\n\t\t<div class=\"section-content relative\">\n\t\t\t\n\n<div class=\"container section-title-container\" style=\"margin-top:27px;\"><h2 class=\"section-title section-title-center\"><b aria-hidden=\"true\"><\/b><span class=\"section-title-main\" >Dimensions<\/span><b aria-hidden=\"true\"><\/b><\/h2><\/div>\n\n<div class=\"row\"  id=\"row-1471021316\">\n\n\n\t<div id=\"col-1286796240\" class=\"col small-12 large-12\"  >\n\t\t\t\t<div class=\"col-inner\"  >\n\t\t\t\n\t\t\t\n\n\t<div id=\"text-1733464649\" class=\"text\">\n\t\t\n\n<table>\n<thead>\n<tr>\n<th>MODEL<\/th>\n<th>TAMANY<\/th>\n<\/tr>\n<\/thead>\n<tbody>\n<tr>\n<td>Quadrat<\/td>\n<td>\n<p>36 x 36 mm<\/p>\n<\/td>\n<\/tr>\n<tr><\/tbody>\n<\/table>\n\t\t\n<style>\n#text-1733464649 {\n  font-size: 1.25rem;\n  line-height: 1;\n}\n<\/style>\n\t<\/div>\n\t\n\n\t\t<\/div>\n\t\t\t\t\t<\/div>\n\n\t\n\n<\/div>\n\n\t\t<\/div>\n\n\t\t\n<style>\n#section_1279211530 {\n  padding-top: 30px;\n  padding-bottom: 30px;\n}\n<\/style>\n\t<\/section>\n\t\n<span class=\"scroll-to\" data-label=\"Scroll to: #contacto\" data-bullet=\"true\" data-link=\"#contacto\" data-title=\"Contacto\"><a name=\"contacto\"><\/a><\/span>\n\n\n\t<section class=\"section\" id=\"section_1894194737\">\n\t\t<div class=\"section-bg fill\" >\n\t\t\t\t\t\t\t\t\t<div class=\"section-bg-overlay absolute fill\"><\/div>\n\t\t\t\n\t<div class=\"is-border\"\n\t\tstyle=\"border-width:1px 0px 1px 0px;\">\n\t<\/div>\n\n\t\t<\/div>\n\n\t\t\n\n\t\t<div class=\"section-content relative\">\n\t\t\t\n\n<div class=\"row row-large align-center\"  id=\"row-1583551316\">\n\n\n\t<div id=\"col-113212157\" class=\"col medium-9 small-12 large-9\"  >\n\t\t\t\t<div class=\"col-inner text-center\"  >\n\t\t\t\n\t\t\t\n\n<h2 class=\"uppercase\"><span style=\"font-size: 100%;\">Contacta amb nosaltres!<\/span><\/h2>\n\n\t\t<\/div>\n\t\t\t\t\t<\/div>\n\n\t\n\n\t<div id=\"col-1269181289\" class=\"col small-12 large-12\"  >\n\t\t\t\t<div class=\"col-inner\"  >\n\t\t\t\n\t\t\t\n\n\n<div class=\"wpcf7 no-js\" id=\"wpcf7-f2680-o1\" lang=\"ca\" dir=\"ltr\" data-wpcf7-id=\"2680\">\n<div class=\"screen-reader-response\"><p role=\"status\" aria-live=\"polite\" aria-atomic=\"true\"><\/p> <ul><\/ul><\/div>\n<form action=\"\/ca\/wp-json\/wp\/v2\/pages\/3994#wpcf7-f2680-o1\" method=\"post\" class=\"wpcf7-form init\" aria-label=\"Formulari de contacte\" novalidate=\"novalidate\" data-status=\"init\">\n<fieldset class=\"hidden-fields-container\"><input type=\"hidden\" name=\"_wpcf7\" value=\"2680\" \/><input type=\"hidden\" name=\"_wpcf7_version\" value=\"6.1.5\" \/><input type=\"hidden\" name=\"_wpcf7_locale\" value=\"ca\" \/><input type=\"hidden\" name=\"_wpcf7_unit_tag\" value=\"wpcf7-f2680-o1\" \/><input type=\"hidden\" name=\"_wpcf7_container_post\" value=\"0\" \/><input type=\"hidden\" name=\"_wpcf7_posted_data_hash\" value=\"\" \/><input type=\"hidden\" name=\"_wpcf7_recaptcha_response\" value=\"\" \/>\n<\/fieldset>\n<div class=\"form-flat\">\n\t<p><span class=\"wpcf7-form-control-wrap\" data-name=\"your-name\"><input size=\"40\" maxlength=\"400\" class=\"wpcf7-form-control wpcf7-text wpcf7-validates-as-required\" aria-required=\"true\" aria-invalid=\"false\" placeholder=\"Nom (obligatori)\" value=\"\" type=\"text\" name=\"your-name\" \/><\/span>\n\t<\/p>\n\t<p><span class=\"wpcf7-form-control-wrap\" data-name=\"your-email\"><input size=\"40\" maxlength=\"400\" class=\"wpcf7-form-control wpcf7-email wpcf7-validates-as-required wpcf7-text wpcf7-validates-as-email\" aria-required=\"true\" aria-invalid=\"false\" placeholder=\"Email (obligatori)\" value=\"\" type=\"email\" name=\"your-email\" \/><\/span>\n\t<\/p>\n\t<p><span class=\"wpcf7-form-control-wrap\" data-name=\"your-message\"><textarea cols=\"40\" rows=\"10\" maxlength=\"2000\" class=\"wpcf7-form-control wpcf7-textarea\" aria-invalid=\"false\" placeholder=\"Missatge (obligatori)\" name=\"your-message\"><\/textarea><\/span>\n\t<\/p>\n\t<p><input class=\"wpcf7-form-control wpcf7-submit has-spinner button\" type=\"submit\" value=\"Envia la teva consulta\" \/>\n\t<\/p>\n<\/div><div class=\"wpcf7-response-output\" aria-hidden=\"true\"><\/div>\n<\/form>\n<\/div>\n\n\n\n\t\t<\/div>\n\t\t\t\t\t<\/div>\n\n\t\n\n<\/div>\n\n\t\t<\/div>\n\n\t\t\n<style>\n#section_1894194737 {\n  padding-top: 60px;\n  padding-bottom: 60px;\n  background-color: rgb(207, 207, 207);\n}\n#section_1894194737 .section-bg-overlay {\n  background-color: rgba(255, 255, 255, 0.85);\n}\n<\/style>\n\t<\/section>\n\t\n\n","protected":false},"excerpt":{"rendered":"","protected":false},"author":2,"featured_media":0,"parent":0,"menu_order":0,"comment_status":"closed","ping_status":"closed","template":"page-blank.php","meta":{"footnotes":""},"class_list":["post-3994","page","type-page","status-publish","hentry"],"_links":{"self":[{"href":"https:\/\/artkeeping.com\/ca\/wp-json\/wp\/v2\/pages\/3994","targetHints":{"allow":["GET"]}}],"collection":[{"href":"https:\/\/artkeeping.com\/ca\/wp-json\/wp\/v2\/pages"}],"about":[{"href":"https:\/\/artkeeping.com\/ca\/wp-json\/wp\/v2\/types\/page"}],"author":[{"embeddable":true,"href":"https:\/\/artkeeping.com\/ca\/wp-json\/wp\/v2\/users\/2"}],"replies":[{"embeddable":true,"href":"https:\/\/artkeeping.com\/ca\/wp-json\/wp\/v2\/comments?post=3994"}],"version-history":[{"count":10,"href":"https:\/\/artkeeping.com\/ca\/wp-json\/wp\/v2\/pages\/3994\/revisions"}],"predecessor-version":[{"id":5392,"href":"https:\/\/artkeeping.com\/ca\/wp-json\/wp\/v2\/pages\/3994\/revisions\/5392"}],"wp:attachment":[{"href":"https:\/\/artkeeping.com\/ca\/wp-json\/wp\/v2\/media?parent=3994"}],"curies":[{"name":"wp","href":"https:\/\/api.w.org\/{rel}","templated":true}]}}