
{"id":3970,"date":"2021-04-28T08:38:48","date_gmt":"2021-04-28T07:38:48","guid":{"rendered":"https:\/\/artkeeping.com\/?page_id=3970"},"modified":"2021-04-28T08:43:10","modified_gmt":"2021-04-28T07:43:10","slug":"productes-museus","status":"publish","type":"page","link":"https:\/\/artkeeping.com\/ca\/productes-museus\/","title":{"rendered":"Productes Museus"},"content":{"rendered":"\n\n  <div class=\"banner has-hover\" id=\"banner-1281858042\">\n          <div class=\"banner-inner fill\">\n        <div class=\"banner-bg fill\" >\n            <img loading=\"lazy\" decoding=\"async\" width=\"1020\" height=\"739\" src=\"https:\/\/artkeeping.com\/wp-content\/uploads\/2021\/04\/LandingPage-1-1400x1014.jpg\" class=\"bg attachment-large size-large\" alt=\"\" \/>                                    \n                    <\/div>\n\t\t\n        <div class=\"banner-layers container\">\n            <div class=\"fill banner-link\"><\/div>            \n\n   <div id=\"text-box-2093378549\" class=\"text-box banner-layer x0 md-x0 lg-x0 y5 md-y10 lg-y10 res-text\">\n                     <div data-animate=\"fadeInUp\">           <div class=\"text-box-content text \">\n              \n              <div class=\"text-inner text-center\">\n                  \n\n\t<div id=\"text-1663448387\" class=\"text inline-block\">\n\t\t\n\n<h2><span style=\"font-size: 3.1vw;\"><b>Productes originals per les tendes de Museus<\/b><\/span><\/h2>\n<p><span style=\"font-size: 2vw;\">Merchandising personalitzat y \u00fanic inspirat en les obres d&#8217;art<\/span><\/p>\n\t\t\n<style>\n#text-1663448387 {\n  font-size: 0.75rem;\n  color: #446084;\n}\n#text-1663448387 > * {\n  color: #446084;\n}\n<\/style>\n\t<\/div>\n\t\n<div class=\"is-divider divider clearfix\" style=\"margin-top:0.1em;margin-bottom:0.1em;max-width:13500px;background-color:rgba(0, 0, 0, 0);\"><\/div>\n\n<a href=\"\/es\/contacto\/\" class=\"button primary\" style=\"border-radius:16px;\">\n\t\t<span>Contacta amb nosaltres<\/span>\n\t<\/a>\n\n\n\n              <\/div>\n           <\/div>\n       <\/div>                     \n<style>\n#text-box-2093378549 {\n  margin: -16px 0px 0px -5px;\n  width: 52%;\n}\n#text-box-2093378549 .text-inner {\n  padding: 10px 0px 10px 0px;\n}\n#text-box-2093378549 .text-box-content {\n  border-radius: 299px;\n  font-size: 128%;\n}\n@media (min-width:550px) {\n  #text-box-2093378549 {\n    margin: -23px 0px 0px -42px;\n    width: 62%;\n  }\n}\n@media (min-width:850px) {\n  #text-box-2093378549 {\n    margin: 0px 0px 0px -102px;\n  }\n}\n<\/style>\n    <\/div>\n \n\n        <\/div>\n      <\/div>\n\n            \n<style>\n#banner-1281858042 {\n  padding-top: 70%;\n  background-color: #FFF;\n}\n<\/style>\n  <\/div>\n\n\n\n\t<section class=\"section\" id=\"section_1033240111\">\n\t\t<div class=\"section-bg fill\" >\n\t\t\t\t\t\t\t\t\t\n\t\t\t\n\n\t\t<\/div>\n\n\t\t\n\n\t\t<div class=\"section-content relative\">\n\t\t\t\n\n<div class=\"container section-title-container\" style=\"margin-top:25px;\"><h3 class=\"section-title section-title-center\"><b aria-hidden=\"true\"><\/b><span class=\"section-title-main\" >\u00bfQu\u00e8 oferim?<\/span><b aria-hidden=\"true\"><\/b><\/h3><\/div>\n\n<div class=\"row row-large align-center row-divided\"  id=\"row-919209045\">\n\n\n\t<div id=\"col-1645103969\" class=\"col medium-4 large-4\"  >\n\t\t\t\t<div class=\"col-inner\"  >\n\t\t\t\n\t\t\t\n\n\n\t<a class=\"plain\" href=\"\/es\/imanes\" target=\"_blank\" rel=\"noopener\" >\t<div class=\"icon-box featured-box img.attachment-medium.size-medium-home icon-box-center text-center is-large\"  style=\"margin:0px 0px 0px 0px;\">\n\t\t\t\t\t<div class=\"icon-box-img has-icon-bg\" style=\"width: 600px\">\n\t\t\t\t<div class=\"icon\">\n\t\t\t\t\t<div class=\"icon-inner\" style=\"border-width:2px;\">\n\t\t\t\t\t\t<img loading=\"lazy\" decoding=\"async\" width=\"800\" height=\"800\" src=\"https:\/\/artkeeping.com\/wp-content\/uploads\/2021\/03\/pack-magnets-resinados-redondos-thumbs_PNG-800x800.png\" class=\"attachment-medium size-medium\" alt=\"Pack Magnets Resinados\" srcset=\"https:\/\/artkeeping.com\/wp-content\/uploads\/2021\/03\/pack-magnets-resinados-redondos-thumbs_PNG-800x800.png 800w, https:\/\/artkeeping.com\/wp-content\/uploads\/2021\/03\/pack-magnets-resinados-redondos-thumbs_PNG-560x560.png 560w, https:\/\/artkeeping.com\/wp-content\/uploads\/2021\/03\/pack-magnets-resinados-redondos-thumbs_PNG-768x768.png 768w, https:\/\/artkeeping.com\/wp-content\/uploads\/2021\/03\/pack-magnets-resinados-redondos-thumbs_PNG-300x300.png 300w, https:\/\/artkeeping.com\/wp-content\/uploads\/2021\/03\/pack-magnets-resinados-redondos-thumbs_PNG-100x100.png 100w, https:\/\/artkeeping.com\/wp-content\/uploads\/2021\/03\/pack-magnets-resinados-redondos-thumbs_PNG.png 1357w\" sizes=\"auto, (max-width: 800px) 100vw, 800px\" \/>\t\t\t\t\t<\/div>\n\t\t\t\t<\/div>\n\t\t\t<\/div>\n\t\t\t\t<div class=\"icon-box-text last-reset\">\n\t\t\t\t\t\t\t\t\t\n\n<h2><span style=\"font-size: 80%;\">Imans<\/span><\/h2>\n<p class=\"p1\">Variedad de formatos y packs de imanes: flexibles, con gota de poliuretano, de metacrilato, en l\u00e1minas troqueladas, packs de imanes combinando tama\u00f1os, pizarras magn\u00e9ticas\u2026 En un mismo gadget puedes tener diferentes im\u00e1genes!<\/p>\n\n\t\t<\/div>\n\t<\/div>\n\t<\/a>\n\t\n\n\t\t<\/div>\n\t\t\t\t\t<\/div>\n\n\t\n\n\t<div id=\"col-1427229340\" class=\"col medium-4 large-4\"  >\n\t\t\t\t<div class=\"col-inner\"  >\n\t\t\t\n\t\t\t\n\n\n\t<a class=\"plain\" href=\"\/es\/gomas-de-borrar\" target=\"_blank\" rel=\"noopener\" >\t<div class=\"icon-box featured-box icon-box-center text-center is-large\"  style=\"margin:0px 0px 0px 0px;\">\n\t\t\t\t\t<div class=\"icon-box-img has-icon-bg\" style=\"width: 578px\">\n\t\t\t\t<div class=\"icon\">\n\t\t\t\t\t<div class=\"icon-inner\" style=\"border-width:2px;\">\n\t\t\t\t\t\t<img loading=\"lazy\" decoding=\"async\" width=\"800\" height=\"800\" src=\"https:\/\/artkeeping.com\/wp-content\/uploads\/2021\/03\/mini_gomas3D_PNG-800x800.png\" class=\"attachment-medium size-medium\" alt=\"Gomas de Borrar 3D\" srcset=\"https:\/\/artkeeping.com\/wp-content\/uploads\/2021\/03\/mini_gomas3D_PNG-800x800.png 800w, https:\/\/artkeeping.com\/wp-content\/uploads\/2021\/03\/mini_gomas3D_PNG-560x560.png 560w, https:\/\/artkeeping.com\/wp-content\/uploads\/2021\/03\/mini_gomas3D_PNG-768x768.png 768w, https:\/\/artkeeping.com\/wp-content\/uploads\/2021\/03\/mini_gomas3D_PNG-300x300.png 300w, https:\/\/artkeeping.com\/wp-content\/uploads\/2021\/03\/mini_gomas3D_PNG-100x100.png 100w, https:\/\/artkeeping.com\/wp-content\/uploads\/2021\/03\/mini_gomas3D_PNG.png 1357w\" sizes=\"auto, (max-width: 800px) 100vw, 800px\" \/>\t\t\t\t\t<\/div>\n\t\t\t\t<\/div>\n\t\t\t<\/div>\n\t\t\t\t<div class=\"icon-box-text last-reset\">\n\t\t\t\t\t\t\t\t\t\n\n<h2><span style=\"font-size: 80%;\">Gomes de borrar 3D, troba el teu diseny!<\/span><\/h2>\n<p class=\"p1\">Exclusivas y originales gomas de borrar 3D y rectangulares, las de toda la vida!. D\u00e9janos crear tu figura o bien escoge entre un gran surtido dem\u00e1s de 50 modelos de los que disponemos.<\/p>\n\n\t\t<\/div>\n\t<\/div>\n\t<\/a>\n\t\n\n\t\t<\/div>\n\t\t\t\t\t<\/div>\n\n\t\n\n\t<div id=\"col-117604327\" class=\"col medium-4 large-4\"  >\n\t\t\t\t<div class=\"col-inner\"  >\n\t\t\t\n\t\t\t\n\n\n\t<a class=\"plain\" href=\"\/es\/juegos-de-mesa\" target=\"_blank\" rel=\"noopener\" >\t<div class=\"icon-box featured-box icon-box-center text-center is-large\"  style=\"margin:0px 0px 0 0px;\">\n\t\t\t\t\t<div class=\"icon-box-img has-icon-bg\" style=\"width: 600px\">\n\t\t\t\t<div class=\"icon\">\n\t\t\t\t\t<div class=\"icon-inner\" style=\"border-width:2px;\">\n\t\t\t\t\t\t<img loading=\"lazy\" decoding=\"async\" width=\"800\" height=\"800\" src=\"https:\/\/artkeeping.com\/wp-content\/uploads\/2021\/03\/memory_Gen_PNG-800x800.png\" class=\"attachment-medium size-medium\" alt=\"Juegos de memoria\" srcset=\"https:\/\/artkeeping.com\/wp-content\/uploads\/2021\/03\/memory_Gen_PNG-800x800.png 800w, https:\/\/artkeeping.com\/wp-content\/uploads\/2021\/03\/memory_Gen_PNG-1400x1400.png 1400w, https:\/\/artkeeping.com\/wp-content\/uploads\/2021\/03\/memory_Gen_PNG-560x560.png 560w, https:\/\/artkeeping.com\/wp-content\/uploads\/2021\/03\/memory_Gen_PNG-768x768.png 768w, https:\/\/artkeeping.com\/wp-content\/uploads\/2021\/03\/memory_Gen_PNG-1536x1536.png 1536w, https:\/\/artkeeping.com\/wp-content\/uploads\/2021\/03\/memory_Gen_PNG-300x300.png 300w, https:\/\/artkeeping.com\/wp-content\/uploads\/2021\/03\/memory_Gen_PNG-100x100.png 100w, https:\/\/artkeeping.com\/wp-content\/uploads\/2021\/03\/memory_Gen_PNG.png 1905w\" sizes=\"auto, (max-width: 800px) 100vw, 800px\" \/>\t\t\t\t\t<\/div>\n\t\t\t\t<\/div>\n\t\t\t<\/div>\n\t\t\t\t<div class=\"icon-box-text last-reset\">\n\t\t\t\t\t\t\t\t\t\n\n<h2><span style=\"font-size: 80%;\">Jocs de taula amb les obres d&#8217;art m\u00e9s memorables!<\/span><\/h2>\n<p class=\"p1\">Juegos de memoria y puzzles con las im\u00e1genes m\u00e1s representativas de tu museo o galer\u00eda de arte. Escoge entre varias medidas y n\u00famero de piezas y personal\u00edzalos, Tambi\u00e9n disponemos de una amplia gama de grandes artistas en nuestra colecci\u00f3n.<\/p>\n\n\t\t<\/div>\n\t<\/div>\n\t<\/a>\n\t\n\n\t\t<\/div>\n\t\t\t\t\t<\/div>\n\n\t\n\n<\/div>\n<div class=\"row row-large align-center row-divided\"  id=\"row-814833983\">\n\n\n\t<div id=\"col-1321743440\" class=\"col medium-4 large-4\"  >\n\t\t\t\t<div class=\"col-inner\"  >\n\t\t\t\n\t\t\t\n\n\n\t<a class=\"plain\" href=\"\/es\/llaveros\" target=\"_blank\" rel=\"noopener\" >\t<div class=\"icon-box featured-box icon-box-center text-center is-large\"  style=\"margin:0px 0px 0px 0px;\">\n\t\t\t\t\t<div class=\"icon-box-img has-icon-bg\" style=\"width: 600px\">\n\t\t\t\t<div class=\"icon\">\n\t\t\t\t\t<div class=\"icon-inner\" style=\"border-width:2px;\">\n\t\t\t\t\t\t<img loading=\"lazy\" decoding=\"async\" width=\"800\" height=\"800\" src=\"https:\/\/artkeeping.com\/wp-content\/uploads\/2021\/03\/llaveros_gen_PNG-800x800.png\" class=\"attachment-medium size-medium\" alt=\"Llaveros resinados\" srcset=\"https:\/\/artkeeping.com\/wp-content\/uploads\/2021\/03\/llaveros_gen_PNG-800x800.png 800w, https:\/\/artkeeping.com\/wp-content\/uploads\/2021\/03\/llaveros_gen_PNG-560x560.png 560w, https:\/\/artkeeping.com\/wp-content\/uploads\/2021\/03\/llaveros_gen_PNG-768x768.png 768w, https:\/\/artkeeping.com\/wp-content\/uploads\/2021\/03\/llaveros_gen_PNG-300x300.png 300w, https:\/\/artkeeping.com\/wp-content\/uploads\/2021\/03\/llaveros_gen_PNG-100x100.png 100w, https:\/\/artkeeping.com\/wp-content\/uploads\/2021\/03\/llaveros_gen_PNG.png 1357w\" sizes=\"auto, (max-width: 800px) 100vw, 800px\" \/>\t\t\t\t\t<\/div>\n\t\t\t\t<\/div>\n\t\t\t<\/div>\n\t\t\t\t<div class=\"icon-box-text last-reset\">\n\t\t\t\t\t\t\t\t\t\n\n<h2><span style=\"font-size: 80%;\">Clauers, sempre amb tu<\/span><\/h2>\n<p class=\"p1\">Un sinf\u00edn de modelos y acabados: madera, con gota de poliuretano, met\u00e1licos\u2026 totalmente personalizables en ambos lados. Pr\u00e1cticos y resistentes, los fabricamos en cualquier medida y forma, adapt\u00e1ndonos a cualquier estilo.<\/p>\n\n\t\t<\/div>\n\t<\/div>\n\t<\/a>\n\t\n\n\t\t<\/div>\n\t\t\t\t\t<\/div>\n\n\t\n\n\t<div id=\"col-1546851578\" class=\"col medium-4 large-4\"  >\n\t\t\t\t<div class=\"col-inner\"  >\n\t\t\t\n\t\t\t\n\n\n\t<a class=\"plain\" href=\"\/es\/layerarts\" target=\"_blank\" rel=\"noopener\" >\t<div class=\"icon-box featured-box icon-box-center text-center is-large\"  style=\"margin:0px 0px 0px 0px;\">\n\t\t\t\t\t<div class=\"icon-box-img has-icon-bg\" style=\"width: 600px\">\n\t\t\t\t<div class=\"icon\">\n\t\t\t\t\t<div class=\"icon-inner\" style=\"border-width:2px;\">\n\t\t\t\t\t\t<img loading=\"lazy\" decoding=\"async\" width=\"800\" height=\"800\" src=\"https:\/\/artkeeping.com\/wp-content\/uploads\/2021\/03\/Layerart_produts_PNG-800x800.png\" class=\"attachment-medium size-medium\" alt=\"\" srcset=\"https:\/\/artkeeping.com\/wp-content\/uploads\/2021\/03\/Layerart_produts_PNG-800x800.png 800w, https:\/\/artkeeping.com\/wp-content\/uploads\/2021\/03\/Layerart_produts_PNG-560x560.png 560w, https:\/\/artkeeping.com\/wp-content\/uploads\/2021\/03\/Layerart_produts_PNG-768x768.png 768w, https:\/\/artkeeping.com\/wp-content\/uploads\/2021\/03\/Layerart_produts_PNG-300x300.png 300w, https:\/\/artkeeping.com\/wp-content\/uploads\/2021\/03\/Layerart_produts_PNG-100x100.png 100w, https:\/\/artkeeping.com\/wp-content\/uploads\/2021\/03\/Layerart_produts_PNG.png 1181w\" sizes=\"auto, (max-width: 800px) 100vw, 800px\" \/>\t\t\t\t\t<\/div>\n\t\t\t\t<\/div>\n\t\t\t<\/div>\n\t\t\t\t<div class=\"icon-box-text last-reset\">\n\t\t\t\t\t\t\t\t\t\n\n<h2><span style=\"font-size: 80%;\">Layerart &#8211; Puzzles 3D, demana la teescultura que m\u00e9s et representi<\/span><\/h2>\n<p class=\"p1\">Puzzles en 3D de cart\u00f3n que forman figuras decorativas. Presentados en l\u00e1minas numeradas para facilitar su montaje y sin necesidad de pegamento (incluye todos los soportes y adhesivos necesarios). Disponemos de varios modelos, pero tambi\u00e9n podemos dise\u00f1ar tu propia figura.<\/p>\n\n\t\t<\/div>\n\t<\/div>\n\t<\/a>\n\t\n\n\t\t<\/div>\n\t\t\t\t\t<\/div>\n\n\t\n\n\t<div id=\"col-623003763\" class=\"col medium-4 large-4\"  >\n\t\t\t\t<div class=\"col-inner\"  >\n\t\t\t\n\t\t\t\n\n\n\t<a class=\"plain\" href=\"\/es\/otros-productos\" target=\"_blank\" rel=\"noopener\" >\t<div class=\"icon-box featured-box icon-box-center text-center is-large\"  style=\"margin:0px 0px 0px 0px;\">\n\t\t\t\t\t<div class=\"icon-box-img has-icon-bg\" style=\"width: 600px\">\n\t\t\t\t<div class=\"icon\">\n\t\t\t\t\t<div class=\"icon-inner\" style=\"border-width:2px;\">\n\t\t\t\t\t\t<img loading=\"lazy\" decoding=\"async\" width=\"800\" height=\"800\" src=\"https:\/\/artkeeping.com\/wp-content\/uploads\/2021\/03\/OtrosProductos_PNG-800x800.png\" class=\"attachment-medium size-medium\" alt=\"Productos ArtKeeping\" srcset=\"https:\/\/artkeeping.com\/wp-content\/uploads\/2021\/03\/OtrosProductos_PNG-800x800.png 800w, https:\/\/artkeeping.com\/wp-content\/uploads\/2021\/03\/OtrosProductos_PNG-1400x1400.png 1400w, https:\/\/artkeeping.com\/wp-content\/uploads\/2021\/03\/OtrosProductos_PNG-560x560.png 560w, https:\/\/artkeeping.com\/wp-content\/uploads\/2021\/03\/OtrosProductos_PNG-768x768.png 768w, https:\/\/artkeeping.com\/wp-content\/uploads\/2021\/03\/OtrosProductos_PNG-1536x1536.png 1536w, https:\/\/artkeeping.com\/wp-content\/uploads\/2021\/03\/OtrosProductos_PNG-300x300.png 300w, https:\/\/artkeeping.com\/wp-content\/uploads\/2021\/03\/OtrosProductos_PNG-100x100.png 100w, https:\/\/artkeeping.com\/wp-content\/uploads\/2021\/03\/OtrosProductos_PNG.png 1905w\" sizes=\"auto, (max-width: 800px) 100vw, 800px\" \/>\t\t\t\t\t<\/div>\n\t\t\t\t<\/div>\n\t\t\t<\/div>\n\t\t\t\t<div class=\"icon-box-text last-reset\">\n\t\t\t\t\t\t\t\t\t\n\n<h2><span style=\"font-size: 80%;\">Y molt m\u00e9s!<\/span><\/h2>\n<p class=\"p1\">Espejos, chapas, posavasos, reglas, etiquetas para maletas, carcasas para m\u00f3vil\u2026 y todo lo que quieras personalizar! Con diferentes presentaciones y tama\u00f1os. Si tienes una idea, cu\u00e9ntanosla para hacerla realidad!<\/p>\n\n\t\t<\/div>\n\t<\/div>\n\t<\/a>\n\t\n\n\t\t<\/div>\n\t\t\t\t\t<\/div>\n\n\t\n\n<\/div>\n\n\t\t<\/div>\n\n\t\t\n<style>\n#section_1033240111 {\n  padding-top: 30px;\n  padding-bottom: 30px;\n  background-color: rgb(245, 245, 245);\n}\n<\/style>\n\t<\/section>\n\t\n\n\t<section class=\"section\" id=\"section_1832095343\">\n\t\t<div class=\"section-bg fill\" >\n\t\t\t\t\t\t\t\t\t\n\t\t\t\n\n\t\t<\/div>\n\n\t\t\n\n\t\t<div class=\"section-content relative\">\n\t\t\t\n\n<div class=\"row\"  id=\"row-1894805368\">\n\n\n\t<div id=\"col-489761950\" class=\"col small-12 large-12\"  >\n\t\t\t\t<div class=\"col-inner\"  >\n\t\t\t\n\t\t\t\n\n<div class=\"container section-title-container\" ><h3 class=\"section-title section-title-normal\"><b aria-hidden=\"true\"><\/b><span class=\"section-title-main\" >Contacta amb nosaltres<\/span><b aria-hidden=\"true\"><\/b><\/h3><\/div>\n\n\n<div class=\"wpcf7 no-js\" id=\"wpcf7-f2680-o1\" lang=\"ca\" dir=\"ltr\" data-wpcf7-id=\"2680\">\n<div class=\"screen-reader-response\"><p role=\"status\" aria-live=\"polite\" aria-atomic=\"true\"><\/p> <ul><\/ul><\/div>\n<form action=\"\/ca\/wp-json\/wp\/v2\/pages\/3970#wpcf7-f2680-o1\" method=\"post\" class=\"wpcf7-form init\" aria-label=\"Formulari de contacte\" novalidate=\"novalidate\" data-status=\"init\">\n<fieldset class=\"hidden-fields-container\"><input type=\"hidden\" name=\"_wpcf7\" value=\"2680\" \/><input type=\"hidden\" name=\"_wpcf7_version\" value=\"6.1.5\" \/><input type=\"hidden\" name=\"_wpcf7_locale\" value=\"ca\" \/><input type=\"hidden\" name=\"_wpcf7_unit_tag\" value=\"wpcf7-f2680-o1\" \/><input type=\"hidden\" name=\"_wpcf7_container_post\" value=\"0\" \/><input type=\"hidden\" name=\"_wpcf7_posted_data_hash\" value=\"\" \/><input type=\"hidden\" name=\"_wpcf7_recaptcha_response\" value=\"\" \/>\n<\/fieldset>\n<div class=\"form-flat\">\n\t<p><span class=\"wpcf7-form-control-wrap\" data-name=\"your-name\"><input size=\"40\" maxlength=\"400\" class=\"wpcf7-form-control wpcf7-text wpcf7-validates-as-required\" aria-required=\"true\" aria-invalid=\"false\" placeholder=\"Nom (obligatori)\" value=\"\" type=\"text\" name=\"your-name\" \/><\/span>\n\t<\/p>\n\t<p><span class=\"wpcf7-form-control-wrap\" data-name=\"your-email\"><input size=\"40\" maxlength=\"400\" class=\"wpcf7-form-control wpcf7-email wpcf7-validates-as-required wpcf7-text wpcf7-validates-as-email\" aria-required=\"true\" aria-invalid=\"false\" placeholder=\"Email (obligatori)\" value=\"\" type=\"email\" name=\"your-email\" \/><\/span>\n\t<\/p>\n\t<p><span class=\"wpcf7-form-control-wrap\" data-name=\"your-message\"><textarea cols=\"40\" rows=\"10\" maxlength=\"2000\" class=\"wpcf7-form-control wpcf7-textarea\" aria-invalid=\"false\" placeholder=\"Missatge (obligatori)\" name=\"your-message\"><\/textarea><\/span>\n\t<\/p>\n\t<p><input class=\"wpcf7-form-control wpcf7-submit has-spinner button\" type=\"submit\" value=\"Envia la teva consulta\" \/>\n\t<\/p>\n<\/div><div class=\"wpcf7-response-output\" aria-hidden=\"true\"><\/div>\n<\/form>\n<\/div>\n\n\n\n\t\t<\/div>\n\t\t\t\t\t<\/div>\n\n\t\n\n<\/div>\n\n\t\t<\/div>\n\n\t\t\n<style>\n#section_1832095343 {\n  padding-top: 30px;\n  padding-bottom: 30px;\n}\n<\/style>\n\t<\/section>\n\t\n\n","protected":false},"excerpt":{"rendered":"","protected":false},"author":2,"featured_media":0,"parent":0,"menu_order":0,"comment_status":"closed","ping_status":"closed","template":"page-header-on-scroll.php","meta":{"footnotes":""},"class_list":["post-3970","page","type-page","status-publish","hentry"],"_links":{"self":[{"href":"https:\/\/artkeeping.com\/ca\/wp-json\/wp\/v2\/pages\/3970","targetHints":{"allow":["GET"]}}],"collection":[{"href":"https:\/\/artkeeping.com\/ca\/wp-json\/wp\/v2\/pages"}],"about":[{"href":"https:\/\/artkeeping.com\/ca\/wp-json\/wp\/v2\/types\/page"}],"author":[{"embeddable":true,"href":"https:\/\/artkeeping.com\/ca\/wp-json\/wp\/v2\/users\/2"}],"replies":[{"embeddable":true,"href":"https:\/\/artkeeping.com\/ca\/wp-json\/wp\/v2\/comments?post=3970"}],"version-history":[{"count":6,"href":"https:\/\/artkeeping.com\/ca\/wp-json\/wp\/v2\/pages\/3970\/revisions"}],"predecessor-version":[{"id":3987,"href":"https:\/\/artkeeping.com\/ca\/wp-json\/wp\/v2\/pages\/3970\/revisions\/3987"}],"wp:attachment":[{"href":"https:\/\/artkeeping.com\/ca\/wp-json\/wp\/v2\/media?parent=3970"}],"curies":[{"name":"wp","href":"https:\/\/api.w.org\/{rel}","templated":true}]}}