
{"id":3952,"date":"2021-04-28T08:36:07","date_gmt":"2021-04-28T07:36:07","guid":{"rendered":"https:\/\/artkeeping.com\/?page_id=3952"},"modified":"2021-05-17T08:32:23","modified_gmt":"2021-05-17T07:32:23","slug":"els-nostres-productes","status":"publish","type":"page","link":"https:\/\/artkeeping.com\/ca\/els-nostres-productes\/","title":{"rendered":"Els nostres Productes"},"content":{"rendered":"\n\n\t<section class=\"section\" id=\"section_961373022\">\n\t\t<div class=\"section-bg fill\" >\n\t\t\t<img loading=\"lazy\" decoding=\"async\" width=\"1637\" height=\"500\" src=\"https:\/\/artkeeping.com\/wp-content\/uploads\/2021\/02\/slider_home1.png\" class=\"bg attachment- size-\" alt=\"\" \/>\t\t\t\t\t\t<div class=\"section-bg-overlay absolute fill\"><\/div>\n\t\t\t\n\n\t\t<\/div>\n\n\t\t\n\n\t\t<div class=\"section-content relative\">\n\t\t\t\n\n  <div class=\"banner-grid-wrapper\">\n  <div id=\"banner-grid-174342825\" class=\"banner-grid row row-grid row-small row-box-shadow-1\" data-packery-options=\"\">\n                      \n\n<div class=\"col grid-col small-13 large-8 grid-col-1-2\" ><div class=\"col-inner\">\n\n\n  <div class=\"banner has-hover bg-zoom\" id=\"banner-1988480723\">\n          <div class=\"banner-inner fill\">\n        <div class=\"banner-bg fill\" >\n            <img loading=\"lazy\" decoding=\"async\" width=\"1020\" height=\"406\" src=\"https:\/\/artkeeping.com\/wp-content\/uploads\/2021\/02\/pack-magnets-resinados-3.png\" class=\"bg attachment-large size-large\" alt=\"PACK DE MAGNETS RESINADOS\" \/>                                    \n                    <\/div>\n\t\t\n        <div class=\"banner-layers container\">\n            <a class=\"fill\" href=\"\/ca\/imants\/\"><div class=\"fill banner-link\"><\/div><\/a>            \n\n   <div id=\"text-box-115421867\" class=\"text-box banner-layer x50 md-x50 lg-x50 y50 md-y50 lg-y50 res-text\">\n                     <div data-animate=\"fadeInLeft\">           <div class=\"text-box-content text dark\">\n              \n              <div class=\"text-inner text-left\">\n                  \n\n\t<div id=\"text-3755086361\" class=\"text\">\n\t\t\n\n<h2><strong>Imants personalitzats<\/strong>&nbsp;<\/h2>\n\t\t\n<style>\n#text-3755086361 {\n  color: rgb(255,255,255);\n}\n#text-3755086361 > * {\n  color: rgb(255,255,255);\n}\n<\/style>\n\t<\/div>\n\t\n<a href=\"\/ca\/imants\/\" class=\"button white is-bevel is-larger\" style=\"border-radius:38px;\">\n\t\t<span>M\u00e9s info...<\/span>\n\t<\/a>\n\n\n\n              <\/div>\n           <\/div>\n       <\/div>                     \n<style>\n#text-box-115421867 {\n  width: 90%;\n}\n#text-box-115421867 .text-box-content {\n  font-size: 102%;\n}\n@media (min-width:550px) {\n  #text-box-115421867 {\n    width: 65%;\n  }\n}\n<\/style>\n    <\/div>\n \n\n        <\/div>\n      <\/div>\n\n            \n<style>\n#banner-1988480723 {\n  padding-top: 500px;\n}\n#banner-1988480723 .banner-bg img {\n  object-position: 32% 58%;\n}\n<\/style>\n  <\/div>\n\n\n\n<\/div><\/div>\n<div class=\"col grid-col small-13 large-4 grid-col-2-3\" ><div class=\"col-inner\">\n\n\n  <div class=\"banner has-hover bg-zoom\" id=\"banner-252606805\">\n          <div class=\"banner-inner fill\">\n        <div class=\"banner-bg fill\" >\n            <img loading=\"lazy\" decoding=\"async\" width=\"800\" height=\"319\" src=\"https:\/\/artkeeping.com\/wp-content\/uploads\/2021\/02\/llaveros-con-gota-de-resina-3-800x319.png\" class=\"bg attachment-medium size-medium\" alt=\"LLAVEROS CON RESINA\" \/>                        <div class=\"overlay\"><\/div>            \n                    <\/div>\n\t\t\n        <div class=\"banner-layers container\">\n            <a class=\"fill\" href=\"\/ca\/clauers\/\"><div class=\"fill banner-link\"><\/div><\/a>            \n\n   <div id=\"text-box-1607730445\" class=\"text-box banner-layer x50 md-x50 lg-x50 y50 md-y50 lg-y50 res-text\">\n                                <div class=\"text-box-content text dark\">\n              \n              <div class=\"text-inner text-center\">\n                  \n\n\t<div id=\"text-3446679653\" class=\"text\">\n\t\t\n\n<h2><strong>Clauers<\/strong><\/h2>\n\t\t\n<style>\n#text-3446679653 {\n  text-align: center;\n}\n<\/style>\n\t<\/div>\n\t\n<a href=\"\/ca\/clauers\/\" class=\"button white is-gloss is-xxlarge\" style=\"border-radius:99px;\">\n\t\t<span>M\u00e9s info...<\/span>\n\t<\/a>\n\n\n\n              <\/div>\n           <\/div>\n                            \n<style>\n#text-box-1607730445 {\n  width: 67%;\n}\n#text-box-1607730445 .text-box-content {\n  font-size: 100%;\n}\n<\/style>\n    <\/div>\n \n\n        <\/div>\n      <\/div>\n\n            \n<style>\n#banner-252606805 {\n  padding-top: 500px;\n}\n#banner-252606805 .overlay {\n  background-color: rgba(0, 0, 0, 0.16);\n}\n#banner-252606805 .banner-bg img {\n  object-position: 47% 55%;\n}\n<\/style>\n  <\/div>\n\n\n\n<\/div><\/div>\n<div class=\"col grid-col small-15 large-4 grid-col-1-2\" ><div class=\"col-inner\">\n\n\n  <div class=\"banner has-hover bg-zoom\" id=\"banner-1219937653\">\n          <div class=\"banner-inner fill\">\n        <div class=\"banner-bg fill\" >\n            <img loading=\"lazy\" decoding=\"async\" width=\"800\" height=\"319\" src=\"https:\/\/artkeeping.com\/wp-content\/uploads\/2021\/02\/gomas-de-borrar-3D-4-800x319.png\" class=\"bg attachment-medium size-medium\" alt=\"GOMAS DE BORRAR 3D\" \/>                                    \n                    <\/div>\n\t\t\n        <div class=\"banner-layers container\">\n            <a class=\"fill\" href=\"\/ca\/gomes-esborrar\/\"><div class=\"fill banner-link\"><\/div><\/a>            \n\n   <div id=\"text-box-223299846\" class=\"text-box banner-layer x95 md-x95 lg-x95 y75 md-y75 lg-y75 res-text\">\n                     <div data-animate=\"fadeInLeft\">           <div class=\"text-box-content text \">\n              \n              <div class=\"text-inner text-left\">\n                  \n\n\t<div id=\"text-2362249088\" class=\"text\">\n\t\t\n\n<h2><strong>Gomes d&#8217;esborrar<\/strong><\/h2>\n\t\t\n<style>\n#text-2362249088 {\n  color: rgb(0,0,0);\n}\n#text-2362249088 > * {\n  color: rgb(0,0,0);\n}\n<\/style>\n\t<\/div>\n\t\n<a href=\"\/ca\/gomes-esborrar\/\" class=\"button white is-gloss is-xxlarge\" style=\"border-radius:99px;\">\n\t\t<span>M\u00e9s info...<\/span>\n\t<\/a>\n\n\n\n              <\/div>\n           <\/div>\n       <\/div>                     \n<style>\n#text-box-223299846 {\n  width: 60%;\n}\n#text-box-223299846 .text-box-content {\n  font-size: 100%;\n}\n@media (min-width:550px) {\n  #text-box-223299846 {\n    width: 82%;\n  }\n}\n<\/style>\n    <\/div>\n \n\n        <\/div>\n      <\/div>\n\n            \n<style>\n#banner-1219937653 {\n  padding-top: 500px;\n}\n#banner-1219937653 .banner-bg img {\n  object-position: 66% 22%;\n}\n<\/style>\n  <\/div>\n\n\n\n<\/div><\/div>\n<div class=\"col grid-col small-13 large-4 grid-col-1-2\" ><div class=\"col-inner\">\n\n\n  <div class=\"banner has-hover bg-zoom\" id=\"banner-1993205402\">\n          <div class=\"banner-inner fill\">\n        <div class=\"banner-bg fill\" >\n            <img loading=\"lazy\" decoding=\"async\" width=\"800\" height=\"319\" src=\"https:\/\/artkeeping.com\/wp-content\/uploads\/2021\/02\/juego-de-memoria-6-800x319.png\" class=\"bg attachment-medium size-medium\" alt=\"JUEGOS DE MEMORIA PHOTO TWIN\u00ae\" \/>                                    \n                    <\/div>\n\t\t\n        <div class=\"banner-layers container\">\n            <a class=\"fill\" href=\"\/ca\/jocs-de-taula\/\"><div class=\"fill banner-link\"><\/div><\/a>            \n\n   <div id=\"text-box-757773211\" class=\"text-box banner-layer x100 md-x100 lg-x100 y50 md-y50 lg-y50 res-text\">\n                                <div class=\"text-box-content text dark\">\n              \n              <div class=\"text-inner text-left\">\n                  \n\n<h2><strong>Jocs de Taula<\/strong><\/h2>\n<a href=\"\/ca\/jocs-de-taula\/\" class=\"button white is-gloss is-xxlarge\" style=\"border-radius:99px;\">\n\t\t<span>M\u00e9s info...<\/span>\n\t<\/a>\n\n\n\n              <\/div>\n           <\/div>\n                            \n<style>\n#text-box-757773211 {\n  width: 80%;\n}\n#text-box-757773211 .text-box-content {\n  font-size: 100%;\n}\n<\/style>\n    <\/div>\n \n\n        <\/div>\n      <\/div>\n\n            \n<style>\n#banner-1993205402 {\n  padding-top: 500px;\n}\n<\/style>\n  <\/div>\n\n\n\n<\/div><\/div>\n<div class=\"col grid-col small-15 large-4 grid-col-1-3\" ><div class=\"col-inner\">\n\n\n  <div class=\"banner has-hover bg-zoom\" id=\"banner-40273433\">\n          <div class=\"banner-inner fill\">\n        <div class=\"banner-bg fill\" >\n            <img loading=\"lazy\" decoding=\"async\" width=\"800\" height=\"800\" src=\"https:\/\/artkeeping.com\/wp-content\/uploads\/2021\/03\/Layerart_produts_PNG-800x800.png\" class=\"bg attachment-medium size-medium\" alt=\"\" \/>                        <div class=\"overlay\"><\/div>            \n                    <\/div>\n\t\t\n        <div class=\"banner-layers container\">\n            <a class=\"fill\" href=\"\/ca\/layerarts\/\"><div class=\"fill banner-link\"><\/div><\/a>            \n\n   <div id=\"text-box-1278378169\" class=\"text-box banner-layer x10 md-x10 lg-x10 y15 md-y15 lg-y15 res-text\">\n                                <div class=\"text-box-content text dark text-shadow-2\">\n              \n              <div class=\"text-inner text-left\">\n                  \n\n<h2><strong>Layerart<\/strong><\/h2>\n<a href=\"\/ca\/layerarts\/\" class=\"button white is-gloss is-xxlarge\" style=\"border-radius:99px;\">\n\t\t<span>M\u00e9s info...<\/span>\n\t<\/a>\n\n\n\n              <\/div>\n           <\/div>\n                            \n<style>\n#text-box-1278378169 {\n  width: 79%;\n}\n#text-box-1278378169 .text-box-content {\n  font-size: 100%;\n}\n<\/style>\n    <\/div>\n \n\n        <\/div>\n      <\/div>\n\n            \n<style>\n#banner-40273433 {\n  padding-top: 500px;\n  background-color: rgb(255,255,255);\n}\n#banner-40273433 .overlay {\n  background-color: rgba(0, 0, 0, 0.09);\n}\n#banner-40273433 .banner-bg img {\n  object-position: 44% 55%;\n}\n<\/style>\n  <\/div>\n\n\n\n<\/div><\/div>\n<div class=\"col grid-col small-15 large-12 grid-col-1-2\" ><div class=\"col-inner\">\n\n\n  <div class=\"banner has-hover bg-zoom\" id=\"banner-334852911\">\n          <div class=\"banner-inner fill\">\n        <div class=\"banner-bg fill\" >\n            <img loading=\"lazy\" decoding=\"async\" width=\"800\" height=\"800\" src=\"https:\/\/artkeeping.com\/wp-content\/uploads\/2021\/03\/OtrosProductos-800x800.jpg\" class=\"bg attachment-medium size-medium\" alt=\"Productos ArtKeeping\" \/>                        <div class=\"overlay\"><\/div>            \n                    <\/div>\n\t\t\n        <div class=\"banner-layers container\">\n            <a class=\"fill\" href=\"\/ca\/altres-productes\/\"><div class=\"fill banner-link\"><\/div><\/a>            \n\n   <div id=\"text-box-1537091458\" class=\"text-box banner-layer x5 md-x5 lg-x5 y90 md-y90 lg-y90 res-text\">\n                                <div class=\"text-box-content text dark\">\n              \n              <div class=\"text-inner text-left\">\n                  \n\n\t<div id=\"text-3036403637\" class=\"text\">\n\t\t\n\n<h2><strong>Altres productes<\/strong><\/h2>\n\t\t\n<style>\n#text-3036403637 {\n  font-size: 0.75rem;\n  color: rgb(0,0,0);\n}\n#text-3036403637 > * {\n  color: rgb(0,0,0);\n}\n<\/style>\n\t<\/div>\n\t\n<a href=\"\/ca\/altres-productes\/\" class=\"button white is-gloss\" style=\"border-radius:99px;\">\n\t\t<span>M\u00e9s info...<\/span>\n\t<\/a>\n\n\n\n              <\/div>\n           <\/div>\n                            \n<style>\n#text-box-1537091458 {\n  width: 79%;\n}\n#text-box-1537091458 .text-box-content {\n  font-size: 100%;\n}\n<\/style>\n    <\/div>\n \n\n        <\/div>\n      <\/div>\n\n            \n<style>\n#banner-334852911 {\n  padding-top: 500px;\n}\n#banner-334852911 .overlay {\n  background-color: rgba(0, 0, 0, 0.09);\n}\n#banner-334852911 .banner-bg img {\n  object-position: 40% 51%;\n}\n<\/style>\n  <\/div>\n\n\n\n<\/div><\/div>\n\n            <\/div>\n    <style>\n    #banner-grid-174342825 .grid-col-1{height: 666px}\n    #banner-grid-174342825 .grid-col-1-2{height: 333px}\n    #banner-grid-174342825 .grid-col-1-3{height:222px}\n    #banner-grid-174342825 .grid-col-2-3{height: 444px}\n    #banner-grid-174342825 .grid-col-1-4{height: 166.5px}\n    #banner-grid-174342825 .grid-col-3-4{height: 499.5px}\n\n\n    \n    \n\n  <\/style>\n    <\/div>\n  \n\n\t\t<\/div>\n\n\t\t\n<style>\n#section_961373022 {\n  padding-top: 30px;\n  padding-bottom: 30px;\n  background-color: rgb(255, 255, 255);\n}\n#section_961373022 .section-bg-overlay {\n  background-color: rgba(255, 255, 255, 0.62);\n}\n<\/style>\n\t<\/section>\n\t\n\n\t<section class=\"section\" id=\"section_2079887792\">\n\t\t<div class=\"section-bg fill\" >\n\t\t\t\t\t\t\t\t\t\n\t\t\t\n\t<div class=\"is-border\"\n\t\tstyle=\"border-color:rgba(0, 0, 0, 0.05);border-width:1px 0px 0px 0px;\">\n\t<\/div>\n\n\t\t<\/div>\n\n\t\t\n\n\t\t<div class=\"section-content relative\">\n\t\t\t\n\n<div class=\"row\"  id=\"row-1765400716\">\n\n\n\t<div id=\"col-609906789\" class=\"col medium-4 small-12 large-4\"  >\n\t\t\t\t<div class=\"col-inner\"  >\n\t\t\t\n\t\t\t\n\n<h3>DISSENY PERSONALITZAT<\/h3>\n<p>Els nostres productes s\u00f3n \u00fanics. Tots i cada un dels projectes desenvolupats estan creats a partir d&#8217;una idea original i fabricats en exclusiva per als nostres clients.<\/p>\n\n\t\t<\/div>\n\t\t\t\t\t<\/div>\n\n\t\n\n\t<div id=\"col-726752256\" class=\"col medium-4 small-12 large-4\"  >\n\t\t\t\t<div class=\"col-inner\"  >\n\t\t\t\n\t\t\t\n\n<h3>SEGELL DE QUALITAT<\/h3>\n<p>Tots els productes Art Keeping estan homologats amb la garantia de qualitat exigida per la Uni\u00f3 Europea, d&#8217;acord amb la norma UNE-EN 71-3 sobre seguretat en les joguines, i mat\u00e8ria primera lliure de materials pesats.<\/p>\n\n\t\t<\/div>\n\t\t\t\t\t<\/div>\n\n\t\n\n\t<div id=\"col-608601097\" class=\"col medium-4 small-12 large-4\"  >\n\t\t\t\t<div class=\"col-inner\"  >\n\t\t\t\n\t\t\t\n\n<h3>FLEXIBILITAT I AGILITAT<\/h3>\n<p>Art Keeping disposa de l&#8217;\u00faltima tecnologia en producci\u00f3 digital que permet oferir una major agilitat en la fabricaci\u00f3 i adaptar-nos als terminis del client sense cost afegit.<\/p>\n\n\t\t<\/div>\n\t\t\t\t\t<\/div>\n\n\t\n\n<\/div>\n\n\t\t<\/div>\n\n\t\t\n<style>\n#section_2079887792 {\n  padding-top: 30px;\n  padding-bottom: 30px;\n  background-color: rgb(246, 246, 246);\n}\n<\/style>\n\t<\/section>\n\t\n\n\t<section class=\"section\" id=\"section_1704596630\">\n\t\t<div class=\"section-bg fill\" >\n\t\t\t\t\t\t\t\t\t\n\t\t\t\n\t<div class=\"is-border\"\n\t\tstyle=\"border-color:rgba(0, 0, 0, 0.05);border-width:1px 0px 0px 0px;\">\n\t<\/div>\n\n\t\t<\/div>\n\n\t\t\n\n\t\t<div class=\"section-content relative\">\n\t\t\t\n\n<div class=\"row\"  id=\"row-398449742\">\n\n\n\t<div id=\"col-1443534941\" class=\"col medium-4 small-12 large-4\"  >\n\t\t\t\t<div class=\"col-inner\"  >\n\t\t\t\n\t\t\t\n\n<h3 class=\"bold uppercase\">PRODUCCI\u00d3 PR\u00d2PIA<\/h3>\n<p>Tots els nostres productes s\u00f3n de fabricaci\u00f3 pr\u00f2pia, amb maquin\u00e0ria d&#8217;\u00faltima generaci\u00f3 i amb materials de gran qualitat.<\/p>\n\n\t\t<\/div>\n\t\t\t\t\t<\/div>\n\n\t\n\n\t<div id=\"col-1011121497\" class=\"col medium-4 small-12 large-4\"  >\n\t\t\t\t<div class=\"col-inner\"  >\n\t\t\t\n\t\t\t\n\n<h3>PRODUCTES EXCLUSIUS<\/h3>\n<p>Art Keeping compta amb un ampli equip de creatius i dissenyadors que estudien les necessitats dels nostres clients i personalitzen els productes segons les seves especificacions.<\/p>\n\n\t\t<\/div>\n\t\t\t\t\t<\/div>\n\n\t\n\n\t<div id=\"col-1101768103\" class=\"col medium-4 small-12 large-4\"  >\n\t\t\t\t<div class=\"col-inner\"  >\n\t\t\t\n\t\t\t\n\n<h3>PRODUCTES EST\u00c0NDAR<\/h3>\n<p>A m\u00e9s, comptem amb un ampli ventall de refer\u00e8ncies i de productes en estoc amb disponibilitat immediata per a qualsevol urg\u00e8ncia o necessitat promocional.<\/p>\n\n\t\t<\/div>\n\t\t\t\t\t<\/div>\n\n\t\n\n<\/div>\n\n\t\t<\/div>\n\n\t\t\n<style>\n#section_1704596630 {\n  padding-top: 30px;\n  padding-bottom: 30px;\n  background-color: rgb(246, 246, 246);\n}\n<\/style>\n\t<\/section>\n\t\n\n","protected":false},"excerpt":{"rendered":"","protected":false},"author":2,"featured_media":0,"parent":0,"menu_order":0,"comment_status":"closed","ping_status":"closed","template":"page-blank.php","meta":{"footnotes":""},"class_list":["post-3952","page","type-page","status-publish","hentry"],"_links":{"self":[{"href":"https:\/\/artkeeping.com\/ca\/wp-json\/wp\/v2\/pages\/3952","targetHints":{"allow":["GET"]}}],"collection":[{"href":"https:\/\/artkeeping.com\/ca\/wp-json\/wp\/v2\/pages"}],"about":[{"href":"https:\/\/artkeeping.com\/ca\/wp-json\/wp\/v2\/types\/page"}],"author":[{"embeddable":true,"href":"https:\/\/artkeeping.com\/ca\/wp-json\/wp\/v2\/users\/2"}],"replies":[{"embeddable":true,"href":"https:\/\/artkeeping.com\/ca\/wp-json\/wp\/v2\/comments?post=3952"}],"version-history":[{"count":7,"href":"https:\/\/artkeeping.com\/ca\/wp-json\/wp\/v2\/pages\/3952\/revisions"}],"predecessor-version":[{"id":5500,"href":"https:\/\/artkeeping.com\/ca\/wp-json\/wp\/v2\/pages\/3952\/revisions\/5500"}],"wp:attachment":[{"href":"https:\/\/artkeeping.com\/ca\/wp-json\/wp\/v2\/media?parent=3952"}],"curies":[{"name":"wp","href":"https:\/\/api.w.org\/{rel}","templated":true}]}}