
{"id":2260,"date":"2021-03-15T16:41:25","date_gmt":"2021-03-15T15:41:25","guid":{"rendered":"https:\/\/artkeeping.com\/politicas-de-envios\/"},"modified":"2021-03-22T12:13:11","modified_gmt":"2021-03-22T11:13:11","slug":"politiques-d-enviaments","status":"publish","type":"page","link":"https:\/\/artkeeping.com\/ca\/politiques-d-enviaments\/","title":{"rendered":"Pol\u00edtiques d\u00b4Enviaments"},"content":{"rendered":"\n<p class=\"has-medium-font-size\"><strong>Pol\u00edtiques d\u00b4Enviaments<\/strong><\/p>\n\n\n\n<p><strong><em>\u00bfQuin s\u00f3n els terminis d\u00b4entrega?<\/em><\/strong><\/p>\n\n\n\n<p><em>En&nbsp;<\/em><strong><em><a href=\"\/\">artkeeping.com<\/a><\/em><\/strong><em>&nbsp;ens comprometem a subministrar els productes amb el menor temps possible. Al realitzar una compra al nostre portal web, es pot trobar en tres situacions diferents:<\/em><\/p>\n\n\n\n<p><em>&#8211;&nbsp;<strong>Producte(s) en estoc<\/strong>: El temps de lliurament estimat \u00e9s d&#8217;entre 2 a 5 dies laborals, a comptar a partir de la confirmaci\u00f3 de la comanda.<\/em><\/p>\n\n\n\n<p><em>&#8211;&nbsp;<strong>Producte(s) en baix estoc<\/strong>: El temps de lliurament estimat \u00e9s d&#8217;entre 2 i 8 dies laborables, a comptar a partir de la confirmaci\u00f3 de la mateixa. Si el temps de lliurament \u00e9s superior ens posarem en contacte amb el client per informar en tot moment de la situaci\u00f3 de la seva comanda<\/em> <em>(s).<\/em><\/p>\n\n\n\n<p><em>&#8211;&nbsp;<strong>Producte(s) sense estoc:<\/strong> No permetem la compra de producte (s) que estan en aquesta situaci\u00f3. Tot i aix\u00f2, pot donar-se la circumst\u00e0ncia que a falta d&#8217;actualitzar l\u00b4escoc, el client pugui comprar un article (s) que es trobi sense estoc. En aquestes circumst\u00e0ncies, el temps de lliurament vindr\u00e0 determinat pel prove\u00efdor de l&#8217;article (s). En cas que aquest sigui superior als 10 dies laborables, informarem a el client (s) perqu\u00e8 puguin decidir qu\u00e8 volen fer amb la seva comanda i sempre tindran l&#8217;opci\u00f3 de cancel\u00b7lar la comanda i de la devoluci\u00f3 \u00edntegra de l&#8217;import pagat.<\/em><\/p>\n\n\n\n<p><em>Si per algun motiu la data de lliurament s&#8217;hagu\u00e9s de retardar, ens posarem en contacte amb tu per comunicar.<\/em><\/p>\n\n\n\n<p><em>Un cop realitzada la comanda, no est\u00e0 perm\u00e8s realitzar cap canvi en la direcci\u00f3 d&#8217;enviament, llevat que el client faci c\u00e0rrec de les despeses i sigui expressament acceptat per les dues parts.<\/em><\/p>\n\n\n\n<p><em style=\"\"><b>\u00bf<\/b><\/em><strong><em>Quin<\/em><\/strong><strong><em> \u00e9s el cost d\u00b4enviament?<\/em><\/strong><\/p>\n\n\n\n<p><em>El preu de cada producte vindr\u00e0 determinat clarament a la p\u00e0gina web. El preu i les condicions dels productes oferts podran variar, per\u00f2 en qualsevol cas sempre regiran per al Client el preu i les condicions que hi havia quan va realitzar la comanda. El client sempre estar\u00e0 informat de l&#8217;import total de la comanda (IVA, Impostos i Despeses d&#8217;enviament incloses) abans de procedir a la compra d&#8217;aquest.<\/em><\/p>\n\n\n\n<p><em style=\"\"><b>Puc fer un seguiment de la meva comanda?<\/b><\/em><\/p>\n\n\n\n<p><em>Des de <strong><a href=\"https:\/\/artkeeping.com\/\">artkeeping.com<\/a><\/strong> treballem amb diverses empreses de transport externes per assegurar el millor preu d&#8217;enviament segons la zona en la qual es trobi el Client.<\/em><\/p>\n\n\n\n<p><em>En general, la major part dels transportistes posen a disposici\u00f3 dels clients un n\u00famero de refer\u00e8ncia que li permetr\u00e0 fer el seguiment d&#8217;enviament des de la web d&#8217;aquesta empresa. Aquesta informaci\u00f3 estar\u00e0 a disposici\u00f3 de l&#8217;usuari una vegada que s&#8217;efectu\u00ef la recollida d&#8217;ell mateix per part de l&#8217;missatger i la mercaderia sigui escanejada al magatzem de la paqueteria.<\/em><\/p>\n\n\n\n<p><em><strong>\u00bfQu\u00e9 passa si no estic en la adre\u00e7a que vaig indicar quan el missatger vagi a entregar la comanda, o si aquest no arriba?<\/strong><\/em><\/p>\n\n\n\n<p><em>Al tractar amb empreses de transport externes, <em><strong><em><a href=\"https:\/\/artkeeping.com\/\">artkeeping.com<\/a><\/em><\/strong><\/em> deixa de tenir el control sobre elles un cop el transportista recull el paquet. Qualsevol informaci\u00f3 o petici\u00f3 que es requereixi sobre aquest haur\u00e0 de fer-se directament a l&#8217;transportista.<\/em><\/p>\n\n\n\n<p><strong><em>Si necessita m\u00e9s informaci\u00f3, no dubti en contactar con nosaltres a trav\u00e9s de:<\/em><\/strong><\/p>\n\n\n\n<p><strong><em>TEL\u00c8FON:<\/em><\/strong><\/p>\n\n\n\n<p><em>(+34) 93 485 66 50<\/em><\/p>\n\n\n\n<p><em>De Dilluns a Divendres de 10.00h a 14.00h.<\/em><\/p>\n\n\n\n<p><em>Art Keeping, s.l.<br>C\/ Joan Mir\u00f3 21<br>08930 Sant Adri\u00e0 de Bes\u00f2s<br>Barcelona<\/em><\/p>\n","protected":false},"excerpt":{"rendered":"<p>Pol\u00edtiques d\u00b4Enviaments \u00bfQuin s\u00f3n els terminis d\u00b4entrega? En&nbsp;artkeeping.com&nbsp;ens comprometem a subministrar els productes amb el menor temps possible. Al realitzar una compra al nostre portal web, es pot trobar en tres situacions diferents: &#8211;&nbsp;Producte(s) en estoc: El temps de lliurament estimat \u00e9s d&#8217;entre 2 a 5 dies laborals, a comptar a partir de la confirmaci\u00f3 [&#8230;]\n","protected":false},"author":2,"featured_media":0,"parent":0,"menu_order":0,"comment_status":"closed","ping_status":"closed","template":"","meta":{"footnotes":""},"class_list":["post-2260","page","type-page","status-publish","hentry"],"_links":{"self":[{"href":"https:\/\/artkeeping.com\/ca\/wp-json\/wp\/v2\/pages\/2260","targetHints":{"allow":["GET"]}}],"collection":[{"href":"https:\/\/artkeeping.com\/ca\/wp-json\/wp\/v2\/pages"}],"about":[{"href":"https:\/\/artkeeping.com\/ca\/wp-json\/wp\/v2\/types\/page"}],"author":[{"embeddable":true,"href":"https:\/\/artkeeping.com\/ca\/wp-json\/wp\/v2\/users\/2"}],"replies":[{"embeddable":true,"href":"https:\/\/artkeeping.com\/ca\/wp-json\/wp\/v2\/comments?post=2260"}],"version-history":[{"count":8,"href":"https:\/\/artkeeping.com\/ca\/wp-json\/wp\/v2\/pages\/2260\/revisions"}],"predecessor-version":[{"id":2438,"href":"https:\/\/artkeeping.com\/ca\/wp-json\/wp\/v2\/pages\/2260\/revisions\/2438"}],"wp:attachment":[{"href":"https:\/\/artkeeping.com\/ca\/wp-json\/wp\/v2\/media?parent=2260"}],"curies":[{"name":"wp","href":"https:\/\/api.w.org\/{rel}","templated":true}]}}