
{"id":2257,"date":"2021-03-05T07:41:31","date_gmt":"2021-03-05T06:41:31","guid":{"rendered":"https:\/\/artkeeping.com\/politica-de-cookies\/"},"modified":"2021-03-22T12:00:26","modified_gmt":"2021-03-22T11:00:26","slug":"politica-de-cookies","status":"publish","type":"page","link":"https:\/\/artkeeping.com\/ca\/politica-de-cookies\/","title":{"rendered":"Pol\u00edtica de cookies"},"content":{"rendered":"\n<p class=\"has-medium-font-size\"><strong>Pol\u00edtica de cookies<\/strong><\/p>\n\n\n\n<p><em>En el transcurs de les teves visites a les nostres p\u00e0gines, artkeeping.com podr\u00e0 utilitzar cookies, petits fitxers de dades que s&#8217;emmagatzemen en el sistema de l&#8217;usuari, que permetin personalitzar i facilitar la navegaci\u00f3 de l&#8217;usuari per la p\u00e0gina web, i que s&#8217;associen a un usuari an\u00f2nim sense que puguin deduir dades personals de la mateixa.<\/em><\/p>\n\n\n\n<p><strong><em>Aquestes cookies no contenen informaci\u00f3 confidencial que et concerneixin.<\/em><\/strong><\/p>\n\n\n\n<p><em>Pots desactivar les cookies en els par\u00e0metres del navegador. Aquesta desactivaci\u00f3 de galetes no impedeix l&#8217;acc\u00e9s de l&#8217;Usuari als continguts de la p\u00e0gina web, encara que \u00e9s possible que no puguis accedir a alguna de les seccions del nostre web.<\/em><\/p>\n\n\n\n<p><em>Per a m\u00e9s informaci\u00f3 sobre com bloquejar l&#8217;\u00fas de les cookies a trav\u00e9s del navegador Chrome a:&nbsp;<a rel=\"noreferrer noopener\" href=\"https:\/\/support.google.com\/chrome\/answer\/95647?hl=es%20\" target=\"_blank\">https:\/\/support.google.com\/chrome\/answer\/95647?hl=es<\/a><\/em><\/p>\n\n\n\n<p><em>Per a m\u00e9s informaci\u00f3 sobre com bloquejar l&#8217;\u00fas de les cookies a trav\u00e9s del navegador Firefox en:&nbsp;<a rel=\"noreferrer noopener\" href=\"https:\/\/support.mozilla.org\/es\/kb\/habilitar-y-deshabilitar-cookies-que-los-sitios-we\" target=\"_blank\">https:\/\/support.mozilla.org\/es\/kb\/habilitar-y-deshabilitar-cookies-que-los-sitios-we<\/a><\/em><\/p>\n\n\n\n<p><em>Per a m\u00e9s informaci\u00f3 sobre com bloquejar l&#8217;\u00fas de les cookies a trav\u00e9s del navegador Internet Explorer en:&nbsp;<a rel=\"noreferrer noopener\" href=\"https:\/\/windows.microsoft.com\/es-es\/windows7\/how-to-manage-cookies-in-internet-explorer-9\" target=\"_blank\">http:\/\/windows.microsoft.com\/es-es\/windows7\/how-to-manage-cookies-in-internet-explorer-9<\/a><\/em><\/p>\n\n\n\n<p><em>Per a m\u00e9s informaci\u00f3 sobre com bloquejar l&#8217;\u00fas de les cookies a trav\u00e9s del navegador Safari a:&nbsp;<a rel=\"noreferrer noopener\" href=\"https:\/\/support.apple.com\/kb\/HT1677?viewlocale=es_ES\" target=\"_blank\">https:\/\/support.apple.com\/kb\/HT1677?viewlocale=es_ES<\/a><\/em><\/p>\n","protected":false},"excerpt":{"rendered":"<p>Pol\u00edtica de cookies En el transcurs de les teves visites a les nostres p\u00e0gines, artkeeping.com podr\u00e0 utilitzar cookies, petits fitxers de dades que s&#8217;emmagatzemen en el sistema de l&#8217;usuari, que permetin personalitzar i facilitar la navegaci\u00f3 de l&#8217;usuari per la p\u00e0gina web, i que s&#8217;associen a un usuari an\u00f2nim sense que puguin deduir dades personals [&#8230;]\n","protected":false},"author":3,"featured_media":0,"parent":0,"menu_order":0,"comment_status":"closed","ping_status":"closed","template":"","meta":{"footnotes":""},"class_list":["post-2257","page","type-page","status-publish","hentry"],"_links":{"self":[{"href":"https:\/\/artkeeping.com\/ca\/wp-json\/wp\/v2\/pages\/2257","targetHints":{"allow":["GET"]}}],"collection":[{"href":"https:\/\/artkeeping.com\/ca\/wp-json\/wp\/v2\/pages"}],"about":[{"href":"https:\/\/artkeeping.com\/ca\/wp-json\/wp\/v2\/types\/page"}],"author":[{"embeddable":true,"href":"https:\/\/artkeeping.com\/ca\/wp-json\/wp\/v2\/users\/3"}],"replies":[{"embeddable":true,"href":"https:\/\/artkeeping.com\/ca\/wp-json\/wp\/v2\/comments?post=2257"}],"version-history":[{"count":2,"href":"https:\/\/artkeeping.com\/ca\/wp-json\/wp\/v2\/pages\/2257\/revisions"}],"predecessor-version":[{"id":2417,"href":"https:\/\/artkeeping.com\/ca\/wp-json\/wp\/v2\/pages\/2257\/revisions\/2417"}],"wp:attachment":[{"href":"https:\/\/artkeeping.com\/ca\/wp-json\/wp\/v2\/media?parent=2257"}],"curies":[{"name":"wp","href":"https:\/\/api.w.org\/{rel}","templated":true}]}}