
{"id":2254,"date":"2021-03-05T07:40:07","date_gmt":"2021-03-05T06:40:07","guid":{"rendered":"https:\/\/artkeeping.com\/politica-de-privacidad\/"},"modified":"2021-03-22T12:15:56","modified_gmt":"2021-03-22T11:15:56","slug":"politica-de-privacitat","status":"publish","type":"page","link":"https:\/\/artkeeping.com\/ca\/politica-de-privacitat\/","title":{"rendered":"Pol\u00edtica de privacitat"},"content":{"rendered":"\n<p class=\"has-medium-font-size\"><strong>Pol\u00edtica de privacitat<\/strong><\/p>\n\n\n\n<p><em>Les dades personals que ens aporti seran objecte de tractament en un fitxer amb les finalitats de, entre altres sup\u00f2sits que es podran especificar en cada cas, atendre les sol\u00b7licituds que ens plantegi, remetre-li la informaci\u00f3 sol\u00b7licitada, aix\u00ed com, si s&#8217;escau, gestionar el seu acc\u00e9s a determinats serveis o funcionalitats del Lloc Web, per part de Art Keeping sl., amb domicili social al C \/ Joan Mir\u00f3 21- 08930 Sant Adri\u00e0 de Bes\u00f2s, com a responsable de l&#8217;arxiu. Art Keeping sl. es compromet a respectar la confidencialitat de la informaci\u00f3 de car\u00e0cter personal ia garantir l&#8217;exercici dels seus drets d&#8217;acc\u00e9s, rectificaci\u00f3, cancel\u00b7laci\u00f3 i oposici\u00f3, que podr\u00e0 exercitar mitjan\u00e7ant comunicaci\u00f3 escrita dirigida a adre\u00e7a anteriorment indicada a l&#8217;atenci\u00f3 de Comit\u00e8 LOPD, o mitjan\u00e7ant l&#8217;enviament d&#8217;un correu electr\u00f2nic a&nbsp;<a href=\"mailto:info@marcoestil.es\">i<\/a><a href=\"mailto:info@artkeeping.com\">nfo@<\/a><a href=\"mailto:info@marcoestil.es\">marcoestil.es<\/a>. En cas necessari, per atendre la seva sol\u00b7licitud podrem requerir l&#8217;aportaci\u00f3 d&#8217;una fotoc\u00f2pia del seu DNI, passaport o un altre document v\u00e0lid que l&#8217;identifiqui.<\/em><\/p>\n\n\n\n<p><em>Acceptant la present pol\u00edtica de privacitat consent la utilitzaci\u00f3 de les cookies utilitzades en aquest lloc web i que es descriuen en l&#8217;apartat corresponent.<\/em><\/p>\n\n\n\n<p><em><em>Art Keeping, s.l.<\/em><br>C\/ Joan Mir\u00f3 21<br>08930 Sant Adri\u00e0 de Bes\u00f2s<\/em><br>Barcelona. Espa\u00f1a<em><br>Tel: 93 485 66 50<\/em><\/p>\n","protected":false},"excerpt":{"rendered":"<p>Pol\u00edtica de privacitat Les dades personals que ens aporti seran objecte de tractament en un fitxer amb les finalitats de, entre altres sup\u00f2sits que es podran especificar en cada cas, atendre les sol\u00b7licituds que ens plantegi, remetre-li la informaci\u00f3 sol\u00b7licitada, aix\u00ed com, si s&#8217;escau, gestionar el seu acc\u00e9s a determinats serveis o funcionalitats del Lloc [&#8230;]\n","protected":false},"author":3,"featured_media":0,"parent":0,"menu_order":0,"comment_status":"closed","ping_status":"closed","template":"","meta":{"footnotes":""},"class_list":["post-2254","page","type-page","status-publish","hentry"],"_links":{"self":[{"href":"https:\/\/artkeeping.com\/ca\/wp-json\/wp\/v2\/pages\/2254","targetHints":{"allow":["GET"]}}],"collection":[{"href":"https:\/\/artkeeping.com\/ca\/wp-json\/wp\/v2\/pages"}],"about":[{"href":"https:\/\/artkeeping.com\/ca\/wp-json\/wp\/v2\/types\/page"}],"author":[{"embeddable":true,"href":"https:\/\/artkeeping.com\/ca\/wp-json\/wp\/v2\/users\/3"}],"replies":[{"embeddable":true,"href":"https:\/\/artkeeping.com\/ca\/wp-json\/wp\/v2\/comments?post=2254"}],"version-history":[{"count":6,"href":"https:\/\/artkeeping.com\/ca\/wp-json\/wp\/v2\/pages\/2254\/revisions"}],"predecessor-version":[{"id":2442,"href":"https:\/\/artkeeping.com\/ca\/wp-json\/wp\/v2\/pages\/2254\/revisions\/2442"}],"wp:attachment":[{"href":"https:\/\/artkeeping.com\/ca\/wp-json\/wp\/v2\/media?parent=2254"}],"curies":[{"name":"wp","href":"https:\/\/api.w.org\/{rel}","templated":true}]}}